{"id":2915,"date":"2016-06-16T10:00:49","date_gmt":"2016-06-16T10:00:49","guid":{"rendered":"http:\/\/lopezgil.com\/enconstruccion\/tratamientos-laser\/aranas-vasculares\/"},"modified":"2019-12-08T20:45:09","modified_gmt":"2019-12-08T20:45:09","slug":"varicose-veins","status":"publish","type":"page","link":"https:\/\/www.lopezgil.com\/en\/laser-therapy-barcelona\/varicose-veins\/","title":{"rendered":"Varicose veins"},"content":{"rendered":"<div id=\"fb-root\"><\/div>\n<p style=\"text-align: justify;\">[vc_row][vc_column][vc_row_inner][vc_column_inner]<script type=\"text\/javascript\">jQuery(function() { _initLayerSlider( '#layerslider_70_14fujwru6st9a', {sliderVersion: '', responsiveUnder: 0, layersContainer: 0, hideUnder: 0, hideOver: 100000, pauseOnHover: 1, skin: 'v5', sliderFadeInDuration: 350, useSrcset: true, skinsPath: 'https:\/\/www.lopezgil.com\/wp-content\/plugins\/LayerSlider\/assets\/static\/layerslider\/skins\/', type: 'responsive', showCircleTimer: false, performanceMode: true}); });<\/script><div id=\"layerslider_70_14fujwru6st9a\" class=\"ls-wp-container fitvidsignore\" style=\"width:600px;height:200px;margin:0 auto;margin-bottom: 0px;\"><div class=\"ls-slide\" data-ls=\"duration:4000;\"><img loading=\"lazy\" decoding=\"async\" width=\"600\" height=\"200\" src=\"https:\/\/www.lopezgil.com\/wp-content\/uploads\/drlopezgil-dermatologia-barcelona-600x200-varices-laserterapia.jpg\" class=\"ls-bg\" alt=\"dr-lopez-gil-dermatologia-dermatologo-barcelona-600x200-varices-laserterapia-laser\" srcset=\"https:\/\/www.lopezgil.com\/wp-content\/uploads\/drlopezgil-dermatologia-barcelona-600x200-varices-laserterapia.jpg 600w, https:\/\/www.lopezgil.com\/wp-content\/uploads\/drlopezgil-dermatologia-barcelona-600x200-varices-laserterapia-300x100.jpg 300w\" sizes=\"auto, (max-width: 600px) 100vw, 600px\" \/><\/div><\/div>[\/vc_column_inner][\/vc_row_inner][\/vc_column][\/vc_row][vc_row][vc_column width=&#8221;3\/4&#8243; css=&#8221;.vc_custom_1473066092346{margin-top: 0px !important;}&#8221;][vc_column_text css=&#8221;.vc_custom_1473066053815{margin-top: 0px !important;}&#8221;]\n<h2 style=\"text-align: justify;\"><span style=\"color: #75c9d3;\"><strong>What are they?<\/strong><\/span><\/h2>\n<p style=\"text-align: justify;\">Las ara\u00f1as vasculares o telangiectasias no son un problema de salud, pero pueden causar sensaciones desagradables y problemas est\u00e9ticos. Se caracterizan por ser dilataciones de los vasos sangu\u00edneos m\u00e1s superficiales y que se localizan inmediatamente debajo de la piel. Suelen aparecer en las piernas debido a la presi\u00f3n del peso corporal, pero tambi\u00e9n pueden surgir en la cara y escote, as\u00ed como en otras partes del cuerpo.<\/p>\n<h2 style=\"text-align: justify;\"><span style=\"color: #75c9d3;\"><strong>Who does it affect?<\/strong><\/span><\/h2>\n<p style=\"text-align: justify;\">Principalmente, las mujeres (30-40%) tienen m\u00e1s tendencia a padecer problemas vasculares que los hombres (5-15%).<\/p>\n<h2 style=\"text-align: justify;\"><span style=\"color: #75c9d3;\"><strong>Causes<\/strong><\/span><\/h2>\n<p style=\"text-align: justify;\"><u>EXTREMIDADES INFERIORES<\/u>:<\/p>\n<p style=\"text-align: justify;\">Cuando hay una insuficiencia valvular a nivel de las extremidades inferiores, hay un aumento de la presi\u00f3n local, provocando que los capilares se dilaten, se carguen m\u00e1s de sangre y se vean a trav\u00e9s de la piel.<\/p>\n<p style=\"text-align: justify;\">Las causas principales son:<\/p>\n<ul style=\"text-align: justify;\">\n<li>Herencia gen\u00e9tica<\/li>\n<li>Sobrepeso<\/li>\n<li>Paso del tiempo<\/li>\n<li>Sedentarismo<\/li>\n<li>Exposici\u00f3n al sol<\/li>\n<li>Alteraciones hormonales (embarazo, menopausia, pubertad)<\/li>\n<li>Anticonceptivos orales<\/li>\n<\/ul>\n<p style=\"text-align: justify;\"><u>FACIAL<\/u><\/p>\n<p style=\"text-align: justify;\">Las causas principales son:<\/p>\n<ul style=\"text-align: justify;\">\n<li>Tipos de piel (blancas)<\/li>\n<li>Embarazo<\/li>\n<li>Exposici\u00f3n al sol<\/li>\n<\/ul>\n<h2 style=\"text-align: justify;\"><span style=\"color: #75c9d3;\"><strong>Types<\/strong><\/span><\/h2>\n<p style=\"text-align: justify;\">We can meet:<\/p>\n<ul style=\"text-align: justify;\">\n<li><u>Superficial varices<\/u>: are the telangiectasias or spider veins. It\u2019s the most frequent type.<\/li>\n<li><u>Tongue varices<\/u>: are the varices themselves. They have different degrees of dilation and are more or less visible.<\/li>\n<\/ul>\n<h2 style=\"text-align: justify;\"><span style=\"color: #75c9d3;\"><strong>Treatment<\/strong><\/span><\/h2>\n<p style=\"text-align: justify;\">It&#8217;s very important to make a diagnosis by a specialist to determine the origin of these venous dilatations. Next, performing a venous echo-doppler gives us the anatomy information of the varix as well as the medical options that can be performed for its removal.<\/p>\n<p style=\"text-align: justify;\">If there is a communication between the deep venous system and the superficial venous system, then the usual solution is surgery or the intraluminal lasers.<\/p>\n<p style=\"text-align: justify;\">If there is no communication, we can differentiate between:<\/p>\n<ul style=\"text-align: justify;\">\n<li>Vein diameter less than 0,5 cm: vascular laser.<\/li>\n<li>Diameter of the veins superior to 0,5 cm: sclerotherapy injections.<\/li>\n<\/ul>\n<p style=\"text-align: justify;\"><u>It\u2019s painful?<\/u><\/p>\n<p style=\"text-align: justify;\">We at the clinic performed the vascular laser treatment. Anesthetic cream can be applied in the area to minimize any discomfort to the patient.<\/p>\n<p style=\"text-align: justify;\"><u>How many sessions are needed?<\/u><\/p>\n<p style=\"text-align: justify;\">In most cases, between 3 and 4 sessions are required.<\/p>\n<p style=\"text-align: justify;\"><u>How long does the treatment last?<\/u><\/p>\n<p style=\"text-align: justify;\">It&#8217;s a very effective treatment since once removed it no longer appears again as long as physical activity is carried out and a healthy life is carried out.<\/p>\n<h2 style=\"text-align: justify;\"><span style=\"color: #75c9d3;\"><strong>Pre-treatment advice<\/strong><\/span><\/h2>\n<ul style=\"text-align: justify;\">\n<li>Essential perform out an eco scan \u2013 doppler to determine how the vascular tree of the lower extremities is.<\/li>\n<li>If there is mild or moderate limb insufficiency do two sessions of presotherapy before performing the first session of laser.<\/li>\n<\/ul>\n<h2 style=\"text-align: justify;\"><span style=\"color: #75c9d3;\"><strong>Post-treatment advice<\/strong><\/span><\/h2>\n<ul>\n<li style=\"text-align: justify;\">Use moderate compression stockings.<\/li>\n<li style=\"text-align: justify;\">To lead a healthy lifestyle<\/li>\n<li style=\"text-align: justify;\">Doing physical activity<\/li>\n<li style=\"text-align: justify;\">Not sunbathing<\/li>\n<li style=\"text-align: justify;\">If there aren&#8217;t major venous problems, it&#8217;s recommended two sessions of presotherapy.<\/li>\n<\/ul>\n","protected":false},"excerpt":{"rendered":"<p>[vc_row][vc_column][vc_row_inner][vc_column_inner][\/vc_column_inner][\/vc_row_inner][\/vc_column][\/vc_row][vc_row][vc_column width=&#8221;3\/4&#8243; css=&#8221;.vc_custom_1473066092346{margin-top: 0px !important;}&#8221;][vc_column_text css=&#8221;.vc_custom_1473066053815{margin-top: 0px !important;}&#8221;] What are they? Las ara\u00f1as vasculares o telangiectasias no son un problema de salud, pero pueden causar sensaciones desagradables y problemas est\u00e9ticos. Se caracterizan por ser dilataciones de los vasos sangu\u00edneos m\u00e1s superficiales y que se localizan inmediatamente debajo de la piel. Suelen aparecer en las piernas [&hellip;]<\/p>\n","protected":false},"author":5,"featured_media":0,"parent":2912,"menu_order":0,"comment_status":"closed","ping_status":"closed","template":"soulmedic\/tpl-feature.php","meta":{"footnotes":""},"class_list":["post-2915","page","type-page","status-publish","hentry"],"yoast_head":"<!-- This site is optimized with the Yoast SEO plugin v19.12 - https:\/\/yoast.com\/wordpress\/plugins\/seo\/ -->\n<title>Varicose veins | Dr. Lopez Gil | Teknon Aesthetic clinic, Barcelona<\/title>\n<meta name=\"description\" content=\"Clinical specialist in the treatment to eliminate varicose veins without surgery, with the most advanced laser technology. Teknon Clinic, Barcelona.\" \/>\n<meta name=\"robots\" content=\"index, follow, max-snippet:-1, max-image-preview:large, max-video-preview:-1\" \/>\n<link rel=\"canonical\" href=\"https:\/\/www.lopezgil.com\/en\/laser-therapy-barcelona\/varicose-veins\/\" \/>\n<meta property=\"og:locale\" content=\"en_US\" \/>\n<meta property=\"og:type\" content=\"article\" \/>\n<meta property=\"og:title\" content=\"Varicose veins | Dr. Lopez Gil | Teknon Aesthetic clinic, Barcelona\" \/>\n<meta property=\"og:description\" content=\"Clinical specialist in the treatment to eliminate varicose veins without surgery, with the most advanced laser technology. Teknon Clinic, Barcelona.\" \/>\n<meta property=\"og:url\" content=\"https:\/\/www.lopezgil.com\/en\/laser-therapy-barcelona\/varicose-veins\/\" \/>\n<meta property=\"og:site_name\" content=\"Dr. Lopez Gil\" \/>\n<meta property=\"article:modified_time\" content=\"2019-12-08T20:45:09+00:00\" \/>\n<meta name=\"twitter:card\" content=\"summary_large_image\" \/>\n<meta name=\"twitter:label1\" content=\"Est. reading time\" \/>\n\t<meta name=\"twitter:data1\" content=\"2 minutes\" \/>\n<script type=\"application\/ld+json\" class=\"yoast-schema-graph\">{\"@context\":\"https:\/\/schema.org\",\"@graph\":[{\"@type\":\"WebPage\",\"@id\":\"https:\/\/www.lopezgil.com\/en\/laser-therapy-barcelona\/varicose-veins\/\",\"url\":\"https:\/\/www.lopezgil.com\/en\/laser-therapy-barcelona\/varicose-veins\/\",\"name\":\"Varicose veins | Dr. Lopez Gil | Teknon Aesthetic clinic, Barcelona\",\"isPartOf\":{\"@id\":\"https:\/\/www.lopezgil.com\/ca\/#website\"},\"datePublished\":\"2016-06-16T10:00:49+00:00\",\"dateModified\":\"2019-12-08T20:45:09+00:00\",\"description\":\"Clinical specialist in the treatment to eliminate varicose veins without surgery, with the most advanced laser technology. Teknon Clinic, Barcelona.\",\"breadcrumb\":{\"@id\":\"https:\/\/www.lopezgil.com\/en\/laser-therapy-barcelona\/varicose-veins\/#breadcrumb\"},\"inLanguage\":\"en-US\",\"potentialAction\":[{\"@type\":\"ReadAction\",\"target\":[\"https:\/\/www.lopezgil.com\/en\/laser-therapy-barcelona\/varicose-veins\/\"]}]},{\"@type\":\"BreadcrumbList\",\"@id\":\"https:\/\/www.lopezgil.com\/en\/laser-therapy-barcelona\/varicose-veins\/#breadcrumb\",\"itemListElement\":[{\"@type\":\"ListItem\",\"position\":1,\"name\":\"Portada\",\"item\":\"https:\/\/www.lopezgil.com\/en\/\"},{\"@type\":\"ListItem\",\"position\":2,\"name\":\"Laser therapy\",\"item\":\"https:\/\/www.lopezgil.com\/en\/laser-therapy-barcelona\/\"},{\"@type\":\"ListItem\",\"position\":3,\"name\":\"Varicose veins\"}]},{\"@type\":\"WebSite\",\"@id\":\"https:\/\/www.lopezgil.com\/ca\/#website\",\"url\":\"https:\/\/www.lopezgil.com\/ca\/\",\"name\":\"Dr. Lopez Gil\",\"description\":\"Dermat\u00f3logo Barcelona\",\"potentialAction\":[{\"@type\":\"SearchAction\",\"target\":{\"@type\":\"EntryPoint\",\"urlTemplate\":\"https:\/\/www.lopezgil.com\/ca\/?s={search_term_string}\"},\"query-input\":\"required name=search_term_string\"}],\"inLanguage\":\"en-US\"}]}<\/script>\n<!-- \/ Yoast SEO plugin. -->","yoast_head_json":{"title":"Varicose veins | Dr. Lopez Gil | Teknon Aesthetic clinic, Barcelona","description":"Clinical specialist in the treatment to eliminate varicose veins without surgery, with the most advanced laser technology. Teknon Clinic, Barcelona.","robots":{"index":"index","follow":"follow","max-snippet":"max-snippet:-1","max-image-preview":"max-image-preview:large","max-video-preview":"max-video-preview:-1"},"canonical":"https:\/\/www.lopezgil.com\/en\/laser-therapy-barcelona\/varicose-veins\/","og_locale":"en_US","og_type":"article","og_title":"Varicose veins | Dr. Lopez Gil | Teknon Aesthetic clinic, Barcelona","og_description":"Clinical specialist in the treatment to eliminate varicose veins without surgery, with the most advanced laser technology. Teknon Clinic, Barcelona.","og_url":"https:\/\/www.lopezgil.com\/en\/laser-therapy-barcelona\/varicose-veins\/","og_site_name":"Dr. Lopez Gil","article_modified_time":"2019-12-08T20:45:09+00:00","twitter_card":"summary_large_image","twitter_misc":{"Est. reading time":"2 minutes"},"schema":{"@context":"https:\/\/schema.org","@graph":[{"@type":"WebPage","@id":"https:\/\/www.lopezgil.com\/en\/laser-therapy-barcelona\/varicose-veins\/","url":"https:\/\/www.lopezgil.com\/en\/laser-therapy-barcelona\/varicose-veins\/","name":"Varicose veins | Dr. Lopez Gil | Teknon Aesthetic clinic, Barcelona","isPartOf":{"@id":"https:\/\/www.lopezgil.com\/ca\/#website"},"datePublished":"2016-06-16T10:00:49+00:00","dateModified":"2019-12-08T20:45:09+00:00","description":"Clinical specialist in the treatment to eliminate varicose veins without surgery, with the most advanced laser technology. Teknon Clinic, Barcelona.","breadcrumb":{"@id":"https:\/\/www.lopezgil.com\/en\/laser-therapy-barcelona\/varicose-veins\/#breadcrumb"},"inLanguage":"en-US","potentialAction":[{"@type":"ReadAction","target":["https:\/\/www.lopezgil.com\/en\/laser-therapy-barcelona\/varicose-veins\/"]}]},{"@type":"BreadcrumbList","@id":"https:\/\/www.lopezgil.com\/en\/laser-therapy-barcelona\/varicose-veins\/#breadcrumb","itemListElement":[{"@type":"ListItem","position":1,"name":"Portada","item":"https:\/\/www.lopezgil.com\/en\/"},{"@type":"ListItem","position":2,"name":"Laser therapy","item":"https:\/\/www.lopezgil.com\/en\/laser-therapy-barcelona\/"},{"@type":"ListItem","position":3,"name":"Varicose veins"}]},{"@type":"WebSite","@id":"https:\/\/www.lopezgil.com\/ca\/#website","url":"https:\/\/www.lopezgil.com\/ca\/","name":"Dr. Lopez Gil","description":"Dermat\u00f3logo Barcelona","potentialAction":[{"@type":"SearchAction","target":{"@type":"EntryPoint","urlTemplate":"https:\/\/www.lopezgil.com\/ca\/?s={search_term_string}"},"query-input":"required name=search_term_string"}],"inLanguage":"en-US"}]}},"_links":{"self":[{"href":"https:\/\/www.lopezgil.com\/en\/wp-json\/wp\/v2\/pages\/2915","targetHints":{"allow":["GET"]}}],"collection":[{"href":"https:\/\/www.lopezgil.com\/en\/wp-json\/wp\/v2\/pages"}],"about":[{"href":"https:\/\/www.lopezgil.com\/en\/wp-json\/wp\/v2\/types\/page"}],"author":[{"embeddable":true,"href":"https:\/\/www.lopezgil.com\/en\/wp-json\/wp\/v2\/users\/5"}],"replies":[{"embeddable":true,"href":"https:\/\/www.lopezgil.com\/en\/wp-json\/wp\/v2\/comments?post=2915"}],"version-history":[{"count":4,"href":"https:\/\/www.lopezgil.com\/en\/wp-json\/wp\/v2\/pages\/2915\/revisions"}],"predecessor-version":[{"id":2999,"href":"https:\/\/www.lopezgil.com\/en\/wp-json\/wp\/v2\/pages\/2915\/revisions\/2999"}],"up":[{"embeddable":true,"href":"https:\/\/www.lopezgil.com\/en\/wp-json\/wp\/v2\/pages\/2912"}],"wp:attachment":[{"href":"https:\/\/www.lopezgil.com\/en\/wp-json\/wp\/v2\/media?parent=2915"}],"curies":[{"name":"wp","href":"https:\/\/api.w.org\/{rel}","templated":true}]}}