{"id":2861,"date":"2017-09-29T17:01:25","date_gmt":"2017-09-29T17:01:25","guid":{"rendered":"http:\/\/lopezgil.com\/enconstruccion\/contacto\/"},"modified":"2019-06-11T11:42:13","modified_gmt":"2019-06-11T11:42:13","slug":"contact","status":"publish","type":"page","link":"https:\/\/www.lopezgil.com\/en\/contact\/","title":{"rendered":"Contact"},"content":{"rendered":"<div id=\"fb-root\"><\/div>\n[vc_row][vc_column][vc_column_text]<iframe loading=\"lazy\" style=\"border: 0;\" src=\"https:\/\/www.google.com\/maps\/embed?pb=!1m18!1m12!1m3!1d2992.5111873468536!2d2.1256646154263716!3d41.40642077926237!2m3!1f0!2f0!3f0!3m2!1i1024!2i768!4f13.1!3m3!1m2!1s0x12a4981447f78fe3%3A0x46da89af0cd206a6!2sDr.+L%C3%B3pez+Gil%2C+S.L.!5e0!3m2!1ses!2ses!4v1506689585530\" width=\"1200\" height=\"450\" frameborder=\"0\" allowfullscreen=\"allowfullscreen\"><\/iframe>[\/vc_column_text][\/vc_column][vc_column][\/vc_column][\/vc_row][vc_row][vc_column width=&#8221;2\/3&#8243;][vc_column_text]\n<h2><\/h2>\n<h2><span style=\"color: #75c9d3;\">Tell us what we can help you with. <\/span><span style=\"color: #75c9d3;\">Our team of expert dermatologists is at your disposal.<\/span><\/h2>\n<h2><span style=\"color: #75c9d3;\">Contact us!<\/span><\/h2>\n[\/vc_column_text]\n<div class=\"wpcf7 no-js\" id=\"wpcf7-f2865-o1\" lang=\"es-ES\" dir=\"ltr\">\n<div class=\"screen-reader-response\"><p role=\"status\" aria-live=\"polite\" aria-atomic=\"true\"><\/p> <ul><\/ul><\/div>\n<form action=\"\/en\/wp-json\/wp\/v2\/pages\/2861#wpcf7-f2865-o1\" method=\"post\" class=\"wpcf7-form init\" aria-label=\"Formulario de contacto\" novalidate=\"novalidate\" data-status=\"init\">\n<div style=\"display: none;\">\n<input type=\"hidden\" name=\"_wpcf7\" value=\"2865\" \/>\n<input type=\"hidden\" name=\"_wpcf7_version\" value=\"5.7.5.1\" \/>\n<input type=\"hidden\" name=\"_wpcf7_locale\" value=\"es_ES\" \/>\n<input type=\"hidden\" name=\"_wpcf7_unit_tag\" value=\"wpcf7-f2865-o1\" \/>\n<input type=\"hidden\" name=\"_wpcf7_container_post\" value=\"0\" \/>\n<input type=\"hidden\" name=\"_wpcf7_posted_data_hash\" value=\"\" \/>\n<input type=\"hidden\" name=\"_wpcf7_recaptcha_response\" value=\"\" \/>\n<\/div>\n<p><label> Name*<br \/>\n<span class=\"wpcf7-form-control-wrap\" data-name=\"your-name\"><input size=\"40\" class=\"wpcf7-form-control wpcf7-text wpcf7-validates-as-required\" aria-required=\"true\" aria-invalid=\"false\" value=\"\" type=\"text\" name=\"your-name\" \/><\/span> <\/label>\n<\/p>\n<p><label> Email*<span class=\"wpcf7-form-control-wrap\" data-name=\"your-email\"><input size=\"40\" class=\"wpcf7-form-control wpcf7-text wpcf7-email wpcf7-validates-as-required wpcf7-validates-as-email\" aria-required=\"true\" aria-invalid=\"false\" value=\"\" type=\"email\" name=\"your-email\" \/><\/span> <\/label><label>Phone number*<span class=\"wpcf7-form-control-wrap\" data-name=\"telefono\"><input size=\"40\" class=\"wpcf7-form-control wpcf7-text wpcf7-tel wpcf7-validates-as-tel\" aria-invalid=\"false\" value=\"\" type=\"tel\" name=\"telefono\" \/><\/span> <\/label>\n<\/p>\n<p><label> Subject<br \/>\n<span class=\"wpcf7-form-control-wrap\" data-name=\"your-subject\"><input size=\"40\" class=\"wpcf7-form-control wpcf7-text\" aria-invalid=\"false\" value=\"\" type=\"text\" name=\"your-subject\" \/><\/span> <\/label>\n<\/p>\n<p><label> Message<br \/>\n<span class=\"wpcf7-form-control-wrap\" data-name=\"your-message\"><textarea cols=\"40\" rows=\"10\" class=\"wpcf7-form-control wpcf7-textarea\" aria-invalid=\"false\" name=\"your-message\"><\/textarea><\/span> <\/label><br \/>\n\t<font style=\"text-transform: lowercase;\"><strong>*<\/strong> required fields\n\t<\/font>\n<\/p>\n<p style=\u201dtext-align: justify;\u201d>DR. L\u00d3PEZ GIL S.L.P. pone a su disposici\u00f3n la informaci\u00f3n concerniente al tratamiento de sus datos personales, tal y como establece la normativa en la materia: REGLAMENTO (UE) 2016\/679 DEL PARLAMENTO EUROPEO Y DEL CONSEJO de 27 de abril de 2016 (RGPD) y la Ley Org\u00e1nica 3\/2018, de 5 de diciembre, de Protecci\u00f3n de Datos Personales y Garant\u00eda de los Derechos Digitales (LOPDGDD).\n<\/p>\n<p style=\u201dtext-align: justify;\u201d><strong>Responsable:<\/strong> DR. L\u00d3PEZ GIL S.L.P. con domicilio en C\/ VILANA 12 DESPACHO 165 CP- 08022 Barcelona, es titular de este sitio Web, y responsable de los datos de car\u00e1cter personal suministrados por los usuarios a trav\u00e9s de esta p\u00e1gina Web.\n<\/p>\n<p><strong>Finalidades: <\/strong>Gestionar preguntas, dudas y solicitud de informaci\u00f3n recibidas en relaci\u00f3n con los productos y servicios que ofrece DR. L\u00d3PEZ GIL S.L.P. y remitir informaci\u00f3n, promociones y publicidad relacionada con nuestros productos en el sector de la medicina especializada, en el campo de la dermatolog\u00eda.<br \/>\n<strong>Conservaci\u00f3n: <\/strong>Los datos se conservar\u00e1n durante el plazo para poder gestionar las finalidades de la recogida de informaci\u00f3n y\/o mientras no se solicite la supresi\u00f3n de los datos por parte del interesado.<br \/>\n<strong>Legitimaci\u00f3n: <\/strong>Consentimiento del interesado.<br \/>\n<strong>Destinatarios: <\/strong>Los datos personales podr\u00e1n ser comunicados a otras empresas del Grupo, todas ellas del sector de la medicina especializada. Los datos no se ceder\u00e1n a otros terceros, salvo en los casos que se necesiten comunicar a colaboradores\/terceros con el fin de resolver y cubrir sus peticiones y\/o necesidades, o en los casos en que exista una obligaci\u00f3n legal.<br \/>\n<strong>Derechos: <\/strong>Tiene el derecho a solicitar el acceso a sus datos personales, su rectificaci\u00f3n o supresi\u00f3n, o la limitaci\u00f3n de su tratamiento, o a oponerse al tratamiento, as\u00ed como el derecho a la portabilidad de los datos. As\u00ed como el derecho a retirar el consentimiento en cualquiera de sus finalidades. Para ello puede dirigir una carta a DR. L\u00d3PEZ GIL, S.L.P. a la direcci\u00f3n C\/ VILANA 12 DESPACHO 165 08022 BARCELONA o a trav\u00e9s del correo dpo@lopezgil.com indicando el ejercicio que desea ejercer. Deber\u00e1 acreditarse la identidad del solicitante acompa\u00f1ando fotocopia del DNI. Asimismo, le informamos de que tiene derecho a presentar una reclamaci\u00f3n ante la Agencia Espa\u00f1ola de Protecci\u00f3n de Datos, si considera que se ha producido alg\u00fan tipo de vulneraci\u00f3n en relaci\u00f3n con el tratamiento de sus datos personales.<br \/>\n<strong>Informaci\u00f3n adicional: <\/strong>Puede consultar la informaci\u00f3n adicional y detallada sobre Protecci\u00f3n de Datos en https:\/\/www.lopezgil.com\/politica-de-privacidad\/\n<\/p>\n<p><label><span class=\"wpcf7-form-control-wrap\" data-name=\"acceptance-169\"><span class=\"wpcf7-form-control wpcf7-acceptance\"><span class=\"wpcf7-list-item\"><input type=\"checkbox\" name=\"acceptance-169\" value=\"1\" aria-invalid=\"false\" \/><\/span><\/span><\/span>\"He le\u00eddo y acepto la <a href=\"https:\/\/www.lopezgil.com\/politica-de-privacidad\/\"> Pol\u00edtica de Privacidad<\/a><\/label>\n<\/p>\n<p><input class=\"wpcf7-form-control has-spinner wpcf7-submit\" type=\"submit\" value=\"Send\" \/>\n<\/p><p style=\"display: none !important;\"><label>&#916;<textarea name=\"_wpcf7_ak_hp_textarea\" cols=\"45\" rows=\"8\" maxlength=\"100\"><\/textarea><\/label><input type=\"hidden\" id=\"ak_js_1\" name=\"_wpcf7_ak_js\" value=\"140\"\/><script>document.getElementById( \"ak_js_1\" ).setAttribute( \"value\", ( new Date() ).getTime() );<\/script><\/p><div class=\"wpcf7-response-output\" aria-hidden=\"true\"><\/div>\n<\/form>\n<\/div>\n[\/vc_column][vc_column width=&#8221;1\/3&#8243;][vc_column_text]\n<h2><\/h2>\n<h2><span style=\"color: #75c9d3;\">OUR CLINICS:<\/span><\/h2>\n[\/vc_column_text][vc_column_text]\n<aside id=\"text-2\" class=\"widget widget_text\">\n<h3 class=\"widgettitle\"><span style=\"color: #75c9d3;\">BARCELONA CLINIC\u00a0<\/span><\/h3>\n<div class=\"textwidget\">12, Vilana St., Barcelona<br \/>\n2nd. floor, office 165<br \/>\n<strong> +34 93 393 31 27<\/strong><br \/>\n+34 93 393 31 65<br \/>\n+34 93 254 64 71<br \/>\ninfo@lopezgil.com<\/div>\n<\/aside>\n<aside id=\"text-6\" class=\"widget widget_text\">\n<h3 class=\"widgettitle\"><span style=\"color: #75c9d3;\">ANDORRA CLINIC<\/span><\/h3>\n<div class=\"textwidget\">Av. Esteve Albert, 17, local 2<br \/>\nEscaldes-Engordany<br \/>\n+376 886100<\/div>\n<div class=\"textwidget\">info@dermatologiaandorra.com<\/div>\n<\/aside>\n[\/vc_column_text][\/vc_column][\/vc_row]\n","protected":false},"excerpt":{"rendered":"<p>[vc_row][vc_column][vc_column_text][\/vc_column_text][\/vc_column][vc_column][\/vc_column][\/vc_row][vc_row][vc_column width=&#8221;2\/3&#8243;][vc_column_text] Tell us what we can help you with. Our team of expert dermatologists is at your disposal. Contact us! [\/vc_column_text][\/vc_column][vc_column width=&#8221;1\/3&#8243;][vc_column_text] OUR CLINICS: [\/vc_column_text][vc_column_text] BARCELONA CLINIC\u00a0 12, Vilana St., Barcelona 2nd. floor, office 165 +34 93 393 31 27 +34 93 393 31 65 +34 93 254 64 71 info@lopezgil.com ANDORRA CLINIC Av. [&hellip;]<\/p>\n","protected":false},"author":5,"featured_media":0,"parent":0,"menu_order":0,"comment_status":"closed","ping_status":"closed","template":"","meta":{"footnotes":""},"class_list":["post-2861","page","type-page","status-publish","hentry"],"yoast_head":"<!-- This site is optimized with the Yoast SEO plugin v19.12 - https:\/\/yoast.com\/wordpress\/plugins\/seo\/ -->\n<title>Contact | Dr. Lopez Gil<\/title>\n<meta name=\"description\" content=\"Contact Dr. L\u00f3pez Gil, dermatologist Barcelona. Specialists in the care of your skin. It has a team of expert dermatologists. Teknon Clinic.\" \/>\n<meta name=\"robots\" content=\"index, follow, max-snippet:-1, max-image-preview:large, max-video-preview:-1\" \/>\n<link rel=\"canonical\" href=\"https:\/\/www.lopezgil.com\/en\/contact\/\" \/>\n<meta property=\"og:locale\" content=\"en_US\" \/>\n<meta property=\"og:type\" content=\"article\" \/>\n<meta property=\"og:title\" content=\"Contact | Dr. Lopez Gil\" \/>\n<meta property=\"og:description\" content=\"Contact Dr. L\u00f3pez Gil, dermatologist Barcelona. Specialists in the care of your skin. It has a team of expert dermatologists. Teknon Clinic.\" \/>\n<meta property=\"og:url\" content=\"https:\/\/www.lopezgil.com\/en\/contact\/\" \/>\n<meta property=\"og:site_name\" content=\"Dr. Lopez Gil\" \/>\n<meta property=\"article:modified_time\" content=\"2019-06-11T11:42:13+00:00\" \/>\n<meta name=\"twitter:card\" content=\"summary_large_image\" \/>\n<script type=\"application\/ld+json\" class=\"yoast-schema-graph\">{\"@context\":\"https:\/\/schema.org\",\"@graph\":[{\"@type\":\"WebPage\",\"@id\":\"https:\/\/www.lopezgil.com\/en\/contact\/\",\"url\":\"https:\/\/www.lopezgil.com\/en\/contact\/\",\"name\":\"Contact | Dr. Lopez Gil\",\"isPartOf\":{\"@id\":\"https:\/\/www.lopezgil.com\/ca\/#website\"},\"datePublished\":\"2017-09-29T17:01:25+00:00\",\"dateModified\":\"2019-06-11T11:42:13+00:00\",\"description\":\"Contact Dr. L\u00f3pez Gil, dermatologist Barcelona. Specialists in the care of your skin. It has a team of expert dermatologists. Teknon Clinic.\",\"breadcrumb\":{\"@id\":\"https:\/\/www.lopezgil.com\/en\/contact\/#breadcrumb\"},\"inLanguage\":\"en-US\",\"potentialAction\":[{\"@type\":\"ReadAction\",\"target\":[\"https:\/\/www.lopezgil.com\/en\/contact\/\"]}]},{\"@type\":\"BreadcrumbList\",\"@id\":\"https:\/\/www.lopezgil.com\/en\/contact\/#breadcrumb\",\"itemListElement\":[{\"@type\":\"ListItem\",\"position\":1,\"name\":\"Portada\",\"item\":\"https:\/\/www.lopezgil.com\/en\/\"},{\"@type\":\"ListItem\",\"position\":2,\"name\":\"Contact\"}]},{\"@type\":\"WebSite\",\"@id\":\"https:\/\/www.lopezgil.com\/ca\/#website\",\"url\":\"https:\/\/www.lopezgil.com\/ca\/\",\"name\":\"Dr. Lopez Gil\",\"description\":\"Dermat\u00f3logo Barcelona\",\"potentialAction\":[{\"@type\":\"SearchAction\",\"target\":{\"@type\":\"EntryPoint\",\"urlTemplate\":\"https:\/\/www.lopezgil.com\/ca\/?s={search_term_string}\"},\"query-input\":\"required name=search_term_string\"}],\"inLanguage\":\"en-US\"}]}<\/script>\n<!-- \/ Yoast SEO plugin. -->","yoast_head_json":{"title":"Contact | Dr. Lopez Gil","description":"Contact Dr. L\u00f3pez Gil, dermatologist Barcelona. Specialists in the care of your skin. It has a team of expert dermatologists. Teknon Clinic.","robots":{"index":"index","follow":"follow","max-snippet":"max-snippet:-1","max-image-preview":"max-image-preview:large","max-video-preview":"max-video-preview:-1"},"canonical":"https:\/\/www.lopezgil.com\/en\/contact\/","og_locale":"en_US","og_type":"article","og_title":"Contact | Dr. Lopez Gil","og_description":"Contact Dr. L\u00f3pez Gil, dermatologist Barcelona. Specialists in the care of your skin. It has a team of expert dermatologists. Teknon Clinic.","og_url":"https:\/\/www.lopezgil.com\/en\/contact\/","og_site_name":"Dr. Lopez Gil","article_modified_time":"2019-06-11T11:42:13+00:00","twitter_card":"summary_large_image","schema":{"@context":"https:\/\/schema.org","@graph":[{"@type":"WebPage","@id":"https:\/\/www.lopezgil.com\/en\/contact\/","url":"https:\/\/www.lopezgil.com\/en\/contact\/","name":"Contact | Dr. Lopez Gil","isPartOf":{"@id":"https:\/\/www.lopezgil.com\/ca\/#website"},"datePublished":"2017-09-29T17:01:25+00:00","dateModified":"2019-06-11T11:42:13+00:00","description":"Contact Dr. L\u00f3pez Gil, dermatologist Barcelona. Specialists in the care of your skin. It has a team of expert dermatologists. Teknon Clinic.","breadcrumb":{"@id":"https:\/\/www.lopezgil.com\/en\/contact\/#breadcrumb"},"inLanguage":"en-US","potentialAction":[{"@type":"ReadAction","target":["https:\/\/www.lopezgil.com\/en\/contact\/"]}]},{"@type":"BreadcrumbList","@id":"https:\/\/www.lopezgil.com\/en\/contact\/#breadcrumb","itemListElement":[{"@type":"ListItem","position":1,"name":"Portada","item":"https:\/\/www.lopezgil.com\/en\/"},{"@type":"ListItem","position":2,"name":"Contact"}]},{"@type":"WebSite","@id":"https:\/\/www.lopezgil.com\/ca\/#website","url":"https:\/\/www.lopezgil.com\/ca\/","name":"Dr. Lopez Gil","description":"Dermat\u00f3logo Barcelona","potentialAction":[{"@type":"SearchAction","target":{"@type":"EntryPoint","urlTemplate":"https:\/\/www.lopezgil.com\/ca\/?s={search_term_string}"},"query-input":"required name=search_term_string"}],"inLanguage":"en-US"}]}},"_links":{"self":[{"href":"https:\/\/www.lopezgil.com\/en\/wp-json\/wp\/v2\/pages\/2861","targetHints":{"allow":["GET"]}}],"collection":[{"href":"https:\/\/www.lopezgil.com\/en\/wp-json\/wp\/v2\/pages"}],"about":[{"href":"https:\/\/www.lopezgil.com\/en\/wp-json\/wp\/v2\/types\/page"}],"author":[{"embeddable":true,"href":"https:\/\/www.lopezgil.com\/en\/wp-json\/wp\/v2\/users\/5"}],"replies":[{"embeddable":true,"href":"https:\/\/www.lopezgil.com\/en\/wp-json\/wp\/v2\/comments?post=2861"}],"version-history":[{"count":11,"href":"https:\/\/www.lopezgil.com\/en\/wp-json\/wp\/v2\/pages\/2861\/revisions"}],"predecessor-version":[{"id":4398,"href":"https:\/\/www.lopezgil.com\/en\/wp-json\/wp\/v2\/pages\/2861\/revisions\/4398"}],"wp:attachment":[{"href":"https:\/\/www.lopezgil.com\/en\/wp-json\/wp\/v2\/media?parent=2861"}],"curies":[{"name":"wp","href":"https:\/\/api.w.org\/{rel}","templated":true}]}}