{"id":1632,"date":"2017-04-03T11:42:11","date_gmt":"2017-04-03T11:42:11","guid":{"rendered":"http:\/\/lopezgil.com\/enconstruccion\/?page_id=1632"},"modified":"2019-12-05T22:11:39","modified_gmt":"2019-12-05T22:11:39","slug":"psoriasis","status":"publish","type":"page","link":"https:\/\/www.lopezgil.com\/en\/clinical-dermatology-barcelona\/psoriasis\/","title":{"rendered":"Psoriasis"},"content":{"rendered":"<div id=\"fb-root\"><\/div>\n<p style=\"text-align: justify;\">[vc_row][vc_column][vc_row_inner][vc_column_inner]<script type=\"text\/javascript\">jQuery(function() { _initLayerSlider( '#layerslider_13_1v7ajvxjxn6hv', {sliderVersion: '', responsiveUnder: 0, layersContainer: 0, hideUnder: 0, hideOver: 100000, pauseOnHover: 1, skin: 'v5', sliderFadeInDuration: 350, useSrcset: true, skinsPath: 'https:\/\/www.lopezgil.com\/wp-content\/plugins\/LayerSlider\/assets\/static\/layerslider\/skins\/', type: 'responsive', showCircleTimer: false, performanceMode: true}); });<\/script><div id=\"layerslider_13_1v7ajvxjxn6hv\" class=\"ls-wp-container fitvidsignore\" style=\"width:600px;height:200px;margin:0 auto;margin-bottom: 0px;\"><div class=\"ls-slide\" data-ls=\"duration:4000;\"><img loading=\"lazy\" decoding=\"async\" width=\"600\" height=\"200\" src=\"https:\/\/www.lopezgil.com\/wp-content\/uploads\/drlopezgil_dermatologia_barcelona_600x200_psoriasis.jpg\" class=\"ls-bg\" alt=\"drlopezgil_dermatologia_barcelona_600x200_psoriasis\" srcset=\"https:\/\/www.lopezgil.com\/wp-content\/uploads\/drlopezgil_dermatologia_barcelona_600x200_psoriasis.jpg 600w, https:\/\/www.lopezgil.com\/wp-content\/uploads\/drlopezgil_dermatologia_barcelona_600x200_psoriasis-300x100.jpg 300w\" sizes=\"auto, (max-width: 600px) 100vw, 600px\" \/><\/div><\/div>[\/vc_column_inner][\/vc_row_inner][\/vc_column][\/vc_row][vc_row][vc_column width=&#8221;3\/4&#8243; css=&#8221;.vc_custom_1473066092346{margin-top: 0px !important;}&#8221;][vc_column_text css=&#8221;.vc_custom_1473066053815{margin-top: 0px !important;}&#8221;]\n<h2 style=\"text-align: justify;\"><span style=\"color: #75c9d3;\"><strong>What is psoriasis?<\/strong><\/span><\/h2>\n<p style=\"text-align: justify;\">Psoriasis is a chronic inflammatory skin disease that causes scaling and inflammation. Appears very variable way between patients and usually goes through periods of stability and outbreaks throughout life. Each person has a specific and unique type of psoriasis, either for the location and type of injury or for the interaction between the disease and the person, since the degree of impact it has on each person is different.<\/p>\n<h2 style=\"text-align: justify;\"><span style=\"color: #75c9d3;\"><strong>Who does psoriasis affect?<\/strong><\/span><\/h2>\n<p style=\"text-align: justify;\">Psoriasis is probably the most common and popular the skin disease with a prevalence of 2-3% of the population. It&#8217;s more common between 15 and 35 years or 50-60 years but can affect at any age. It affects men equally than women.<\/p>\n<h2 style=\"text-align: justify;\"><span style=\"color: #75c9d3;\"><strong>Symptomatology<\/strong><\/span><\/h2>\n<p style=\"text-align: justify;\">It&#8217;s a chronic condition of the skin that despite not being a serious pathology, if it has a very important implication in the quality of life of the person. It may manifest slowly or appear suddenly, as well as disappear for a while and reappear. Mostly, it&#8217;s characterized by the appearance of erythematous and hyperkeratotic plaques (with redness and scabs) of different shape and size depending on the patient. They usually appear on the elbows, knees and scalp. Although it usually affects the skin exclusively, there&#8217;s a certain incidence of nail injuries and inflammation in the joints (psoriatic arthritis).<\/p>\n<p style=\"text-align: justify;\">Other less common symptoms than plaques are:<\/p>\n<ul style=\"text-align: justify;\">\n<li>Pain<\/li>\n<li>Genital lesions in the male sex<\/li>\n<li>Nail injuries<\/li>\n<li>Dandruff<\/li>\n<\/ul>\n<h2 style=\"text-align: justify;\"><span style=\"color: #75c9d3;\"><strong>Cause<\/strong><\/span><\/h2>\n<p style=\"text-align: justify;\">Although the specific origin of the condition is unknown, if there is evidence that the inflammatory processes are due to an abnormal immune response caused by an undue T lymphocyte activation. This activation also causes the cells renewal process to occur too quickly.<\/p>\n<p style=\"text-align: justify;\">Usually, the process of cell renewal takes about a month, but in people with psoriasis this process takes about four days. This causes the new cells go up too quickly and accumulate on the surface, causing the appearance of plaques.<\/p>\n<p style=\"text-align: justify;\"><strong><img loading=\"lazy\" decoding=\"async\" class=\"aligncenter wp-image-1262 size-medium\" src=\"http:\/\/lopezgil.com\/wp-content\/uploads\/psoriasis-dr-lopez-gil-dermatologo-barcelona-300x218.png\" alt=\"psoriasis-dr-lopez-gil-dermatologo-barcelona\" width=\"300\" height=\"218\" srcset=\"https:\/\/www.lopezgil.com\/wp-content\/uploads\/psoriasis-dr-lopez-gil-dermatologo-barcelona-300x218.png 300w, https:\/\/www.lopezgil.com\/wp-content\/uploads\/psoriasis-dr-lopez-gil-dermatologo-barcelona.png 859w\" sizes=\"auto, (max-width: 300px) 100vw, 300px\" \/> <\/strong><\/p>\n<p style=\"text-align: justify;\">It&#8217;s also known to be a genetic and hereditary disease. This doesn&#8217;t mean that by having psoriasis the offspring will also suffer. It&#8217;s possible to inherit the genetic alteration, but not to develop the disease since also exogenous factors intervene in its appearance.<\/p>\n<p style=\"text-align: justify;\">Exogenous factors that can make the skin of people with psoriasis worse are:<\/p>\n<ul style=\"text-align: justify;\">\n<li>Chronic infections<\/li>\n<li>Stress<\/li>\n<li>Dry weather<\/li>\n<li>Obesity<\/li>\n<li>Alcohol consume<\/li>\n<li>Certain medications<\/li>\n<li>Hormonal changes<\/li>\n<\/ul>\n<h2 style=\"text-align: justify;\"><span style=\"color: #75c9d3;\"><strong>Types<\/strong><\/span><\/h2>\n<p style=\"text-align: justify;\">We can find different classifications according to the gravity, shape and pattern of the scales.<\/p>\n<p style=\"text-align: justify;\"><u>ACCORDING TO GRAVITY:<\/u><\/p>\n<ul style=\"text-align: justify;\">\n<li><em>Light psoriasis:<\/em> plaques are usually insulated and cover 2% or less of the entire body. The treatment that is usually used is topical.<\/li>\n<li><em>Moderate psoriasis:<\/em> covers between 2-10% of the body and the treatments that are of topical use and the phototherapy.<\/li>\n<li><em>Severe psoriasis:<\/em> covers more than 10% and is usually treated with phototherapy and oral medications.<\/li>\n<\/ul>\n<p style=\"text-align: justify;\"><u>ACCORDING TO THE SHAPE AND PATTERN OF THE SCALES:<\/u><\/p>\n<ul style=\"text-align: justify;\">\n<li><em>Psoriasis in plaques or vulgaris: <\/em>is the most common form (80% of cases). The scales are made up of dead cells that are detached from the plaque. Other symptoms that may appear are pain, itching and cracking of the skin.<\/li>\n<\/ul>\n<ul style=\"text-align: justify;\">\n<li><em>Psoriasis guttata or in drops: u<\/em>sually appears during childhood and is manifested with the appearance of small red drops on the trunk and limbs and sometimes on the scalp.<\/li>\n<\/ul>\n<ul style=\"text-align: justify;\">\n<li><em> Reverse Psoriasis (in folds):<\/em> <em>is characterized by not having scales, but redness and inflammation of the skin. <\/em>Obese people are more likely to suffer from it as it is especially prone to appear as a result of rubbing and sweating. <em>It usually appears in the armpits, English, under the breasts and in the folds of the genitals and buttocks.<\/em><\/li>\n<\/ul>\n<ul style=\"text-align: justify;\">\n<li><em>Erythrodermic psoriasis: <\/em>il est caract\u00e9ris\u00e9 par un rougissement de la peau tr\u00e8s forte et agressive affecte g\u00e9n\u00e9ralement la majeure partie du corps. It&#8217;s inflammatory and infrequent.<\/li>\n<\/ul>\n<ul style=\"text-align: justify;\">\n<li><em>Postulated generalized psoriasis or of Von Zumbusch: very rare and manifested with the appearance of red areas in large body areas that produce pain and pustules.<\/em> When these pustules dry they reappear cyclically.<\/li>\n<\/ul>\n<ul style=\"text-align: justify;\">\n<li><em>Pustular located psoriasis:<\/em> the pustules only appear on the hands and feet.<\/li>\n<\/ul>\n<ul style=\"text-align: justify;\">\n<li><em>Acropustulosis:<\/em> The lesions are located in the tips of the fingers and sometimes in the feet. They can become very painful.<\/li>\n<\/ul>\n<h2 style=\"text-align: justify;\"><span style=\"color: #75c9d3;\"><strong>Psoriasis treatment in Barcelona<\/strong><\/span><\/h2>\n<p style=\"text-align: justify;\">Although always considered as exclusively cutaneous disease, it&#8217;s now known that the inflammatory phenomena that lead to the appearance of plaques of psoriasis favor the manifestation of other systemic diseases (comorbidity).<\/p>\n<p style=\"text-align: justify;\">It&#8217;s for this reason that the early diagnosis of psoriasis and the routine monitoring of other diseases that coexist in the patient is very important. The presence of this comorbidity often determines the treatment to be prescribed to treat psoriasis and the patient&#8217;s overall prognosis.<\/p>\n<p style=\"text-align: justify;\">Frequently, the use of topical preparations is advised and in the case of severe psoriasis it&#8217;s usually co-administered oral drugs. However, it should be noted that it is common for psoriasis to affect a large part of the body or to have a chronic course, which contraindicates the use of these drugs because of their adverse effects. For this reason it is especially useful to treat it with phototherapy, which consists of the application of ultraviolet radiation of type A and\/or B.<\/p>\n<h2 style=\"text-align: justify;\"><span style=\"color: #75c9d3;\"><strong>Psoriasic arthritis<\/strong><\/span><\/h2>\n<p style=\"text-align: justify;\">It affects between 10-30% of patients with psoriasis. It&#8217;s characterized by chronic inflammation of the joints, with redness, pain and inflammation. It can appear at any time although it usually appears between 30 and 50 years.<\/p>\n<p style=\"text-align: justify;\">It mainly affects the fingers and toes, the wrists, the lumbar spine, the sacrum and knees. It&#8217;s very important to take this disease in time to avoid complications.<\/p>\n","protected":false},"excerpt":{"rendered":"<p>[vc_row][vc_column][vc_row_inner][vc_column_inner][\/vc_column_inner][\/vc_row_inner][\/vc_column][\/vc_row][vc_row][vc_column width=&#8221;3\/4&#8243; css=&#8221;.vc_custom_1473066092346{margin-top: 0px !important;}&#8221;][vc_column_text css=&#8221;.vc_custom_1473066053815{margin-top: 0px !important;}&#8221;] What is psoriasis? Psoriasis is a chronic inflammatory skin disease that causes scaling and inflammation. Appears very variable way between patients and usually goes through periods of stability and outbreaks throughout life. Each person has a specific and unique type of psoriasis, either for the location and [&hellip;]<\/p>\n","protected":false},"author":5,"featured_media":0,"parent":1403,"menu_order":3,"comment_status":"closed","ping_status":"closed","template":"soulmedic\/tpl-feature.php","meta":{"footnotes":""},"class_list":["post-1632","page","type-page","status-publish","hentry"],"yoast_head":"<!-- This site is optimized with the Yoast SEO plugin v19.12 - https:\/\/yoast.com\/wordpress\/plugins\/seo\/ -->\n<title>Psoriasis | Dr. Lopez Gil<\/title>\n<meta name=\"description\" content=\"Psoriasis is a chronic inflammatory skin disease that causes scaling and inflammation. Our dermatologists apply the best treatment.\" \/>\n<meta name=\"robots\" content=\"index, follow, max-snippet:-1, max-image-preview:large, max-video-preview:-1\" \/>\n<link rel=\"canonical\" href=\"https:\/\/www.lopezgil.com\/en\/clinical-dermatology-barcelona\/psoriasis\/\" \/>\n<meta property=\"og:locale\" content=\"en_US\" \/>\n<meta property=\"og:type\" content=\"article\" \/>\n<meta property=\"og:title\" content=\"Psoriasis | Dr. Lopez Gil\" \/>\n<meta property=\"og:description\" content=\"Psoriasis is a chronic inflammatory skin disease that causes scaling and inflammation. Our dermatologists apply the best treatment.\" \/>\n<meta property=\"og:url\" content=\"https:\/\/www.lopezgil.com\/en\/clinical-dermatology-barcelona\/psoriasis\/\" \/>\n<meta property=\"og:site_name\" content=\"Dr. Lopez Gil\" \/>\n<meta property=\"article:modified_time\" content=\"2019-12-05T22:11:39+00:00\" \/>\n<meta property=\"og:image\" content=\"http:\/\/lopezgil.com\/wp-content\/uploads\/psoriasis-dr-lopez-gil-dermatologo-barcelona-300x218.png\" \/>\n<meta name=\"twitter:card\" content=\"summary_large_image\" \/>\n<meta name=\"twitter:label1\" content=\"Est. reading time\" \/>\n\t<meta name=\"twitter:data1\" content=\"5 minutes\" \/>\n<script type=\"application\/ld+json\" class=\"yoast-schema-graph\">{\"@context\":\"https:\/\/schema.org\",\"@graph\":[{\"@type\":\"WebPage\",\"@id\":\"https:\/\/www.lopezgil.com\/en\/clinical-dermatology-barcelona\/psoriasis\/\",\"url\":\"https:\/\/www.lopezgil.com\/en\/clinical-dermatology-barcelona\/psoriasis\/\",\"name\":\"Psoriasis | Dr. Lopez Gil\",\"isPartOf\":{\"@id\":\"https:\/\/www.lopezgil.com\/ca\/#website\"},\"datePublished\":\"2017-04-03T11:42:11+00:00\",\"dateModified\":\"2019-12-05T22:11:39+00:00\",\"description\":\"Psoriasis is a chronic inflammatory skin disease that causes scaling and inflammation. Our dermatologists apply the best treatment.\",\"breadcrumb\":{\"@id\":\"https:\/\/www.lopezgil.com\/en\/clinical-dermatology-barcelona\/psoriasis\/#breadcrumb\"},\"inLanguage\":\"en-US\",\"potentialAction\":[{\"@type\":\"ReadAction\",\"target\":[\"https:\/\/www.lopezgil.com\/en\/clinical-dermatology-barcelona\/psoriasis\/\"]}]},{\"@type\":\"BreadcrumbList\",\"@id\":\"https:\/\/www.lopezgil.com\/en\/clinical-dermatology-barcelona\/psoriasis\/#breadcrumb\",\"itemListElement\":[{\"@type\":\"ListItem\",\"position\":1,\"name\":\"Portada\",\"item\":\"https:\/\/www.lopezgil.com\/en\/\"},{\"@type\":\"ListItem\",\"position\":2,\"name\":\"Clinical dermatology\",\"item\":\"https:\/\/www.lopezgil.com\/en\/clinical-dermatology-barcelona\/\"},{\"@type\":\"ListItem\",\"position\":3,\"name\":\"Psoriasis\"}]},{\"@type\":\"WebSite\",\"@id\":\"https:\/\/www.lopezgil.com\/ca\/#website\",\"url\":\"https:\/\/www.lopezgil.com\/ca\/\",\"name\":\"Dr. Lopez Gil\",\"description\":\"Dermat\u00f3logo Barcelona\",\"potentialAction\":[{\"@type\":\"SearchAction\",\"target\":{\"@type\":\"EntryPoint\",\"urlTemplate\":\"https:\/\/www.lopezgil.com\/ca\/?s={search_term_string}\"},\"query-input\":\"required name=search_term_string\"}],\"inLanguage\":\"en-US\"}]}<\/script>\n<!-- \/ Yoast SEO plugin. -->","yoast_head_json":{"title":"Psoriasis | Dr. Lopez Gil","description":"Psoriasis is a chronic inflammatory skin disease that causes scaling and inflammation. Our dermatologists apply the best treatment.","robots":{"index":"index","follow":"follow","max-snippet":"max-snippet:-1","max-image-preview":"max-image-preview:large","max-video-preview":"max-video-preview:-1"},"canonical":"https:\/\/www.lopezgil.com\/en\/clinical-dermatology-barcelona\/psoriasis\/","og_locale":"en_US","og_type":"article","og_title":"Psoriasis | Dr. Lopez Gil","og_description":"Psoriasis is a chronic inflammatory skin disease that causes scaling and inflammation. Our dermatologists apply the best treatment.","og_url":"https:\/\/www.lopezgil.com\/en\/clinical-dermatology-barcelona\/psoriasis\/","og_site_name":"Dr. Lopez Gil","article_modified_time":"2019-12-05T22:11:39+00:00","og_image":[{"url":"http:\/\/lopezgil.com\/wp-content\/uploads\/psoriasis-dr-lopez-gil-dermatologo-barcelona-300x218.png"}],"twitter_card":"summary_large_image","twitter_misc":{"Est. reading time":"5 minutes"},"schema":{"@context":"https:\/\/schema.org","@graph":[{"@type":"WebPage","@id":"https:\/\/www.lopezgil.com\/en\/clinical-dermatology-barcelona\/psoriasis\/","url":"https:\/\/www.lopezgil.com\/en\/clinical-dermatology-barcelona\/psoriasis\/","name":"Psoriasis | Dr. Lopez Gil","isPartOf":{"@id":"https:\/\/www.lopezgil.com\/ca\/#website"},"datePublished":"2017-04-03T11:42:11+00:00","dateModified":"2019-12-05T22:11:39+00:00","description":"Psoriasis is a chronic inflammatory skin disease that causes scaling and inflammation. Our dermatologists apply the best treatment.","breadcrumb":{"@id":"https:\/\/www.lopezgil.com\/en\/clinical-dermatology-barcelona\/psoriasis\/#breadcrumb"},"inLanguage":"en-US","potentialAction":[{"@type":"ReadAction","target":["https:\/\/www.lopezgil.com\/en\/clinical-dermatology-barcelona\/psoriasis\/"]}]},{"@type":"BreadcrumbList","@id":"https:\/\/www.lopezgil.com\/en\/clinical-dermatology-barcelona\/psoriasis\/#breadcrumb","itemListElement":[{"@type":"ListItem","position":1,"name":"Portada","item":"https:\/\/www.lopezgil.com\/en\/"},{"@type":"ListItem","position":2,"name":"Clinical dermatology","item":"https:\/\/www.lopezgil.com\/en\/clinical-dermatology-barcelona\/"},{"@type":"ListItem","position":3,"name":"Psoriasis"}]},{"@type":"WebSite","@id":"https:\/\/www.lopezgil.com\/ca\/#website","url":"https:\/\/www.lopezgil.com\/ca\/","name":"Dr. Lopez Gil","description":"Dermat\u00f3logo Barcelona","potentialAction":[{"@type":"SearchAction","target":{"@type":"EntryPoint","urlTemplate":"https:\/\/www.lopezgil.com\/ca\/?s={search_term_string}"},"query-input":"required name=search_term_string"}],"inLanguage":"en-US"}]}},"_links":{"self":[{"href":"https:\/\/www.lopezgil.com\/en\/wp-json\/wp\/v2\/pages\/1632","targetHints":{"allow":["GET"]}}],"collection":[{"href":"https:\/\/www.lopezgil.com\/en\/wp-json\/wp\/v2\/pages"}],"about":[{"href":"https:\/\/www.lopezgil.com\/en\/wp-json\/wp\/v2\/types\/page"}],"author":[{"embeddable":true,"href":"https:\/\/www.lopezgil.com\/en\/wp-json\/wp\/v2\/users\/5"}],"replies":[{"embeddable":true,"href":"https:\/\/www.lopezgil.com\/en\/wp-json\/wp\/v2\/comments?post=1632"}],"version-history":[{"count":3,"href":"https:\/\/www.lopezgil.com\/en\/wp-json\/wp\/v2\/pages\/1632\/revisions"}],"predecessor-version":[{"id":4778,"href":"https:\/\/www.lopezgil.com\/en\/wp-json\/wp\/v2\/pages\/1632\/revisions\/4778"}],"up":[{"embeddable":true,"href":"https:\/\/www.lopezgil.com\/en\/wp-json\/wp\/v2\/pages\/1403"}],"wp:attachment":[{"href":"https:\/\/www.lopezgil.com\/en\/wp-json\/wp\/v2\/media?parent=1632"}],"curies":[{"name":"wp","href":"https:\/\/api.w.org\/{rel}","templated":true}]}}