{"id":2747,"date":"2016-07-18T10:24:56","date_gmt":"2016-07-18T10:24:56","guid":{"rendered":"http:\/\/lopezgil.com\/enconstruccion\/tractaments\/rejoveniment-o-antiaging\/botox-toxina-botulinica-barcelona\/"},"modified":"2019-12-10T12:31:32","modified_gmt":"2019-12-10T12:31:32","slug":"botox-infiltracions-toxina-botulinica-barcelona","status":"publish","type":"page","link":"https:\/\/www.lopezgil.com\/ca\/tractaments\/rejoveniment-o-antiaging\/botox-infiltracions-toxina-botulinica-barcelona\/","title":{"rendered":"Infiltracions b\u00f3tox toxina botul\u00ednica"},"content":{"rendered":"<div id=\"fb-root\"><\/div>\n<p style=\"text-align: justify;\">[vc_row][vc_column][vc_row_inner][vc_column_inner]<script type=\"text\/javascript\">jQuery(function() { _initLayerSlider( '#layerslider_87_1gs62cyo06jqa', {sliderVersion: '', responsiveUnder: 0, layersContainer: 0, hideUnder: 0, hideOver: 100000, pauseOnHover: 1, skin: 'v5', sliderFadeInDuration: 350, useSrcset: true, skinsPath: 'https:\/\/www.lopezgil.com\/wp-content\/plugins\/LayerSlider\/assets\/static\/layerslider\/skins\/', type: 'responsive', showCircleTimer: false, performanceMode: true}); });<\/script><div id=\"layerslider_87_1gs62cyo06jqa\" class=\"ls-wp-container fitvidsignore\" style=\"width:600px;height:200px;margin:0 auto;margin-bottom: 0px;\"><div class=\"ls-slide\" data-ls=\"duration:4000;\"><img loading=\"lazy\" decoding=\"async\" width=\"600\" height=\"200\" src=\"https:\/\/www.lopezgil.com\/wp-content\/uploads\/drlopezgil-dermatologia-barcelona-600x200-toxina-botulinica-botox-infiltraciones-rejuvenecimiento-tratamientos-estetica.jpg\" class=\"ls-bg\" alt=\"dr-lopez-gil-dermatologia-barcelona-toxina-botulinica-botox-infiltraciones-rejuvenecimiento-tratamientos-estetica-clinica-dermatologo\" srcset=\"https:\/\/www.lopezgil.com\/wp-content\/uploads\/drlopezgil-dermatologia-barcelona-600x200-toxina-botulinica-botox-infiltraciones-rejuvenecimiento-tratamientos-estetica.jpg 600w, https:\/\/www.lopezgil.com\/wp-content\/uploads\/drlopezgil-dermatologia-barcelona-600x200-toxina-botulinica-botox-infiltraciones-rejuvenecimiento-tratamientos-estetica-300x100.jpg 300w\" sizes=\"auto, (max-width: 600px) 100vw, 600px\" \/><\/div><\/div>[\/vc_column_inner][\/vc_row_inner][\/vc_column][\/vc_row][vc_row][vc_column width=&#8221;3\/4&#8243; css=&#8221;.vc_custom_1473066092346{margin-top: 0px !important;}&#8221;][vc_column_text css=&#8221;.vc_custom_1473066053815{margin-top: 0px !important;}&#8221;]\n<p style=\"text-align: justify;\">El tractament amb toxina botul\u00ednica ajuda a eliminar les arrugues din\u00e0miques i l\u00ednies d\u2019expressi\u00f3 de la meitat superior de la cara, rejovenint el rostre del\/la pacient sense perdre la naturalitat ni expressivitat facial al relaxar els m\u00fasculs tractats.<\/p>\n<h2 style=\"text-align: justify;\"><span style=\"color: #75c9d3;\"><strong>Tractaments<\/strong><\/span><\/h2>\n<p style=\"text-align: justify;\">La toxina botul\u00ednica \u00e9s una prote\u00efna natural purificada que te la finalitat d\u2019aconseguir la relaxaci\u00f3 temporal dels m\u00fasculs facials tractats amb l\u2019objectiu d\u2019aconseguir una pell llisa i ter\u00e7a i que continu\u00ef expressant emocions.<\/p>\n<p style=\"text-align: justify;\">Les zones que acostumen tractar s\u00f3n les seg\u00fcents:<\/p>\n<ul style=\"text-align: justify;\">\n<li>Arrugues entrecella<\/li>\n<li>Arrugues front<\/li>\n<li>Arrugues llavis i descens de comissures bocals<\/li>\n<li>Arrugues peribucals<\/li>\n<li>Arrugues periorbiculars<\/li>\n<li>Bandes verticals del coll<\/li>\n<\/ul>\n<p style=\"text-align: justify;\">\u00c9s un procediment que no requereix anest\u00e8sia i \u00e9s molt segur ja que s\u2019utilitza en petites quantitats. Nom\u00e9s afecta al m\u00fascul tractat, pel que la resta de la musculatura no es veu alterada. Despr\u00e8s del procediment pot apar\u00e8ixer un discret envermelliment en les zones tractades.<\/p>\n<p style=\"text-align: justify;\">No \u00e9s un tractament d\u2019efecte instantani, ja que es comen\u00e7a a apreciar a partir del tercer dia i tot s\u2019harmonitza a partir de la setmana. Als 15 dies del tractament, sempre es realitza una segona sessi\u00f3 per retocar les petites imperfeccions que poden sorgir o igualar m\u00ednimes asimetries.<\/p>\n<p style=\"text-align: justify;\">Els efectes acostumen a durar uns 6 mesos aproximadament, depenent de la mobilitat dels m\u00fasculs tractats i s\u00f3n reversibles.<\/p>\n<h2 style=\"text-align: justify;\"><span style=\"color: #75c9d3;\"><strong>Recomanacions post-tractament<\/strong><\/span><\/h2>\n<ul>\n<li style=\"text-align: justify;\">Fer massatges en la zona tractada les seg\u00fcents 24 hores<\/li>\n<li style=\"text-align: justify;\">Anar a la piscina o sauna<\/li>\n<li style=\"text-align: justify;\">Estirar-se panxa avall<\/li>\n<li style=\"text-align: justify;\">Realitzar activitat f\u00edsica que impliquin moviments del cap a baix<\/li>\n<\/ul>\n<p><span class=\"s1\">M\u00e9s informaci\u00f3\u00a0<a href=\"https:\/\/www.lopezgil.com\/ca\/dermatologia-estetica-barcelona\/arrugues-linies-expressio-eleminar-arrugas-lineas-expresion\/\">aqu\u00ed<\/a><\/span><\/p>\n","protected":false},"excerpt":{"rendered":"<p>[vc_row][vc_column][vc_row_inner][vc_column_inner][\/vc_column_inner][\/vc_row_inner][\/vc_column][\/vc_row][vc_row][vc_column width=&#8221;3\/4&#8243; css=&#8221;.vc_custom_1473066092346{margin-top: 0px !important;}&#8221;][vc_column_text css=&#8221;.vc_custom_1473066053815{margin-top: 0px !important;}&#8221;] El tractament amb toxina botul\u00ednica ajuda a eliminar les arrugues din\u00e0miques i l\u00ednies d\u2019expressi\u00f3 de la meitat superior de la cara, rejovenint el rostre del\/la pacient sense perdre la naturalitat ni expressivitat facial al relaxar els m\u00fasculs tractats. Tractaments La toxina botul\u00ednica \u00e9s una prote\u00efna natural purificada [&hellip;]<\/p>\n","protected":false},"author":5,"featured_media":0,"parent":2735,"menu_order":0,"comment_status":"closed","ping_status":"closed","template":"soulmedic\/tpl-feature.php","meta":{"footnotes":""},"class_list":["post-2747","page","type-page","status-publish","hentry"],"yoast_head":"<!-- This site is optimized with the Yoast SEO plugin v19.12 - https:\/\/yoast.com\/wordpress\/plugins\/seo\/ -->\n<title>Infiltracions b\u00f3tox toxina botul\u00ednica | Dr. Lopez Gil | Cl\u00ednica Est\u00e8tica<\/title>\n<meta name=\"description\" content=\"Redueix les teves arrugues amb infiltracions de b\u00f3tox o toxina botul\u00ednica. Cl\u00ednica est\u00e8tica dermatol\u00f2gica amb la tecnologia m\u00e9s avan\u00e7ada. Teknon, Barcelona.\" \/>\n<meta name=\"robots\" content=\"index, follow, max-snippet:-1, max-image-preview:large, max-video-preview:-1\" \/>\n<link rel=\"canonical\" href=\"https:\/\/www.lopezgil.com\/ca\/tractaments\/rejoveniment-o-antiaging\/botox-infiltracions-toxina-botulinica-barcelona\/\" \/>\n<meta property=\"og:locale\" content=\"ca_ES\" \/>\n<meta property=\"og:type\" content=\"article\" \/>\n<meta property=\"og:title\" content=\"Infiltracions b\u00f3tox toxina botul\u00ednica | Dr. Lopez Gil | Cl\u00ednica Est\u00e8tica\" \/>\n<meta property=\"og:description\" content=\"Redueix les teves arrugues amb infiltracions de b\u00f3tox o toxina botul\u00ednica. Cl\u00ednica est\u00e8tica dermatol\u00f2gica amb la tecnologia m\u00e9s avan\u00e7ada. Teknon, Barcelona.\" \/>\n<meta property=\"og:url\" content=\"https:\/\/www.lopezgil.com\/ca\/tractaments\/rejoveniment-o-antiaging\/botox-infiltracions-toxina-botulinica-barcelona\/\" \/>\n<meta property=\"og:site_name\" content=\"Dr. Lopez Gil\" \/>\n<meta property=\"article:modified_time\" content=\"2019-12-10T12:31:32+00:00\" \/>\n<meta name=\"twitter:card\" content=\"summary_large_image\" \/>\n<meta name=\"twitter:label1\" content=\"Est. reading time\" \/>\n\t<meta name=\"twitter:data1\" content=\"2 minutes\" \/>\n<script type=\"application\/ld+json\" class=\"yoast-schema-graph\">{\"@context\":\"https:\/\/schema.org\",\"@graph\":[{\"@type\":\"WebPage\",\"@id\":\"https:\/\/www.lopezgil.com\/ca\/tractaments\/rejoveniment-o-antiaging\/botox-infiltracions-toxina-botulinica-barcelona\/\",\"url\":\"https:\/\/www.lopezgil.com\/ca\/tractaments\/rejoveniment-o-antiaging\/botox-infiltracions-toxina-botulinica-barcelona\/\",\"name\":\"Infiltracions b\u00f3tox toxina botul\u00ednica | Dr. Lopez Gil | Cl\u00ednica Est\u00e8tica\",\"isPartOf\":{\"@id\":\"https:\/\/www.lopezgil.com\/ca\/#website\"},\"datePublished\":\"2016-07-18T10:24:56+00:00\",\"dateModified\":\"2019-12-10T12:31:32+00:00\",\"description\":\"Redueix les teves arrugues amb infiltracions de b\u00f3tox o toxina botul\u00ednica. Cl\u00ednica est\u00e8tica dermatol\u00f2gica amb la tecnologia m\u00e9s avan\u00e7ada. Teknon, Barcelona.\",\"breadcrumb\":{\"@id\":\"https:\/\/www.lopezgil.com\/ca\/tractaments\/rejoveniment-o-antiaging\/botox-infiltracions-toxina-botulinica-barcelona\/#breadcrumb\"},\"inLanguage\":\"ca\",\"potentialAction\":[{\"@type\":\"ReadAction\",\"target\":[\"https:\/\/www.lopezgil.com\/ca\/tractaments\/rejoveniment-o-antiaging\/botox-infiltracions-toxina-botulinica-barcelona\/\"]}]},{\"@type\":\"BreadcrumbList\",\"@id\":\"https:\/\/www.lopezgil.com\/ca\/tractaments\/rejoveniment-o-antiaging\/botox-infiltracions-toxina-botulinica-barcelona\/#breadcrumb\",\"itemListElement\":[{\"@type\":\"ListItem\",\"position\":1,\"name\":\"Portada\",\"item\":\"https:\/\/www.lopezgil.com\/ca\/\"},{\"@type\":\"ListItem\",\"position\":2,\"name\":\"Tractaments\",\"item\":\"https:\/\/www.lopezgil.com\/ca\/tractaments\/\"},{\"@type\":\"ListItem\",\"position\":3,\"name\":\"Rejoveniment o antiaging\",\"item\":\"https:\/\/www.lopezgil.com\/ca\/tractaments\/rejoveniment-o-antiaging\/\"},{\"@type\":\"ListItem\",\"position\":4,\"name\":\"Infiltracions b\u00f3tox toxina botul\u00ednica\"}]},{\"@type\":\"WebSite\",\"@id\":\"https:\/\/www.lopezgil.com\/ca\/#website\",\"url\":\"https:\/\/www.lopezgil.com\/ca\/\",\"name\":\"Dr. Lopez Gil\",\"description\":\"Dermat\u00f3logo Barcelona\",\"potentialAction\":[{\"@type\":\"SearchAction\",\"target\":{\"@type\":\"EntryPoint\",\"urlTemplate\":\"https:\/\/www.lopezgil.com\/ca\/?s={search_term_string}\"},\"query-input\":\"required name=search_term_string\"}],\"inLanguage\":\"ca\"}]}<\/script>\n<!-- \/ Yoast SEO plugin. -->","yoast_head_json":{"title":"Infiltracions b\u00f3tox toxina botul\u00ednica | Dr. Lopez Gil | Cl\u00ednica Est\u00e8tica","description":"Redueix les teves arrugues amb infiltracions de b\u00f3tox o toxina botul\u00ednica. Cl\u00ednica est\u00e8tica dermatol\u00f2gica amb la tecnologia m\u00e9s avan\u00e7ada. Teknon, Barcelona.","robots":{"index":"index","follow":"follow","max-snippet":"max-snippet:-1","max-image-preview":"max-image-preview:large","max-video-preview":"max-video-preview:-1"},"canonical":"https:\/\/www.lopezgil.com\/ca\/tractaments\/rejoveniment-o-antiaging\/botox-infiltracions-toxina-botulinica-barcelona\/","og_locale":"ca_ES","og_type":"article","og_title":"Infiltracions b\u00f3tox toxina botul\u00ednica | Dr. Lopez Gil | Cl\u00ednica Est\u00e8tica","og_description":"Redueix les teves arrugues amb infiltracions de b\u00f3tox o toxina botul\u00ednica. Cl\u00ednica est\u00e8tica dermatol\u00f2gica amb la tecnologia m\u00e9s avan\u00e7ada. Teknon, Barcelona.","og_url":"https:\/\/www.lopezgil.com\/ca\/tractaments\/rejoveniment-o-antiaging\/botox-infiltracions-toxina-botulinica-barcelona\/","og_site_name":"Dr. Lopez Gil","article_modified_time":"2019-12-10T12:31:32+00:00","twitter_card":"summary_large_image","twitter_misc":{"Est. reading time":"2 minutes"},"schema":{"@context":"https:\/\/schema.org","@graph":[{"@type":"WebPage","@id":"https:\/\/www.lopezgil.com\/ca\/tractaments\/rejoveniment-o-antiaging\/botox-infiltracions-toxina-botulinica-barcelona\/","url":"https:\/\/www.lopezgil.com\/ca\/tractaments\/rejoveniment-o-antiaging\/botox-infiltracions-toxina-botulinica-barcelona\/","name":"Infiltracions b\u00f3tox toxina botul\u00ednica | Dr. Lopez Gil | Cl\u00ednica Est\u00e8tica","isPartOf":{"@id":"https:\/\/www.lopezgil.com\/ca\/#website"},"datePublished":"2016-07-18T10:24:56+00:00","dateModified":"2019-12-10T12:31:32+00:00","description":"Redueix les teves arrugues amb infiltracions de b\u00f3tox o toxina botul\u00ednica. Cl\u00ednica est\u00e8tica dermatol\u00f2gica amb la tecnologia m\u00e9s avan\u00e7ada. Teknon, Barcelona.","breadcrumb":{"@id":"https:\/\/www.lopezgil.com\/ca\/tractaments\/rejoveniment-o-antiaging\/botox-infiltracions-toxina-botulinica-barcelona\/#breadcrumb"},"inLanguage":"ca","potentialAction":[{"@type":"ReadAction","target":["https:\/\/www.lopezgil.com\/ca\/tractaments\/rejoveniment-o-antiaging\/botox-infiltracions-toxina-botulinica-barcelona\/"]}]},{"@type":"BreadcrumbList","@id":"https:\/\/www.lopezgil.com\/ca\/tractaments\/rejoveniment-o-antiaging\/botox-infiltracions-toxina-botulinica-barcelona\/#breadcrumb","itemListElement":[{"@type":"ListItem","position":1,"name":"Portada","item":"https:\/\/www.lopezgil.com\/ca\/"},{"@type":"ListItem","position":2,"name":"Tractaments","item":"https:\/\/www.lopezgil.com\/ca\/tractaments\/"},{"@type":"ListItem","position":3,"name":"Rejoveniment o antiaging","item":"https:\/\/www.lopezgil.com\/ca\/tractaments\/rejoveniment-o-antiaging\/"},{"@type":"ListItem","position":4,"name":"Infiltracions b\u00f3tox toxina botul\u00ednica"}]},{"@type":"WebSite","@id":"https:\/\/www.lopezgil.com\/ca\/#website","url":"https:\/\/www.lopezgil.com\/ca\/","name":"Dr. Lopez Gil","description":"Dermat\u00f3logo Barcelona","potentialAction":[{"@type":"SearchAction","target":{"@type":"EntryPoint","urlTemplate":"https:\/\/www.lopezgil.com\/ca\/?s={search_term_string}"},"query-input":"required name=search_term_string"}],"inLanguage":"ca"}]}},"_links":{"self":[{"href":"https:\/\/www.lopezgil.com\/ca\/wp-json\/wp\/v2\/pages\/2747","targetHints":{"allow":["GET"]}}],"collection":[{"href":"https:\/\/www.lopezgil.com\/ca\/wp-json\/wp\/v2\/pages"}],"about":[{"href":"https:\/\/www.lopezgil.com\/ca\/wp-json\/wp\/v2\/types\/page"}],"author":[{"embeddable":true,"href":"https:\/\/www.lopezgil.com\/ca\/wp-json\/wp\/v2\/users\/5"}],"replies":[{"embeddable":true,"href":"https:\/\/www.lopezgil.com\/ca\/wp-json\/wp\/v2\/comments?post=2747"}],"version-history":[{"count":4,"href":"https:\/\/www.lopezgil.com\/ca\/wp-json\/wp\/v2\/pages\/2747\/revisions"}],"predecessor-version":[{"id":4989,"href":"https:\/\/www.lopezgil.com\/ca\/wp-json\/wp\/v2\/pages\/2747\/revisions\/4989"}],"up":[{"embeddable":true,"href":"https:\/\/www.lopezgil.com\/ca\/wp-json\/wp\/v2\/pages\/2735"}],"wp:attachment":[{"href":"https:\/\/www.lopezgil.com\/ca\/wp-json\/wp\/v2\/media?parent=2747"}],"curies":[{"name":"wp","href":"https:\/\/api.w.org\/{rel}","templated":true}]}}