{"id":2730,"date":"2016-07-18T10:24:20","date_gmt":"2016-07-18T10:24:20","guid":{"rendered":"http:\/\/lopezgil.com\/enconstruccion\/prp-plasma-rico-plaquetas-barcelona\/"},"modified":"2019-12-10T11:51:35","modified_gmt":"2019-12-10T11:51:35","slug":"plasma-ric-en-plaquetas-prp-barcelona","status":"publish","type":"page","link":"https:\/\/www.lopezgil.com\/ca\/tractaments\/rejoveniment-o-antiaging\/plasma-ric-en-plaquetas-prp-barcelona\/","title":{"rendered":"Plasma ric en plaquetas o PRP"},"content":{"rendered":"<div id=\"fb-root\"><\/div>\n<p style=\"text-align: justify;\">[vc_row][vc_column][vc_row_inner][vc_column_inner]<script type=\"text\/javascript\">jQuery(function() { _initLayerSlider( '#layerslider_91_vqoro5eqb9yj', {sliderVersion: '', responsiveUnder: 0, layersContainer: 0, hideUnder: 0, hideOver: 100000, pauseOnHover: 1, skin: 'v5', sliderFadeInDuration: 350, useSrcset: true, skinsPath: 'https:\/\/www.lopezgil.com\/wp-content\/plugins\/LayerSlider\/assets\/static\/layerslider\/skins\/', type: 'responsive', showCircleTimer: false, performanceMode: true}); });<\/script><div id=\"layerslider_91_vqoro5eqb9yj\" class=\"ls-wp-container fitvidsignore\" style=\"width:600px;height:200px;margin:0 auto;margin-bottom: 0px;\"><div class=\"ls-slide\" data-ls=\"duration:4000;\"><img loading=\"lazy\" decoding=\"async\" width=\"600\" height=\"200\" src=\"https:\/\/www.lopezgil.com\/wp-content\/uploads\/drlopezgil-dermatologia-barcelona-600x200-prp-plasma-rico-plaquetas-infiltraciones-rejuvenecimiento-tratamientos-estetica.jpg\" class=\"ls-bg\" alt=\"dr-lopez-gil-dermatologia-barcelona-600x200-prp-plasma-rico-plaquetas-infiltraciones-rejuvenecimiento-tratamientos-estetica-clinica\" srcset=\"https:\/\/www.lopezgil.com\/wp-content\/uploads\/drlopezgil-dermatologia-barcelona-600x200-prp-plasma-rico-plaquetas-infiltraciones-rejuvenecimiento-tratamientos-estetica.jpg 600w, https:\/\/www.lopezgil.com\/wp-content\/uploads\/drlopezgil-dermatologia-barcelona-600x200-prp-plasma-rico-plaquetas-infiltraciones-rejuvenecimiento-tratamientos-estetica-300x100.jpg 300w\" sizes=\"auto, (max-width: 600px) 100vw, 600px\" \/><\/div><\/div>[\/vc_column_inner][\/vc_row_inner][\/vc_column][\/vc_row][vc_row][vc_column width=&#8221;3\/4&#8243; css=&#8221;.vc_custom_1473066092346{margin-top: 0px !important;}&#8221;][vc_column_text css=&#8221;.vc_custom_1473066053815{margin-top: 0px !important;}&#8221;]\n<p style=\"text-align: justify;\">Hi ha molts pacients amb pells molt sensibles i reactives, o be han patit una llarga convalesc\u00e8ncia o volen millorar l\u2019aspecte de la seva pell sense utilitzar productes sint\u00e8tics que ens pregunten quina opci\u00f3 tenen. En aquests casos, nosaltres recomanem el plasma ric en plaquetes o PRP.<\/p>\n<p style=\"text-align: justify;\">\u00c9s un tractament natural i fisiol\u00f2gic que utilitza les prote\u00efnes del nostre organisme per prevenir l\u2019envelliment cutani a la vegada que millora l\u2019aspecte de la pell, augmenta la seva fermesa i lluminositat i millora l\u2019elasticitat cut\u00e0nia. Tamb\u00e9 s\u2019empra per eliminar o millorar les lesions d\u2019acne o cicatrius facials. Al ser un producte obtingut del propi pacient, no hi ha cap risc d\u2019al\u00b7l\u00e8rgies ni intoler\u00e0ncies.<\/p>\n<h2 style=\"text-align: justify;\"><span style=\"color: #75c9d3;\"><strong>Tractaments<\/strong><\/span><\/h2>\n<p style=\"text-align: justify;\">Consisteix en extreure sang del propi pacient, centrifugar-la, activar-la i obtenir el plasma ric en plaquetes. Una vegada obtingut, s\u2019infiltra a trav\u00e9s de microinjeccions en la cara, aconseguint un efecte reparador de la pell.<\/p>\n<p style=\"text-align: justify;\">El plasma enriquit, al ser un estimulador de la producci\u00f3 de col\u00b7lagen, elastina i teixit epid\u00e8rmic, els efectes apareixen amb el pas dels dies i l\u2019efecte m\u00e0xim \u00e9s als 20-30 dies despr\u00e8s del tractament. S\u2019aconsella realitzar entre 2 i 3 sessions per aconseguir els resultats esperats i despr\u00e8s ja realitzar una sessi\u00f3 de manteniment a l\u2019any.<\/p>\n<p style=\"text-align: justify;\">En els dies posteriors, recomanem aplicar \u00e0rnica per evitar petits hematomes en les zones de la injecci\u00f3 i evitar l\u2019exposici\u00f3 directa al sol.<\/p>\n","protected":false},"excerpt":{"rendered":"<p>[vc_row][vc_column][vc_row_inner][vc_column_inner][\/vc_column_inner][\/vc_row_inner][\/vc_column][\/vc_row][vc_row][vc_column width=&#8221;3\/4&#8243; css=&#8221;.vc_custom_1473066092346{margin-top: 0px !important;}&#8221;][vc_column_text css=&#8221;.vc_custom_1473066053815{margin-top: 0px !important;}&#8221;] Hi ha molts pacients amb pells molt sensibles i reactives, o be han patit una llarga convalesc\u00e8ncia o volen millorar l\u2019aspecte de la seva pell sense utilitzar productes sint\u00e8tics que ens pregunten quina opci\u00f3 tenen. En aquests casos, nosaltres recomanem el plasma ric en plaquetes o PRP. [&hellip;]<\/p>\n","protected":false},"author":5,"featured_media":0,"parent":2735,"menu_order":0,"comment_status":"closed","ping_status":"closed","template":"soulmedic\/tpl-feature.php","meta":{"footnotes":""},"class_list":["post-2730","page","type-page","status-publish","hentry"],"yoast_head":"<!-- This site is optimized with the Yoast SEO plugin v19.12 - https:\/\/yoast.com\/wordpress\/plugins\/seo\/ -->\n<title>Plasma ric en plaquetas o PRP | Dr. Lopez Gil | Cl\u00ednica Est\u00e9tica Barcelona<\/title>\n<meta name=\"description\" content=\"Plasma ric en plaquetes o PRP, redueix les teves arrugues. Resultats des de la primera sessi\u00f3. El teu cl\u00ednica d&#039;antienvelliment facial a Barcelona.\" \/>\n<meta name=\"robots\" content=\"index, follow, max-snippet:-1, max-image-preview:large, max-video-preview:-1\" \/>\n<link rel=\"canonical\" href=\"https:\/\/www.lopezgil.com\/ca\/tractaments\/rejoveniment-o-antiaging\/plasma-ric-en-plaquetas-prp-barcelona\/\" \/>\n<meta property=\"og:locale\" content=\"ca_ES\" \/>\n<meta property=\"og:type\" content=\"article\" \/>\n<meta property=\"og:title\" content=\"Plasma ric en plaquetas o PRP | Dr. Lopez Gil | Cl\u00ednica Est\u00e9tica Barcelona\" \/>\n<meta property=\"og:description\" content=\"Plasma ric en plaquetes o PRP, redueix les teves arrugues. Resultats des de la primera sessi\u00f3. El teu cl\u00ednica d&#039;antienvelliment facial a Barcelona.\" \/>\n<meta property=\"og:url\" content=\"https:\/\/www.lopezgil.com\/ca\/tractaments\/rejoveniment-o-antiaging\/plasma-ric-en-plaquetas-prp-barcelona\/\" \/>\n<meta property=\"og:site_name\" content=\"Dr. Lopez Gil\" \/>\n<meta property=\"article:modified_time\" content=\"2019-12-10T11:51:35+00:00\" \/>\n<meta name=\"twitter:card\" content=\"summary_large_image\" \/>\n<meta name=\"twitter:label1\" content=\"Est. reading time\" \/>\n\t<meta name=\"twitter:data1\" content=\"1 minute\" \/>\n<script type=\"application\/ld+json\" class=\"yoast-schema-graph\">{\"@context\":\"https:\/\/schema.org\",\"@graph\":[{\"@type\":\"WebPage\",\"@id\":\"https:\/\/www.lopezgil.com\/ca\/tractaments\/rejoveniment-o-antiaging\/plasma-ric-en-plaquetas-prp-barcelona\/\",\"url\":\"https:\/\/www.lopezgil.com\/ca\/tractaments\/rejoveniment-o-antiaging\/plasma-ric-en-plaquetas-prp-barcelona\/\",\"name\":\"Plasma ric en plaquetas o PRP | Dr. Lopez Gil | Cl\u00ednica Est\u00e9tica Barcelona\",\"isPartOf\":{\"@id\":\"https:\/\/www.lopezgil.com\/ca\/#website\"},\"datePublished\":\"2016-07-18T10:24:20+00:00\",\"dateModified\":\"2019-12-10T11:51:35+00:00\",\"description\":\"Plasma ric en plaquetes o PRP, redueix les teves arrugues. Resultats des de la primera sessi\u00f3. El teu cl\u00ednica d'antienvelliment facial a Barcelona.\",\"breadcrumb\":{\"@id\":\"https:\/\/www.lopezgil.com\/ca\/tractaments\/rejoveniment-o-antiaging\/plasma-ric-en-plaquetas-prp-barcelona\/#breadcrumb\"},\"inLanguage\":\"ca\",\"potentialAction\":[{\"@type\":\"ReadAction\",\"target\":[\"https:\/\/www.lopezgil.com\/ca\/tractaments\/rejoveniment-o-antiaging\/plasma-ric-en-plaquetas-prp-barcelona\/\"]}]},{\"@type\":\"BreadcrumbList\",\"@id\":\"https:\/\/www.lopezgil.com\/ca\/tractaments\/rejoveniment-o-antiaging\/plasma-ric-en-plaquetas-prp-barcelona\/#breadcrumb\",\"itemListElement\":[{\"@type\":\"ListItem\",\"position\":1,\"name\":\"Portada\",\"item\":\"https:\/\/www.lopezgil.com\/ca\/\"},{\"@type\":\"ListItem\",\"position\":2,\"name\":\"Tractaments\",\"item\":\"https:\/\/www.lopezgil.com\/ca\/tractaments\/\"},{\"@type\":\"ListItem\",\"position\":3,\"name\":\"Rejoveniment o antiaging\",\"item\":\"https:\/\/www.lopezgil.com\/ca\/tractaments\/rejoveniment-o-antiaging\/\"},{\"@type\":\"ListItem\",\"position\":4,\"name\":\"Plasma ric en plaquetas o PRP\"}]},{\"@type\":\"WebSite\",\"@id\":\"https:\/\/www.lopezgil.com\/ca\/#website\",\"url\":\"https:\/\/www.lopezgil.com\/ca\/\",\"name\":\"Dr. Lopez Gil\",\"description\":\"Dermat\u00f3logo Barcelona\",\"potentialAction\":[{\"@type\":\"SearchAction\",\"target\":{\"@type\":\"EntryPoint\",\"urlTemplate\":\"https:\/\/www.lopezgil.com\/ca\/?s={search_term_string}\"},\"query-input\":\"required name=search_term_string\"}],\"inLanguage\":\"ca\"}]}<\/script>\n<!-- \/ Yoast SEO plugin. -->","yoast_head_json":{"title":"Plasma ric en plaquetas o PRP | Dr. Lopez Gil | Cl\u00ednica Est\u00e9tica Barcelona","description":"Plasma ric en plaquetes o PRP, redueix les teves arrugues. Resultats des de la primera sessi\u00f3. El teu cl\u00ednica d'antienvelliment facial a Barcelona.","robots":{"index":"index","follow":"follow","max-snippet":"max-snippet:-1","max-image-preview":"max-image-preview:large","max-video-preview":"max-video-preview:-1"},"canonical":"https:\/\/www.lopezgil.com\/ca\/tractaments\/rejoveniment-o-antiaging\/plasma-ric-en-plaquetas-prp-barcelona\/","og_locale":"ca_ES","og_type":"article","og_title":"Plasma ric en plaquetas o PRP | Dr. Lopez Gil | Cl\u00ednica Est\u00e9tica Barcelona","og_description":"Plasma ric en plaquetes o PRP, redueix les teves arrugues. Resultats des de la primera sessi\u00f3. El teu cl\u00ednica d'antienvelliment facial a Barcelona.","og_url":"https:\/\/www.lopezgil.com\/ca\/tractaments\/rejoveniment-o-antiaging\/plasma-ric-en-plaquetas-prp-barcelona\/","og_site_name":"Dr. Lopez Gil","article_modified_time":"2019-12-10T11:51:35+00:00","twitter_card":"summary_large_image","twitter_misc":{"Est. reading time":"1 minute"},"schema":{"@context":"https:\/\/schema.org","@graph":[{"@type":"WebPage","@id":"https:\/\/www.lopezgil.com\/ca\/tractaments\/rejoveniment-o-antiaging\/plasma-ric-en-plaquetas-prp-barcelona\/","url":"https:\/\/www.lopezgil.com\/ca\/tractaments\/rejoveniment-o-antiaging\/plasma-ric-en-plaquetas-prp-barcelona\/","name":"Plasma ric en plaquetas o PRP | Dr. Lopez Gil | Cl\u00ednica Est\u00e9tica Barcelona","isPartOf":{"@id":"https:\/\/www.lopezgil.com\/ca\/#website"},"datePublished":"2016-07-18T10:24:20+00:00","dateModified":"2019-12-10T11:51:35+00:00","description":"Plasma ric en plaquetes o PRP, redueix les teves arrugues. Resultats des de la primera sessi\u00f3. El teu cl\u00ednica d'antienvelliment facial a Barcelona.","breadcrumb":{"@id":"https:\/\/www.lopezgil.com\/ca\/tractaments\/rejoveniment-o-antiaging\/plasma-ric-en-plaquetas-prp-barcelona\/#breadcrumb"},"inLanguage":"ca","potentialAction":[{"@type":"ReadAction","target":["https:\/\/www.lopezgil.com\/ca\/tractaments\/rejoveniment-o-antiaging\/plasma-ric-en-plaquetas-prp-barcelona\/"]}]},{"@type":"BreadcrumbList","@id":"https:\/\/www.lopezgil.com\/ca\/tractaments\/rejoveniment-o-antiaging\/plasma-ric-en-plaquetas-prp-barcelona\/#breadcrumb","itemListElement":[{"@type":"ListItem","position":1,"name":"Portada","item":"https:\/\/www.lopezgil.com\/ca\/"},{"@type":"ListItem","position":2,"name":"Tractaments","item":"https:\/\/www.lopezgil.com\/ca\/tractaments\/"},{"@type":"ListItem","position":3,"name":"Rejoveniment o antiaging","item":"https:\/\/www.lopezgil.com\/ca\/tractaments\/rejoveniment-o-antiaging\/"},{"@type":"ListItem","position":4,"name":"Plasma ric en plaquetas o PRP"}]},{"@type":"WebSite","@id":"https:\/\/www.lopezgil.com\/ca\/#website","url":"https:\/\/www.lopezgil.com\/ca\/","name":"Dr. Lopez Gil","description":"Dermat\u00f3logo Barcelona","potentialAction":[{"@type":"SearchAction","target":{"@type":"EntryPoint","urlTemplate":"https:\/\/www.lopezgil.com\/ca\/?s={search_term_string}"},"query-input":"required name=search_term_string"}],"inLanguage":"ca"}]}},"_links":{"self":[{"href":"https:\/\/www.lopezgil.com\/ca\/wp-json\/wp\/v2\/pages\/2730","targetHints":{"allow":["GET"]}}],"collection":[{"href":"https:\/\/www.lopezgil.com\/ca\/wp-json\/wp\/v2\/pages"}],"about":[{"href":"https:\/\/www.lopezgil.com\/ca\/wp-json\/wp\/v2\/types\/page"}],"author":[{"embeddable":true,"href":"https:\/\/www.lopezgil.com\/ca\/wp-json\/wp\/v2\/users\/5"}],"replies":[{"embeddable":true,"href":"https:\/\/www.lopezgil.com\/ca\/wp-json\/wp\/v2\/comments?post=2730"}],"version-history":[{"count":3,"href":"https:\/\/www.lopezgil.com\/ca\/wp-json\/wp\/v2\/pages\/2730\/revisions"}],"predecessor-version":[{"id":4979,"href":"https:\/\/www.lopezgil.com\/ca\/wp-json\/wp\/v2\/pages\/2730\/revisions\/4979"}],"up":[{"embeddable":true,"href":"https:\/\/www.lopezgil.com\/ca\/wp-json\/wp\/v2\/pages\/2735"}],"wp:attachment":[{"href":"https:\/\/www.lopezgil.com\/ca\/wp-json\/wp\/v2\/media?parent=2730"}],"curies":[{"name":"wp","href":"https:\/\/api.w.org\/{rel}","templated":true}]}}