{"id":2712,"date":"2016-06-10T11:25:58","date_gmt":"2016-06-10T11:25:58","guid":{"rendered":"http:\/\/lopezgil.com\/enconstruccion\/tratamiento\/"},"modified":"2017-11-20T20:45:32","modified_gmt":"2017-11-20T20:45:32","slug":"tractaments","status":"publish","type":"page","link":"https:\/\/www.lopezgil.com\/ca\/tractaments\/","title":{"rendered":"Tractaments"},"content":{"rendered":"<div id=\"fb-root\"><\/div>\n[vc_row][vc_column][vc_row_inner][vc_column_inner]<script type=\"text\/javascript\">jQuery(function() { _initLayerSlider( '#layerslider_98_jujtz6d2zwpe', {sliderVersion: '', responsiveUnder: 0, layersContainer: 0, hideUnder: 0, hideOver: 100000, pauseOnHover: 1, skin: 'v5', sliderFadeInDuration: 350, useSrcset: true, skinsPath: 'https:\/\/www.lopezgil.com\/wp-content\/plugins\/LayerSlider\/assets\/static\/layerslider\/skins\/', type: 'responsive', showCircleTimer: false, performanceMode: true}); });<\/script><div id=\"layerslider_98_jujtz6d2zwpe\" class=\"ls-wp-container fitvidsignore\" style=\"width:600px;height:200px;margin:0 auto;margin-bottom: 0px;\"><div class=\"ls-slide\" data-ls=\"duration:4000;\"><img loading=\"lazy\" decoding=\"async\" width=\"600\" height=\"200\" src=\"https:\/\/www.lopezgil.com\/wp-content\/uploads\/drlopezgil-dermatologia-barcelona-600x200-tratamientos-general.jpg\" class=\"ls-bg\" alt=\"dr-lopez-gil-dermatologo-barcelona-600x200-tratamientos-estetica-laser-rejuvenecimiento-capilares-clinica\" srcset=\"https:\/\/www.lopezgil.com\/wp-content\/uploads\/drlopezgil-dermatologia-barcelona-600x200-tratamientos-general.jpg 600w, https:\/\/www.lopezgil.com\/wp-content\/uploads\/drlopezgil-dermatologia-barcelona-600x200-tratamientos-general-300x100.jpg 300w\" sizes=\"auto, (max-width: 600px) 100vw, 600px\" \/><\/div><\/div>[\/vc_column_inner][\/vc_row_inner][\/vc_column][\/vc_row][vc_row css=&#8221;.vc_custom_1507055971380{margin-top: 7px !important;}&#8221;][vc_column width=&#8221;2\/3&#8243; css=&#8221;.vc_custom_1473066092346{margin-top: 0px !important;}&#8221;][vc_column_text css=&#8221;.vc_custom_1509820992801{margin-top: 0px !important;}&#8221;]\n<blockquote>\n<h4 style=\"text-align: justify;\"><span style=\"color: #5790bb;\">&#8220;En la Cl\u00ednica Dr. L\u00f3pez Gil, comptem amb un equip de dermat\u00f2legs formats i especialitzats en els diferents tractaments que engloben la dermatologia cl\u00ednica, oncol\u00f2gica, est\u00e8tica i laserter\u00e0pia.&#8221;<\/span><\/h4>\n<\/blockquote>\n<h2><\/h2>\n<h2><span style=\"color: #75c9d3;\">Tractaments<\/span><\/h2>\n[\/vc_column_text][\/vc_column][vc_column width=&#8221;1\/3&#8243;][vc_column_text css=&#8221;.vc_custom_1509823813097{margin-top: -1px !important;margin-bottom: -5px !important;}&#8221;]\n<pre><div class='dt-sc-colored-box space' ><h5>T'ajudem<\/h5><a href='http:\/\/lopezgil.com\/contacte\/?lang=ca' target='_blank'  class='dt-sc-button   small ' >CONTACTA'NS<\/a><\/div><\/pre>\n[\/vc_column_text][\/vc_column][\/vc_row][vc_row][vc_column][vc_separator color=&#8221;turquoise&#8221; border_width=&#8221;2&#8243; css=&#8221;.vc_custom_1473072257408{margin-top: 25px !important;}&#8221;][vc_column_inner][\/vc_column_inner][\/vc_column][\/vc_row][vc_row css=&#8221;.vc_custom_1473067233961{margin-top: 31px !important;}&#8221;][vc_column width=&#8221;1\/2&#8243;][vc_btn title=&#8221;Rejoveniment i antiaging&#8221; style=&#8221;outline&#8221; color=&#8221;info&#8221; align=&#8221;center&#8221; css_animation=&#8221;top-to-bottom&#8221; css=&#8221;.vc_custom_1511211001262{margin-top: 0px !important;border-radius: 5px !important;}&#8221; button_block=&#8221;true&#8221; link=&#8221;url:http%3A%2F%2Fwww.lopezgil.com%2Fca%2Ftractaments%2Frejoveniment-o-antiaging%2Finfiltracions-acid-hialuronic-facial-barcelona%2F||&#8221;][vc_btn title=&#8221;Ter\u00e0pia fotodin\u00e0mica&#8221; style=&#8221;outline&#8221; color=&#8221;info&#8221; align=&#8221;center&#8221; css_animation=&#8221;top-to-bottom&#8221; css=&#8221;.vc_custom_1511211037801{border-radius: 5px !important;}&#8221; button_block=&#8221;true&#8221; link=&#8221;url:http%3A%2F%2Fwww.lopezgil.com%2Fca%2Ftractaments%2Fterapia-fotodinamica-barcelona%2F||&#8221;][\/vc_column][vc_column width=&#8221;1\/2&#8243;][vc_btn title=&#8221;Tractaments capil\u00b7lars&#8221; style=&#8221;outline&#8221; color=&#8221;info&#8221; align=&#8221;center&#8221; css=&#8221;.vc_custom_1511210864804{padding-right: 5px !important;padding-left: 5px !important;border-radius: 5px !important;}&#8221; button_block=&#8221;true&#8221; link=&#8221;url:http%3A%2F%2Fwww.lopezgil.com%2Fca%2Ftractaments%2Ftractaments-capil%25C2%25B7lars%2Finfiltracions-capil%25C2%25B7lars-barcelona%2F||&#8221;][vc_btn title=&#8221;Tractaments exc\u00e9s sudoraci\u00f3&#8221; style=&#8221;outline&#8221; color=&#8221;info&#8221; align=&#8221;center&#8221; css_animation=&#8221;top-to-bottom&#8221; css=&#8221;.vc_custom_1511210890672{padding-right: 5px !important;padding-left: 5px !important;border-radius: 5px !important;}&#8221; button_block=&#8221;true&#8221; link=&#8221;url:http%3A%2F%2Fwww.lopezgil.com%2Fca%2Ftractaments%2Ftractaments-capil%25C2%25B7lars%2Finfiltracions-capil%25C2%25B7lars-barcelona%2F||&#8221;][\/vc_column][\/vc_row][vc_column css=&#8221;.vc_custom_1473066787605{margin-top: 50px !important;}&#8221;][\/vc_column]\n","protected":false},"excerpt":{"rendered":"<p>[vc_row][vc_column][vc_row_inner][vc_column_inner][\/vc_column_inner][\/vc_row_inner][\/vc_column][\/vc_row][vc_row css=&#8221;.vc_custom_1507055971380{margin-top: 7px !important;}&#8221;][vc_column width=&#8221;2\/3&#8243; css=&#8221;.vc_custom_1473066092346{margin-top: 0px !important;}&#8221;][vc_column_text css=&#8221;.vc_custom_1509820992801{margin-top: 0px !important;}&#8221;] &#8220;En la Cl\u00ednica Dr. L\u00f3pez Gil, comptem amb un equip de dermat\u00f2legs formats i especialitzats en els diferents tractaments que engloben la dermatologia cl\u00ednica, oncol\u00f2gica, est\u00e8tica i laserter\u00e0pia.&#8221; Tractaments [\/vc_column_text][\/vc_column][vc_column width=&#8221;1\/3&#8243;][vc_column_text css=&#8221;.vc_custom_1509823813097{margin-top: -1px !important;margin-bottom: -5px !important;}&#8221;] [\/vc_column_text][\/vc_column][\/vc_row][vc_row][vc_column][vc_separator color=&#8221;turquoise&#8221; border_width=&#8221;2&#8243; css=&#8221;.vc_custom_1473072257408{margin-top: 25px !important;}&#8221;][vc_column_inner][\/vc_column_inner][\/vc_column][\/vc_row][vc_row css=&#8221;.vc_custom_1473067233961{margin-top: 31px [&hellip;]<\/p>\n","protected":false},"author":5,"featured_media":0,"parent":0,"menu_order":0,"comment_status":"closed","ping_status":"closed","template":"","meta":{"footnotes":""},"class_list":["post-2712","page","type-page","status-publish","hentry"],"yoast_head":"<!-- This site is optimized with the Yoast SEO plugin v19.12 - https:\/\/yoast.com\/wordpress\/plugins\/seo\/ -->\n<title>Tractaments | Dr. Lopez Gil<\/title>\n<meta name=\"robots\" content=\"index, follow, max-snippet:-1, max-image-preview:large, max-video-preview:-1\" \/>\n<link rel=\"canonical\" href=\"https:\/\/www.lopezgil.com\/ca\/tractaments\/\" \/>\n<meta property=\"og:locale\" content=\"ca_ES\" \/>\n<meta property=\"og:type\" content=\"article\" \/>\n<meta property=\"og:title\" content=\"Tractaments | Dr. Lopez Gil\" \/>\n<meta property=\"og:description\" content=\"[vc_row][vc_column][vc_row_inner][vc_column_inner][\/vc_column_inner][\/vc_row_inner][\/vc_column][\/vc_row][vc_row css=&#8221;.vc_custom_1507055971380{margin-top: 7px !important;}&#8221;][vc_column width=&#8221;2\/3&#8243; css=&#8221;.vc_custom_1473066092346{margin-top: 0px !important;}&#8221;][vc_column_text css=&#8221;.vc_custom_1509820992801{margin-top: 0px !important;}&#8221;] &#8220;En la Cl\u00ednica Dr. L\u00f3pez Gil, comptem amb un equip de dermat\u00f2legs formats i especialitzats en els diferents tractaments que engloben la dermatologia cl\u00ednica, oncol\u00f2gica, est\u00e8tica i laserter\u00e0pia.&#8221; Tractaments [\/vc_column_text][\/vc_column][vc_column width=&#8221;1\/3&#8243;][vc_column_text css=&#8221;.vc_custom_1509823813097{margin-top: -1px !important;margin-bottom: -5px !important;}&#8221;] [\/vc_column_text][\/vc_column][\/vc_row][vc_row][vc_column][vc_separator color=&#8221;turquoise&#8221; border_width=&#8221;2&#8243; css=&#8221;.vc_custom_1473072257408{margin-top: 25px !important;}&#8221;][vc_column_inner][\/vc_column_inner][\/vc_column][\/vc_row][vc_row css=&#8221;.vc_custom_1473067233961{margin-top: 31px [&hellip;]\" \/>\n<meta property=\"og:url\" content=\"https:\/\/www.lopezgil.com\/ca\/tractaments\/\" \/>\n<meta property=\"og:site_name\" content=\"Dr. Lopez Gil\" \/>\n<meta property=\"article:modified_time\" content=\"2017-11-20T20:45:32+00:00\" \/>\n<meta name=\"twitter:card\" content=\"summary_large_image\" \/>\n<meta name=\"twitter:label1\" content=\"Est. reading time\" \/>\n\t<meta name=\"twitter:data1\" content=\"2 minutes\" \/>\n<script type=\"application\/ld+json\" class=\"yoast-schema-graph\">{\"@context\":\"https:\/\/schema.org\",\"@graph\":[{\"@type\":\"WebPage\",\"@id\":\"https:\/\/www.lopezgil.com\/ca\/tractaments\/\",\"url\":\"https:\/\/www.lopezgil.com\/ca\/tractaments\/\",\"name\":\"Tractaments | Dr. Lopez Gil\",\"isPartOf\":{\"@id\":\"https:\/\/www.lopezgil.com\/ca\/#website\"},\"datePublished\":\"2016-06-10T11:25:58+00:00\",\"dateModified\":\"2017-11-20T20:45:32+00:00\",\"breadcrumb\":{\"@id\":\"https:\/\/www.lopezgil.com\/ca\/tractaments\/#breadcrumb\"},\"inLanguage\":\"ca\",\"potentialAction\":[{\"@type\":\"ReadAction\",\"target\":[\"https:\/\/www.lopezgil.com\/ca\/tractaments\/\"]}]},{\"@type\":\"BreadcrumbList\",\"@id\":\"https:\/\/www.lopezgil.com\/ca\/tractaments\/#breadcrumb\",\"itemListElement\":[{\"@type\":\"ListItem\",\"position\":1,\"name\":\"Portada\",\"item\":\"https:\/\/www.lopezgil.com\/ca\/\"},{\"@type\":\"ListItem\",\"position\":2,\"name\":\"Tractaments\"}]},{\"@type\":\"WebSite\",\"@id\":\"https:\/\/www.lopezgil.com\/ca\/#website\",\"url\":\"https:\/\/www.lopezgil.com\/ca\/\",\"name\":\"Dr. Lopez Gil\",\"description\":\"Dermat\u00f3logo Barcelona\",\"potentialAction\":[{\"@type\":\"SearchAction\",\"target\":{\"@type\":\"EntryPoint\",\"urlTemplate\":\"https:\/\/www.lopezgil.com\/ca\/?s={search_term_string}\"},\"query-input\":\"required name=search_term_string\"}],\"inLanguage\":\"ca\"}]}<\/script>\n<!-- \/ Yoast SEO plugin. -->","yoast_head_json":{"title":"Tractaments | Dr. Lopez Gil","robots":{"index":"index","follow":"follow","max-snippet":"max-snippet:-1","max-image-preview":"max-image-preview:large","max-video-preview":"max-video-preview:-1"},"canonical":"https:\/\/www.lopezgil.com\/ca\/tractaments\/","og_locale":"ca_ES","og_type":"article","og_title":"Tractaments | Dr. Lopez Gil","og_description":"[vc_row][vc_column][vc_row_inner][vc_column_inner][\/vc_column_inner][\/vc_row_inner][\/vc_column][\/vc_row][vc_row css=&#8221;.vc_custom_1507055971380{margin-top: 7px !important;}&#8221;][vc_column width=&#8221;2\/3&#8243; css=&#8221;.vc_custom_1473066092346{margin-top: 0px !important;}&#8221;][vc_column_text css=&#8221;.vc_custom_1509820992801{margin-top: 0px !important;}&#8221;] &#8220;En la Cl\u00ednica Dr. L\u00f3pez Gil, comptem amb un equip de dermat\u00f2legs formats i especialitzats en els diferents tractaments que engloben la dermatologia cl\u00ednica, oncol\u00f2gica, est\u00e8tica i laserter\u00e0pia.&#8221; Tractaments [\/vc_column_text][\/vc_column][vc_column width=&#8221;1\/3&#8243;][vc_column_text css=&#8221;.vc_custom_1509823813097{margin-top: -1px !important;margin-bottom: -5px !important;}&#8221;] [\/vc_column_text][\/vc_column][\/vc_row][vc_row][vc_column][vc_separator color=&#8221;turquoise&#8221; border_width=&#8221;2&#8243; css=&#8221;.vc_custom_1473072257408{margin-top: 25px !important;}&#8221;][vc_column_inner][\/vc_column_inner][\/vc_column][\/vc_row][vc_row css=&#8221;.vc_custom_1473067233961{margin-top: 31px [&hellip;]","og_url":"https:\/\/www.lopezgil.com\/ca\/tractaments\/","og_site_name":"Dr. Lopez Gil","article_modified_time":"2017-11-20T20:45:32+00:00","twitter_card":"summary_large_image","twitter_misc":{"Est. reading time":"2 minutes"},"schema":{"@context":"https:\/\/schema.org","@graph":[{"@type":"WebPage","@id":"https:\/\/www.lopezgil.com\/ca\/tractaments\/","url":"https:\/\/www.lopezgil.com\/ca\/tractaments\/","name":"Tractaments | Dr. Lopez Gil","isPartOf":{"@id":"https:\/\/www.lopezgil.com\/ca\/#website"},"datePublished":"2016-06-10T11:25:58+00:00","dateModified":"2017-11-20T20:45:32+00:00","breadcrumb":{"@id":"https:\/\/www.lopezgil.com\/ca\/tractaments\/#breadcrumb"},"inLanguage":"ca","potentialAction":[{"@type":"ReadAction","target":["https:\/\/www.lopezgil.com\/ca\/tractaments\/"]}]},{"@type":"BreadcrumbList","@id":"https:\/\/www.lopezgil.com\/ca\/tractaments\/#breadcrumb","itemListElement":[{"@type":"ListItem","position":1,"name":"Portada","item":"https:\/\/www.lopezgil.com\/ca\/"},{"@type":"ListItem","position":2,"name":"Tractaments"}]},{"@type":"WebSite","@id":"https:\/\/www.lopezgil.com\/ca\/#website","url":"https:\/\/www.lopezgil.com\/ca\/","name":"Dr. Lopez Gil","description":"Dermat\u00f3logo Barcelona","potentialAction":[{"@type":"SearchAction","target":{"@type":"EntryPoint","urlTemplate":"https:\/\/www.lopezgil.com\/ca\/?s={search_term_string}"},"query-input":"required name=search_term_string"}],"inLanguage":"ca"}]}},"_links":{"self":[{"href":"https:\/\/www.lopezgil.com\/ca\/wp-json\/wp\/v2\/pages\/2712","targetHints":{"allow":["GET"]}}],"collection":[{"href":"https:\/\/www.lopezgil.com\/ca\/wp-json\/wp\/v2\/pages"}],"about":[{"href":"https:\/\/www.lopezgil.com\/ca\/wp-json\/wp\/v2\/types\/page"}],"author":[{"embeddable":true,"href":"https:\/\/www.lopezgil.com\/ca\/wp-json\/wp\/v2\/users\/5"}],"replies":[{"embeddable":true,"href":"https:\/\/www.lopezgil.com\/ca\/wp-json\/wp\/v2\/comments?post=2712"}],"version-history":[{"count":6,"href":"https:\/\/www.lopezgil.com\/ca\/wp-json\/wp\/v2\/pages\/2712\/revisions"}],"predecessor-version":[{"id":3186,"href":"https:\/\/www.lopezgil.com\/ca\/wp-json\/wp\/v2\/pages\/2712\/revisions\/3186"}],"wp:attachment":[{"href":"https:\/\/www.lopezgil.com\/ca\/wp-json\/wp\/v2\/media?parent=2712"}],"curies":[{"name":"wp","href":"https:\/\/api.w.org\/{rel}","templated":true}]}}