{"id":2688,"date":"2016-06-16T09:58:52","date_gmt":"2016-06-16T09:58:52","guid":{"rendered":"http:\/\/lopezgil.com\/enconstruccion\/tractaments-laser-barcelona\/manchas-solares-lentigos\/"},"modified":"2019-12-10T12:11:03","modified_gmt":"2019-12-10T12:11:03","slug":"taques-lentigens-solars","status":"publish","type":"page","link":"https:\/\/www.lopezgil.com\/ca\/tractaments-laser-barcelona\/taques-lentigens-solars\/","title":{"rendered":"Taques o Lent\u00edgens solars"},"content":{"rendered":"<div id=\"fb-root\"><\/div>\n<p style=\"text-align: justify;\">[vc_row][vc_column][vc_row_inner][vc_column_inner]<script type=\"text\/javascript\">jQuery(function() { _initLayerSlider( '#layerslider_72_1ud6g9re5fjsn', {sliderVersion: '', responsiveUnder: 0, layersContainer: 0, hideUnder: 0, hideOver: 100000, pauseOnHover: 1, skin: 'v5', sliderFadeInDuration: 350, useSrcset: true, skinsPath: 'https:\/\/www.lopezgil.com\/wp-content\/plugins\/LayerSlider\/assets\/static\/layerslider\/skins\/', type: 'responsive', showCircleTimer: false, performanceMode: true}); });<\/script><div id=\"layerslider_72_1ud6g9re5fjsn\" class=\"ls-wp-container fitvidsignore\" style=\"width:600px;height:200px;margin:0 auto;margin-bottom: 0px;\"><div class=\"ls-slide\" data-ls=\"duration:4000;\"><img loading=\"lazy\" decoding=\"async\" width=\"600\" height=\"200\" src=\"https:\/\/www.lopezgil.com\/wp-content\/uploads\/drlopezgil-dermatologia-barcelona-600x200-manchas-laserterapia.jpg\" class=\"ls-bg\" alt=\"dr-lopez-gil-dermatologo-barcelona-600x200-manchas-laserterapia-laser\" srcset=\"https:\/\/www.lopezgil.com\/wp-content\/uploads\/drlopezgil-dermatologia-barcelona-600x200-manchas-laserterapia.jpg 600w, https:\/\/www.lopezgil.com\/wp-content\/uploads\/drlopezgil-dermatologia-barcelona-600x200-manchas-laserterapia-300x100.jpg 300w\" sizes=\"auto, (max-width: 600px) 100vw, 600px\" \/><\/div><\/div>[\/vc_column_inner][\/vc_row_inner][\/vc_column][\/vc_row][vc_row][vc_column width=&#8221;3\/4&#8243; css=&#8221;.vc_custom_1473066092346{margin-top: 0px !important;}&#8221;][vc_column_text css=&#8221;.vc_custom_1473066053815{margin-top: 0px !important;}&#8221;]\n<h2 style=\"text-align: justify;\"><span style=\"color: #75c9d3;\"><strong>Qu\u00e8 s\u00f3n?<\/strong><\/span><\/h2>\n<p style=\"text-align: justify;\">Com conseq\u00fc\u00e8ncia d\u2019exposicions perllongades a la llum solar acostumen a apar\u00e8ixer taques marrons en la cara, l\u2019escot, les espatlles i\/o el dors de les mans. Aquestes taques, denominades lent\u00edgens o taques de l\u2019edat, acostumen a anar acompanyades per un aprimament de la pell i per petits capil\u00b7lars vermells, reflectint una pell foto envellida.<\/p>\n<h2 style=\"text-align: justify;\"><span style=\"color: #75c9d3;\"><strong>Tractament<\/strong><\/span><\/h2>\n<p style=\"text-align: justify;\">Tractar o no els lent\u00edgens solars \u00e9s opcional ja que no impliquen cap problema de salut sin\u00f3 est\u00e8tic. Hi ha diversos tractaments possibles com els peelings, la crioter\u00e0pia o el l\u00e0ser. Encara que per la seva efic\u00e0cia es recomana eliminar-los per laserter\u00e0pia, especialment el l\u00e0ser Q switched de Nd: YAG i els sistemes de llum polsada.<\/p>\n<p style=\"text-align: justify;\">Normalment es combinen amb el l\u00e0ser fraccionat CO2 que ajuda a la generaci\u00f3 de col\u00b7lagen, pel que millora l\u2019aspecte de la pell.<\/p>\n<p style=\"text-align: justify;\">El metge pot decidir si utilitzar ambd\u00f3s l\u00e0sers, o be un o l\u2019altre, en funci\u00f3 de la zona a tractar i\/o del tipus de pell.<\/p>\n<p style=\"text-align: justify;\">Les taques solars responen molt b\u00e9 al tractament amb l\u00e0ser, \u00e9s per aquest motiu que en 2-3 sessions s\u2019aconsegueixen uns resultats excel\u00b7lents.<\/p>\n<p style=\"text-align: justify;\">Es recomana la utilitzaci\u00f3 de fotoprotectors despr\u00e8s de realitzar el tractament i evitar l\u2019exposici\u00f3 solar per minimitzar l\u2019aparici\u00f3 de les noves taques.<\/p>\n<p style=\"text-align: justify;\">Les mol\u00e8sties pel pacient s\u00f3n m\u00ednimes i l\u2019eliminaci\u00f3 de les taques es produeix de forma discreta i indolora, aix\u00ed que no \u00e9s necessari alterar el ritme de vida ni aplicar anest\u00e8sia.<\/p>\n<p>M\u00e9s informaci\u00f3 <a href=\"https:\/\/www.lopezgil.com\/ca\/dermatologia-estetica-barcelona\/taques-a-la-pell\/\">aqu\u00ed<\/a><\/p>\n","protected":false},"excerpt":{"rendered":"<p>[vc_row][vc_column][vc_row_inner][vc_column_inner][\/vc_column_inner][\/vc_row_inner][\/vc_column][\/vc_row][vc_row][vc_column width=&#8221;3\/4&#8243; css=&#8221;.vc_custom_1473066092346{margin-top: 0px !important;}&#8221;][vc_column_text css=&#8221;.vc_custom_1473066053815{margin-top: 0px !important;}&#8221;] Qu\u00e8 s\u00f3n? Com conseq\u00fc\u00e8ncia d\u2019exposicions perllongades a la llum solar acostumen a apar\u00e8ixer taques marrons en la cara, l\u2019escot, les espatlles i\/o el dors de les mans. Aquestes taques, denominades lent\u00edgens o taques de l\u2019edat, acostumen a anar acompanyades per un aprimament de la pell i per [&hellip;]<\/p>\n","protected":false},"author":5,"featured_media":0,"parent":2644,"menu_order":0,"comment_status":"closed","ping_status":"closed","template":"soulmedic\/tpl-feature.php","meta":{"footnotes":""},"class_list":["post-2688","page","type-page","status-publish","hentry"],"yoast_head":"<!-- This site is optimized with the Yoast SEO plugin v19.12 - https:\/\/yoast.com\/wordpress\/plugins\/seo\/ -->\n<title>Taques o Lent\u00edgens solars | Dr. Lopez Gil | Dermat\u00f2leg Cl\u00ednica Teknon<\/title>\n<meta name=\"description\" content=\"Cl\u00ednica est\u00e8tica amb la tecnologia m\u00e9s avan\u00e7ada en el tractament l\u00e0ser per eliminar lentigens solars o taques de l&#039;edat. Cl\u00ednica Teknon, Barcelona.\" \/>\n<meta name=\"robots\" content=\"index, follow, max-snippet:-1, max-image-preview:large, max-video-preview:-1\" \/>\n<link rel=\"canonical\" href=\"https:\/\/www.lopezgil.com\/ca\/tractaments-laser-barcelona\/taques-lentigens-solars\/\" \/>\n<meta property=\"og:locale\" content=\"ca_ES\" \/>\n<meta property=\"og:type\" content=\"article\" \/>\n<meta property=\"og:title\" content=\"Taques o Lent\u00edgens solars | Dr. Lopez Gil | Dermat\u00f2leg Cl\u00ednica Teknon\" \/>\n<meta property=\"og:description\" content=\"Cl\u00ednica est\u00e8tica amb la tecnologia m\u00e9s avan\u00e7ada en el tractament l\u00e0ser per eliminar lentigens solars o taques de l&#039;edat. Cl\u00ednica Teknon, Barcelona.\" \/>\n<meta property=\"og:url\" content=\"https:\/\/www.lopezgil.com\/ca\/tractaments-laser-barcelona\/taques-lentigens-solars\/\" \/>\n<meta property=\"og:site_name\" content=\"Dr. Lopez Gil\" \/>\n<meta property=\"article:modified_time\" content=\"2019-12-10T12:11:03+00:00\" \/>\n<meta name=\"twitter:card\" content=\"summary_large_image\" \/>\n<meta name=\"twitter:label1\" content=\"Est. reading time\" \/>\n\t<meta name=\"twitter:data1\" content=\"2 minutes\" \/>\n<script type=\"application\/ld+json\" class=\"yoast-schema-graph\">{\"@context\":\"https:\/\/schema.org\",\"@graph\":[{\"@type\":\"WebPage\",\"@id\":\"https:\/\/www.lopezgil.com\/ca\/tractaments-laser-barcelona\/taques-lentigens-solars\/\",\"url\":\"https:\/\/www.lopezgil.com\/ca\/tractaments-laser-barcelona\/taques-lentigens-solars\/\",\"name\":\"Taques o Lent\u00edgens solars | Dr. Lopez Gil | Dermat\u00f2leg Cl\u00ednica Teknon\",\"isPartOf\":{\"@id\":\"https:\/\/www.lopezgil.com\/#website\"},\"datePublished\":\"2016-06-16T09:58:52+00:00\",\"dateModified\":\"2019-12-10T12:11:03+00:00\",\"description\":\"Cl\u00ednica est\u00e8tica amb la tecnologia m\u00e9s avan\u00e7ada en el tractament l\u00e0ser per eliminar lentigens solars o taques de l'edat. Cl\u00ednica Teknon, Barcelona.\",\"breadcrumb\":{\"@id\":\"https:\/\/www.lopezgil.com\/ca\/tractaments-laser-barcelona\/taques-lentigens-solars\/#breadcrumb\"},\"inLanguage\":\"ca\",\"potentialAction\":[{\"@type\":\"ReadAction\",\"target\":[\"https:\/\/www.lopezgil.com\/ca\/tractaments-laser-barcelona\/taques-lentigens-solars\/\"]}]},{\"@type\":\"BreadcrumbList\",\"@id\":\"https:\/\/www.lopezgil.com\/ca\/tractaments-laser-barcelona\/taques-lentigens-solars\/#breadcrumb\",\"itemListElement\":[{\"@type\":\"ListItem\",\"position\":1,\"name\":\"Portada\",\"item\":\"https:\/\/www.lopezgil.com\/ca\/\"},{\"@type\":\"ListItem\",\"position\":2,\"name\":\"Laserter\u00e0pia\",\"item\":\"https:\/\/www.lopezgil.com\/ca\/tractaments-laser-barcelona\/\"},{\"@type\":\"ListItem\",\"position\":3,\"name\":\"Taques o Lent\u00edgens solars\"}]},{\"@type\":\"WebSite\",\"@id\":\"https:\/\/www.lopezgil.com\/#website\",\"url\":\"https:\/\/www.lopezgil.com\/\",\"name\":\"Dr. Lopez Gil\",\"description\":\"Dermat\u00f3logo Barcelona\",\"potentialAction\":[{\"@type\":\"SearchAction\",\"target\":{\"@type\":\"EntryPoint\",\"urlTemplate\":\"https:\/\/www.lopezgil.com\/?s={search_term_string}\"},\"query-input\":\"required name=search_term_string\"}],\"inLanguage\":\"ca\"}]}<\/script>\n<!-- \/ Yoast SEO plugin. -->","yoast_head_json":{"title":"Taques o Lent\u00edgens solars | Dr. Lopez Gil | Dermat\u00f2leg Cl\u00ednica Teknon","description":"Cl\u00ednica est\u00e8tica amb la tecnologia m\u00e9s avan\u00e7ada en el tractament l\u00e0ser per eliminar lentigens solars o taques de l'edat. Cl\u00ednica Teknon, Barcelona.","robots":{"index":"index","follow":"follow","max-snippet":"max-snippet:-1","max-image-preview":"max-image-preview:large","max-video-preview":"max-video-preview:-1"},"canonical":"https:\/\/www.lopezgil.com\/ca\/tractaments-laser-barcelona\/taques-lentigens-solars\/","og_locale":"ca_ES","og_type":"article","og_title":"Taques o Lent\u00edgens solars | Dr. Lopez Gil | Dermat\u00f2leg Cl\u00ednica Teknon","og_description":"Cl\u00ednica est\u00e8tica amb la tecnologia m\u00e9s avan\u00e7ada en el tractament l\u00e0ser per eliminar lentigens solars o taques de l'edat. Cl\u00ednica Teknon, Barcelona.","og_url":"https:\/\/www.lopezgil.com\/ca\/tractaments-laser-barcelona\/taques-lentigens-solars\/","og_site_name":"Dr. Lopez Gil","article_modified_time":"2019-12-10T12:11:03+00:00","twitter_card":"summary_large_image","twitter_misc":{"Est. reading time":"2 minutes"},"schema":{"@context":"https:\/\/schema.org","@graph":[{"@type":"WebPage","@id":"https:\/\/www.lopezgil.com\/ca\/tractaments-laser-barcelona\/taques-lentigens-solars\/","url":"https:\/\/www.lopezgil.com\/ca\/tractaments-laser-barcelona\/taques-lentigens-solars\/","name":"Taques o Lent\u00edgens solars | Dr. Lopez Gil | Dermat\u00f2leg Cl\u00ednica Teknon","isPartOf":{"@id":"https:\/\/www.lopezgil.com\/#website"},"datePublished":"2016-06-16T09:58:52+00:00","dateModified":"2019-12-10T12:11:03+00:00","description":"Cl\u00ednica est\u00e8tica amb la tecnologia m\u00e9s avan\u00e7ada en el tractament l\u00e0ser per eliminar lentigens solars o taques de l'edat. Cl\u00ednica Teknon, Barcelona.","breadcrumb":{"@id":"https:\/\/www.lopezgil.com\/ca\/tractaments-laser-barcelona\/taques-lentigens-solars\/#breadcrumb"},"inLanguage":"ca","potentialAction":[{"@type":"ReadAction","target":["https:\/\/www.lopezgil.com\/ca\/tractaments-laser-barcelona\/taques-lentigens-solars\/"]}]},{"@type":"BreadcrumbList","@id":"https:\/\/www.lopezgil.com\/ca\/tractaments-laser-barcelona\/taques-lentigens-solars\/#breadcrumb","itemListElement":[{"@type":"ListItem","position":1,"name":"Portada","item":"https:\/\/www.lopezgil.com\/ca\/"},{"@type":"ListItem","position":2,"name":"Laserter\u00e0pia","item":"https:\/\/www.lopezgil.com\/ca\/tractaments-laser-barcelona\/"},{"@type":"ListItem","position":3,"name":"Taques o Lent\u00edgens solars"}]},{"@type":"WebSite","@id":"https:\/\/www.lopezgil.com\/#website","url":"https:\/\/www.lopezgil.com\/","name":"Dr. Lopez Gil","description":"Dermat\u00f3logo Barcelona","potentialAction":[{"@type":"SearchAction","target":{"@type":"EntryPoint","urlTemplate":"https:\/\/www.lopezgil.com\/?s={search_term_string}"},"query-input":"required name=search_term_string"}],"inLanguage":"ca"}]}},"_links":{"self":[{"href":"https:\/\/www.lopezgil.com\/ca\/wp-json\/wp\/v2\/pages\/2688","targetHints":{"allow":["GET"]}}],"collection":[{"href":"https:\/\/www.lopezgil.com\/ca\/wp-json\/wp\/v2\/pages"}],"about":[{"href":"https:\/\/www.lopezgil.com\/ca\/wp-json\/wp\/v2\/types\/page"}],"author":[{"embeddable":true,"href":"https:\/\/www.lopezgil.com\/ca\/wp-json\/wp\/v2\/users\/5"}],"replies":[{"embeddable":true,"href":"https:\/\/www.lopezgil.com\/ca\/wp-json\/wp\/v2\/comments?post=2688"}],"version-history":[{"count":3,"href":"https:\/\/www.lopezgil.com\/ca\/wp-json\/wp\/v2\/pages\/2688\/revisions"}],"predecessor-version":[{"id":3164,"href":"https:\/\/www.lopezgil.com\/ca\/wp-json\/wp\/v2\/pages\/2688\/revisions\/3164"}],"up":[{"embeddable":true,"href":"https:\/\/www.lopezgil.com\/ca\/wp-json\/wp\/v2\/pages\/2644"}],"wp:attachment":[{"href":"https:\/\/www.lopezgil.com\/ca\/wp-json\/wp\/v2\/media?parent=2688"}],"curies":[{"name":"wp","href":"https:\/\/api.w.org\/{rel}","templated":true}]}}