{"id":2670,"date":"2016-06-16T09:57:14","date_gmt":"2016-06-16T09:57:14","guid":{"rendered":"http:\/\/lopezgil.com\/enconstruccion\/tractaments-laser-barcelona\/cicatrices-y-queloides\/"},"modified":"2019-12-09T13:31:31","modified_gmt":"2019-12-09T13:31:31","slug":"cicatrius-i-queloides","status":"publish","type":"page","link":"https:\/\/www.lopezgil.com\/ca\/tractaments-laser-barcelona\/cicatrius-i-queloides\/","title":{"rendered":"Cicatrius i queloides"},"content":{"rendered":"<div id=\"fb-root\"><\/div>\n<p style=\"text-align: justify;\">[vc_row][vc_column][vc_row_inner][vc_column_inner]<script type=\"text\/javascript\">jQuery(function() { _initLayerSlider( '#layerslider_74_6h2b3oi9bypg', {sliderVersion: '', responsiveUnder: 0, layersContainer: 0, hideUnder: 0, hideOver: 100000, pauseOnHover: 1, skin: 'v5', sliderFadeInDuration: 350, useSrcset: true, skinsPath: 'https:\/\/www.lopezgil.com\/wp-content\/plugins\/LayerSlider\/assets\/static\/layerslider\/skins\/', type: 'responsive', showCircleTimer: false, performanceMode: true}); });<\/script><div id=\"layerslider_74_6h2b3oi9bypg\" class=\"ls-wp-container fitvidsignore\" style=\"width:600px;height:200px;margin:0 auto;margin-bottom: 0px;\"><div class=\"ls-slide\" data-ls=\"duration:4000;\"><img loading=\"lazy\" decoding=\"async\" width=\"600\" height=\"200\" src=\"https:\/\/www.lopezgil.com\/wp-content\/uploads\/drlopezgil-dermatologia-barcelona-600x200-cicatrices-queloides-laserterapia.jpg\" class=\"ls-bg\" alt=\"dr-lopez-gil-dermatologia-barcelona-600x200-cicatrices-queloides-laserterapia-laser\" srcset=\"https:\/\/www.lopezgil.com\/wp-content\/uploads\/drlopezgil-dermatologia-barcelona-600x200-cicatrices-queloides-laserterapia.jpg 600w, https:\/\/www.lopezgil.com\/wp-content\/uploads\/drlopezgil-dermatologia-barcelona-600x200-cicatrices-queloides-laserterapia-300x100.jpg 300w\" sizes=\"auto, (max-width: 600px) 100vw, 600px\" \/><\/div><\/div>[\/vc_column_inner][\/vc_row_inner][\/vc_column][\/vc_row][vc_row][vc_column width=&#8221;3\/4&#8243; css=&#8221;.vc_custom_1473066092346{margin-top: 0px !important;}&#8221;][vc_column_text css=&#8221;.vc_custom_1473066053815{margin-top: 0px !important;}&#8221;]\n<h2 style=\"text-align: justify;\"><span style=\"color: #75c9d3;\"><strong>Qu\u00e8 s\u00f3n?<\/strong><\/span><\/h2>\n<p style=\"text-align: justify;\">Les cicatrius s\u00f3n el resultat d\u2019una lesi\u00f3 de la dermis per operacions quir\u00fargiques, traumatismes o accidents i la seva posterior reparaci\u00f3. Es formen per un exc\u00e9s o defecte de col\u00b7lagen en la zona traumatitzada.<\/p>\n<h2 style=\"text-align: justify;\"><span style=\"color: #75c9d3;\"><strong>A qui afecta?<\/strong><\/span><\/h2>\n<p style=\"text-align: justify;\">Entre el 5 i el 16% de la poblaci\u00f3 tenen al seu cos algun tipus de cicatriu.<\/p>\n<h2 style=\"text-align: justify;\"><span style=\"color: #75c9d3;\"><strong>Tipus<\/strong><\/span><\/h2>\n<ol style=\"text-align: justify;\">\n<li><em>Cicatriu hiperpigmentada<\/em>: es caracteritza per presentar una coloraci\u00f3 fosca com a resultat d\u2019un major grau de melanog\u00e8nesis. Sol apar\u00e8ixer quan la cicatriu \u00e9s superficial i en fototipus foscos.<\/li>\n<li><em>Cicatriu hipopigmentada<\/em>: en aquest cas la pell no pot produir melanina, aix\u00ed que presenta un color m\u00e9s clar que la resta de la pell.<\/li>\n<li><em>Cicatriu atr\u00f2fica<\/em>: es caracteritza per estar lleugerament enfonsada degut a la falta de col\u00b7lagen. \u00c9s especialment freq\u00fcent despr\u00e8s de l\u2019acne o la varicel\u00b7la.<\/li>\n<li><em>Cicatriu hipertr\u00f2fica i queloides<\/em>: es produeixen com a conseq\u00fc\u00e8ncia d\u2019una sobreproducci\u00f3 de fibres de teixit connectiu. La cicatriu hipertr\u00f2fica, a difer\u00e8ncia dels queloides, es mant\u00e9 dins dels l\u00edmits de la ferida mentre que els queloides els sobrepassen.<\/li>\n<\/ol>\n<h2 style=\"text-align: justify;\"><span style=\"color: #75c9d3;\"><strong>Tractament<\/strong><\/span><\/h2>\n<p style=\"text-align: justify;\">Segons el tipus de cicatriu, utilitzarem un l\u00e0ser o un altre.<\/p>\n<ul style=\"text-align: justify;\">\n<li><em>Cicatriu hiperpigmentada<\/em>: en aquest cas s\u2019utilitza el l\u00e0ser de Alejandrita Q-switched o llum polsada d\u2019\u00fas m\u00e8dic per aclarir de forma r\u00e0pida i efica\u00e7 l\u2019hiperpigmentaci\u00f3.<\/li>\n<li><em>Cicatriu hipopigmentada<\/em>: s\u2019aconsella l\u2019utilitzaci\u00f3 de l\u00e0ser amb llum ultraviolada de banda estreta per activar el color de la cicatriu.<\/li>\n<li><em>Cicatriu atr\u00f2fica<\/em>: combinem el l\u00e0ser CO2 Fraccionat Ablatiu amb el l\u00e0ser CO2 Fraccionat no ablatiu.<\/li>\n<li><em>Cicatriu hipertr\u00f2fica i queloide<\/em>: quan la resposta als ap\u00f2sits oclusius i les infiltracions no \u00e9s suficient es recomana utilitzar el l\u00e0ser fraccionat no ablatiu que actua sobre el col\u00b7lagen i el l\u00e0ser KTP i el de Nd: YAG que actuen sobre els vasos sanguinis que nodreixen les cicatrius, reduint el seu metabolisme i la seva col\u00b7laboraci\u00f3.<\/li>\n<\/ul>\n<p style=\"text-align: justify;\">M\u00e9s informaci\u00f3 <a href=\"https:\/\/www.lopezgil.com\/ca\/dermatologia-estetica-barcelona\/cicatrius-queloides\/\">aqui<\/a><\/p>\n<h2 style=\"text-align: justify;\"><\/h2>\n","protected":false},"excerpt":{"rendered":"<p>[vc_row][vc_column][vc_row_inner][vc_column_inner][\/vc_column_inner][\/vc_row_inner][\/vc_column][\/vc_row][vc_row][vc_column width=&#8221;3\/4&#8243; css=&#8221;.vc_custom_1473066092346{margin-top: 0px !important;}&#8221;][vc_column_text css=&#8221;.vc_custom_1473066053815{margin-top: 0px !important;}&#8221;] Qu\u00e8 s\u00f3n? Les cicatrius s\u00f3n el resultat d\u2019una lesi\u00f3 de la dermis per operacions quir\u00fargiques, traumatismes o accidents i la seva posterior reparaci\u00f3. Es formen per un exc\u00e9s o defecte de col\u00b7lagen en la zona traumatitzada. A qui afecta? Entre el 5 i el 16% de la [&hellip;]<\/p>\n","protected":false},"author":5,"featured_media":0,"parent":2644,"menu_order":0,"comment_status":"closed","ping_status":"closed","template":"soulmedic\/tpl-feature.php","meta":{"footnotes":""},"class_list":["post-2670","page","type-page","status-publish","hentry"],"yoast_head":"<!-- This site is optimized with the Yoast SEO plugin v19.12 - https:\/\/yoast.com\/wordpress\/plugins\/seo\/ -->\n<title>Cicatrius i queloides | Dr. Lopez Gil | Cl\u00ednica Teknon Barcelona<\/title>\n<meta name=\"description\" content=\"Cl\u00ednica dermatol\u00f2gica especialitzada en el Tractament de Cicatrius i queloides, amb la tecnologia m\u00e9s avan\u00e7ada. Cl\u00ednica Teknon, Barcelona. Consulta&#039;ns.\" \/>\n<meta name=\"robots\" content=\"index, follow, max-snippet:-1, max-image-preview:large, max-video-preview:-1\" \/>\n<link rel=\"canonical\" href=\"https:\/\/www.lopezgil.com\/ca\/tractaments-laser-barcelona\/cicatrius-i-queloides\/\" \/>\n<meta property=\"og:locale\" content=\"ca_ES\" \/>\n<meta property=\"og:type\" content=\"article\" \/>\n<meta property=\"og:title\" content=\"Cicatrius i queloides | Dr. Lopez Gil | Cl\u00ednica Teknon Barcelona\" \/>\n<meta property=\"og:description\" content=\"Cl\u00ednica dermatol\u00f2gica especialitzada en el Tractament de Cicatrius i queloides, amb la tecnologia m\u00e9s avan\u00e7ada. Cl\u00ednica Teknon, Barcelona. Consulta&#039;ns.\" \/>\n<meta property=\"og:url\" content=\"https:\/\/www.lopezgil.com\/ca\/tractaments-laser-barcelona\/cicatrius-i-queloides\/\" \/>\n<meta property=\"og:site_name\" content=\"Dr. Lopez Gil\" \/>\n<meta property=\"article:modified_time\" content=\"2019-12-09T13:31:31+00:00\" \/>\n<meta name=\"twitter:card\" content=\"summary_large_image\" \/>\n<meta name=\"twitter:label1\" content=\"Est. reading time\" \/>\n\t<meta name=\"twitter:data1\" content=\"2 minutes\" \/>\n<script type=\"application\/ld+json\" class=\"yoast-schema-graph\">{\"@context\":\"https:\/\/schema.org\",\"@graph\":[{\"@type\":\"WebPage\",\"@id\":\"https:\/\/www.lopezgil.com\/ca\/tractaments-laser-barcelona\/cicatrius-i-queloides\/\",\"url\":\"https:\/\/www.lopezgil.com\/ca\/tractaments-laser-barcelona\/cicatrius-i-queloides\/\",\"name\":\"Cicatrius i queloides | Dr. Lopez Gil | Cl\u00ednica Teknon Barcelona\",\"isPartOf\":{\"@id\":\"https:\/\/www.lopezgil.com\/#website\"},\"datePublished\":\"2016-06-16T09:57:14+00:00\",\"dateModified\":\"2019-12-09T13:31:31+00:00\",\"description\":\"Cl\u00ednica dermatol\u00f2gica especialitzada en el Tractament de Cicatrius i queloides, amb la tecnologia m\u00e9s avan\u00e7ada. Cl\u00ednica Teknon, Barcelona. Consulta'ns.\",\"breadcrumb\":{\"@id\":\"https:\/\/www.lopezgil.com\/ca\/tractaments-laser-barcelona\/cicatrius-i-queloides\/#breadcrumb\"},\"inLanguage\":\"ca\",\"potentialAction\":[{\"@type\":\"ReadAction\",\"target\":[\"https:\/\/www.lopezgil.com\/ca\/tractaments-laser-barcelona\/cicatrius-i-queloides\/\"]}]},{\"@type\":\"BreadcrumbList\",\"@id\":\"https:\/\/www.lopezgil.com\/ca\/tractaments-laser-barcelona\/cicatrius-i-queloides\/#breadcrumb\",\"itemListElement\":[{\"@type\":\"ListItem\",\"position\":1,\"name\":\"Portada\",\"item\":\"https:\/\/www.lopezgil.com\/ca\/\"},{\"@type\":\"ListItem\",\"position\":2,\"name\":\"Laserter\u00e0pia\",\"item\":\"https:\/\/www.lopezgil.com\/ca\/tractaments-laser-barcelona\/\"},{\"@type\":\"ListItem\",\"position\":3,\"name\":\"Cicatrius i queloides\"}]},{\"@type\":\"WebSite\",\"@id\":\"https:\/\/www.lopezgil.com\/#website\",\"url\":\"https:\/\/www.lopezgil.com\/\",\"name\":\"Dr. Lopez Gil\",\"description\":\"Dermat\u00f3logo Barcelona\",\"potentialAction\":[{\"@type\":\"SearchAction\",\"target\":{\"@type\":\"EntryPoint\",\"urlTemplate\":\"https:\/\/www.lopezgil.com\/?s={search_term_string}\"},\"query-input\":\"required name=search_term_string\"}],\"inLanguage\":\"ca\"}]}<\/script>\n<!-- \/ Yoast SEO plugin. -->","yoast_head_json":{"title":"Cicatrius i queloides | Dr. Lopez Gil | Cl\u00ednica Teknon Barcelona","description":"Cl\u00ednica dermatol\u00f2gica especialitzada en el Tractament de Cicatrius i queloides, amb la tecnologia m\u00e9s avan\u00e7ada. Cl\u00ednica Teknon, Barcelona. Consulta'ns.","robots":{"index":"index","follow":"follow","max-snippet":"max-snippet:-1","max-image-preview":"max-image-preview:large","max-video-preview":"max-video-preview:-1"},"canonical":"https:\/\/www.lopezgil.com\/ca\/tractaments-laser-barcelona\/cicatrius-i-queloides\/","og_locale":"ca_ES","og_type":"article","og_title":"Cicatrius i queloides | Dr. Lopez Gil | Cl\u00ednica Teknon Barcelona","og_description":"Cl\u00ednica dermatol\u00f2gica especialitzada en el Tractament de Cicatrius i queloides, amb la tecnologia m\u00e9s avan\u00e7ada. Cl\u00ednica Teknon, Barcelona. Consulta'ns.","og_url":"https:\/\/www.lopezgil.com\/ca\/tractaments-laser-barcelona\/cicatrius-i-queloides\/","og_site_name":"Dr. Lopez Gil","article_modified_time":"2019-12-09T13:31:31+00:00","twitter_card":"summary_large_image","twitter_misc":{"Est. reading time":"2 minutes"},"schema":{"@context":"https:\/\/schema.org","@graph":[{"@type":"WebPage","@id":"https:\/\/www.lopezgil.com\/ca\/tractaments-laser-barcelona\/cicatrius-i-queloides\/","url":"https:\/\/www.lopezgil.com\/ca\/tractaments-laser-barcelona\/cicatrius-i-queloides\/","name":"Cicatrius i queloides | Dr. Lopez Gil | Cl\u00ednica Teknon Barcelona","isPartOf":{"@id":"https:\/\/www.lopezgil.com\/#website"},"datePublished":"2016-06-16T09:57:14+00:00","dateModified":"2019-12-09T13:31:31+00:00","description":"Cl\u00ednica dermatol\u00f2gica especialitzada en el Tractament de Cicatrius i queloides, amb la tecnologia m\u00e9s avan\u00e7ada. Cl\u00ednica Teknon, Barcelona. Consulta'ns.","breadcrumb":{"@id":"https:\/\/www.lopezgil.com\/ca\/tractaments-laser-barcelona\/cicatrius-i-queloides\/#breadcrumb"},"inLanguage":"ca","potentialAction":[{"@type":"ReadAction","target":["https:\/\/www.lopezgil.com\/ca\/tractaments-laser-barcelona\/cicatrius-i-queloides\/"]}]},{"@type":"BreadcrumbList","@id":"https:\/\/www.lopezgil.com\/ca\/tractaments-laser-barcelona\/cicatrius-i-queloides\/#breadcrumb","itemListElement":[{"@type":"ListItem","position":1,"name":"Portada","item":"https:\/\/www.lopezgil.com\/ca\/"},{"@type":"ListItem","position":2,"name":"Laserter\u00e0pia","item":"https:\/\/www.lopezgil.com\/ca\/tractaments-laser-barcelona\/"},{"@type":"ListItem","position":3,"name":"Cicatrius i queloides"}]},{"@type":"WebSite","@id":"https:\/\/www.lopezgil.com\/#website","url":"https:\/\/www.lopezgil.com\/","name":"Dr. Lopez Gil","description":"Dermat\u00f3logo Barcelona","potentialAction":[{"@type":"SearchAction","target":{"@type":"EntryPoint","urlTemplate":"https:\/\/www.lopezgil.com\/?s={search_term_string}"},"query-input":"required name=search_term_string"}],"inLanguage":"ca"}]}},"_links":{"self":[{"href":"https:\/\/www.lopezgil.com\/ca\/wp-json\/wp\/v2\/pages\/2670","targetHints":{"allow":["GET"]}}],"collection":[{"href":"https:\/\/www.lopezgil.com\/ca\/wp-json\/wp\/v2\/pages"}],"about":[{"href":"https:\/\/www.lopezgil.com\/ca\/wp-json\/wp\/v2\/types\/page"}],"author":[{"embeddable":true,"href":"https:\/\/www.lopezgil.com\/ca\/wp-json\/wp\/v2\/users\/5"}],"replies":[{"embeddable":true,"href":"https:\/\/www.lopezgil.com\/ca\/wp-json\/wp\/v2\/comments?post=2670"}],"version-history":[{"count":2,"href":"https:\/\/www.lopezgil.com\/ca\/wp-json\/wp\/v2\/pages\/2670\/revisions"}],"predecessor-version":[{"id":3172,"href":"https:\/\/www.lopezgil.com\/ca\/wp-json\/wp\/v2\/pages\/2670\/revisions\/3172"}],"up":[{"embeddable":true,"href":"https:\/\/www.lopezgil.com\/ca\/wp-json\/wp\/v2\/pages\/2644"}],"wp:attachment":[{"href":"https:\/\/www.lopezgil.com\/ca\/wp-json\/wp\/v2\/media?parent=2670"}],"curies":[{"name":"wp","href":"https:\/\/api.w.org\/{rel}","templated":true}]}}