{"id":2601,"date":"2016-07-18T10:31:49","date_gmt":"2016-07-18T10:31:49","guid":{"rendered":"http:\/\/lopezgil.com\/enconstruccion\/inyecciones-capilares-multivitaminas-barcelona\/"},"modified":"2019-12-10T16:05:17","modified_gmt":"2019-12-10T16:05:17","slug":"injeccions-intracapilars-multivitamines-barcelona","status":"publish","type":"page","link":"https:\/\/www.lopezgil.com\/ca\/tractaments\/tractaments-capil%c2%b7lars\/injeccions-intracapilars-multivitamines-barcelona\/","title":{"rendered":"Injeccions intracapilars multivitamines"},"content":{"rendered":"<div id=\"fb-root\"><\/div>\n<p style=\"text-align: justify;\">[vc_row][vc_column][vc_row_inner][vc_column_inner]<script type=\"text\/javascript\">jQuery(function() { _initLayerSlider( '#layerslider_83_1a5lcxo5emt3d', {sliderVersion: '', responsiveUnder: 0, layersContainer: 0, hideUnder: 0, hideOver: 100000, pauseOnHover: 1, skin: 'v5', sliderFadeInDuration: 350, useSrcset: true, skinsPath: 'https:\/\/www.lopezgil.com\/wp-content\/plugins\/LayerSlider\/assets\/static\/layerslider\/skins\/', type: 'responsive', showCircleTimer: false, performanceMode: true}); });<\/script><div id=\"layerslider_83_1a5lcxo5emt3d\" class=\"ls-wp-container fitvidsignore\" style=\"width:600px;height:200px;margin:0 auto;margin-bottom: 0px;\"><div class=\"ls-slide\" data-ls=\"duration:4000;\"><img loading=\"lazy\" decoding=\"async\" width=\"600\" height=\"200\" src=\"https:\/\/www.lopezgil.com\/wp-content\/uploads\/drlopezgil-dermatologia-barcelona-600x200-inyecciones-multivitaminas-capilar.jpg\" class=\"ls-bg\" alt=\"drlopezgil-dermatologia-barcelona-600x200-inyecciones-multivitaminas-capilar\" srcset=\"https:\/\/www.lopezgil.com\/wp-content\/uploads\/drlopezgil-dermatologia-barcelona-600x200-inyecciones-multivitaminas-capilar.jpg 600w, https:\/\/www.lopezgil.com\/wp-content\/uploads\/drlopezgil-dermatologia-barcelona-600x200-inyecciones-multivitaminas-capilar-300x100.jpg 300w\" sizes=\"auto, (max-width: 600px) 100vw, 600px\" \/><\/div><\/div>[\/vc_column_inner][\/vc_row_inner][\/vc_column][\/vc_row][vc_row][vc_column width=&#8221;3\/4&#8243; css=&#8221;.vc_custom_1473066092346{margin-top: 0px !important;}&#8221;][vc_column_text css=&#8221;.vc_custom_1473066053815{margin-top: 0px !important;}&#8221;]\n<p style=\"text-align: justify;\">Les injeccions intracapilars multivitamines o la messoter\u00e0pia capil\u00b7lar \u00e9s un dels tractaments m\u00e9s utilitzats per tractar la caiguda de cabell o be afavorir la recuperaci\u00f3 i el creixement del mateix.<\/p>\n<h2 style=\"text-align: justify;\"><span style=\"color: #75c9d3;\"><strong>Tractament alop\u00e8cia: injeccions intracapilars multivitamines<\/strong><\/span><\/h2>\n<p style=\"text-align: justify;\">Consisteix en injectar a trav\u00e9s de petites agulles una combinaci\u00f3 de subst\u00e0ncies proactives que contenen una petita concentraci\u00f3 d\u2019\u00e0cid hialur\u00f2nic com a base m\u00e9s subst\u00e0ncies antiinflamat\u00f2ries que milloren el sistema circulatori.<\/p>\n<p style=\"text-align: justify;\">El gran avantatge de la messoter\u00e0pia capil\u00b7lar \u00e9s que al contenir \u00e0cid hialur\u00f2nic com a base millora el teixit al voltant de l\u2019arrel o fol\u00b7licle capil\u00b7lar i afavoreix l\u2019efecte depot o dep\u00f2sit. \u00c9s a dir les subst\u00e0ncies injectades queden m\u00e9s temps en el fol\u00b7licle, aix\u00ed que l\u2019efecte \u00e9s m\u00e9s durador que si la base fos aigua o s\u00e8rum fisiol\u00f2gic (cas de les infiltracions capil\u00b7lars).<\/p>\n<p style=\"text-align: justify;\">Es recomana realitzar un tractament a un any vista per aconseguir resultats satisfactoris. Les sessions s\u2019efectuen cada mes en el cas de voler frenar la caiguda de cabell i cada 2-3 mesos en el cas de que l\u2019objectiu sigui afavorir la recuperaci\u00f3 i creixement del cabell.<\/p>\n","protected":false},"excerpt":{"rendered":"<p>[vc_row][vc_column][vc_row_inner][vc_column_inner][\/vc_column_inner][\/vc_row_inner][\/vc_column][\/vc_row][vc_row][vc_column width=&#8221;3\/4&#8243; css=&#8221;.vc_custom_1473066092346{margin-top: 0px !important;}&#8221;][vc_column_text css=&#8221;.vc_custom_1473066053815{margin-top: 0px !important;}&#8221;] Les injeccions intracapilars multivitamines o la messoter\u00e0pia capil\u00b7lar \u00e9s un dels tractaments m\u00e9s utilitzats per tractar la caiguda de cabell o be afavorir la recuperaci\u00f3 i el creixement del mateix. Tractament alop\u00e8cia: injeccions intracapilars multivitamines Consisteix en injectar a trav\u00e9s de petites agulles una combinaci\u00f3 de subst\u00e0ncies [&hellip;]<\/p>\n","protected":false},"author":5,"featured_media":0,"parent":2608,"menu_order":0,"comment_status":"closed","ping_status":"closed","template":"soulmedic\/tpl-feature.php","meta":{"footnotes":""},"class_list":["post-2601","page","type-page","status-publish","hentry"],"yoast_head":"<!-- This site is optimized with the Yoast SEO plugin v19.12 - https:\/\/yoast.com\/wordpress\/plugins\/seo\/ -->\n<title>Injeccions intracapilars multivitamines|Dr. Lopez Gil|Cl\u00ednica Alopecia Barcelona<\/title>\n<meta name=\"description\" content=\"Tractament frenar alop\u00e8cia amb injeccions capil\u00b7lars multivitamines a Barcelona. La tecnologia m\u00e9s avan\u00e7ada en el tractament de la calv\u00edcie i alop\u00e8cia.\" \/>\n<meta name=\"robots\" content=\"index, follow, max-snippet:-1, max-image-preview:large, max-video-preview:-1\" \/>\n<link rel=\"canonical\" href=\"https:\/\/www.lopezgil.com\/ca\/tractaments\/tractaments-capil\u00b7lars\/injeccions-intracapilars-multivitamines-barcelona\/\" \/>\n<meta property=\"og:locale\" content=\"ca_ES\" \/>\n<meta property=\"og:type\" content=\"article\" \/>\n<meta property=\"og:title\" content=\"Injeccions intracapilars multivitamines|Dr. Lopez Gil|Cl\u00ednica Alopecia Barcelona\" \/>\n<meta property=\"og:description\" content=\"Tractament frenar alop\u00e8cia amb injeccions capil\u00b7lars multivitamines a Barcelona. La tecnologia m\u00e9s avan\u00e7ada en el tractament de la calv\u00edcie i alop\u00e8cia.\" \/>\n<meta property=\"og:url\" content=\"https:\/\/www.lopezgil.com\/ca\/tractaments\/tractaments-capil\u00b7lars\/injeccions-intracapilars-multivitamines-barcelona\/\" \/>\n<meta property=\"og:site_name\" content=\"Dr. Lopez Gil\" \/>\n<meta property=\"article:modified_time\" content=\"2019-12-10T16:05:17+00:00\" \/>\n<meta name=\"twitter:card\" content=\"summary_large_image\" \/>\n<meta name=\"twitter:label1\" content=\"Est. reading time\" \/>\n\t<meta name=\"twitter:data1\" content=\"1 minute\" \/>\n<script type=\"application\/ld+json\" class=\"yoast-schema-graph\">{\"@context\":\"https:\/\/schema.org\",\"@graph\":[{\"@type\":\"WebPage\",\"@id\":\"https:\/\/www.lopezgil.com\/ca\/tractaments\/tractaments-capil%c2%b7lars\/injeccions-intracapilars-multivitamines-barcelona\/\",\"url\":\"https:\/\/www.lopezgil.com\/ca\/tractaments\/tractaments-capil%c2%b7lars\/injeccions-intracapilars-multivitamines-barcelona\/\",\"name\":\"Injeccions intracapilars multivitamines|Dr. Lopez Gil|Cl\u00ednica Alopecia Barcelona\",\"isPartOf\":{\"@id\":\"https:\/\/www.lopezgil.com\/ca\/#website\"},\"datePublished\":\"2016-07-18T10:31:49+00:00\",\"dateModified\":\"2019-12-10T16:05:17+00:00\",\"description\":\"Tractament frenar alop\u00e8cia amb injeccions capil\u00b7lars multivitamines a Barcelona. La tecnologia m\u00e9s avan\u00e7ada en el tractament de la calv\u00edcie i alop\u00e8cia.\",\"breadcrumb\":{\"@id\":\"https:\/\/www.lopezgil.com\/ca\/tractaments\/tractaments-capil%c2%b7lars\/injeccions-intracapilars-multivitamines-barcelona\/#breadcrumb\"},\"inLanguage\":\"ca\",\"potentialAction\":[{\"@type\":\"ReadAction\",\"target\":[\"https:\/\/www.lopezgil.com\/ca\/tractaments\/tractaments-capil%c2%b7lars\/injeccions-intracapilars-multivitamines-barcelona\/\"]}]},{\"@type\":\"BreadcrumbList\",\"@id\":\"https:\/\/www.lopezgil.com\/ca\/tractaments\/tractaments-capil%c2%b7lars\/injeccions-intracapilars-multivitamines-barcelona\/#breadcrumb\",\"itemListElement\":[{\"@type\":\"ListItem\",\"position\":1,\"name\":\"Portada\",\"item\":\"https:\/\/www.lopezgil.com\/ca\/\"},{\"@type\":\"ListItem\",\"position\":2,\"name\":\"Tractaments\",\"item\":\"https:\/\/www.lopezgil.com\/ca\/tractaments\/\"},{\"@type\":\"ListItem\",\"position\":3,\"name\":\"Tractaments capil\u00b7lars\",\"item\":\"https:\/\/www.lopezgil.com\/ca\/tractaments\/tractaments-capil%c2%b7lars\/\"},{\"@type\":\"ListItem\",\"position\":4,\"name\":\"Injeccions intracapilars multivitamines\"}]},{\"@type\":\"WebSite\",\"@id\":\"https:\/\/www.lopezgil.com\/ca\/#website\",\"url\":\"https:\/\/www.lopezgil.com\/ca\/\",\"name\":\"Dr. Lopez Gil\",\"description\":\"Dermat\u00f3logo Barcelona\",\"potentialAction\":[{\"@type\":\"SearchAction\",\"target\":{\"@type\":\"EntryPoint\",\"urlTemplate\":\"https:\/\/www.lopezgil.com\/ca\/?s={search_term_string}\"},\"query-input\":\"required name=search_term_string\"}],\"inLanguage\":\"ca\"}]}<\/script>\n<!-- \/ Yoast SEO plugin. -->","yoast_head_json":{"title":"Injeccions intracapilars multivitamines|Dr. Lopez Gil|Cl\u00ednica Alopecia Barcelona","description":"Tractament frenar alop\u00e8cia amb injeccions capil\u00b7lars multivitamines a Barcelona. La tecnologia m\u00e9s avan\u00e7ada en el tractament de la calv\u00edcie i alop\u00e8cia.","robots":{"index":"index","follow":"follow","max-snippet":"max-snippet:-1","max-image-preview":"max-image-preview:large","max-video-preview":"max-video-preview:-1"},"canonical":"https:\/\/www.lopezgil.com\/ca\/tractaments\/tractaments-capil\u00b7lars\/injeccions-intracapilars-multivitamines-barcelona\/","og_locale":"ca_ES","og_type":"article","og_title":"Injeccions intracapilars multivitamines|Dr. Lopez Gil|Cl\u00ednica Alopecia Barcelona","og_description":"Tractament frenar alop\u00e8cia amb injeccions capil\u00b7lars multivitamines a Barcelona. La tecnologia m\u00e9s avan\u00e7ada en el tractament de la calv\u00edcie i alop\u00e8cia.","og_url":"https:\/\/www.lopezgil.com\/ca\/tractaments\/tractaments-capil\u00b7lars\/injeccions-intracapilars-multivitamines-barcelona\/","og_site_name":"Dr. Lopez Gil","article_modified_time":"2019-12-10T16:05:17+00:00","twitter_card":"summary_large_image","twitter_misc":{"Est. reading time":"1 minute"},"schema":{"@context":"https:\/\/schema.org","@graph":[{"@type":"WebPage","@id":"https:\/\/www.lopezgil.com\/ca\/tractaments\/tractaments-capil%c2%b7lars\/injeccions-intracapilars-multivitamines-barcelona\/","url":"https:\/\/www.lopezgil.com\/ca\/tractaments\/tractaments-capil%c2%b7lars\/injeccions-intracapilars-multivitamines-barcelona\/","name":"Injeccions intracapilars multivitamines|Dr. Lopez Gil|Cl\u00ednica Alopecia Barcelona","isPartOf":{"@id":"https:\/\/www.lopezgil.com\/ca\/#website"},"datePublished":"2016-07-18T10:31:49+00:00","dateModified":"2019-12-10T16:05:17+00:00","description":"Tractament frenar alop\u00e8cia amb injeccions capil\u00b7lars multivitamines a Barcelona. La tecnologia m\u00e9s avan\u00e7ada en el tractament de la calv\u00edcie i alop\u00e8cia.","breadcrumb":{"@id":"https:\/\/www.lopezgil.com\/ca\/tractaments\/tractaments-capil%c2%b7lars\/injeccions-intracapilars-multivitamines-barcelona\/#breadcrumb"},"inLanguage":"ca","potentialAction":[{"@type":"ReadAction","target":["https:\/\/www.lopezgil.com\/ca\/tractaments\/tractaments-capil%c2%b7lars\/injeccions-intracapilars-multivitamines-barcelona\/"]}]},{"@type":"BreadcrumbList","@id":"https:\/\/www.lopezgil.com\/ca\/tractaments\/tractaments-capil%c2%b7lars\/injeccions-intracapilars-multivitamines-barcelona\/#breadcrumb","itemListElement":[{"@type":"ListItem","position":1,"name":"Portada","item":"https:\/\/www.lopezgil.com\/ca\/"},{"@type":"ListItem","position":2,"name":"Tractaments","item":"https:\/\/www.lopezgil.com\/ca\/tractaments\/"},{"@type":"ListItem","position":3,"name":"Tractaments capil\u00b7lars","item":"https:\/\/www.lopezgil.com\/ca\/tractaments\/tractaments-capil%c2%b7lars\/"},{"@type":"ListItem","position":4,"name":"Injeccions intracapilars multivitamines"}]},{"@type":"WebSite","@id":"https:\/\/www.lopezgil.com\/ca\/#website","url":"https:\/\/www.lopezgil.com\/ca\/","name":"Dr. Lopez Gil","description":"Dermat\u00f3logo Barcelona","potentialAction":[{"@type":"SearchAction","target":{"@type":"EntryPoint","urlTemplate":"https:\/\/www.lopezgil.com\/ca\/?s={search_term_string}"},"query-input":"required name=search_term_string"}],"inLanguage":"ca"}]}},"_links":{"self":[{"href":"https:\/\/www.lopezgil.com\/ca\/wp-json\/wp\/v2\/pages\/2601","targetHints":{"allow":["GET"]}}],"collection":[{"href":"https:\/\/www.lopezgil.com\/ca\/wp-json\/wp\/v2\/pages"}],"about":[{"href":"https:\/\/www.lopezgil.com\/ca\/wp-json\/wp\/v2\/types\/page"}],"author":[{"embeddable":true,"href":"https:\/\/www.lopezgil.com\/ca\/wp-json\/wp\/v2\/users\/5"}],"replies":[{"embeddable":true,"href":"https:\/\/www.lopezgil.com\/ca\/wp-json\/wp\/v2\/comments?post=2601"}],"version-history":[{"count":3,"href":"https:\/\/www.lopezgil.com\/ca\/wp-json\/wp\/v2\/pages\/2601\/revisions"}],"predecessor-version":[{"id":5022,"href":"https:\/\/www.lopezgil.com\/ca\/wp-json\/wp\/v2\/pages\/2601\/revisions\/5022"}],"up":[{"embeddable":true,"href":"https:\/\/www.lopezgil.com\/ca\/wp-json\/wp\/v2\/pages\/2608"}],"wp:attachment":[{"href":"https:\/\/www.lopezgil.com\/ca\/wp-json\/wp\/v2\/media?parent=2601"}],"curies":[{"name":"wp","href":"https:\/\/api.w.org\/{rel}","templated":true}]}}