{"id":2598,"date":"2016-07-18T10:31:33","date_gmt":"2016-07-18T10:31:33","guid":{"rendered":"http:\/\/lopezgil.com\/enconstruccion\/infiltraciones-capilares-barcelona\/"},"modified":"2019-12-10T15:46:46","modified_gmt":"2019-12-10T15:46:46","slug":"infiltracions-capil%c2%b7lars-barcelona","status":"publish","type":"page","link":"https:\/\/www.lopezgil.com\/ca\/tractaments\/tractaments-capil%c2%b7lars\/infiltracions-capil%c2%b7lars-barcelona\/","title":{"rendered":"Infiltracions capil\u00b7lars"},"content":{"rendered":"<div id=\"fb-root\"><\/div>\n<p style=\"text-align: justify;\">[vc_row][vc_column][vc_row_inner][vc_column_inner]<script type=\"text\/javascript\">jQuery(function() { _initLayerSlider( '#layerslider_79_1hrkxvoyd868b', {sliderVersion: '', responsiveUnder: 0, layersContainer: 0, hideUnder: 0, hideOver: 100000, pauseOnHover: 1, skin: 'v5', sliderFadeInDuration: 350, useSrcset: true, skinsPath: 'https:\/\/www.lopezgil.com\/wp-content\/plugins\/LayerSlider\/assets\/static\/layerslider\/skins\/', type: 'responsive', showCircleTimer: false, performanceMode: true}); });<\/script><div id=\"layerslider_79_1hrkxvoyd868b\" class=\"ls-wp-container fitvidsignore\" style=\"width:600px;height:200px;margin:0 auto;margin-bottom: 0px;\"><div class=\"ls-slide\" data-ls=\"duration:4000;\"><img loading=\"lazy\" decoding=\"async\" width=\"600\" height=\"200\" src=\"https:\/\/www.lopezgil.com\/wp-content\/uploads\/drlopezgil-dermatologia-barcelona-600x200-infiltraciones-capilares-tratamiento-capilar.jpg\" class=\"ls-bg\" alt=\"drlopezgil-dermatologia-barcelona-600x200-infiltraciones-capilares-tratamiento-capilar\" srcset=\"https:\/\/www.lopezgil.com\/wp-content\/uploads\/drlopezgil-dermatologia-barcelona-600x200-infiltraciones-capilares-tratamiento-capilar.jpg 600w, https:\/\/www.lopezgil.com\/wp-content\/uploads\/drlopezgil-dermatologia-barcelona-600x200-infiltraciones-capilares-tratamiento-capilar-300x100.jpg 300w\" sizes=\"auto, (max-width: 600px) 100vw, 600px\" \/><\/div><\/div>[\/vc_column_inner][\/vc_row_inner][\/vc_column][\/vc_row][vc_row][vc_column width=&#8221;3\/4&#8243; css=&#8221;.vc_custom_1473066092346{margin-top: 0px !important;}&#8221;][vc_column_text css=&#8221;.vc_custom_1473066053815{margin-top: 0px !important;}&#8221;]\n<p style=\"text-align: justify;\">Les infiltracions capil\u00b7lars es caracteritzen per ser un dels tractaments m\u00e9s efica\u00e7os per frenar la caiguda de cabell i promoure l\u2019aparici\u00f3 de pel nou en les \u00e0ries m\u00e9s pobres tant en homes com en dones.<\/p>\n<h2 style=\"text-align: justify;\"><span style=\"color: #75c9d3;\"><strong>Tractament alopecia amb infiltracions capil\u00b7lars a Barcelona<\/strong><\/span><\/h2>\n<p style=\"text-align: justify;\">Les infiltracions consisteixen en aplicar una combinaci\u00f3 de productes actius de dif\u00edcil absorci\u00f3 com les vitamines, amino\u00e0cids i certs minerals directament en el fol\u00b7licle a trav\u00e9s d\u2019un sistema neum\u00e0tic. D\u2019aquesta forma s\u2019aconsegueix revitalitzar els fol\u00b7licles i incrementar el gruix i volum del cabell.<\/p>\n<p style=\"text-align: justify;\">El gran avantatge d\u2019aquest tractament \u00e9s que no produeix dolor ja que en la combinaci\u00f3 infiltrada hi ha incorporada anest\u00e8sia i no produeix efectes secundaris.<\/p>\n<p style=\"text-align: justify;\">Les sessions han de realitzar-se amb periodicitat mensual o trimestral segons el cas. Acostumen a ser necess\u00e0ries de 7 a 12 sessions al llarg de 1-2 anys, sempre complementant amb els tractaments farmac\u00e8utics.<\/p>\n","protected":false},"excerpt":{"rendered":"<p>[vc_row][vc_column][vc_row_inner][vc_column_inner][\/vc_column_inner][\/vc_row_inner][\/vc_column][\/vc_row][vc_row][vc_column width=&#8221;3\/4&#8243; css=&#8221;.vc_custom_1473066092346{margin-top: 0px !important;}&#8221;][vc_column_text css=&#8221;.vc_custom_1473066053815{margin-top: 0px !important;}&#8221;] Les infiltracions capil\u00b7lars es caracteritzen per ser un dels tractaments m\u00e9s efica\u00e7os per frenar la caiguda de cabell i promoure l\u2019aparici\u00f3 de pel nou en les \u00e0ries m\u00e9s pobres tant en homes com en dones. Tractament alopecia amb infiltracions capil\u00b7lars a Barcelona Les infiltracions consisteixen en aplicar [&hellip;]<\/p>\n","protected":false},"author":5,"featured_media":0,"parent":2608,"menu_order":0,"comment_status":"closed","ping_status":"closed","template":"soulmedic\/tpl-feature.php","meta":{"footnotes":""},"class_list":["post-2598","page","type-page","status-publish","hentry"],"yoast_head":"<!-- This site is optimized with the Yoast SEO plugin v19.12 - https:\/\/yoast.com\/wordpress\/plugins\/seo\/ -->\n<title>Infiltracions capil\u00b7lars | Dr. Lopez Gil | Cl\u00ednica Alop\u00e8cia Teknon Barcelona<\/title>\n<meta name=\"description\" content=\"Tractament amb infiltracions capil\u00b7lars a Barcelona. Cl\u00ednica especialista en alop\u00e8cia. La tecnologia m\u00e9s avan\u00e7ada en el tractament i fre de la calv\u00edcie.\" \/>\n<meta name=\"robots\" content=\"index, follow, max-snippet:-1, max-image-preview:large, max-video-preview:-1\" \/>\n<link rel=\"canonical\" href=\"https:\/\/www.lopezgil.com\/ca\/tractaments\/tractaments-capil\u00b7lars\/infiltracions-capil\u00b7lars-barcelona\/\" \/>\n<meta property=\"og:locale\" content=\"ca_ES\" \/>\n<meta property=\"og:type\" content=\"article\" \/>\n<meta property=\"og:title\" content=\"Infiltracions capil\u00b7lars | Dr. Lopez Gil | Cl\u00ednica Alop\u00e8cia Teknon Barcelona\" \/>\n<meta property=\"og:description\" content=\"Tractament amb infiltracions capil\u00b7lars a Barcelona. Cl\u00ednica especialista en alop\u00e8cia. La tecnologia m\u00e9s avan\u00e7ada en el tractament i fre de la calv\u00edcie.\" \/>\n<meta property=\"og:url\" content=\"https:\/\/www.lopezgil.com\/ca\/tractaments\/tractaments-capil\u00b7lars\/infiltracions-capil\u00b7lars-barcelona\/\" \/>\n<meta property=\"og:site_name\" content=\"Dr. Lopez Gil\" \/>\n<meta property=\"article:modified_time\" content=\"2019-12-10T15:46:46+00:00\" \/>\n<meta name=\"twitter:card\" content=\"summary_large_image\" \/>\n<meta name=\"twitter:label1\" content=\"Est. reading time\" \/>\n\t<meta name=\"twitter:data1\" content=\"1 minute\" \/>\n<script type=\"application\/ld+json\" class=\"yoast-schema-graph\">{\"@context\":\"https:\/\/schema.org\",\"@graph\":[{\"@type\":\"WebPage\",\"@id\":\"https:\/\/www.lopezgil.com\/ca\/tractaments\/tractaments-capil%c2%b7lars\/infiltracions-capil%c2%b7lars-barcelona\/\",\"url\":\"https:\/\/www.lopezgil.com\/ca\/tractaments\/tractaments-capil%c2%b7lars\/infiltracions-capil%c2%b7lars-barcelona\/\",\"name\":\"Infiltracions capil\u00b7lars | Dr. Lopez Gil | Cl\u00ednica Alop\u00e8cia Teknon Barcelona\",\"isPartOf\":{\"@id\":\"https:\/\/www.lopezgil.com\/ca\/#website\"},\"datePublished\":\"2016-07-18T10:31:33+00:00\",\"dateModified\":\"2019-12-10T15:46:46+00:00\",\"description\":\"Tractament amb infiltracions capil\u00b7lars a Barcelona. Cl\u00ednica especialista en alop\u00e8cia. La tecnologia m\u00e9s avan\u00e7ada en el tractament i fre de la calv\u00edcie.\",\"breadcrumb\":{\"@id\":\"https:\/\/www.lopezgil.com\/ca\/tractaments\/tractaments-capil%c2%b7lars\/infiltracions-capil%c2%b7lars-barcelona\/#breadcrumb\"},\"inLanguage\":\"ca\",\"potentialAction\":[{\"@type\":\"ReadAction\",\"target\":[\"https:\/\/www.lopezgil.com\/ca\/tractaments\/tractaments-capil%c2%b7lars\/infiltracions-capil%c2%b7lars-barcelona\/\"]}]},{\"@type\":\"BreadcrumbList\",\"@id\":\"https:\/\/www.lopezgil.com\/ca\/tractaments\/tractaments-capil%c2%b7lars\/infiltracions-capil%c2%b7lars-barcelona\/#breadcrumb\",\"itemListElement\":[{\"@type\":\"ListItem\",\"position\":1,\"name\":\"Portada\",\"item\":\"https:\/\/www.lopezgil.com\/ca\/\"},{\"@type\":\"ListItem\",\"position\":2,\"name\":\"Tractaments\",\"item\":\"https:\/\/www.lopezgil.com\/ca\/tractaments\/\"},{\"@type\":\"ListItem\",\"position\":3,\"name\":\"Tractaments capil\u00b7lars\",\"item\":\"https:\/\/www.lopezgil.com\/ca\/tractaments\/tractaments-capil%c2%b7lars\/\"},{\"@type\":\"ListItem\",\"position\":4,\"name\":\"Infiltracions capil\u00b7lars\"}]},{\"@type\":\"WebSite\",\"@id\":\"https:\/\/www.lopezgil.com\/ca\/#website\",\"url\":\"https:\/\/www.lopezgil.com\/ca\/\",\"name\":\"Dr. Lopez Gil\",\"description\":\"Dermat\u00f3logo Barcelona\",\"potentialAction\":[{\"@type\":\"SearchAction\",\"target\":{\"@type\":\"EntryPoint\",\"urlTemplate\":\"https:\/\/www.lopezgil.com\/ca\/?s={search_term_string}\"},\"query-input\":\"required name=search_term_string\"}],\"inLanguage\":\"ca\"}]}<\/script>\n<!-- \/ Yoast SEO plugin. -->","yoast_head_json":{"title":"Infiltracions capil\u00b7lars | Dr. Lopez Gil | Cl\u00ednica Alop\u00e8cia Teknon Barcelona","description":"Tractament amb infiltracions capil\u00b7lars a Barcelona. Cl\u00ednica especialista en alop\u00e8cia. La tecnologia m\u00e9s avan\u00e7ada en el tractament i fre de la calv\u00edcie.","robots":{"index":"index","follow":"follow","max-snippet":"max-snippet:-1","max-image-preview":"max-image-preview:large","max-video-preview":"max-video-preview:-1"},"canonical":"https:\/\/www.lopezgil.com\/ca\/tractaments\/tractaments-capil\u00b7lars\/infiltracions-capil\u00b7lars-barcelona\/","og_locale":"ca_ES","og_type":"article","og_title":"Infiltracions capil\u00b7lars | Dr. Lopez Gil | Cl\u00ednica Alop\u00e8cia Teknon Barcelona","og_description":"Tractament amb infiltracions capil\u00b7lars a Barcelona. Cl\u00ednica especialista en alop\u00e8cia. La tecnologia m\u00e9s avan\u00e7ada en el tractament i fre de la calv\u00edcie.","og_url":"https:\/\/www.lopezgil.com\/ca\/tractaments\/tractaments-capil\u00b7lars\/infiltracions-capil\u00b7lars-barcelona\/","og_site_name":"Dr. Lopez Gil","article_modified_time":"2019-12-10T15:46:46+00:00","twitter_card":"summary_large_image","twitter_misc":{"Est. reading time":"1 minute"},"schema":{"@context":"https:\/\/schema.org","@graph":[{"@type":"WebPage","@id":"https:\/\/www.lopezgil.com\/ca\/tractaments\/tractaments-capil%c2%b7lars\/infiltracions-capil%c2%b7lars-barcelona\/","url":"https:\/\/www.lopezgil.com\/ca\/tractaments\/tractaments-capil%c2%b7lars\/infiltracions-capil%c2%b7lars-barcelona\/","name":"Infiltracions capil\u00b7lars | Dr. Lopez Gil | Cl\u00ednica Alop\u00e8cia Teknon Barcelona","isPartOf":{"@id":"https:\/\/www.lopezgil.com\/ca\/#website"},"datePublished":"2016-07-18T10:31:33+00:00","dateModified":"2019-12-10T15:46:46+00:00","description":"Tractament amb infiltracions capil\u00b7lars a Barcelona. Cl\u00ednica especialista en alop\u00e8cia. La tecnologia m\u00e9s avan\u00e7ada en el tractament i fre de la calv\u00edcie.","breadcrumb":{"@id":"https:\/\/www.lopezgil.com\/ca\/tractaments\/tractaments-capil%c2%b7lars\/infiltracions-capil%c2%b7lars-barcelona\/#breadcrumb"},"inLanguage":"ca","potentialAction":[{"@type":"ReadAction","target":["https:\/\/www.lopezgil.com\/ca\/tractaments\/tractaments-capil%c2%b7lars\/infiltracions-capil%c2%b7lars-barcelona\/"]}]},{"@type":"BreadcrumbList","@id":"https:\/\/www.lopezgil.com\/ca\/tractaments\/tractaments-capil%c2%b7lars\/infiltracions-capil%c2%b7lars-barcelona\/#breadcrumb","itemListElement":[{"@type":"ListItem","position":1,"name":"Portada","item":"https:\/\/www.lopezgil.com\/ca\/"},{"@type":"ListItem","position":2,"name":"Tractaments","item":"https:\/\/www.lopezgil.com\/ca\/tractaments\/"},{"@type":"ListItem","position":3,"name":"Tractaments capil\u00b7lars","item":"https:\/\/www.lopezgil.com\/ca\/tractaments\/tractaments-capil%c2%b7lars\/"},{"@type":"ListItem","position":4,"name":"Infiltracions capil\u00b7lars"}]},{"@type":"WebSite","@id":"https:\/\/www.lopezgil.com\/ca\/#website","url":"https:\/\/www.lopezgil.com\/ca\/","name":"Dr. Lopez Gil","description":"Dermat\u00f3logo Barcelona","potentialAction":[{"@type":"SearchAction","target":{"@type":"EntryPoint","urlTemplate":"https:\/\/www.lopezgil.com\/ca\/?s={search_term_string}"},"query-input":"required name=search_term_string"}],"inLanguage":"ca"}]}},"_links":{"self":[{"href":"https:\/\/www.lopezgil.com\/ca\/wp-json\/wp\/v2\/pages\/2598","targetHints":{"allow":["GET"]}}],"collection":[{"href":"https:\/\/www.lopezgil.com\/ca\/wp-json\/wp\/v2\/pages"}],"about":[{"href":"https:\/\/www.lopezgil.com\/ca\/wp-json\/wp\/v2\/types\/page"}],"author":[{"embeddable":true,"href":"https:\/\/www.lopezgil.com\/ca\/wp-json\/wp\/v2\/users\/5"}],"replies":[{"embeddable":true,"href":"https:\/\/www.lopezgil.com\/ca\/wp-json\/wp\/v2\/comments?post=2598"}],"version-history":[{"count":3,"href":"https:\/\/www.lopezgil.com\/ca\/wp-json\/wp\/v2\/pages\/2598\/revisions"}],"predecessor-version":[{"id":5015,"href":"https:\/\/www.lopezgil.com\/ca\/wp-json\/wp\/v2\/pages\/2598\/revisions\/5015"}],"up":[{"embeddable":true,"href":"https:\/\/www.lopezgil.com\/ca\/wp-json\/wp\/v2\/pages\/2608"}],"wp:attachment":[{"href":"https:\/\/www.lopezgil.com\/ca\/wp-json\/wp\/v2\/media?parent=2598"}],"curies":[{"name":"wp","href":"https:\/\/api.w.org\/{rel}","templated":true}]}}