{"id":2585,"date":"2016-06-16T09:54:59","date_gmt":"2016-06-16T09:54:59","guid":{"rendered":"http:\/\/lopezgil.com\/enconstruccion\/dermatologia-estetica-barcelona\/rosacea-cuperosis\/"},"modified":"2019-12-06T17:06:53","modified_gmt":"2019-12-06T17:06:53","slug":"cuperosi-rosacia","status":"publish","type":"page","link":"https:\/\/www.lopezgil.com\/ca\/dermatologia-estetica-barcelona\/cuperosi-rosacia\/","title":{"rendered":"Cuperosi o ros\u00e0cia"},"content":{"rendered":"<div id=\"fb-root\"><\/div>\n<p style=\"text-align: justify;\">[vc_row][vc_column][vc_row_inner][vc_column_inner]<script type=\"text\/javascript\">jQuery(function() { _initLayerSlider( '#layerslider_69_1gzlskzp6nltk', {sliderVersion: '', responsiveUnder: 0, layersContainer: 0, hideUnder: 0, hideOver: 100000, pauseOnHover: 1, skin: 'v5', sliderFadeInDuration: 350, useSrcset: true, skinsPath: 'https:\/\/www.lopezgil.com\/wp-content\/plugins\/LayerSlider\/assets\/static\/layerslider\/skins\/', type: 'responsive', showCircleTimer: false, performanceMode: true}); });<\/script><div id=\"layerslider_69_1gzlskzp6nltk\" class=\"ls-wp-container fitvidsignore\" style=\"width:600px;height:200px;margin:0 auto;margin-bottom: 0px;\"><div class=\"ls-slide\" data-ls=\"duration:4000;\"><img loading=\"lazy\" decoding=\"async\" width=\"600\" height=\"200\" src=\"https:\/\/www.lopezgil.com\/wp-content\/uploads\/drlopezgil-dermatologia-barcelona-600x200-rosacea-cuperosi-dermatologia-estetica.jpg\" class=\"ls-bg\" alt=\"drlopezgil-dermatologia-barcelona-600x200-rosacea-cuperosi-dermatologia-estetica\" srcset=\"https:\/\/www.lopezgil.com\/wp-content\/uploads\/drlopezgil-dermatologia-barcelona-600x200-rosacea-cuperosi-dermatologia-estetica.jpg 600w, https:\/\/www.lopezgil.com\/wp-content\/uploads\/drlopezgil-dermatologia-barcelona-600x200-rosacea-cuperosi-dermatologia-estetica-300x100.jpg 300w\" sizes=\"auto, (max-width: 600px) 100vw, 600px\" \/><\/div><\/div>[\/vc_column_inner][\/vc_row_inner][\/vc_column][\/vc_row][vc_row][vc_column width=&#8221;3\/4&#8243; css=&#8221;.vc_custom_1473066092346{margin-top: 0px !important;}&#8221;][vc_column_text css=&#8221;.vc_custom_1473066053815{margin-top: 0px !important;}&#8221;]\n<h2 style=\"text-align: justify;\"><span style=\"color: #75c9d3;\"><strong>Qu\u00e8 \u00e9s la cuperosi o ros\u00e0cia?<\/strong><\/span><\/h2>\n<p style=\"text-align: justify;\">La cuperosi i ros\u00e0cia s\u00f3n afeccions benignes, cr\u00f2niques i recurrents de la pell. Es caracteritzen per:<\/p>\n<ul style=\"text-align: justify;\">\n<li>Cuperosi: presentar envermelliment degut a la dilataci\u00f3 dels vasos capil\u00b7lars que irriguen la dermis.<\/li>\n<li>Ros\u00e0cia: pot mostrar la dilataci\u00f3 dels vasos i\/o les lesions inflamat\u00f2ries amb p\u00e0pules i p\u00fastules en el rostre, similar a l\u2019acne.<\/li>\n<\/ul>\n<h2 style=\"text-align: justify;\"><span style=\"color: #75c9d3;\"><strong>A qui afecta?<\/strong><\/span><\/h2>\n<p style=\"text-align: justify;\">Poden afectar tant als homes com a les dones, encara que sobretot afecten a les dones a partir dels 30 anys i tendeixen a augmentar amb l\u2019edat.<\/p>\n<h2 style=\"text-align: justify;\"><span style=\"color: #75c9d3;\"><strong>Causes de la cuperosi o ros\u00e0cia<\/strong><\/span><\/h2>\n<p style=\"text-align: justify;\">Els factors que predisposen a patir aquestes infeccions cut\u00e0nies s\u00f3n:<\/p>\n<ul style=\"text-align: justify;\">\n<li>Fototipus clars<\/li>\n<li>Edat<\/li>\n<li>Factors hereditaris<\/li>\n<li>Certs medicaments (hipotensors o corticoides t\u00f2pics)<\/li>\n<li>Factors alimentaris (ab\u00fas del caf\u00e8, alcohol, tabac o menjars especiats)<\/li>\n<li>Situacions emocionals intenses, estr\u00e8s, fatiga i nervis<\/li>\n<li>Situacions extremes de temperatura (exposici\u00f3 al sol, vent, fred)<\/li>\n<li>Contaminaci\u00f3 ambiental (fum, di\u00f2xids, plom, tabac&#8230;)<\/li>\n<\/ul>\n<h2 style=\"text-align: justify;\"><span style=\"color: #75c9d3;\"><strong>Tractament de la <\/strong><\/span><span style=\"color: #75c9d3;\"><strong>cuperosi o ros\u00e0cia a Barcelona<\/strong><\/span><\/h2>\n<p style=\"text-align: justify;\">Encara que s\u00f3n afeccions benignes, es recomana tractar-les per la seva comoditat est\u00e8tica.<\/p>\n<p style=\"text-align: justify;\">En el cas de la ros\u00e0cia, per un costat tenim els tractament per tractar la fase inflamat\u00f2ria com s\u00f3n els antibi\u00f2tics i per un altre costat el l\u00e0ser vascular per tractar la dilataci\u00f3 dels vasos (cuperosi).<\/p>\n<p style=\"text-align: justify;\">El <a href=\"https:\/\/www.lopezgil.com\/tratamientos-laser-nordlys-de-ellipse-y-laser-co2-fraccionado\/cuperosis\/\">l\u00e0ser vascular<\/a> tanca definitivament les venetes dilatades que provoquen l\u2019envermelliment. Per aconseguir l\u2019eliminaci\u00f3 total acostumen a ser necess\u00e0ries tres o quatre sessions al llarg de l\u2019any per aconseguir la seva eliminaci\u00f3, per\u00f2 dep\u00e8n de cada cas en particular. El procediment \u00e9s indolor per\u00f2 durant els dos o tres dies posteriors al tractament pot ocasionar petites mol\u00e8sties.<\/p>\n<h2 style=\"text-align: justify;\"><\/h2>\n","protected":false},"excerpt":{"rendered":"<p>[vc_row][vc_column][vc_row_inner][vc_column_inner][\/vc_column_inner][\/vc_row_inner][\/vc_column][\/vc_row][vc_row][vc_column width=&#8221;3\/4&#8243; css=&#8221;.vc_custom_1473066092346{margin-top: 0px !important;}&#8221;][vc_column_text css=&#8221;.vc_custom_1473066053815{margin-top: 0px !important;}&#8221;] Qu\u00e8 \u00e9s la cuperosi o ros\u00e0cia? La cuperosi i ros\u00e0cia s\u00f3n afeccions benignes, cr\u00f2niques i recurrents de la pell. Es caracteritzen per: Cuperosi: presentar envermelliment degut a la dilataci\u00f3 dels vasos capil\u00b7lars que irriguen la dermis. Ros\u00e0cia: pot mostrar la dilataci\u00f3 dels vasos i\/o les lesions inflamat\u00f2ries [&hellip;]<\/p>\n","protected":false},"author":5,"featured_media":0,"parent":1759,"menu_order":0,"comment_status":"closed","ping_status":"closed","template":"soulmedic\/tpl-feature.php","meta":{"footnotes":""},"class_list":["post-2585","page","type-page","status-publish","hentry"],"yoast_head":"<!-- This site is optimized with the Yoast SEO plugin v19.12 - https:\/\/yoast.com\/wordpress\/plugins\/seo\/ -->\n<title>Cuperosi o ros\u00e0cia | Dr. Lopez Gil | Clinica Teknon Barcelona<\/title>\n<meta name=\"description\" content=\"La nostra cl\u00ednica est\u00e8tica demartol\u00f3gica a Barcelona compta amb els tractaments m\u00e9s noved\u00f3s i efectius per eliminar la cuperosi i ros\u00e0cia. Consulta&#039;ns!\" \/>\n<meta name=\"robots\" content=\"index, follow, max-snippet:-1, max-image-preview:large, max-video-preview:-1\" \/>\n<link rel=\"canonical\" href=\"https:\/\/www.lopezgil.com\/ca\/dermatologia-estetica-barcelona\/cuperosi-rosacia\/\" \/>\n<meta property=\"og:locale\" content=\"ca_ES\" \/>\n<meta property=\"og:type\" content=\"article\" \/>\n<meta property=\"og:title\" content=\"Cuperosi o ros\u00e0cia | Dr. Lopez Gil | Clinica Teknon Barcelona\" \/>\n<meta property=\"og:description\" content=\"La nostra cl\u00ednica est\u00e8tica demartol\u00f3gica a Barcelona compta amb els tractaments m\u00e9s noved\u00f3s i efectius per eliminar la cuperosi i ros\u00e0cia. Consulta&#039;ns!\" \/>\n<meta property=\"og:url\" content=\"https:\/\/www.lopezgil.com\/ca\/dermatologia-estetica-barcelona\/cuperosi-rosacia\/\" \/>\n<meta property=\"og:site_name\" content=\"Dr. Lopez Gil\" \/>\n<meta property=\"article:modified_time\" content=\"2019-12-06T17:06:53+00:00\" \/>\n<meta name=\"twitter:card\" content=\"summary_large_image\" \/>\n<meta name=\"twitter:label1\" content=\"Est. reading time\" \/>\n\t<meta name=\"twitter:data1\" content=\"2 minutes\" \/>\n<script type=\"application\/ld+json\" class=\"yoast-schema-graph\">{\"@context\":\"https:\/\/schema.org\",\"@graph\":[{\"@type\":\"WebPage\",\"@id\":\"https:\/\/www.lopezgil.com\/ca\/dermatologia-estetica-barcelona\/cuperosi-rosacia\/\",\"url\":\"https:\/\/www.lopezgil.com\/ca\/dermatologia-estetica-barcelona\/cuperosi-rosacia\/\",\"name\":\"Cuperosi o ros\u00e0cia | Dr. Lopez Gil | Clinica Teknon Barcelona\",\"isPartOf\":{\"@id\":\"https:\/\/www.lopezgil.com\/ca\/#website\"},\"datePublished\":\"2016-06-16T09:54:59+00:00\",\"dateModified\":\"2019-12-06T17:06:53+00:00\",\"description\":\"La nostra cl\u00ednica est\u00e8tica demartol\u00f3gica a Barcelona compta amb els tractaments m\u00e9s noved\u00f3s i efectius per eliminar la cuperosi i ros\u00e0cia. Consulta'ns!\",\"breadcrumb\":{\"@id\":\"https:\/\/www.lopezgil.com\/ca\/dermatologia-estetica-barcelona\/cuperosi-rosacia\/#breadcrumb\"},\"inLanguage\":\"ca\",\"potentialAction\":[{\"@type\":\"ReadAction\",\"target\":[\"https:\/\/www.lopezgil.com\/ca\/dermatologia-estetica-barcelona\/cuperosi-rosacia\/\"]}]},{\"@type\":\"BreadcrumbList\",\"@id\":\"https:\/\/www.lopezgil.com\/ca\/dermatologia-estetica-barcelona\/cuperosi-rosacia\/#breadcrumb\",\"itemListElement\":[{\"@type\":\"ListItem\",\"position\":1,\"name\":\"Portada\",\"item\":\"https:\/\/www.lopezgil.com\/ca\/\"},{\"@type\":\"ListItem\",\"position\":2,\"name\":\"Dermatologia est\u00e8tica\",\"item\":\"https:\/\/www.lopezgil.com\/ca\/dermatologia-estetica-barcelona\/\"},{\"@type\":\"ListItem\",\"position\":3,\"name\":\"Cuperosi o ros\u00e0cia\"}]},{\"@type\":\"WebSite\",\"@id\":\"https:\/\/www.lopezgil.com\/ca\/#website\",\"url\":\"https:\/\/www.lopezgil.com\/ca\/\",\"name\":\"Dr. Lopez Gil\",\"description\":\"Dermat\u00f3logo Barcelona\",\"potentialAction\":[{\"@type\":\"SearchAction\",\"target\":{\"@type\":\"EntryPoint\",\"urlTemplate\":\"https:\/\/www.lopezgil.com\/ca\/?s={search_term_string}\"},\"query-input\":\"required name=search_term_string\"}],\"inLanguage\":\"ca\"}]}<\/script>\n<!-- \/ Yoast SEO plugin. -->","yoast_head_json":{"title":"Cuperosi o ros\u00e0cia | Dr. Lopez Gil | Clinica Teknon Barcelona","description":"La nostra cl\u00ednica est\u00e8tica demartol\u00f3gica a Barcelona compta amb els tractaments m\u00e9s noved\u00f3s i efectius per eliminar la cuperosi i ros\u00e0cia. Consulta'ns!","robots":{"index":"index","follow":"follow","max-snippet":"max-snippet:-1","max-image-preview":"max-image-preview:large","max-video-preview":"max-video-preview:-1"},"canonical":"https:\/\/www.lopezgil.com\/ca\/dermatologia-estetica-barcelona\/cuperosi-rosacia\/","og_locale":"ca_ES","og_type":"article","og_title":"Cuperosi o ros\u00e0cia | Dr. Lopez Gil | Clinica Teknon Barcelona","og_description":"La nostra cl\u00ednica est\u00e8tica demartol\u00f3gica a Barcelona compta amb els tractaments m\u00e9s noved\u00f3s i efectius per eliminar la cuperosi i ros\u00e0cia. Consulta'ns!","og_url":"https:\/\/www.lopezgil.com\/ca\/dermatologia-estetica-barcelona\/cuperosi-rosacia\/","og_site_name":"Dr. Lopez Gil","article_modified_time":"2019-12-06T17:06:53+00:00","twitter_card":"summary_large_image","twitter_misc":{"Est. reading time":"2 minutes"},"schema":{"@context":"https:\/\/schema.org","@graph":[{"@type":"WebPage","@id":"https:\/\/www.lopezgil.com\/ca\/dermatologia-estetica-barcelona\/cuperosi-rosacia\/","url":"https:\/\/www.lopezgil.com\/ca\/dermatologia-estetica-barcelona\/cuperosi-rosacia\/","name":"Cuperosi o ros\u00e0cia | Dr. Lopez Gil | Clinica Teknon Barcelona","isPartOf":{"@id":"https:\/\/www.lopezgil.com\/ca\/#website"},"datePublished":"2016-06-16T09:54:59+00:00","dateModified":"2019-12-06T17:06:53+00:00","description":"La nostra cl\u00ednica est\u00e8tica demartol\u00f3gica a Barcelona compta amb els tractaments m\u00e9s noved\u00f3s i efectius per eliminar la cuperosi i ros\u00e0cia. Consulta'ns!","breadcrumb":{"@id":"https:\/\/www.lopezgil.com\/ca\/dermatologia-estetica-barcelona\/cuperosi-rosacia\/#breadcrumb"},"inLanguage":"ca","potentialAction":[{"@type":"ReadAction","target":["https:\/\/www.lopezgil.com\/ca\/dermatologia-estetica-barcelona\/cuperosi-rosacia\/"]}]},{"@type":"BreadcrumbList","@id":"https:\/\/www.lopezgil.com\/ca\/dermatologia-estetica-barcelona\/cuperosi-rosacia\/#breadcrumb","itemListElement":[{"@type":"ListItem","position":1,"name":"Portada","item":"https:\/\/www.lopezgil.com\/ca\/"},{"@type":"ListItem","position":2,"name":"Dermatologia est\u00e8tica","item":"https:\/\/www.lopezgil.com\/ca\/dermatologia-estetica-barcelona\/"},{"@type":"ListItem","position":3,"name":"Cuperosi o ros\u00e0cia"}]},{"@type":"WebSite","@id":"https:\/\/www.lopezgil.com\/ca\/#website","url":"https:\/\/www.lopezgil.com\/ca\/","name":"Dr. Lopez Gil","description":"Dermat\u00f3logo Barcelona","potentialAction":[{"@type":"SearchAction","target":{"@type":"EntryPoint","urlTemplate":"https:\/\/www.lopezgil.com\/ca\/?s={search_term_string}"},"query-input":"required name=search_term_string"}],"inLanguage":"ca"}]}},"_links":{"self":[{"href":"https:\/\/www.lopezgil.com\/ca\/wp-json\/wp\/v2\/pages\/2585","targetHints":{"allow":["GET"]}}],"collection":[{"href":"https:\/\/www.lopezgil.com\/ca\/wp-json\/wp\/v2\/pages"}],"about":[{"href":"https:\/\/www.lopezgil.com\/ca\/wp-json\/wp\/v2\/types\/page"}],"author":[{"embeddable":true,"href":"https:\/\/www.lopezgil.com\/ca\/wp-json\/wp\/v2\/users\/5"}],"replies":[{"embeddable":true,"href":"https:\/\/www.lopezgil.com\/ca\/wp-json\/wp\/v2\/comments?post=2585"}],"version-history":[{"count":4,"href":"https:\/\/www.lopezgil.com\/ca\/wp-json\/wp\/v2\/pages\/2585\/revisions"}],"predecessor-version":[{"id":4903,"href":"https:\/\/www.lopezgil.com\/ca\/wp-json\/wp\/v2\/pages\/2585\/revisions\/4903"}],"up":[{"embeddable":true,"href":"https:\/\/www.lopezgil.com\/ca\/wp-json\/wp\/v2\/pages\/1759"}],"wp:attachment":[{"href":"https:\/\/www.lopezgil.com\/ca\/wp-json\/wp\/v2\/media?parent=2585"}],"curies":[{"name":"wp","href":"https:\/\/api.w.org\/{rel}","templated":true}]}}