{"id":2560,"date":"2016-06-16T09:56:42","date_gmt":"2016-06-16T09:56:42","guid":{"rendered":"http:\/\/lopezgil.com\/enconstruccion\/dermatologia-estetica-barcelona\/depilacion-laser-fotodepilacion\/"},"modified":"2019-12-08T21:27:48","modified_gmt":"2019-12-08T21:27:48","slug":"depilacio-laser-fotodepilacio","status":"publish","type":"page","link":"https:\/\/www.lopezgil.com\/ca\/dermatologia-estetica-barcelona\/depilacio-laser-fotodepilacio\/","title":{"rendered":"Depilaci\u00f3 l\u00e0ser"},"content":{"rendered":"<div id=\"fb-root\"><\/div>\n<p style=\"text-align: justify;\">[vc_row][vc_column][vc_row_inner][vc_column_inner]<script type=\"text\/javascript\">jQuery(function() { _initLayerSlider( '#layerslider_63_1nh5z3qwpsjqq', {sliderVersion: '', responsiveUnder: 0, layersContainer: 0, hideUnder: 0, hideOver: 100000, pauseOnHover: 1, skin: 'v5', sliderFadeInDuration: 350, useSrcset: true, skinsPath: 'https:\/\/www.lopezgil.com\/wp-content\/plugins\/LayerSlider\/assets\/static\/layerslider\/skins\/', type: 'responsive', showCircleTimer: false, performanceMode: true}); });<\/script><div id=\"layerslider_63_1nh5z3qwpsjqq\" class=\"ls-wp-container fitvidsignore\" style=\"width:600px;height:200px;margin:0 auto;margin-bottom: 0px;\"><div class=\"ls-slide\" data-ls=\"duration:4000;\"><img loading=\"lazy\" decoding=\"async\" width=\"600\" height=\"200\" src=\"https:\/\/www.lopezgil.com\/wp-content\/uploads\/drlopezgil_dermatologia_barcelona_600x200_depil.lacio_definitiva_laser.jpg\" class=\"ls-bg\" alt=\"tratamiento-cuperosis-dermatologo-depilacion-laser-fototerapia-barcelona-doctor-lopez-gil-dermatoleg\" srcset=\"https:\/\/www.lopezgil.com\/wp-content\/uploads\/drlopezgil_dermatologia_barcelona_600x200_depil.lacio_definitiva_laser.jpg 600w, https:\/\/www.lopezgil.com\/wp-content\/uploads\/drlopezgil_dermatologia_barcelona_600x200_depil.lacio_definitiva_laser-300x100.jpg 300w\" sizes=\"auto, (max-width: 600px) 100vw, 600px\" \/><\/div><\/div>[\/vc_column_inner][\/vc_row_inner][\/vc_column][\/vc_row][vc_row][vc_column width=&#8221;3\/4&#8243; css=&#8221;.vc_custom_1473066092346{margin-top: 0px !important;}&#8221;][vc_column_text css=&#8221;.vc_custom_1473066053815{margin-top: 0px !important;}&#8221;]\n<h2 style=\"text-align: justify;\"><span style=\"color: #75c9d3;\"><strong>Qu\u00e8 \u00e9s?<\/strong><\/span><\/h2>\n<p style=\"text-align: justify;\">Quan ens plantegem realitzar-nos la depilaci\u00f3 l\u00e0ser, l\u2019aspecte m\u00e9s cr\u00edtic no nom\u00e9s \u00e9s la seva efectivitat sin\u00f3 la seguretat del procediment, ja que s\u2019ha de realitzar en un entorn m\u00e8dic i seguint un protocol que ens ofereixi \u00e8xit terap\u00e8utic i satisfaci les necessitats i expectatives del pacient amb una depilaci\u00f3 permanent.<\/p>\n<p style=\"text-align: justify;\">L\u2019\u00fas dels dispositius l\u00e0ser per la depilaci\u00f3 \u00e9s un procediment molt conegut degut a l\u2019experi\u00e8ncia en el seu \u00fas i la seva alta taxa d\u2019\u00e8xit en relaci\u00f3 a la fotodepilaci\u00f3.<\/p>\n<h2 style=\"text-align: justify;\"><span style=\"color: #75c9d3;\"><strong>Tractament<\/strong><\/span><\/h2>\n<p style=\"text-align: justify;\"><u>En qu\u00e8 consisteix?<\/u><\/p>\n<p style=\"text-align: justify;\">Abans de la primera sessi\u00f3, realitzem una prova per assegurar-nos que la pell del pacient \u00e9s apta per aquest proc\u00e9s i que no \u00e9s fotosensible, \u00e9s a dir, no presenta al\u00b7l\u00e8rgies al seu \u00fas.<\/p>\n<p style=\"text-align: justify;\">Amb la depilaci\u00f3 l\u00e0ser s\u2019aconsegueix danyar el fol\u00b7licle pil\u00f3s inhibint el creixement del pel.<\/p>\n<p style=\"text-align: justify;\"><u>\u00c9s dolor\u00f3s?<\/u><\/p>\n<p style=\"text-align: justify;\">Per les persones que ho desitgen, apliquem anest\u00e8sia t\u00f2pica per minimitzar les petites mol\u00e8sties que poder sorgir amb l\u2019aplicaci\u00f3 del l\u00e0ser.<\/p>\n<p style=\"text-align: justify;\"><u>Quantes sessions s\u00f3n necess\u00e0ries?<\/u><\/p>\n<p style=\"text-align: justify;\">El n\u00famero de sessions a realitzar dependr\u00e0 de varis factors, tals com el tipus de pell i el tipus, color, distribuci\u00f3 i gruix del pel.<\/p>\n<p style=\"text-align: justify;\">Generalment, seran necess\u00e0ries entre 6 i 8 sessions per poder aconseguir uns resultats definitius.<\/p>\n<h2 style=\"text-align: justify;\"><span style=\"color: #75c9d3;\"><strong>Consells previs al tractament<\/strong><\/span><\/h2>\n<ul style=\"text-align: justify;\">\n<li>Evitar l\u2019exposici\u00f3 solar perllongada durant els 7 dies previs al tractament.<\/li>\n<li>No estar bronzejat\/da.<\/li>\n<li>No tenir ferides o cicatrius recents.<\/li>\n<li>No tenir herpes.<\/li>\n<\/ul>\n<h2 style=\"text-align: justify;\"><span style=\"color: #75c9d3;\"><strong>Consells post-tractament<\/strong><\/span><\/h2>\n<ul>\n<li style=\"text-align: justify;\">Evitar l\u2019exposici\u00f3 solar perllongada durant 7 dies posteriors.<\/li>\n<li style=\"text-align: justify;\">Usar protector solar.<\/li>\n<li style=\"text-align: justify;\">Hidratar la pell.<\/li>\n<li style=\"text-align: justify;\">No depilar la zona tractada amb cera.<\/li>\n<li style=\"text-align: justify;\">No realitzar sessions de rajos UVA.<\/li>\n<li style=\"text-align: justify;\">Evitar tractaments que erosionin la pell o la desprengui.<\/li>\n<\/ul>\n","protected":false},"excerpt":{"rendered":"<p>[vc_row][vc_column][vc_row_inner][vc_column_inner][\/vc_column_inner][\/vc_row_inner][\/vc_column][\/vc_row][vc_row][vc_column width=&#8221;3\/4&#8243; css=&#8221;.vc_custom_1473066092346{margin-top: 0px !important;}&#8221;][vc_column_text css=&#8221;.vc_custom_1473066053815{margin-top: 0px !important;}&#8221;] Qu\u00e8 \u00e9s? Quan ens plantegem realitzar-nos la depilaci\u00f3 l\u00e0ser, l\u2019aspecte m\u00e9s cr\u00edtic no nom\u00e9s \u00e9s la seva efectivitat sin\u00f3 la seguretat del procediment, ja que s\u2019ha de realitzar en un entorn m\u00e8dic i seguint un protocol que ens ofereixi \u00e8xit terap\u00e8utic i satisfaci les necessitats i expectatives [&hellip;]<\/p>\n","protected":false},"author":5,"featured_media":0,"parent":1759,"menu_order":0,"comment_status":"closed","ping_status":"closed","template":"soulmedic\/tpl-feature.php","meta":{"footnotes":""},"class_list":["post-2560","page","type-page","status-publish","hentry"],"yoast_head":"<!-- This site is optimized with the Yoast SEO plugin v19.12 - https:\/\/yoast.com\/wordpress\/plugins\/seo\/ -->\n<title>Depilaci\u00f3 l\u00e0ser | Dr. Lopez Gil | Cl\u00ednica Est\u00e8tica Teknon Barcelona<\/title>\n<meta name=\"description\" content=\"El teu cl\u00ednica de depilaci\u00f3 l\u00e0ser a Barcelona. L\u00e0ser sense dolor i depilaci\u00f3 definitiva per a home i dona amb resultats des de la primera sessi\u00f3.Consulta&#039;ns\" \/>\n<meta name=\"robots\" content=\"index, follow, max-snippet:-1, max-image-preview:large, max-video-preview:-1\" \/>\n<link rel=\"canonical\" href=\"https:\/\/www.lopezgil.com\/ca\/dermatologia-estetica-barcelona\/depilacio-laser-fotodepilacio\/\" \/>\n<meta property=\"og:locale\" content=\"ca_ES\" \/>\n<meta property=\"og:type\" content=\"article\" \/>\n<meta property=\"og:title\" content=\"Depilaci\u00f3 l\u00e0ser | Dr. Lopez Gil | Cl\u00ednica Est\u00e8tica Teknon Barcelona\" \/>\n<meta property=\"og:description\" content=\"El teu cl\u00ednica de depilaci\u00f3 l\u00e0ser a Barcelona. L\u00e0ser sense dolor i depilaci\u00f3 definitiva per a home i dona amb resultats des de la primera sessi\u00f3.Consulta&#039;ns\" \/>\n<meta property=\"og:url\" content=\"https:\/\/www.lopezgil.com\/ca\/dermatologia-estetica-barcelona\/depilacio-laser-fotodepilacio\/\" \/>\n<meta property=\"og:site_name\" content=\"Dr. Lopez Gil\" \/>\n<meta property=\"article:modified_time\" content=\"2019-12-08T21:27:48+00:00\" \/>\n<meta name=\"twitter:card\" content=\"summary_large_image\" \/>\n<meta name=\"twitter:label1\" content=\"Est. reading time\" \/>\n\t<meta name=\"twitter:data1\" content=\"2 minutes\" \/>\n<script type=\"application\/ld+json\" class=\"yoast-schema-graph\">{\"@context\":\"https:\/\/schema.org\",\"@graph\":[{\"@type\":\"WebPage\",\"@id\":\"https:\/\/www.lopezgil.com\/ca\/dermatologia-estetica-barcelona\/depilacio-laser-fotodepilacio\/\",\"url\":\"https:\/\/www.lopezgil.com\/ca\/dermatologia-estetica-barcelona\/depilacio-laser-fotodepilacio\/\",\"name\":\"Depilaci\u00f3 l\u00e0ser | Dr. Lopez Gil | Cl\u00ednica Est\u00e8tica Teknon Barcelona\",\"isPartOf\":{\"@id\":\"https:\/\/www.lopezgil.com\/#website\"},\"datePublished\":\"2016-06-16T09:56:42+00:00\",\"dateModified\":\"2019-12-08T21:27:48+00:00\",\"description\":\"El teu cl\u00ednica de depilaci\u00f3 l\u00e0ser a Barcelona. L\u00e0ser sense dolor i depilaci\u00f3 definitiva per a home i dona amb resultats des de la primera sessi\u00f3.Consulta'ns\",\"breadcrumb\":{\"@id\":\"https:\/\/www.lopezgil.com\/ca\/dermatologia-estetica-barcelona\/depilacio-laser-fotodepilacio\/#breadcrumb\"},\"inLanguage\":\"ca\",\"potentialAction\":[{\"@type\":\"ReadAction\",\"target\":[\"https:\/\/www.lopezgil.com\/ca\/dermatologia-estetica-barcelona\/depilacio-laser-fotodepilacio\/\"]}]},{\"@type\":\"BreadcrumbList\",\"@id\":\"https:\/\/www.lopezgil.com\/ca\/dermatologia-estetica-barcelona\/depilacio-laser-fotodepilacio\/#breadcrumb\",\"itemListElement\":[{\"@type\":\"ListItem\",\"position\":1,\"name\":\"Portada\",\"item\":\"https:\/\/www.lopezgil.com\/ca\/\"},{\"@type\":\"ListItem\",\"position\":2,\"name\":\"Dermatologia est\u00e8tica\",\"item\":\"https:\/\/www.lopezgil.com\/ca\/dermatologia-estetica-barcelona\/\"},{\"@type\":\"ListItem\",\"position\":3,\"name\":\"Depilaci\u00f3 l\u00e0ser\"}]},{\"@type\":\"WebSite\",\"@id\":\"https:\/\/www.lopezgil.com\/#website\",\"url\":\"https:\/\/www.lopezgil.com\/\",\"name\":\"Dr. Lopez Gil\",\"description\":\"Dermat\u00f3logo Barcelona\",\"potentialAction\":[{\"@type\":\"SearchAction\",\"target\":{\"@type\":\"EntryPoint\",\"urlTemplate\":\"https:\/\/www.lopezgil.com\/?s={search_term_string}\"},\"query-input\":\"required name=search_term_string\"}],\"inLanguage\":\"ca\"}]}<\/script>\n<!-- \/ Yoast SEO plugin. -->","yoast_head_json":{"title":"Depilaci\u00f3 l\u00e0ser | Dr. Lopez Gil | Cl\u00ednica Est\u00e8tica Teknon Barcelona","description":"El teu cl\u00ednica de depilaci\u00f3 l\u00e0ser a Barcelona. L\u00e0ser sense dolor i depilaci\u00f3 definitiva per a home i dona amb resultats des de la primera sessi\u00f3.Consulta'ns","robots":{"index":"index","follow":"follow","max-snippet":"max-snippet:-1","max-image-preview":"max-image-preview:large","max-video-preview":"max-video-preview:-1"},"canonical":"https:\/\/www.lopezgil.com\/ca\/dermatologia-estetica-barcelona\/depilacio-laser-fotodepilacio\/","og_locale":"ca_ES","og_type":"article","og_title":"Depilaci\u00f3 l\u00e0ser | Dr. Lopez Gil | Cl\u00ednica Est\u00e8tica Teknon Barcelona","og_description":"El teu cl\u00ednica de depilaci\u00f3 l\u00e0ser a Barcelona. L\u00e0ser sense dolor i depilaci\u00f3 definitiva per a home i dona amb resultats des de la primera sessi\u00f3.Consulta'ns","og_url":"https:\/\/www.lopezgil.com\/ca\/dermatologia-estetica-barcelona\/depilacio-laser-fotodepilacio\/","og_site_name":"Dr. Lopez Gil","article_modified_time":"2019-12-08T21:27:48+00:00","twitter_card":"summary_large_image","twitter_misc":{"Est. reading time":"2 minutes"},"schema":{"@context":"https:\/\/schema.org","@graph":[{"@type":"WebPage","@id":"https:\/\/www.lopezgil.com\/ca\/dermatologia-estetica-barcelona\/depilacio-laser-fotodepilacio\/","url":"https:\/\/www.lopezgil.com\/ca\/dermatologia-estetica-barcelona\/depilacio-laser-fotodepilacio\/","name":"Depilaci\u00f3 l\u00e0ser | Dr. Lopez Gil | Cl\u00ednica Est\u00e8tica Teknon Barcelona","isPartOf":{"@id":"https:\/\/www.lopezgil.com\/#website"},"datePublished":"2016-06-16T09:56:42+00:00","dateModified":"2019-12-08T21:27:48+00:00","description":"El teu cl\u00ednica de depilaci\u00f3 l\u00e0ser a Barcelona. L\u00e0ser sense dolor i depilaci\u00f3 definitiva per a home i dona amb resultats des de la primera sessi\u00f3.Consulta'ns","breadcrumb":{"@id":"https:\/\/www.lopezgil.com\/ca\/dermatologia-estetica-barcelona\/depilacio-laser-fotodepilacio\/#breadcrumb"},"inLanguage":"ca","potentialAction":[{"@type":"ReadAction","target":["https:\/\/www.lopezgil.com\/ca\/dermatologia-estetica-barcelona\/depilacio-laser-fotodepilacio\/"]}]},{"@type":"BreadcrumbList","@id":"https:\/\/www.lopezgil.com\/ca\/dermatologia-estetica-barcelona\/depilacio-laser-fotodepilacio\/#breadcrumb","itemListElement":[{"@type":"ListItem","position":1,"name":"Portada","item":"https:\/\/www.lopezgil.com\/ca\/"},{"@type":"ListItem","position":2,"name":"Dermatologia est\u00e8tica","item":"https:\/\/www.lopezgil.com\/ca\/dermatologia-estetica-barcelona\/"},{"@type":"ListItem","position":3,"name":"Depilaci\u00f3 l\u00e0ser"}]},{"@type":"WebSite","@id":"https:\/\/www.lopezgil.com\/#website","url":"https:\/\/www.lopezgil.com\/","name":"Dr. Lopez Gil","description":"Dermat\u00f3logo Barcelona","potentialAction":[{"@type":"SearchAction","target":{"@type":"EntryPoint","urlTemplate":"https:\/\/www.lopezgil.com\/?s={search_term_string}"},"query-input":"required name=search_term_string"}],"inLanguage":"ca"}]}},"_links":{"self":[{"href":"https:\/\/www.lopezgil.com\/ca\/wp-json\/wp\/v2\/pages\/2560","targetHints":{"allow":["GET"]}}],"collection":[{"href":"https:\/\/www.lopezgil.com\/ca\/wp-json\/wp\/v2\/pages"}],"about":[{"href":"https:\/\/www.lopezgil.com\/ca\/wp-json\/wp\/v2\/types\/page"}],"author":[{"embeddable":true,"href":"https:\/\/www.lopezgil.com\/ca\/wp-json\/wp\/v2\/users\/5"}],"replies":[{"embeddable":true,"href":"https:\/\/www.lopezgil.com\/ca\/wp-json\/wp\/v2\/comments?post=2560"}],"version-history":[{"count":2,"href":"https:\/\/www.lopezgil.com\/ca\/wp-json\/wp\/v2\/pages\/2560\/revisions"}],"predecessor-version":[{"id":2562,"href":"https:\/\/www.lopezgil.com\/ca\/wp-json\/wp\/v2\/pages\/2560\/revisions\/2562"}],"up":[{"embeddable":true,"href":"https:\/\/www.lopezgil.com\/ca\/wp-json\/wp\/v2\/pages\/1759"}],"wp:attachment":[{"href":"https:\/\/www.lopezgil.com\/ca\/wp-json\/wp\/v2\/media?parent=2560"}],"curies":[{"name":"wp","href":"https:\/\/api.w.org\/{rel}","templated":true}]}}