{"id":2491,"date":"2017-10-21T10:06:30","date_gmt":"2017-10-21T10:06:30","guid":{"rendered":"http:\/\/lopezgil.com\/enconstruccion\/?page_id=2491"},"modified":"2024-04-17T08:15:42","modified_gmt":"2024-04-17T08:15:42","slug":"el-nostre-equip","status":"publish","type":"page","link":"https:\/\/www.lopezgil.com\/ca\/el-nostre-equip\/","title":{"rendered":"El nostre equip"},"content":{"rendered":"<div id=\"fb-root\"><\/div>\n[vc_row][vc_column][vc_column_text]\n<h2>Clinica dermatol\u00f2gica a Barcelona<\/h2>\n<p style=\"text-align: justify;\">Som un <strong>equip de dermat\u00f2legs<\/strong> amb una s\u00f2lida formaci\u00f3 cient\u00edfica, amplia experi\u00e8ncia i a l\u2019avantguarda de la innovaci\u00f3 amb la tecnologia m\u00e9s avan\u00e7ada en el camp de la dermatologia cl\u00ednica i est\u00e8tica.<\/p>\n<p style=\"text-align: justify;\">El centre est\u00e0 dirigit pel <strong>Dr. L\u00f3pez Gil<\/strong>, fundador del servei de Dermatologia Dermatek del Centre M\u00e8dic Teknon de Barcelona i amb m\u00e9s de 30 anys d\u2019experi\u00e8ncia.<\/p>\n<p style=\"text-align: justify;\">Estem especialitzats en:<\/p>\n<ul style=\"text-align: justify;\">\n<li>Dermatologia Cl\u00ednica i Quir\u00fargica tant per adults com per a nens<\/li>\n<li>Dermatologia Oncol\u00f2gica<\/li>\n<li>Dermatologia Est\u00e8tica<\/li>\n<li>Caiguda de Cabell<\/li>\n<li>Laserter\u00e0pia<\/li>\n<\/ul>\n[\/vc_column_text][\/vc_column][\/vc_row][vc_row][vc_column width=&#8221;1\/2&#8243;][vc_column_text]\n<p style=\"text-align: justify;\"><div class='dt-sc-team '>\t<div class='image'><img src='http:\/\/lopezgil.com\/wp-content\/uploads\/DMTK_Dr.Lopez_500x500.jpg' alt='Please specify image url' title='Please specify image url' \/><\/div>\t<div class=\"team-details\"><h4><i class='fa fa-user-md'> <\/i>Dr. L\u00f3pez Gil<\/h4><ul style=\"text-align: justify;\">\n<li>Llicenciat en Medicina i Cirurgia per la Universitat de Barcelona.<\/li>\n<li>Especialista en dermatologia M\u00e8dic-Quir\u00fargica i Venereologia via MIR en l\u2019 Hospital del Sagrat Cor de Barcelona el 1987.<\/li>\n<li>Va treballar com a metge a l&#8217;Hospital del Sagrat Cor de Barcelona, on va adquirir experi\u00e8ncia en Cirurgia Dermatol\u00f2gica i Laserter\u00e0pia.<\/li>\n<li>El 1994 va fundar la unitat de Dermatologia del Centre M\u00e8dic Teknon, Durant aquests anys, ha creat i consolidat un equip de professionals amb una \u00e0mplia gamma d&#8217;especialitats dins de la Dermatologia Cl\u00ednica, Est\u00e8tica, Oncol\u00f2gica i Laserter\u00e0pia. A m\u00e9s de coordinar grups de formaci\u00f3 per a metges especialistes en dermatologia.<\/li>\n<li>L\u2019any 2014 va fundar la cl\u00ednica DermAndTek al Principat d&#8217;Andorra, amb l&#8217;objectiu d&#8217;oferir un servei integral en Dermatologia Cl\u00ednica i Est\u00e8tica amb les \u00faltimes tecnologies en ter\u00e0pia amb L\u00e0ser, Prevenci\u00f3 i Tractament del C\u00e0ncer de Pell i Fototer\u00e0pia.<\/li>\n<\/ul>\n<p style=\"text-align: justify;\">\t<\/div><\/div>\n[\/vc_column_text][\/vc_column][vc_column width=&#8221;1\/2&#8243;][vc_column_text]\n<p style=\"text-align: justify;\"><div class='dt-sc-team '>\t<div class='image'><img src='http:\/\/lopezgil.com\/wp-content\/uploads\/DMTK_dra.gloria-abad_500x500.jpg' alt='Please specify image url' title='Please specify image url' \/><\/div>\t<div class=\"team-details\"><h4><i class='fa fa-user-md'> <\/i>Dra. Gloria Abad<\/h4><ul style=\"text-align: justify;\">\n<li>Llicenciada en Medicina i Cirurgia en la Facultat de Ci\u00e8ncies M\u00e8diques de la Universitat Nacional de C\u00f3rdoba.<\/li>\n<li>Va treballar en l\u2019Hospital Trias i Pujol de Badalona, on va obtenir el t\u00edtol d\u2019especialitat en Dermatologia i Venereologia.<\/li>\n<li>L\u2019any 2005 es va incorporar en l\u2019equip de Dermatologia del Dr. L\u00f3pez Gil on s\u2019ha especialitzat sobretot en la Prevenci\u00f3 i Detecci\u00f3 Preco\u00e7 del C\u00e0ncer de Pell.<\/li>\n<\/ul>\n<p style=\"text-align: justify;\">\t<\/div><\/div>\n[\/vc_column_text][\/vc_column][\/vc_row][vc_row][vc_column width=&#8221;1\/2&#8243;][vc_column_text]\n<p style=\"text-align: justify;\"><div class='dt-sc-team '>\t<div class='image'><img src='https:\/\/www.lopezgil.com\/wp-content\/uploads\/Dra.-Marion-Chavez-Dermatologia-equipdrlopezgil-teknon-dermatologist-barcelona-min-scaled.jpg' alt='Please specify image url' title='Please specify image url' \/><\/div>\t<div class=\"team-details\"><h4><i class='fa fa-user-md'> <\/i>Dra. Marion Ch\u00e1vez<\/h4><ul>\n<li>Llicenciatura en Medicina en la Universitad Lasalle Ciudad de M\u00e9xico.<\/li>\n<li>Especialista en Dermatologia Universidad Nacional Aut\u00f3noma de M\u00e9xico (2004-2008).<\/li>\n<li>M\u00e0ster en Dermatologia Avan\u00e7ada (Hospital de Sant Pau y la Santa Creu) (setembre 2008- agost 2009).<\/li>\n<li>M\u00e0ster Compet\u00e8ncies M\u00e8diques Avan\u00e7ades \u2013 patologia cut\u00e0nia avan\u00e7ada (Hospital Cl\u00ednic Barcelona) (octubre 2013- setembre 2014).<\/li>\n<li>Formaci\u00f3 presencial espec\u00edfica en Dermatooncologia en la Unitat de Melanoma. (Hospital Cl\u00ednic Barcelona) (2013-2015).<\/li>\n<li>Metge Adjunt \u2013 Servei Dermatologia, Unitat de Melanoma, Hospital Cl\u00ednic Barcelona (Mar\u00e7 2015-Febrer 2017).<\/li>\n<li>Metge Adjunt \u2013 Servei \u00a0de Dermatologia Hospital de Palam\u00f3s, Girona (octubre 2009- juny 2013).<\/li>\n<li>Metge Adjunt \u2013 Servei de Dermatologia Hospital Quir\u00f3n (2009- Actualment).<\/li>\n<li>Metge Adjunto- Servei de Dermatologia, Cl\u00ednica Teknon Barcelona (Gener 2020- Actualment).<\/li>\n<\/ul>\n<p style=\"text-align: justify;\">\t<\/div><\/div>\n[\/vc_column_text][\/vc_column][vc_column width=&#8221;1\/2&#8243;][vc_column_text]\n<p style=\"text-align: justify;\"><div class='dt-sc-team '>\t<div class='image'><img src='http:\/\/lopezgil.com\/wp-content\/uploads\/DMTK_Dr.Oriol-Yelamos_500x500.jpg' alt='Please specify image url' title='Please specify image url' \/><\/div>\t<div class=\"team-details\"><h4><i class='fa fa-user-md'> <\/i>Dr. Oriol Y\u00e9lamos Pena<\/h4><ul style=\"text-align: justify;\">\n<li>Llicenciat en Medicina per la Facultat de Medicina de Barcelona, Hospital Cl\u00ednic.<\/li>\n<li>T\u00edtol de Metge Especialista en Dermatologia M\u00e8dic- Quir\u00fargica i Venereologia via MIR en l\u2019Hospital de la Santa Creu i Sant Pau de Barcelona.<\/li>\n<li>Fellowship d\u2019Investigaci\u00f3 en Oncologia Cut\u00e1nia i T\u00e8cniques d\u2019Imatge no Invasives en el departament de Dermatologia, Memorial Sloan Kettering Cancer Center (Nova York, EUA)<\/li>\n<li>Estudiant doctorat en Medicina i Investigaci\u00f3 Translacional. Hospital Cl\u00ednic, Universitat de Barcelona.<\/li>\n<li>Doctor Adjunt del Servei de Dermatologia del Dr. L\u00f3pez Gil en el centre M\u00e8dic Teknon de Barcelona.<\/li>\n<\/ul>\n<p style=\"text-align: justify;\">\t<\/div><\/div>\n[\/vc_column_text][\/vc_column][\/vc_row][vc_row][vc_column width=&#8221;1\/2&#8243;][vc_column_text]<div class='dt-sc-team '>\t<div class='image'><img src='https:\/\/www.lopezgil.com\/wp-content\/uploads\/Dr.Rusinol-dermatologo-lopezgil-barcelona.png' alt='Please specify image url' title='Please specify image url' \/><\/div>\t<div class=\"team-details\"><h4><i class='fa fa-user-md'> <\/i>Dr. Llu\u00eds Rusi\u00f1ol Batlle<\/h4><ul>\n<li>Graduat en Medicina Universitat Internacional de Catalunya al 2018<\/li>\n<li>Resid\u00e8ncia en Dermatologia M\u00e8dic-Quir\u00fargica i Venereologia a l\u2019Hospital de la Santa Creu i Sant Pau<\/li>\n<li>Rotaci\u00f3 en Dermatologia Pedi\u00e0trica a l\u2019Hospital Sant Joan de D\u00e9u, Esplugues de Llobregat<\/li>\n<li>Rotaci\u00f3 en Malalties de Transmissi\u00f3 Sexual al Centre de Salut Internacional i Malalties Transmissibles Drassanes \u2013 Vall d\u2019Hebron, Barcelona<\/li>\n<li>Publicacions a revistes cient\u00edfiques indexades<\/li>\n<li>Participaci\u00f3 a congressos i reunions nacionals e Internacionals<\/li>\n<li>Participaci\u00f3 a congressos i reunions auton\u00f2mics<\/li>\n<li>Membre de la Societat Catalana de Dermatologia i Venereologia<\/li>\n<li>Membre de la <em>Academia Espa\u00f1ola de Dermatolog\u00eda y Venereolog\u00eda (AEDV)<\/em><\/li>\n<\/ul>\t<\/div><\/div>[\/vc_column_text][\/vc_column][vc_column width=&#8221;1\/2&#8243;][vc_column_text]\n<p style=\"text-align: justify;\"><div class='dt-sc-team '>\t<div class='image'><img src='http:\/\/lopezgil.com\/wp-content\/uploads\/DMTK_dr.carlos-gonzalez-mirada_500x500.jpg' alt='Please specify image url' title='Please specify image url' \/><\/div>\t<div class=\"team-details\"><h4><i class='fa fa-user-md'> <\/i>Dr. Carlos Gonz\u00e1lez Mirada<\/h4><ul style=\"text-align: justify;\">\n<li>Llicenciat en Medicina i Cirurgia per la Universitat de C\u00f3rdoba (Argentina).<\/li>\n<li>T\u00edtol de Metge Especialista en Dermatologia M\u00e8dic- Quir\u00fargica i Venereologia per la Universitat de C\u00f3rdoba (Argentina).<\/li>\n<li>Ha desenvolupat les seves activitats professionals en el Servei de Dermatologia de l\u2019Hospital del Mar, especialment en el Centre de Malalties de Transmissi\u00f3 Sexual.<\/li>\n<li>Metge adjunt del Servei de Dermatologia del Dr. L\u00f3pez Gil del Centre M\u00e8dic Teknon (Barcelona).<\/li>\n<\/ul>\n<p style=\"text-align: justify;\">\t<\/div><\/div>\n[\/vc_column_text][\/vc_column][\/vc_row][vc_row][vc_column width=&#8221;1\/2&#8243;][vc_column_text]<div class='dt-sc-team '>\t<div class='image'><img src='https:\/\/www.lopezgil.com\/wp-content\/uploads\/Dr.-ignasi-marti.png' alt='Please specify image url' title='Please specify image url' \/><\/div>\t<div class=\"team-details\"><h4><i class='fa fa-user-md'> <\/i>Dr. Ignasi Mart\u00ed<\/h4><ul>\n<li>Graduat en Medicina i Cirurgia per la Universitat Aut\u00f2noma de Barcelona.<\/li>\n<li>Es va especialitzar en Dermatologia M\u00e8dic-Quir\u00fargica i Venereologia via MIR a l&#8217;Hospital Cl\u00ednic de Barcelona.<\/li>\n<li>Cirurgi\u00e0 de Mohs certificat i acreditat per la European Society for Micrographic Surgery<\/li>\n<li>Fellowship de 6 mesos en cirurgia microgr\u00e0fica de Mohs en l&#8217;Erasmus University Medical Center, Rotterdam, Pa\u00efsos Baixos. Acumulant una experi\u00e8ncia de &gt;300 casos de primer cirurgi\u00e0 amb aquesta t\u00e8cnica en aquest per\u00edode.<\/li>\n<li>Actualment treballa en Hospital Cl\u00ednic de Barcelona, dedicant-se al c\u00e0ncer de pell i a la cirurgia de Mohs.<\/li>\n<li>Desenvolupament de tesi doctoral en carcinoma escat\u00f3s cutani per la Universitat de Barcelona.<\/li>\n<\/ul>\t<\/div><\/div>[\/vc_column_text][\/vc_column][vc_column width=&#8221;1\/2&#8243;][vc_column_text]\n<p style=\"text-align: justify;\"><div class='dt-sc-team '>\t<div class='image'><img src='https:\/\/www.lopezgil.com\/wp-content\/uploads\/dra-maria-ubals-dermatologa-barcelona-dr-lopez-gil.jpg' alt='Please specify image url' title='Please specify image url' \/><\/div>\t<div class=\"team-details\"><h4><i class='fa fa-user-md'> <\/i>Dra. Maria Ubals<\/h4><ul style=\"text-align: justify;\">\n<li>Llicenciada en Medicina i Cirurgia en la Facultat de Medicina de l\u2019Hospital Cl\u00ednic de la Universitat de Barcelona (2013).<\/li>\n<li>Metge intern resident en Dermatologia M\u00e8dic-Quir\u00fargic i Venereologia en l\u2019Hospital Universitari Vall d\u2019Hebron del 2014 al 2018.<\/li>\n<li>Doctora Adjunta del Servei de Dermatologia de l\u2019Hospital Universitari Vall d\u2019Hebron.<\/li>\n<li>Doctora Adjunta del Servei de Dermatologia de l\u2019equip del Dr. L\u00f3pez Gil en el Centre M\u00e8dic Tekon.<\/li>\n<li>Rotacions externes en la Unitat d\u2019Infeccions de Transmissi\u00f3 Sexual e Infeccions Tropicals en el Centre Drassanes de Barcelona.<\/li>\n<li>Est\u00e0ncies formatives en centres internacionals: Servei com a cooperant en l\u2019Hospital de Ngandanjika de Rep\u00fablica Democr\u00e0tica del Congo i est\u00e0ncia formativa en el Centre M\u00e8dic de Lihir en Pap\u00faa Nueva Guinea.<\/li>\n<li>Participaci\u00f3 en diferents projectes cient\u00edfics d\u2019investigaci\u00f3, alguns internacionals i multic\u00e8ntrics, alguns d\u2019ells publicats en revistes cient\u00edfiques nacionals e internacionals. Realitzaci\u00f3 de nombroses presentacions en congressos nacionals, alguns en congressos internacionals i en confer\u00e8ncies invitades.<\/li>\n<li>Membre Associat de la Societat Catalana de Dermatologia i Veneorologia (SCDV), de l\u2019Acad\u00e8mia Espanyola de Dermatologia i Venereologia (AEDV), de la Euopean Academy of Dermatology and Venereology (EADV) i de la Societat Espanyola de Malalties Infeccioses i de Microbiologia Cl\u00ednica (SEIMC)<\/li>\n<li>Entre les seves \u00e0rees d\u2019inter\u00e8s destaquen: infeccions cut\u00e0nies, infeccions de transmissi\u00f3 sexual, malalties autoimmunes e inflamat\u00f2ries cut\u00e0nies i el diagn\u00f2stic preco\u00e7 del c\u00e0ncer de pell.<\/li>\n<\/ul>\n<p style=\"text-align: justify;\">\t<\/div><\/div>\n[\/vc_column_text][\/vc_column][\/vc_row][vc_row][vc_column width=&#8221;1\/2&#8243;][vc_column_text]\n<p style=\"text-align: justify;\"><div class='dt-sc-team '>\t<div class='image'><img src='http:\/\/lopezgil.com\/wp-content\/uploads\/DMTK_Dr.Jorge-Spertino_500x500.jpg' alt='Please specify image url' title='Please specify image url' \/><\/div>\t<div class=\"team-details\"><h4><i class='fa fa-user-md'> <\/i>Dr. Jorge Spertino<\/h4><ul style=\"text-align: justify;\">\n<li>Llicenciat en Medicina per la Universitat de C\u00f3rdoba (Argentina).<\/li>\n<li>T\u00edtol de Metge Especialista en Dermatologia M\u00e8dic- Quir\u00fargica i Venereologia via MIR en l\u2019Hospital de la Santa Creu i Sant Pau de Barcelona.<\/li>\n<li>Estudis de doctorat i sufici\u00e8ncia investigadora en la Universitat Aut\u00f2noma de Barcelona.<\/li>\n<li>Investigador en assajos cl\u00ednics de Psoriasi, Urtic\u00e0ria i Dermatitis At\u00f2pica.<\/li>\n<li>Adjunt de la Unitat d\u2019Immunoal.l\u00e8rgia Cut\u00e0nia del Servei de Dermatologia de l\u2019Hospital de Santa Creu i Sant Pau i Hospital Plat\u00f3.<\/li>\n<li>Metge adjunt del Servei de Dermatologia del Dr. L\u00f3pez Gil en el Centre M\u00e8dic Teknon (Barcelona).<\/li>\n<\/ul>\n<p style=\"text-align: justify;\">\t<\/div><\/div>\n[\/vc_column_text][\/vc_column][vc_column width=&#8221;1\/2&#8243;][vc_column_text]\n<p style=\"text-align: justify;\"><div class='dt-sc-team '>\t<div class='image'><img src='http:\/\/lopezgil.com\/wp-content\/uploads\/DMTK_dr.miquel-sanchez-martinez_500x500.jpg' alt='Please specify image url' title='Please specify image url' \/><\/div>\t<div class=\"team-details\"><h4><i class='fa fa-user-md'> <\/i> Dr. Miquel S\u00e1nchez-Mart\u00ednez<\/h4><ul style=\"text-align: justify;\">\n<li>Llicenciat en Medicina i Cirurgia per la Universitat Aut\u00f2noma de Barcelona.<\/li>\n<li>Especialista en Dermatologia M\u00e8dic- Quir\u00fargica i Venereologia via MIR per l\u2019Hospital de la Santa Creu i Sant Pau.<\/li>\n<li>Actualment \u00e9s doctor adjunt de la Cl\u00ednica Dermatol\u00f2gica Dr. L\u00f3pez Gil en el Centre M\u00e8dic Teknon de Barcelona com especialista en lesions pigmentades (nevus i pigues), diagn\u00f2stic preco\u00e7 del c\u00e0ncer de pell, oncologia cut\u00e0nia i cirurgia dermatol\u00f2gica.<\/li>\n<li>Membre de l\u2019Acad\u00e8mia Espanyola de Dermatologia i Sifilografia i membre de la International Dermoscopy Society.<\/li>\n<\/ul>\n<p style=\"text-align: justify;\">\t<\/div><\/div>\n[\/vc_column_text][\/vc_column][\/vc_row][vc_row][vc_column width=&#8221;1\/2&#8243;][vc_column_text]\n<p style=\"text-align: justify;\"><div class='dt-sc-team '>\t<div class='image'><img src='https:\/\/www.lopezgil.com\/wp-content\/uploads\/amalia-luna.jpg' alt='Please specify image url' title='Please specify image url' \/><\/div>\t<div class=\"team-details\"><h4><i class='fa fa-user-md'> <\/i>Dra. Amalia Luna Sulca<\/h4><ul style=\"text-align: justify;\">\n<li>Llicenciada en Medicina, Diploma d&#8217;Honor, Universitat de Buenos Aires, l&#8217;Argentina<\/li>\n<li>Especialista en Dermatologia m\u00e8dica-quir\u00fargica i venereologia, Universitat de Buenos Aires, l&#8217;Argentina<\/li>\n<li>Fellowship en Oncologia Cut\u00e0nia i Cirurgia microgr\u00e0fica de Mohs, Hospital Itali\u00e0 de Buenos Aires, l&#8217;Argentina<\/li>\n<li>Fellowship en Melanoma i T\u00e8cniques d&#8217;Imatge no invasives, Hospital Cl\u00ednic de Barcelona<\/li>\n<li>Fellowship en Cirurgia Dermatol\u00f2gica Avan\u00e7ada, Hospital Cl\u00ednic de Barcelona<\/li>\n<li>Especialista en Doc\u00e8ncia Universit\u00e0ria, Institut Universitari de l&#8217;Hospital Itali\u00e0 de Buenos Aires, l&#8217;Argentina<\/li>\n<li>Docent de la Carrera d&#8217;Especialista en Dermatologia, Universitat de Buenos Aires, l&#8217;Argentina<\/li>\n<li>Estudiant de la Carrera de Doctorat en Medicina i Recerca\u00a0Traslacional, Universitat de Barcelona<\/li>\n<\/ul>\n<p style=\"text-align: justify;\">\t<\/div><\/div>\n[\/vc_column_text][\/vc_column][vc_column width=&#8221;1\/2&#8243;][vc_column_text]\n<p style=\"text-align: justify;\"><div class='dt-sc-team '>\t<div class='image'><img src='https:\/\/www.lopezgil.com\/wp-content\/uploads\/anna-sanchez.jpg' alt='Please specify image url' title='Please specify image url' \/><\/div>\t<div class=\"team-details\"><h4><i class='fa fa-user-md'> <\/i>Dra. Anna S\u00e1nchez Puigdollers<\/h4><ul style=\"text-align: justify;\">\n<li>Guardonada amb premi extraordinari Proves d&#8217;Acc\u00e9s a la Universitat en 2012<\/li>\n<li>Graduada en Medicina i Cirurgia per la Universitat Rovira i Virgili en 2018<\/li>\n<li>Resid\u00e8ncia via MIR en Dermatologia M\u00e8dic-Quir\u00fargica i Venereologia a l&#8217;Hospital Joan XXIII de Tarragona, de 2019 a 2023<\/li>\n<li>Rotaci\u00f3 en L\u00e0ser i est\u00e8tica a l&#8217;Hospital Ram\u00f3n y Cajal al juny de 2022\nFellowship de Cirurgia dermatol\u00f2gica per l&#8217;Hospital Cl\u00ednic de Barcelona en 2023<\/li>\n<li>Curs d&#8217;expert en Cirurgia Oncol\u00f2gica cut\u00e0nia per la Universitat de Navarra en 2023-2024<\/li>\n<li>M\u00e0ster en Dermatologia est\u00e8tica de l&#8217;Associaci\u00f3 Espanyola de Dermatologia i Venereologia (AEDV)\u00a0per la Universitat d&#8217;Alcal\u00e1 en 2024<\/li>\n<\/ul>\n<p style=\"text-align: justify;\">\t<\/div><\/div>\n[\/vc_column_text][\/vc_column][\/vc_row][vc_row][vc_column width=&#8221;1\/2&#8243;][vc_column_text]\n<p style=\"text-align: justify;\"><div class='dt-sc-team '>\t<div class='image'><img src='https:\/\/www.lopezgil.com\/wp-content\/uploads\/guida-mendes.jpg' alt='Please specify image url' title='Please specify image url' \/><\/div>\t<div class=\"team-details\"><h4><i class='fa fa-user-md'> <\/i>Dra. Guida Mendes Dos Santos<\/h4><ul style=\"text-align: justify;\">\n<li>Llicenciada en Medicina i Cirurgia en la Facultat de Medicina de Lisboa, Portugal<\/li>\n<li>Especialista en Dermatologia M\u00e8dico-Quir\u00fargica i Venereologia en el Centre Hospitalar de Lisboa Central ( Portugal) . t\u00edtol homologat<\/li>\n<li>Diplomatura internacional en Dermatologia est\u00e8tica i cosm\u00e8tica (CILAD)<\/li>\n<li>Diplomatura en laserter\u00e0pia (CILAD)<\/li>\n<li>Experi\u00e8ncia en cirurgia dermatol\u00f2gica oncol\u00f2gica \/ cirurgia de Mohs<\/li>\n<li>Participaci\u00f3 en congressos i reunions nacionals i internacionals<\/li>\n<li>Membre de l&#8217;Acad\u00e8mia Espanyola de Dermatologia i Venereologia (AEDV)<\/li>\n<\/ul>\n<p style=\"text-align: justify;\">\t<\/div><\/div>\n[\/vc_column_text][\/vc_column][vc_column width=&#8221;1\/2&#8243;][\/vc_column][\/vc_row]\n","protected":false},"excerpt":{"rendered":"<p>[vc_row][vc_column][vc_column_text] Clinica dermatol\u00f2gica a Barcelona Som un equip de dermat\u00f2legs amb una s\u00f2lida formaci\u00f3 cient\u00edfica, amplia experi\u00e8ncia i a l\u2019avantguarda de la innovaci\u00f3 amb la tecnologia m\u00e9s avan\u00e7ada en el camp de la dermatologia cl\u00ednica i est\u00e8tica. El centre est\u00e0 dirigit pel Dr. L\u00f3pez Gil, fundador del servei de Dermatologia Dermatek del Centre M\u00e8dic Teknon [&hellip;]<\/p>\n","protected":false},"author":5,"featured_media":0,"parent":0,"menu_order":0,"comment_status":"closed","ping_status":"closed","template":"","meta":{"footnotes":""},"class_list":["post-2491","page","type-page","status-publish","hentry"],"yoast_head":"<!-- This site is optimized with the Yoast SEO plugin v19.12 - https:\/\/yoast.com\/wordpress\/plugins\/seo\/ -->\n<title>El nostre Equip - Dr. Lopez Gil<\/title>\n<meta name=\"description\" content=\"Equip amb una s\u00f2lida formaci\u00f3, experi\u00e8ncia i a l&#039;avantguarda de la innovaci\u00f3, en el camp de la dermatologia cl\u00ednica i est\u00e8tica.\" \/>\n<meta name=\"robots\" content=\"index, follow, max-snippet:-1, max-image-preview:large, max-video-preview:-1\" \/>\n<link rel=\"canonical\" href=\"https:\/\/www.lopezgil.com\/ca\/el-nostre-equip\/\" \/>\n<meta property=\"og:locale\" content=\"ca_ES\" \/>\n<meta property=\"og:type\" content=\"article\" \/>\n<meta property=\"og:title\" content=\"El nostre Equip - Dr. Lopez Gil\" \/>\n<meta property=\"og:description\" content=\"Equip amb una s\u00f2lida formaci\u00f3, experi\u00e8ncia i a l&#039;avantguarda de la innovaci\u00f3, en el camp de la dermatologia cl\u00ednica i est\u00e8tica.\" \/>\n<meta property=\"og:url\" content=\"https:\/\/www.lopezgil.com\/ca\/el-nostre-equip\/\" \/>\n<meta property=\"og:site_name\" content=\"Dr. Lopez Gil\" \/>\n<meta property=\"article:modified_time\" content=\"2024-04-17T08:15:42+00:00\" \/>\n<meta name=\"twitter:card\" content=\"summary_large_image\" \/>\n<meta name=\"twitter:label1\" content=\"Est. reading time\" \/>\n\t<meta name=\"twitter:data1\" content=\"7 minutes\" \/>\n<script type=\"application\/ld+json\" class=\"yoast-schema-graph\">{\"@context\":\"https:\/\/schema.org\",\"@graph\":[{\"@type\":\"WebPage\",\"@id\":\"https:\/\/www.lopezgil.com\/ca\/el-nostre-equip\/\",\"url\":\"https:\/\/www.lopezgil.com\/ca\/el-nostre-equip\/\",\"name\":\"El nostre Equip - Dr. Lopez Gil\",\"isPartOf\":{\"@id\":\"https:\/\/www.lopezgil.com\/en\/#website\"},\"datePublished\":\"2017-10-21T10:06:30+00:00\",\"dateModified\":\"2024-04-17T08:15:42+00:00\",\"description\":\"Equip amb una s\u00f2lida formaci\u00f3, experi\u00e8ncia i a l'avantguarda de la innovaci\u00f3, en el camp de la dermatologia cl\u00ednica i est\u00e8tica.\",\"breadcrumb\":{\"@id\":\"https:\/\/www.lopezgil.com\/ca\/el-nostre-equip\/#breadcrumb\"},\"inLanguage\":\"ca\",\"potentialAction\":[{\"@type\":\"ReadAction\",\"target\":[\"https:\/\/www.lopezgil.com\/ca\/el-nostre-equip\/\"]}]},{\"@type\":\"BreadcrumbList\",\"@id\":\"https:\/\/www.lopezgil.com\/ca\/el-nostre-equip\/#breadcrumb\",\"itemListElement\":[{\"@type\":\"ListItem\",\"position\":1,\"name\":\"Portada\",\"item\":\"https:\/\/www.lopezgil.com\/ca\/\"},{\"@type\":\"ListItem\",\"position\":2,\"name\":\"El nostre equip\"}]},{\"@type\":\"WebSite\",\"@id\":\"https:\/\/www.lopezgil.com\/en\/#website\",\"url\":\"https:\/\/www.lopezgil.com\/en\/\",\"name\":\"Dr. Lopez Gil\",\"description\":\"Dermat\u00f3logo Barcelona\",\"potentialAction\":[{\"@type\":\"SearchAction\",\"target\":{\"@type\":\"EntryPoint\",\"urlTemplate\":\"https:\/\/www.lopezgil.com\/en\/?s={search_term_string}\"},\"query-input\":\"required name=search_term_string\"}],\"inLanguage\":\"ca\"}]}<\/script>\n<!-- \/ Yoast SEO plugin. -->","yoast_head_json":{"title":"El nostre Equip - Dr. Lopez Gil","description":"Equip amb una s\u00f2lida formaci\u00f3, experi\u00e8ncia i a l'avantguarda de la innovaci\u00f3, en el camp de la dermatologia cl\u00ednica i est\u00e8tica.","robots":{"index":"index","follow":"follow","max-snippet":"max-snippet:-1","max-image-preview":"max-image-preview:large","max-video-preview":"max-video-preview:-1"},"canonical":"https:\/\/www.lopezgil.com\/ca\/el-nostre-equip\/","og_locale":"ca_ES","og_type":"article","og_title":"El nostre Equip - Dr. Lopez Gil","og_description":"Equip amb una s\u00f2lida formaci\u00f3, experi\u00e8ncia i a l'avantguarda de la innovaci\u00f3, en el camp de la dermatologia cl\u00ednica i est\u00e8tica.","og_url":"https:\/\/www.lopezgil.com\/ca\/el-nostre-equip\/","og_site_name":"Dr. Lopez Gil","article_modified_time":"2024-04-17T08:15:42+00:00","twitter_card":"summary_large_image","twitter_misc":{"Est. reading time":"7 minutes"},"schema":{"@context":"https:\/\/schema.org","@graph":[{"@type":"WebPage","@id":"https:\/\/www.lopezgil.com\/ca\/el-nostre-equip\/","url":"https:\/\/www.lopezgil.com\/ca\/el-nostre-equip\/","name":"El nostre Equip - Dr. Lopez Gil","isPartOf":{"@id":"https:\/\/www.lopezgil.com\/en\/#website"},"datePublished":"2017-10-21T10:06:30+00:00","dateModified":"2024-04-17T08:15:42+00:00","description":"Equip amb una s\u00f2lida formaci\u00f3, experi\u00e8ncia i a l'avantguarda de la innovaci\u00f3, en el camp de la dermatologia cl\u00ednica i est\u00e8tica.","breadcrumb":{"@id":"https:\/\/www.lopezgil.com\/ca\/el-nostre-equip\/#breadcrumb"},"inLanguage":"ca","potentialAction":[{"@type":"ReadAction","target":["https:\/\/www.lopezgil.com\/ca\/el-nostre-equip\/"]}]},{"@type":"BreadcrumbList","@id":"https:\/\/www.lopezgil.com\/ca\/el-nostre-equip\/#breadcrumb","itemListElement":[{"@type":"ListItem","position":1,"name":"Portada","item":"https:\/\/www.lopezgil.com\/ca\/"},{"@type":"ListItem","position":2,"name":"El nostre equip"}]},{"@type":"WebSite","@id":"https:\/\/www.lopezgil.com\/en\/#website","url":"https:\/\/www.lopezgil.com\/en\/","name":"Dr. Lopez Gil","description":"Dermat\u00f3logo Barcelona","potentialAction":[{"@type":"SearchAction","target":{"@type":"EntryPoint","urlTemplate":"https:\/\/www.lopezgil.com\/en\/?s={search_term_string}"},"query-input":"required name=search_term_string"}],"inLanguage":"ca"}]}},"_links":{"self":[{"href":"https:\/\/www.lopezgil.com\/ca\/wp-json\/wp\/v2\/pages\/2491","targetHints":{"allow":["GET"]}}],"collection":[{"href":"https:\/\/www.lopezgil.com\/ca\/wp-json\/wp\/v2\/pages"}],"about":[{"href":"https:\/\/www.lopezgil.com\/ca\/wp-json\/wp\/v2\/types\/page"}],"author":[{"embeddable":true,"href":"https:\/\/www.lopezgil.com\/ca\/wp-json\/wp\/v2\/users\/5"}],"replies":[{"embeddable":true,"href":"https:\/\/www.lopezgil.com\/ca\/wp-json\/wp\/v2\/comments?post=2491"}],"version-history":[{"count":24,"href":"https:\/\/www.lopezgil.com\/ca\/wp-json\/wp\/v2\/pages\/2491\/revisions"}],"predecessor-version":[{"id":5524,"href":"https:\/\/www.lopezgil.com\/ca\/wp-json\/wp\/v2\/pages\/2491\/revisions\/5524"}],"wp:attachment":[{"href":"https:\/\/www.lopezgil.com\/ca\/wp-json\/wp\/v2\/media?parent=2491"}],"curies":[{"name":"wp","href":"https:\/\/api.w.org\/{rel}","templated":true}]}}