{"id":1554,"date":"2017-03-13T18:08:31","date_gmt":"2017-03-13T18:08:31","guid":{"rendered":"http:\/\/lopezgil.com\/enconstruccion\/?page_id=1554"},"modified":"2019-12-09T13:50:55","modified_gmt":"2019-12-09T13:50:55","slug":"diagnostic-precoc-del-cancer-de-pell","status":"publish","type":"page","link":"https:\/\/www.lopezgil.com\/ca\/dermatologia-oncologica\/diagnostic-precoc-del-cancer-de-pell\/","title":{"rendered":"Diagn\u00f2stic preco\u00e7 del c\u00e0ncer de pell"},"content":{"rendered":"<div id=\"fb-root\"><\/div>\n[vc_row][vc_column][vc_row_inner][vc_column_inner]<script type=\"text\/javascript\">jQuery(function() { _initLayerSlider( '#layerslider_54_dr5pb3xsxwwz', {sliderVersion: '', responsiveUnder: 0, layersContainer: 0, hideUnder: 0, hideOver: 100000, pauseOnHover: 1, skin: 'v5', sliderFadeInDuration: 350, useSrcset: true, skinsPath: 'https:\/\/www.lopezgil.com\/wp-content\/plugins\/LayerSlider\/assets\/static\/layerslider\/skins\/', type: 'responsive', showCircleTimer: false, performanceMode: true}); });<\/script><div id=\"layerslider_54_dr5pb3xsxwwz\" class=\"ls-wp-container fitvidsignore\" style=\"width:600px;height:200px;margin:0 auto;margin-bottom: 0px;\"><div class=\"ls-slide\" data-ls=\"duration:4000;\"><img loading=\"lazy\" decoding=\"async\" width=\"600\" height=\"200\" src=\"https:\/\/www.lopezgil.com\/wp-content\/uploads\/drlopezgil_dermatologia_barcelona_600x200_diagnostic_cancer_pell_fotofinder_micro-1.jpg\" class=\"ls-bg\" alt=\"diagnostico-cancer-piel-pell-fotofinder-micro\" srcset=\"https:\/\/www.lopezgil.com\/wp-content\/uploads\/drlopezgil_dermatologia_barcelona_600x200_diagnostic_cancer_pell_fotofinder_micro-1.jpg 600w, https:\/\/www.lopezgil.com\/wp-content\/uploads\/drlopezgil_dermatologia_barcelona_600x200_diagnostic_cancer_pell_fotofinder_micro-1-300x100.jpg 300w\" sizes=\"auto, (max-width: 600px) 100vw, 600px\" \/><\/div><\/div>[\/vc_column_inner][\/vc_row_inner][\/vc_column][\/vc_row][vc_row][vc_column css=&#8221;.vc_custom_1473066092346{margin-top: 0px !important;}&#8221;][vc_column_text css=&#8221;.vc_custom_1473066053815{margin-top: 0px !important;}&#8221;]\n<p>&nbsp;<\/p>\n<p>&nbsp;<\/p>\n<p>Davant la sospita de tenir qualsevol lesi\u00f3 amb canvis de forma, color, textura i\/o mida, aix\u00ed com persistents en el temps \u00e9s important visitar a un dermat\u00f2leg per a avaluar la lesi\u00f3 i realitzar un diagn\u00f2stic el m\u00e9s aviat possible. El c\u00e0ncer de pell t\u00e9 cura si es detecta a temps. Els majors factors de risc s\u00f3n l\u2019exposici\u00f3 excessiva al sol i la predisposici\u00f3 gen\u00e8tica. Actualment, gr\u00e0cies a la tecnologia m\u00e8dica d\u2019avantguarda, els dermat\u00f2legs podem valorar l\u2019evoluci\u00f3 de les taques entre una exploraci\u00f3 i una altra amb la m\u00e0xima precisi\u00f3, fiabilitat i seguretat, sobretot en aquells pacients amb una gran quantitat de nevus.[\/vc_column_text][\/vc_column][\/vc_row][vc_row][vc_column][vc_column_text]\n<h2><span style=\"color: #75c9d3;\">T\u00e8cnica utilitzada: dermatoscopia digital<\/span><\/h2>\n<p>Dins dels procediments diagn\u00f2stics del c\u00e0ncer de pell, el darrer aven\u00e7 m\u00e9s important \u00e9s l\u2019anomenada <em>dermatoscopia digital<\/em> que consisteix en la visi\u00f3 augmentada de les pigues i taques de la persona mitjan\u00e7ant una c\u00e0mera fotogr\u00e0fica d\u2019alta resoluci\u00f3. A partir d\u2019aquestes imatges augmentades, podem diagnosticar amb tota fiabilitat i seguretat si es tracta d\u2019un nevus sospit\u00f3s o benigne i determinar si es necessari realitzar una bi\u00f2psia o no.[\/vc_column_text][\/vc_column][\/vc_row][vc_row][vc_column][vc_single_image image=&#8221;1510&#8243; img_size=&#8221;large&#8221; alignment=&#8221;center&#8221; title=&#8221;El Dr. L\u00f3pez Gil realitzant una dermatoscopia digital&#8221;][\/vc_column][\/vc_row][vc_row][vc_column][vc_column_text]Un cop efectuada la dermatoscopia digital, es guarda de forma digitalitzada totes les imatges realitzades en l\u2019hist\u00f2ric del pacient. Aquest document fotogr\u00e0fic ens permet comparar amb la m\u00e0xima fiabilitat els resultats obtinguts en les diferents revisions i poder detectar a temps qualsevol m\u00ednim canvi possible que a simple vista no hagu\u00e9s estat possible.[\/vc_column_text][\/vc_column][\/vc_row][vc_row][vc_column][vc_single_image image=&#8221;1511&#8243; img_size=&#8221;large&#8221; alignment=&#8221;center&#8221; title=&#8221;Detecci\u00f3 canvi nevus a trav\u00e9s dermatoscopia digital&#8221;][\/vc_column][\/vc_row][vc_row][vc_column][vc_single_image image=&#8221;1513&#8243; img_size=&#8221;large&#8221; alignment=&#8221;center&#8221; title=&#8221;Vista nevus ull nu&#8221;][\/vc_column][\/vc_row][vc_row][vc_column][vc_single_image image=&#8221;1519&#8243; img_size=&#8221;large&#8221; alignment=&#8221;center&#8221; title=&#8221;Vista nevus amb dermatoscopia digital&#8221;][\/vc_column][\/vc_row]\n","protected":false},"excerpt":{"rendered":"<p>[vc_row][vc_column][vc_row_inner][vc_column_inner][\/vc_column_inner][\/vc_row_inner][\/vc_column][\/vc_row][vc_row][vc_column css=&#8221;.vc_custom_1473066092346{margin-top: 0px !important;}&#8221;][vc_column_text css=&#8221;.vc_custom_1473066053815{margin-top: 0px !important;}&#8221;] &nbsp; &nbsp; Davant la sospita de tenir qualsevol lesi\u00f3 amb canvis de forma, color, textura i\/o mida, aix\u00ed com persistents en el temps \u00e9s important visitar a un dermat\u00f2leg per a avaluar la lesi\u00f3 i realitzar un diagn\u00f2stic el m\u00e9s aviat possible. El c\u00e0ncer de pell t\u00e9 cura [&hellip;]<\/p>\n","protected":false},"author":5,"featured_media":0,"parent":1466,"menu_order":0,"comment_status":"closed","ping_status":"closed","template":"soulmedic\/tpl-feature.php","meta":{"footnotes":""},"class_list":["post-1554","page","type-page","status-publish","hentry"],"yoast_head":"<!-- This site is optimized with the Yoast SEO plugin v19.12 - https:\/\/yoast.com\/wordpress\/plugins\/seo\/ -->\n<title>Diagn\u00f2stic preco\u00e7 del c\u00e0ncer de pell | Dr. Lopez Gil | Dermat\u00f2leg Teknon<\/title>\n<meta name=\"description\" content=\"Diagn\u00f2stic c\u00e0ncer de pell. La t\u00e8cnica m\u00e9s avan\u00e7a: dermatosc\u00f2pia digital. Fotoregistro de les pigues i taques a trav\u00e9s d&#039;un foto mapatge corporal.Contactanos\" \/>\n<meta name=\"robots\" content=\"index, follow, max-snippet:-1, max-image-preview:large, max-video-preview:-1\" \/>\n<link rel=\"canonical\" href=\"https:\/\/www.lopezgil.com\/ca\/dermatologia-oncologica\/diagnostic-precoc-del-cancer-de-pell\/\" \/>\n<meta property=\"og:locale\" content=\"ca_ES\" \/>\n<meta property=\"og:type\" content=\"article\" \/>\n<meta property=\"og:title\" content=\"Diagn\u00f2stic preco\u00e7 del c\u00e0ncer de pell | Dr. Lopez Gil | Dermat\u00f2leg Teknon\" \/>\n<meta property=\"og:description\" content=\"Diagn\u00f2stic c\u00e0ncer de pell. La t\u00e8cnica m\u00e9s avan\u00e7a: dermatosc\u00f2pia digital. Fotoregistro de les pigues i taques a trav\u00e9s d&#039;un foto mapatge corporal.Contactanos\" \/>\n<meta property=\"og:url\" content=\"https:\/\/www.lopezgil.com\/ca\/dermatologia-oncologica\/diagnostic-precoc-del-cancer-de-pell\/\" \/>\n<meta property=\"og:site_name\" content=\"Dr. Lopez Gil\" \/>\n<meta property=\"article:modified_time\" content=\"2019-12-09T13:50:55+00:00\" \/>\n<meta name=\"twitter:card\" content=\"summary_large_image\" \/>\n<meta name=\"twitter:label1\" content=\"Est. reading time\" \/>\n\t<meta name=\"twitter:data1\" content=\"2 minutes\" \/>\n<script type=\"application\/ld+json\" class=\"yoast-schema-graph\">{\"@context\":\"https:\/\/schema.org\",\"@graph\":[{\"@type\":\"WebPage\",\"@id\":\"https:\/\/www.lopezgil.com\/ca\/dermatologia-oncologica\/diagnostic-precoc-del-cancer-de-pell\/\",\"url\":\"https:\/\/www.lopezgil.com\/ca\/dermatologia-oncologica\/diagnostic-precoc-del-cancer-de-pell\/\",\"name\":\"Diagn\u00f2stic preco\u00e7 del c\u00e0ncer de pell | Dr. Lopez Gil | Dermat\u00f2leg Teknon\",\"isPartOf\":{\"@id\":\"https:\/\/www.lopezgil.com\/#website\"},\"datePublished\":\"2017-03-13T18:08:31+00:00\",\"dateModified\":\"2019-12-09T13:50:55+00:00\",\"description\":\"Diagn\u00f2stic c\u00e0ncer de pell. La t\u00e8cnica m\u00e9s avan\u00e7a: dermatosc\u00f2pia digital. Fotoregistro de les pigues i taques a trav\u00e9s d'un foto mapatge corporal.Contactanos\",\"breadcrumb\":{\"@id\":\"https:\/\/www.lopezgil.com\/ca\/dermatologia-oncologica\/diagnostic-precoc-del-cancer-de-pell\/#breadcrumb\"},\"inLanguage\":\"ca\",\"potentialAction\":[{\"@type\":\"ReadAction\",\"target\":[\"https:\/\/www.lopezgil.com\/ca\/dermatologia-oncologica\/diagnostic-precoc-del-cancer-de-pell\/\"]}]},{\"@type\":\"BreadcrumbList\",\"@id\":\"https:\/\/www.lopezgil.com\/ca\/dermatologia-oncologica\/diagnostic-precoc-del-cancer-de-pell\/#breadcrumb\",\"itemListElement\":[{\"@type\":\"ListItem\",\"position\":1,\"name\":\"Portada\",\"item\":\"https:\/\/www.lopezgil.com\/ca\/\"},{\"@type\":\"ListItem\",\"position\":2,\"name\":\"Dermatologia oncol\u00f2gica\",\"item\":\"https:\/\/www.lopezgil.com\/ca\/dermatologia-oncologica\/\"},{\"@type\":\"ListItem\",\"position\":3,\"name\":\"Diagn\u00f2stic preco\u00e7 del c\u00e0ncer de pell\"}]},{\"@type\":\"WebSite\",\"@id\":\"https:\/\/www.lopezgil.com\/#website\",\"url\":\"https:\/\/www.lopezgil.com\/\",\"name\":\"Dr. Lopez Gil\",\"description\":\"Dermat\u00f3logo Barcelona\",\"potentialAction\":[{\"@type\":\"SearchAction\",\"target\":{\"@type\":\"EntryPoint\",\"urlTemplate\":\"https:\/\/www.lopezgil.com\/?s={search_term_string}\"},\"query-input\":\"required name=search_term_string\"}],\"inLanguage\":\"ca\"}]}<\/script>\n<!-- \/ Yoast SEO plugin. -->","yoast_head_json":{"title":"Diagn\u00f2stic preco\u00e7 del c\u00e0ncer de pell | Dr. Lopez Gil | Dermat\u00f2leg Teknon","description":"Diagn\u00f2stic c\u00e0ncer de pell. La t\u00e8cnica m\u00e9s avan\u00e7a: dermatosc\u00f2pia digital. Fotoregistro de les pigues i taques a trav\u00e9s d'un foto mapatge corporal.Contactanos","robots":{"index":"index","follow":"follow","max-snippet":"max-snippet:-1","max-image-preview":"max-image-preview:large","max-video-preview":"max-video-preview:-1"},"canonical":"https:\/\/www.lopezgil.com\/ca\/dermatologia-oncologica\/diagnostic-precoc-del-cancer-de-pell\/","og_locale":"ca_ES","og_type":"article","og_title":"Diagn\u00f2stic preco\u00e7 del c\u00e0ncer de pell | Dr. Lopez Gil | Dermat\u00f2leg Teknon","og_description":"Diagn\u00f2stic c\u00e0ncer de pell. La t\u00e8cnica m\u00e9s avan\u00e7a: dermatosc\u00f2pia digital. Fotoregistro de les pigues i taques a trav\u00e9s d'un foto mapatge corporal.Contactanos","og_url":"https:\/\/www.lopezgil.com\/ca\/dermatologia-oncologica\/diagnostic-precoc-del-cancer-de-pell\/","og_site_name":"Dr. Lopez Gil","article_modified_time":"2019-12-09T13:50:55+00:00","twitter_card":"summary_large_image","twitter_misc":{"Est. reading time":"2 minutes"},"schema":{"@context":"https:\/\/schema.org","@graph":[{"@type":"WebPage","@id":"https:\/\/www.lopezgil.com\/ca\/dermatologia-oncologica\/diagnostic-precoc-del-cancer-de-pell\/","url":"https:\/\/www.lopezgil.com\/ca\/dermatologia-oncologica\/diagnostic-precoc-del-cancer-de-pell\/","name":"Diagn\u00f2stic preco\u00e7 del c\u00e0ncer de pell | Dr. Lopez Gil | Dermat\u00f2leg Teknon","isPartOf":{"@id":"https:\/\/www.lopezgil.com\/#website"},"datePublished":"2017-03-13T18:08:31+00:00","dateModified":"2019-12-09T13:50:55+00:00","description":"Diagn\u00f2stic c\u00e0ncer de pell. La t\u00e8cnica m\u00e9s avan\u00e7a: dermatosc\u00f2pia digital. Fotoregistro de les pigues i taques a trav\u00e9s d'un foto mapatge corporal.Contactanos","breadcrumb":{"@id":"https:\/\/www.lopezgil.com\/ca\/dermatologia-oncologica\/diagnostic-precoc-del-cancer-de-pell\/#breadcrumb"},"inLanguage":"ca","potentialAction":[{"@type":"ReadAction","target":["https:\/\/www.lopezgil.com\/ca\/dermatologia-oncologica\/diagnostic-precoc-del-cancer-de-pell\/"]}]},{"@type":"BreadcrumbList","@id":"https:\/\/www.lopezgil.com\/ca\/dermatologia-oncologica\/diagnostic-precoc-del-cancer-de-pell\/#breadcrumb","itemListElement":[{"@type":"ListItem","position":1,"name":"Portada","item":"https:\/\/www.lopezgil.com\/ca\/"},{"@type":"ListItem","position":2,"name":"Dermatologia oncol\u00f2gica","item":"https:\/\/www.lopezgil.com\/ca\/dermatologia-oncologica\/"},{"@type":"ListItem","position":3,"name":"Diagn\u00f2stic preco\u00e7 del c\u00e0ncer de pell"}]},{"@type":"WebSite","@id":"https:\/\/www.lopezgil.com\/#website","url":"https:\/\/www.lopezgil.com\/","name":"Dr. Lopez Gil","description":"Dermat\u00f3logo Barcelona","potentialAction":[{"@type":"SearchAction","target":{"@type":"EntryPoint","urlTemplate":"https:\/\/www.lopezgil.com\/?s={search_term_string}"},"query-input":"required name=search_term_string"}],"inLanguage":"ca"}]}},"_links":{"self":[{"href":"https:\/\/www.lopezgil.com\/ca\/wp-json\/wp\/v2\/pages\/1554","targetHints":{"allow":["GET"]}}],"collection":[{"href":"https:\/\/www.lopezgil.com\/ca\/wp-json\/wp\/v2\/pages"}],"about":[{"href":"https:\/\/www.lopezgil.com\/ca\/wp-json\/wp\/v2\/types\/page"}],"author":[{"embeddable":true,"href":"https:\/\/www.lopezgil.com\/ca\/wp-json\/wp\/v2\/users\/5"}],"replies":[{"embeddable":true,"href":"https:\/\/www.lopezgil.com\/ca\/wp-json\/wp\/v2\/comments?post=1554"}],"version-history":[{"count":12,"href":"https:\/\/www.lopezgil.com\/ca\/wp-json\/wp\/v2\/pages\/1554\/revisions"}],"predecessor-version":[{"id":1644,"href":"https:\/\/www.lopezgil.com\/ca\/wp-json\/wp\/v2\/pages\/1554\/revisions\/1644"}],"up":[{"embeddable":true,"href":"https:\/\/www.lopezgil.com\/ca\/wp-json\/wp\/v2\/pages\/1466"}],"wp:attachment":[{"href":"https:\/\/www.lopezgil.com\/ca\/wp-json\/wp\/v2\/media?parent=1554"}],"curies":[{"name":"wp","href":"https:\/\/api.w.org\/{rel}","templated":true}]}}