{"id":1550,"date":"2017-03-13T18:01:31","date_gmt":"2017-03-13T18:01:31","guid":{"rendered":"http:\/\/lopezgil.com\/enconstruccion\/?page_id=1550"},"modified":"2019-06-11T11:17:23","modified_gmt":"2019-06-11T11:17:23","slug":"alopecia-femenina-difusa","status":"publish","type":"page","link":"https:\/\/www.lopezgil.com\/ca\/caiguda-del-cabell\/alopecia-femenina-difusa\/","title":{"rendered":"Alop\u00e8cia femenina difusa"},"content":{"rendered":"<div id=\"fb-root\"><\/div>\n<p style=\"text-align: left;\">[vc_row][vc_column][vc_row_inner][vc_column_inner]<script type=\"text\/javascript\">jQuery(function() { _initLayerSlider( '#layerslider_49_homtqz9eajta', {sliderVersion: '', responsiveUnder: 0, layersContainer: 0, hideUnder: 0, hideOver: 100000, pauseOnHover: 1, skin: 'v5', sliderFadeInDuration: 350, useSrcset: true, skinsPath: 'https:\/\/www.lopezgil.com\/wp-content\/plugins\/LayerSlider\/assets\/static\/layerslider\/skins\/', type: 'responsive', showCircleTimer: false, performanceMode: true}); });<\/script><div id=\"layerslider_49_homtqz9eajta\" class=\"ls-wp-container fitvidsignore\" style=\"width:600px;height:200px;margin:0 auto;margin-bottom: 0px;\"><div class=\"ls-slide\" data-ls=\"duration:4000;\"><img loading=\"lazy\" decoding=\"async\" width=\"600\" height=\"200\" src=\"https:\/\/www.lopezgil.com\/wp-content\/uploads\/drlopezgil_dermatologia_barcelona_600x200_alopecia_femenina.jpg\" class=\"ls-bg\" alt=\"alopecia-femenina-mujeres-dermatologo-clinia-dermatologica-barcelona-teknon-dr-lopez-gil\" srcset=\"https:\/\/www.lopezgil.com\/wp-content\/uploads\/drlopezgil_dermatologia_barcelona_600x200_alopecia_femenina.jpg 600w, https:\/\/www.lopezgil.com\/wp-content\/uploads\/drlopezgil_dermatologia_barcelona_600x200_alopecia_femenina-300x100.jpg 300w\" sizes=\"auto, (max-width: 600px) 100vw, 600px\" \/><\/div><\/div>[\/vc_column_inner][\/vc_row_inner][\/vc_column][\/vc_row][vc_row][vc_column width=&#8221;3\/4&#8243; css=&#8221;.vc_custom_1473066092346{margin-top: 0px !important;}&#8221;][vc_column_text css=&#8221;.vc_custom_1473066053815{margin-top: 0px !important;}&#8221;]\n<h2 style=\"text-align: left;\"><span style=\"color: #75c9d3;\">Qu\u00e8 es l&#8217;alop\u00e8cia femenina difusa?<br \/>\n<\/span><\/h2>\n<p style=\"text-align: justify;\">L<strong>\u2019alop\u00e8cia difusa femenina<\/strong> \u00e9s una p\u00e8rdua de cabell inofensiva ja que els efectes s\u00f3n reversibles ja que el fol\u00b7licle pil\u00f3s es mant\u00e9 actiu.<\/p>\n<h2 style=\"text-align: justify;\"><span style=\"color: #75c9d3;\">A qui afecta?<\/span><\/h2>\n<p style=\"text-align: justify;\">Implica sobretot a les dones entre 25 \u2013 50 anys que tenen una vida laboral i social intensa.<\/p>\n<h2 style=\"text-align: left;\"><span style=\"color: #75c9d3;\">Simptomatologia<\/span><\/h2>\n<p style=\"text-align: justify;\">Es caracteritza per presentar un augment radical de la caiguda del cabell i disminuci\u00f3 de la densitat del mateix en tot el cuir cabellut. Una forma de detectar-la \u00e9s pel rastre de cabells que queden en el coix\u00ed o b\u00e9 en la dutxa.<\/p>\n<h2 style=\"text-align: left;\"><span style=\"color: #75c9d3;\">Causes<\/span><\/h2>\n<p style=\"text-align: justify;\">L\u2019alop\u00e8cia femenina sol apar\u00e8ixer com a conseq\u00fc\u00e8ncia d\u2019una cascada de fets tants f\u00edsics com psicol\u00f2gics (estr\u00e8s, dietes desequilibrades, desequilibris hormonals, problemes de tiroides, certs medicaments) que provoquen que enlloc de perdre uns 100 cabells en la fase tel\u00f2gen del creixement natural del cabell, es perdin entre 400 i 500.<\/p>\n<h2 style=\"text-align: left;\"><span style=\"color: #75c9d3;\">Tractament de l<\/span><span style=\"color: #75c9d3;\">&#8216;alop\u00e8cia femenina difusa<\/span><\/h2>\n<p style=\"text-align: justify;\">\u00c9s molt important realitzar un estudi cl\u00ednic per a identificar quin \u00e9s el motiu que ha provocat aquesta alteraci\u00f3 en el creixement del cabell per tal de prescriure el <a href=\"https:\/\/www.lopezgil.com\/ca\/tractaments\/tractaments-capil%C2%B7lars\/trasplantament-de-cabell-barcelona\/\">tractament<\/a> adequat en cada cas.<\/p>\n","protected":false},"excerpt":{"rendered":"<p>[vc_row][vc_column][vc_row_inner][vc_column_inner][\/vc_column_inner][\/vc_row_inner][\/vc_column][\/vc_row][vc_row][vc_column width=&#8221;3\/4&#8243; css=&#8221;.vc_custom_1473066092346{margin-top: 0px !important;}&#8221;][vc_column_text css=&#8221;.vc_custom_1473066053815{margin-top: 0px !important;}&#8221;] Qu\u00e8 es l&#8217;alop\u00e8cia femenina difusa? L\u2019alop\u00e8cia difusa femenina \u00e9s una p\u00e8rdua de cabell inofensiva ja que els efectes s\u00f3n reversibles ja que el fol\u00b7licle pil\u00f3s es mant\u00e9 actiu. A qui afecta? Implica sobretot a les dones entre 25 \u2013 50 anys que tenen una vida laboral i [&hellip;]<\/p>\n","protected":false},"author":5,"featured_media":0,"parent":1524,"menu_order":0,"comment_status":"closed","ping_status":"closed","template":"soulmedic\/tpl-feature.php","meta":{"footnotes":""},"class_list":["post-1550","page","type-page","status-publish","hentry"],"yoast_head":"<!-- This site is optimized with the Yoast SEO plugin v19.12 - https:\/\/yoast.com\/wordpress\/plugins\/seo\/ -->\n<title>Alop\u00e8cia femenina difusa | Dr. Lopez Gil |Especialista en alop\u00e8cia Barcelona<\/title>\n<meta name=\"description\" content=\"Apliquem els tractaments m\u00e9s efica\u00e7os per frenar l&#039;alop\u00e8cia femenina difusa o caiguda del cabell en dones. Cl\u00ednica especialitzada a Barcelona, \u200bTeknon\" \/>\n<meta name=\"robots\" content=\"index, follow, max-snippet:-1, max-image-preview:large, max-video-preview:-1\" \/>\n<link rel=\"canonical\" href=\"https:\/\/www.lopezgil.com\/ca\/caiguda-del-cabell\/alopecia-femenina-difusa\/\" \/>\n<meta property=\"og:locale\" content=\"ca_ES\" \/>\n<meta property=\"og:type\" content=\"article\" \/>\n<meta property=\"og:title\" content=\"Alop\u00e8cia femenina difusa | Dr. Lopez Gil |Especialista en alop\u00e8cia Barcelona\" \/>\n<meta property=\"og:description\" content=\"Apliquem els tractaments m\u00e9s efica\u00e7os per frenar l&#039;alop\u00e8cia femenina difusa o caiguda del cabell en dones. Cl\u00ednica especialitzada a Barcelona, \u200bTeknon\" \/>\n<meta property=\"og:url\" content=\"https:\/\/www.lopezgil.com\/ca\/caiguda-del-cabell\/alopecia-femenina-difusa\/\" \/>\n<meta property=\"og:site_name\" content=\"Dr. Lopez Gil\" \/>\n<meta property=\"article:modified_time\" content=\"2019-06-11T11:17:23+00:00\" \/>\n<meta name=\"twitter:card\" content=\"summary_large_image\" \/>\n<meta name=\"twitter:label1\" content=\"Est. reading time\" \/>\n\t<meta name=\"twitter:data1\" content=\"1 minute\" \/>\n<script type=\"application\/ld+json\" class=\"yoast-schema-graph\">{\"@context\":\"https:\/\/schema.org\",\"@graph\":[{\"@type\":\"WebPage\",\"@id\":\"https:\/\/www.lopezgil.com\/ca\/caiguda-del-cabell\/alopecia-femenina-difusa\/\",\"url\":\"https:\/\/www.lopezgil.com\/ca\/caiguda-del-cabell\/alopecia-femenina-difusa\/\",\"name\":\"Alop\u00e8cia femenina difusa | Dr. Lopez Gil |Especialista en alop\u00e8cia Barcelona\",\"isPartOf\":{\"@id\":\"https:\/\/www.lopezgil.com\/ca\/#website\"},\"datePublished\":\"2017-03-13T18:01:31+00:00\",\"dateModified\":\"2019-06-11T11:17:23+00:00\",\"description\":\"Apliquem els tractaments m\u00e9s efica\u00e7os per frenar l'alop\u00e8cia femenina difusa o caiguda del cabell en dones. Cl\u00ednica especialitzada a Barcelona, \u200bTeknon\",\"breadcrumb\":{\"@id\":\"https:\/\/www.lopezgil.com\/ca\/caiguda-del-cabell\/alopecia-femenina-difusa\/#breadcrumb\"},\"inLanguage\":\"ca\",\"potentialAction\":[{\"@type\":\"ReadAction\",\"target\":[\"https:\/\/www.lopezgil.com\/ca\/caiguda-del-cabell\/alopecia-femenina-difusa\/\"]}]},{\"@type\":\"BreadcrumbList\",\"@id\":\"https:\/\/www.lopezgil.com\/ca\/caiguda-del-cabell\/alopecia-femenina-difusa\/#breadcrumb\",\"itemListElement\":[{\"@type\":\"ListItem\",\"position\":1,\"name\":\"Portada\",\"item\":\"https:\/\/www.lopezgil.com\/ca\/\"},{\"@type\":\"ListItem\",\"position\":2,\"name\":\"Caiguda del cabell\",\"item\":\"https:\/\/www.lopezgil.com\/ca\/caiguda-del-cabell\/\"},{\"@type\":\"ListItem\",\"position\":3,\"name\":\"Alop\u00e8cia femenina difusa\"}]},{\"@type\":\"WebSite\",\"@id\":\"https:\/\/www.lopezgil.com\/ca\/#website\",\"url\":\"https:\/\/www.lopezgil.com\/ca\/\",\"name\":\"Dr. Lopez Gil\",\"description\":\"Dermat\u00f3logo Barcelona\",\"potentialAction\":[{\"@type\":\"SearchAction\",\"target\":{\"@type\":\"EntryPoint\",\"urlTemplate\":\"https:\/\/www.lopezgil.com\/ca\/?s={search_term_string}\"},\"query-input\":\"required name=search_term_string\"}],\"inLanguage\":\"ca\"}]}<\/script>\n<!-- \/ Yoast SEO plugin. -->","yoast_head_json":{"title":"Alop\u00e8cia femenina difusa | Dr. Lopez Gil |Especialista en alop\u00e8cia Barcelona","description":"Apliquem els tractaments m\u00e9s efica\u00e7os per frenar l'alop\u00e8cia femenina difusa o caiguda del cabell en dones. Cl\u00ednica especialitzada a Barcelona, \u200bTeknon","robots":{"index":"index","follow":"follow","max-snippet":"max-snippet:-1","max-image-preview":"max-image-preview:large","max-video-preview":"max-video-preview:-1"},"canonical":"https:\/\/www.lopezgil.com\/ca\/caiguda-del-cabell\/alopecia-femenina-difusa\/","og_locale":"ca_ES","og_type":"article","og_title":"Alop\u00e8cia femenina difusa | Dr. Lopez Gil |Especialista en alop\u00e8cia Barcelona","og_description":"Apliquem els tractaments m\u00e9s efica\u00e7os per frenar l'alop\u00e8cia femenina difusa o caiguda del cabell en dones. Cl\u00ednica especialitzada a Barcelona, \u200bTeknon","og_url":"https:\/\/www.lopezgil.com\/ca\/caiguda-del-cabell\/alopecia-femenina-difusa\/","og_site_name":"Dr. Lopez Gil","article_modified_time":"2019-06-11T11:17:23+00:00","twitter_card":"summary_large_image","twitter_misc":{"Est. reading time":"1 minute"},"schema":{"@context":"https:\/\/schema.org","@graph":[{"@type":"WebPage","@id":"https:\/\/www.lopezgil.com\/ca\/caiguda-del-cabell\/alopecia-femenina-difusa\/","url":"https:\/\/www.lopezgil.com\/ca\/caiguda-del-cabell\/alopecia-femenina-difusa\/","name":"Alop\u00e8cia femenina difusa | Dr. Lopez Gil |Especialista en alop\u00e8cia Barcelona","isPartOf":{"@id":"https:\/\/www.lopezgil.com\/ca\/#website"},"datePublished":"2017-03-13T18:01:31+00:00","dateModified":"2019-06-11T11:17:23+00:00","description":"Apliquem els tractaments m\u00e9s efica\u00e7os per frenar l'alop\u00e8cia femenina difusa o caiguda del cabell en dones. Cl\u00ednica especialitzada a Barcelona, \u200bTeknon","breadcrumb":{"@id":"https:\/\/www.lopezgil.com\/ca\/caiguda-del-cabell\/alopecia-femenina-difusa\/#breadcrumb"},"inLanguage":"ca","potentialAction":[{"@type":"ReadAction","target":["https:\/\/www.lopezgil.com\/ca\/caiguda-del-cabell\/alopecia-femenina-difusa\/"]}]},{"@type":"BreadcrumbList","@id":"https:\/\/www.lopezgil.com\/ca\/caiguda-del-cabell\/alopecia-femenina-difusa\/#breadcrumb","itemListElement":[{"@type":"ListItem","position":1,"name":"Portada","item":"https:\/\/www.lopezgil.com\/ca\/"},{"@type":"ListItem","position":2,"name":"Caiguda del cabell","item":"https:\/\/www.lopezgil.com\/ca\/caiguda-del-cabell\/"},{"@type":"ListItem","position":3,"name":"Alop\u00e8cia femenina difusa"}]},{"@type":"WebSite","@id":"https:\/\/www.lopezgil.com\/ca\/#website","url":"https:\/\/www.lopezgil.com\/ca\/","name":"Dr. Lopez Gil","description":"Dermat\u00f3logo Barcelona","potentialAction":[{"@type":"SearchAction","target":{"@type":"EntryPoint","urlTemplate":"https:\/\/www.lopezgil.com\/ca\/?s={search_term_string}"},"query-input":"required name=search_term_string"}],"inLanguage":"ca"}]}},"_links":{"self":[{"href":"https:\/\/www.lopezgil.com\/ca\/wp-json\/wp\/v2\/pages\/1550","targetHints":{"allow":["GET"]}}],"collection":[{"href":"https:\/\/www.lopezgil.com\/ca\/wp-json\/wp\/v2\/pages"}],"about":[{"href":"https:\/\/www.lopezgil.com\/ca\/wp-json\/wp\/v2\/types\/page"}],"author":[{"embeddable":true,"href":"https:\/\/www.lopezgil.com\/ca\/wp-json\/wp\/v2\/users\/5"}],"replies":[{"embeddable":true,"href":"https:\/\/www.lopezgil.com\/ca\/wp-json\/wp\/v2\/comments?post=1550"}],"version-history":[{"count":7,"href":"https:\/\/www.lopezgil.com\/ca\/wp-json\/wp\/v2\/pages\/1550\/revisions"}],"predecessor-version":[{"id":4389,"href":"https:\/\/www.lopezgil.com\/ca\/wp-json\/wp\/v2\/pages\/1550\/revisions\/4389"}],"up":[{"embeddable":true,"href":"https:\/\/www.lopezgil.com\/ca\/wp-json\/wp\/v2\/pages\/1524"}],"wp:attachment":[{"href":"https:\/\/www.lopezgil.com\/ca\/wp-json\/wp\/v2\/media?parent=1550"}],"curies":[{"name":"wp","href":"https:\/\/api.w.org\/{rel}","templated":true}]}}