{"id":1524,"date":"2017-03-13T17:11:44","date_gmt":"2017-03-13T17:11:44","guid":{"rendered":"http:\/\/lopezgil.com\/enconstruccion\/?page_id=1524"},"modified":"2017-11-20T14:09:12","modified_gmt":"2017-11-20T14:09:12","slug":"caiguda-del-cabell","status":"publish","type":"page","link":"https:\/\/www.lopezgil.com\/ca\/caiguda-del-cabell\/","title":{"rendered":"Caiguda del cabell"},"content":{"rendered":"<div id=\"fb-root\"><\/div>\n[vc_row][vc_column][vc_row_inner][vc_column_inner]<script type=\"text\/javascript\">jQuery(function() { _initLayerSlider( '#layerslider_7_7g5o8ymanbt0', {sliderVersion: '', responsiveUnder: 0, layersContainer: 0, hideUnder: 0, hideOver: 100000, pauseOnHover: 1, skin: 'v5', sliderFadeInDuration: 350, useSrcset: true, skinsPath: 'https:\/\/www.lopezgil.com\/wp-content\/plugins\/LayerSlider\/assets\/static\/layerslider\/skins\/', type: 'responsive', showCircleTimer: false, performanceMode: true}); });<\/script><div id=\"layerslider_7_7g5o8ymanbt0\" class=\"ls-wp-container fitvidsignore\" style=\"width:600px;height:180px;margin:0 auto;margin-bottom: 20px;\"><div class=\"ls-slide\" data-ls=\"duration:4000;\"><img loading=\"lazy\" decoding=\"async\" width=\"600\" height=\"197\" src=\"https:\/\/www.lopezgil.com\/wp-content\/uploads\/4-1.jpg\" class=\"ls-bg\" alt=\"\" srcset=\"https:\/\/www.lopezgil.com\/wp-content\/uploads\/4-1.jpg 600w, https:\/\/www.lopezgil.com\/wp-content\/uploads\/4-1-300x99.jpg 300w\" sizes=\"auto, (max-width: 600px) 100vw, 600px\" \/><p style=\"width:;height:;padding-top:;padding-right:;padding-bottom:;padding-left:;border-top:;border-right:;border-bottom:;border-left:;font-family:;font-size:;line-height:;color:;background:;border-radius:;top:0px;left:0px;\" class=\"ls-l ls-text-layer\" data-ls=\"offsetxin:80;offsetxout:-80;durationout:400;parallaxlevel:0;\"><\/p><\/div><\/div>[\/vc_column_inner][\/vc_row_inner][\/vc_column][\/vc_row][vc_row][vc_column width=&#8221;3\/4&#8243; css=&#8221;.vc_custom_1473066092346{margin-top: 0px !important;}&#8221;][vc_column_text css=&#8221;.vc_custom_1511187175574{margin-top: 0px !important;}&#8221;]\n<blockquote>\n<h4 style=\"text-align: justify;\"><span style=\"color: #5790bb;\">&#8220;Cada cop m\u00e9s homes i dones acudeixen a la nostra cl\u00ednica per tractar i prevenir la caiguda de cabell. En aquests casos, \u00e9s molt important realitzar un bon diagn\u00f2stic per saber quin tractament \u00e9s el m\u00e9s adequat en cada cas.&#8221;<\/span><\/h4>\n<\/blockquote>\n<p>&nbsp;<\/p>\n<h2><span style=\"color: #75c9d3;\">Tipus d&#8217;alop\u00e8cia<\/span><\/h2>\n[\/vc_column_text][vc_column_text][\/vc_column_text][\/vc_column][vc_column width=&#8221;1\/4&#8243;][vc_column_text css=&#8221;.vc_custom_1510040907926{margin-top: -1px !important;margin-bottom: -5px !important;}&#8221;]<div class='dt-sc-colored-box space' ><h5>T'ajudem<\/h5><a href='http:\/\/lopezgil.com\/contacte\/?lang=ca' target='_blank'  class='dt-sc-button   small ' >CONTACTA&#8217;NS<\/a><\/div>[\/vc_column_text][\/vc_column][\/vc_row][vc_row][vc_column][vc_separator color=&#8221;turquoise&#8221; border_width=&#8221;2&#8243; css=&#8221;.vc_custom_1473072257408{margin-top: 25px !important;}&#8221;][vc_row_inner][\/vc_row_inner][vc_column_inner][\/vc_column_inner][vc_column_text css=&#8221;.vc_custom_1472644650588{margin-bottom: -15px !important;}&#8221;][\/vc_column_text][\/vc_column][\/vc_row][vc_row css=&#8221;.vc_custom_1473067233961{margin-top: 31px !important;}&#8221;][vc_column width=&#8221;1\/3&#8243;][vc_btn title=&#8221;Alop\u00e8cia femenina&#8221; style=&#8221;outline&#8221; color=&#8221;info&#8221; align=&#8221;center&#8221; css_animation=&#8221;top-to-bottom&#8221; css=&#8221;.vc_custom_1511187047975{margin-top: 0px !important;border-radius: 5px !important;}&#8221; button_block=&#8221;true&#8221; link=&#8221;url:http%3A%2F%2Fwww.lopezgil.com%2Fca%2Fcaiguda-del-cabell%2Falopecia-femenina-difusa%2F||&#8221;][vc_btn title=&#8221;Alop\u00e8cia fisiol\u00f2gica \/ post part&#8221; style=&#8221;outline&#8221; color=&#8221;info&#8221; align=&#8221;center&#8221; css_animation=&#8221;top-to-bottom&#8221; css=&#8221;.vc_custom_1511187087333{border-radius: 5px !important;}&#8221; button_block=&#8221;true&#8221; link=&#8221;url:http%3A%2F%2Fwww.lopezgil.com%2Fca%2Fcaiguda-del-cabell%2Falopecia-fisiologicapost-part%2F||&#8221;][\/vc_column][vc_column width=&#8221;1\/3&#8243;][vc_btn title=&#8221;Alop\u00e8cia heredit\u00e0ria&#8221; style=&#8221;outline&#8221; color=&#8221;info&#8221; align=&#8221;center&#8221; css=&#8221;.vc_custom_1511187064484{padding-right: 5px !important;padding-left: 5px !important;border-radius: 5px !important;}&#8221; button_block=&#8221;true&#8221; link=&#8221;url:http%3A%2F%2Fwww.lopezgil.com%2Fca%2Fcaiguda-del-cabell%2Falopecia-androgenetica-hereditaria%2F||&#8221;][vc_btn title=&#8221;Psoriasi cuir pil\u00f3s&#8221; style=&#8221;outline&#8221; color=&#8221;info&#8221; align=&#8221;center&#8221; css_animation=&#8221;top-to-bottom&#8221; css=&#8221;.vc_custom_1511187130982{padding-right: 5px !important;padding-left: 5px !important;border-radius: 5px !important;}&#8221; button_block=&#8221;true&#8221; link=&#8221;url:http%3A%2F%2Fwww.lopezgil.com%2Fca%2Fcaiguda-del-cabell%2Fpsoriasi-cuir-pilos%2F||&#8221;][\/vc_column][vc_column width=&#8221;1\/3&#8243;][vc_btn title=&#8221;Alop\u00e8cia areata &#8221; style=&#8221;outline&#8221; color=&#8221;info&#8221; align=&#8221;center&#8221; css_animation=&#8221;top-to-bottom&#8221; css=&#8221;.vc_custom_1511187075830{margin-top: 0px !important;}&#8221; button_block=&#8221;true&#8221; link=&#8221;url:http%3A%2F%2Fwww.lopezgil.com%2Fca%2Fcaiguda-del-cabell%2Falopecia-areata%2F||&#8221;][vc_btn title=&#8221;\u00c8czema seborr\u00e8ic \/ caspa&#8221; style=&#8221;outline&#8221; color=&#8221;info&#8221; align=&#8221;center&#8221; css_animation=&#8221;top-to-bottom&#8221; css=&#8221;.vc_custom_1511187154321{border-radius: 5px !important;}&#8221; button_block=&#8221;true&#8221; link=&#8221;url:http%3A%2F%2Fwww.lopezgil.com%2Fca%2Fcaiguda-del-cabell%2Feczema-seborreic-caspa%2F||&#8221;][\/vc_column][\/vc_row]\n","protected":false},"excerpt":{"rendered":"<p>[vc_row][vc_column][vc_row_inner][vc_column_inner][\/vc_column_inner][\/vc_row_inner][\/vc_column][\/vc_row][vc_row][vc_column width=&#8221;3\/4&#8243; css=&#8221;.vc_custom_1473066092346{margin-top: 0px !important;}&#8221;][vc_column_text css=&#8221;.vc_custom_1511187175574{margin-top: 0px !important;}&#8221;] &#8220;Cada cop m\u00e9s homes i dones acudeixen a la nostra cl\u00ednica per tractar i prevenir la caiguda de cabell. En aquests casos, \u00e9s molt important realitzar un bon diagn\u00f2stic per saber quin tractament \u00e9s el m\u00e9s adequat en cada cas.&#8221; &nbsp; Tipus d&#8217;alop\u00e8cia [\/vc_column_text][vc_column_text][\/vc_column_text][\/vc_column][vc_column width=&#8221;1\/4&#8243;][vc_column_text css=&#8221;.vc_custom_1510040907926{margin-top: -1px [&hellip;]<\/p>\n","protected":false},"author":5,"featured_media":0,"parent":0,"menu_order":0,"comment_status":"closed","ping_status":"closed","template":"","meta":{"footnotes":""},"class_list":["post-1524","page","type-page","status-publish","hentry"],"yoast_head":"<!-- This site is optimized with the Yoast SEO plugin v19.12 - https:\/\/yoast.com\/wordpress\/plugins\/seo\/ -->\n<title>Caiguda del cabell | Dr. Lopez Gil<\/title>\n<meta name=\"robots\" content=\"index, follow, max-snippet:-1, max-image-preview:large, max-video-preview:-1\" \/>\n<link rel=\"canonical\" href=\"https:\/\/www.lopezgil.com\/ca\/caiguda-del-cabell\/\" \/>\n<meta property=\"og:locale\" content=\"ca_ES\" \/>\n<meta property=\"og:type\" content=\"article\" \/>\n<meta property=\"og:title\" content=\"Caiguda del cabell | Dr. Lopez Gil\" \/>\n<meta property=\"og:description\" content=\"[vc_row][vc_column][vc_row_inner][vc_column_inner][\/vc_column_inner][\/vc_row_inner][\/vc_column][\/vc_row][vc_row][vc_column width=&#8221;3\/4&#8243; css=&#8221;.vc_custom_1473066092346{margin-top: 0px !important;}&#8221;][vc_column_text css=&#8221;.vc_custom_1511187175574{margin-top: 0px !important;}&#8221;] &#8220;Cada cop m\u00e9s homes i dones acudeixen a la nostra cl\u00ednica per tractar i prevenir la caiguda de cabell. En aquests casos, \u00e9s molt important realitzar un bon diagn\u00f2stic per saber quin tractament \u00e9s el m\u00e9s adequat en cada cas.&#8221; &nbsp; Tipus d&#8217;alop\u00e8cia [\/vc_column_text][vc_column_text][\/vc_column_text][\/vc_column][vc_column width=&#8221;1\/4&#8243;][vc_column_text css=&#8221;.vc_custom_1510040907926{margin-top: -1px [&hellip;]\" \/>\n<meta property=\"og:url\" content=\"https:\/\/www.lopezgil.com\/ca\/caiguda-del-cabell\/\" \/>\n<meta property=\"og:site_name\" content=\"Dr. Lopez Gil\" \/>\n<meta property=\"article:modified_time\" content=\"2017-11-20T14:09:12+00:00\" \/>\n<meta name=\"twitter:card\" content=\"summary_large_image\" \/>\n<meta name=\"twitter:label1\" content=\"Est. reading time\" \/>\n\t<meta name=\"twitter:data1\" content=\"2 minutes\" \/>\n<script type=\"application\/ld+json\" class=\"yoast-schema-graph\">{\"@context\":\"https:\/\/schema.org\",\"@graph\":[{\"@type\":\"WebPage\",\"@id\":\"https:\/\/www.lopezgil.com\/ca\/caiguda-del-cabell\/\",\"url\":\"https:\/\/www.lopezgil.com\/ca\/caiguda-del-cabell\/\",\"name\":\"Caiguda del cabell | Dr. Lopez Gil\",\"isPartOf\":{\"@id\":\"https:\/\/www.lopezgil.com\/ca\/#website\"},\"datePublished\":\"2017-03-13T17:11:44+00:00\",\"dateModified\":\"2017-11-20T14:09:12+00:00\",\"breadcrumb\":{\"@id\":\"https:\/\/www.lopezgil.com\/ca\/caiguda-del-cabell\/#breadcrumb\"},\"inLanguage\":\"ca\",\"potentialAction\":[{\"@type\":\"ReadAction\",\"target\":[\"https:\/\/www.lopezgil.com\/ca\/caiguda-del-cabell\/\"]}]},{\"@type\":\"BreadcrumbList\",\"@id\":\"https:\/\/www.lopezgil.com\/ca\/caiguda-del-cabell\/#breadcrumb\",\"itemListElement\":[{\"@type\":\"ListItem\",\"position\":1,\"name\":\"Portada\",\"item\":\"https:\/\/www.lopezgil.com\/ca\/\"},{\"@type\":\"ListItem\",\"position\":2,\"name\":\"Caiguda del cabell\"}]},{\"@type\":\"WebSite\",\"@id\":\"https:\/\/www.lopezgil.com\/ca\/#website\",\"url\":\"https:\/\/www.lopezgil.com\/ca\/\",\"name\":\"Dr. Lopez Gil\",\"description\":\"Dermat\u00f3logo Barcelona\",\"potentialAction\":[{\"@type\":\"SearchAction\",\"target\":{\"@type\":\"EntryPoint\",\"urlTemplate\":\"https:\/\/www.lopezgil.com\/ca\/?s={search_term_string}\"},\"query-input\":\"required name=search_term_string\"}],\"inLanguage\":\"ca\"}]}<\/script>\n<!-- \/ Yoast SEO plugin. -->","yoast_head_json":{"title":"Caiguda del cabell | Dr. Lopez Gil","robots":{"index":"index","follow":"follow","max-snippet":"max-snippet:-1","max-image-preview":"max-image-preview:large","max-video-preview":"max-video-preview:-1"},"canonical":"https:\/\/www.lopezgil.com\/ca\/caiguda-del-cabell\/","og_locale":"ca_ES","og_type":"article","og_title":"Caiguda del cabell | Dr. Lopez Gil","og_description":"[vc_row][vc_column][vc_row_inner][vc_column_inner][\/vc_column_inner][\/vc_row_inner][\/vc_column][\/vc_row][vc_row][vc_column width=&#8221;3\/4&#8243; css=&#8221;.vc_custom_1473066092346{margin-top: 0px !important;}&#8221;][vc_column_text css=&#8221;.vc_custom_1511187175574{margin-top: 0px !important;}&#8221;] &#8220;Cada cop m\u00e9s homes i dones acudeixen a la nostra cl\u00ednica per tractar i prevenir la caiguda de cabell. En aquests casos, \u00e9s molt important realitzar un bon diagn\u00f2stic per saber quin tractament \u00e9s el m\u00e9s adequat en cada cas.&#8221; &nbsp; Tipus d&#8217;alop\u00e8cia [\/vc_column_text][vc_column_text][\/vc_column_text][\/vc_column][vc_column width=&#8221;1\/4&#8243;][vc_column_text css=&#8221;.vc_custom_1510040907926{margin-top: -1px [&hellip;]","og_url":"https:\/\/www.lopezgil.com\/ca\/caiguda-del-cabell\/","og_site_name":"Dr. Lopez Gil","article_modified_time":"2017-11-20T14:09:12+00:00","twitter_card":"summary_large_image","twitter_misc":{"Est. reading time":"2 minutes"},"schema":{"@context":"https:\/\/schema.org","@graph":[{"@type":"WebPage","@id":"https:\/\/www.lopezgil.com\/ca\/caiguda-del-cabell\/","url":"https:\/\/www.lopezgil.com\/ca\/caiguda-del-cabell\/","name":"Caiguda del cabell | Dr. Lopez Gil","isPartOf":{"@id":"https:\/\/www.lopezgil.com\/ca\/#website"},"datePublished":"2017-03-13T17:11:44+00:00","dateModified":"2017-11-20T14:09:12+00:00","breadcrumb":{"@id":"https:\/\/www.lopezgil.com\/ca\/caiguda-del-cabell\/#breadcrumb"},"inLanguage":"ca","potentialAction":[{"@type":"ReadAction","target":["https:\/\/www.lopezgil.com\/ca\/caiguda-del-cabell\/"]}]},{"@type":"BreadcrumbList","@id":"https:\/\/www.lopezgil.com\/ca\/caiguda-del-cabell\/#breadcrumb","itemListElement":[{"@type":"ListItem","position":1,"name":"Portada","item":"https:\/\/www.lopezgil.com\/ca\/"},{"@type":"ListItem","position":2,"name":"Caiguda del cabell"}]},{"@type":"WebSite","@id":"https:\/\/www.lopezgil.com\/ca\/#website","url":"https:\/\/www.lopezgil.com\/ca\/","name":"Dr. Lopez Gil","description":"Dermat\u00f3logo Barcelona","potentialAction":[{"@type":"SearchAction","target":{"@type":"EntryPoint","urlTemplate":"https:\/\/www.lopezgil.com\/ca\/?s={search_term_string}"},"query-input":"required name=search_term_string"}],"inLanguage":"ca"}]}},"_links":{"self":[{"href":"https:\/\/www.lopezgil.com\/ca\/wp-json\/wp\/v2\/pages\/1524","targetHints":{"allow":["GET"]}}],"collection":[{"href":"https:\/\/www.lopezgil.com\/ca\/wp-json\/wp\/v2\/pages"}],"about":[{"href":"https:\/\/www.lopezgil.com\/ca\/wp-json\/wp\/v2\/types\/page"}],"author":[{"embeddable":true,"href":"https:\/\/www.lopezgil.com\/ca\/wp-json\/wp\/v2\/users\/5"}],"replies":[{"embeddable":true,"href":"https:\/\/www.lopezgil.com\/ca\/wp-json\/wp\/v2\/comments?post=1524"}],"version-history":[{"count":11,"href":"https:\/\/www.lopezgil.com\/ca\/wp-json\/wp\/v2\/pages\/1524\/revisions"}],"predecessor-version":[{"id":3126,"href":"https:\/\/www.lopezgil.com\/ca\/wp-json\/wp\/v2\/pages\/1524\/revisions\/3126"}],"wp:attachment":[{"href":"https:\/\/www.lopezgil.com\/ca\/wp-json\/wp\/v2\/media?parent=1524"}],"curies":[{"name":"wp","href":"https:\/\/api.w.org\/{rel}","templated":true}]}}