{"id":1505,"date":"2017-03-03T13:21:25","date_gmt":"2017-03-03T13:21:25","guid":{"rendered":"http:\/\/lopezgil.com\/enconstruccion\/?page_id=1505"},"modified":"2019-12-09T13:25:05","modified_gmt":"2019-12-09T13:25:05","slug":"tractament-cancer-de-pell-sense-cirurgia","status":"publish","type":"page","link":"https:\/\/www.lopezgil.com\/ca\/dermatologia-oncologica\/tractament-cancer-de-pell-sense-cirurgia\/","title":{"rendered":"Tractament c\u00e0ncer de pell sense cirurgia"},"content":{"rendered":"<div id=\"fb-root\"><\/div>\n[vc_row][vc_column][vc_row_inner][vc_column_inner]<script type=\"text\/javascript\">jQuery(function() { _initLayerSlider( '#layerslider_52_y6tny4u7i9c0', {sliderVersion: '', responsiveUnder: 0, layersContainer: 0, hideUnder: 0, hideOver: 100000, pauseOnHover: 1, skin: 'v5', sliderFadeInDuration: 350, useSrcset: true, skinsPath: 'https:\/\/www.lopezgil.com\/wp-content\/plugins\/LayerSlider\/assets\/static\/layerslider\/skins\/', type: 'responsive', showCircleTimer: false, performanceMode: true}); });<\/script><div id=\"layerslider_52_y6tny4u7i9c0\" class=\"ls-wp-container fitvidsignore\" style=\"width:600px;height:200px;margin:0 auto;margin-bottom: 0px;\"><div class=\"ls-slide\" data-ls=\"duration:4000;\"><img loading=\"lazy\" decoding=\"async\" width=\"600\" height=\"200\" src=\"https:\/\/www.lopezgil.com\/wp-content\/uploads\/drlopezgil_dermatologia_barcelona_600x200_terapia_fotodinamica_tractament_cancer_pell_sense_cirurgia.jpg\" class=\"ls-bg\" alt=\"drlopezgil_dermatologia_barcelona_600x200_terapia_fotodinamica_tractament_cancer_pell_sense_cirurgia\" srcset=\"https:\/\/www.lopezgil.com\/wp-content\/uploads\/drlopezgil_dermatologia_barcelona_600x200_terapia_fotodinamica_tractament_cancer_pell_sense_cirurgia.jpg 600w, https:\/\/www.lopezgil.com\/wp-content\/uploads\/drlopezgil_dermatologia_barcelona_600x200_terapia_fotodinamica_tractament_cancer_pell_sense_cirurgia-300x100.jpg 300w\" sizes=\"auto, (max-width: 600px) 100vw, 600px\" \/><\/div><\/div>[\/vc_column_inner][\/vc_row_inner][\/vc_column][\/vc_row][vc_row][vc_column css=&#8221;.vc_custom_1473066092346{margin-top: 0px !important;}&#8221;][vc_column_text css=&#8221;.vc_custom_1575897900458{margin-top: 0px !important;}&#8221;]\n<h2 style=\"text-align: justify;\"><span style=\"color: #75c9d3;\"><strong>Tractament c\u00e0ncer de pell sense cirurgia: Ter\u00e0pia fotodin\u00e0mica<\/strong><\/span><\/h2>\n<p style=\"text-align: justify;\">La Ter\u00e0pia Fotodin\u00e0mica \u00e9s una t\u00e8cnica que es realitza de forma ambulat\u00f2ria en les instal\u00b7lacions de la cl\u00ednica i permet tractar les lesions premalignes (Queratosi Act\u00ednica) i el Carcinoma Basocel.lular <u>superficial<\/u> sense necessitat de cirurgia ni anest\u00e8sia.<\/p>\n<p style=\"text-align: justify;\">El procediment consisteix en la preparaci\u00f3 de la zona a tractar amb un raspat i la posterior aplicaci\u00f3 del f\u00e0rmac t\u00f2pic que es deixa actuar durant tres hores. Durant aquest temps, el principi actiu penetra selectivament dins les c\u00e8l\u00b7lules tumorals fent que el tumor es torni sensible a la llum vermella.<\/p>\n<p style=\"text-align: justify;\">Posteriorment, es realitza el tractament amb la l\u00e0mpada de Fotodinamia. Quan les c\u00e8l\u00b7lules malignes s\u2019il\u00b7luminen amb la llum de la ter\u00e0pia fotodin\u00e0mica, com que estan sensibles a la llum es destrueixen.<\/p>\n<p style=\"text-align: justify;\">La gran avantatge d\u2019aquesta t\u00e8cnica es que s\u2019aconsegueix eliminar la lesi\u00f3 premaligna respectant en tot moment les c\u00e8l\u00b7lules sanes i sense necessitat de cirurgia. Normalment, s\u00f3n necess\u00e0ries dues sessions.<\/p>\n[\/vc_column_text][\/vc_column][\/vc_row][vc_row][vc_column width=&#8221;1\/2&#8243;][vc_video link=&#8221;https:\/\/youtu.be\/OaXNzG4ARlI&#8221;][\/vc_column][vc_column width=&#8221;1\/2&#8243;][vc_video link=&#8221;https:\/\/youtu.be\/nkYeJv_txGI&#8221;][\/vc_column][\/vc_row]\n","protected":false},"excerpt":{"rendered":"<p>[vc_row][vc_column][vc_row_inner][vc_column_inner][\/vc_column_inner][\/vc_row_inner][\/vc_column][\/vc_row][vc_row][vc_column css=&#8221;.vc_custom_1473066092346{margin-top: 0px !important;}&#8221;][vc_column_text css=&#8221;.vc_custom_1575897900458{margin-top: 0px !important;}&#8221;] Tractament c\u00e0ncer de pell sense cirurgia: Ter\u00e0pia fotodin\u00e0mica La Ter\u00e0pia Fotodin\u00e0mica \u00e9s una t\u00e8cnica que es realitza de forma ambulat\u00f2ria en les instal\u00b7lacions de la cl\u00ednica i permet tractar les lesions premalignes (Queratosi Act\u00ednica) i el Carcinoma Basocel.lular superficial sense necessitat de cirurgia ni anest\u00e8sia. El procediment consisteix [&hellip;]<\/p>\n","protected":false},"author":5,"featured_media":0,"parent":1466,"menu_order":0,"comment_status":"closed","ping_status":"closed","template":"soulmedic\/tpl-feature.php","meta":{"footnotes":""},"class_list":["post-1505","page","type-page","status-publish","hentry"],"yoast_head":"<!-- This site is optimized with the Yoast SEO plugin v19.12 - https:\/\/yoast.com\/wordpress\/plugins\/seo\/ -->\n<title>Tractament c\u00e0ncer de pell sense cirurgia|Dr. Lopez Gil|Cl\u00ednica Oncol\u00f3gica<\/title>\n<meta name=\"description\" content=\"Cl\u00ednica dermatol\u00f2gica especialitzada en el Tractament de el c\u00e0ncer sense cirurgia, amb la tecnologia m\u00e9s avan\u00e7ada. Cl\u00ednica Teknon, Barcelona. Consulta&#039;ns.\" \/>\n<meta name=\"robots\" content=\"index, follow, max-snippet:-1, max-image-preview:large, max-video-preview:-1\" \/>\n<link rel=\"canonical\" href=\"https:\/\/www.lopezgil.com\/ca\/dermatologia-oncologica\/tractament-cancer-de-pell-sense-cirurgia\/\" \/>\n<meta property=\"og:locale\" content=\"ca_ES\" \/>\n<meta property=\"og:type\" content=\"article\" \/>\n<meta property=\"og:title\" content=\"Tractament c\u00e0ncer de pell sense cirurgia|Dr. Lopez Gil|Cl\u00ednica Oncol\u00f3gica\" \/>\n<meta property=\"og:description\" content=\"Cl\u00ednica dermatol\u00f2gica especialitzada en el Tractament de el c\u00e0ncer sense cirurgia, amb la tecnologia m\u00e9s avan\u00e7ada. Cl\u00ednica Teknon, Barcelona. Consulta&#039;ns.\" \/>\n<meta property=\"og:url\" content=\"https:\/\/www.lopezgil.com\/ca\/dermatologia-oncologica\/tractament-cancer-de-pell-sense-cirurgia\/\" \/>\n<meta property=\"og:site_name\" content=\"Dr. Lopez Gil\" \/>\n<meta property=\"article:modified_time\" content=\"2019-12-09T13:25:05+00:00\" \/>\n<meta name=\"twitter:card\" content=\"summary_large_image\" \/>\n<meta name=\"twitter:label1\" content=\"Est. reading time\" \/>\n\t<meta name=\"twitter:data1\" content=\"1 minute\" \/>\n<script type=\"application\/ld+json\" class=\"yoast-schema-graph\">{\"@context\":\"https:\/\/schema.org\",\"@graph\":[{\"@type\":\"WebPage\",\"@id\":\"https:\/\/www.lopezgil.com\/ca\/dermatologia-oncologica\/tractament-cancer-de-pell-sense-cirurgia\/\",\"url\":\"https:\/\/www.lopezgil.com\/ca\/dermatologia-oncologica\/tractament-cancer-de-pell-sense-cirurgia\/\",\"name\":\"Tractament c\u00e0ncer de pell sense cirurgia|Dr. Lopez Gil|Cl\u00ednica Oncol\u00f3gica\",\"isPartOf\":{\"@id\":\"https:\/\/www.lopezgil.com\/#website\"},\"datePublished\":\"2017-03-03T13:21:25+00:00\",\"dateModified\":\"2019-12-09T13:25:05+00:00\",\"description\":\"Cl\u00ednica dermatol\u00f2gica especialitzada en el Tractament de el c\u00e0ncer sense cirurgia, amb la tecnologia m\u00e9s avan\u00e7ada. Cl\u00ednica Teknon, Barcelona. Consulta'ns.\",\"breadcrumb\":{\"@id\":\"https:\/\/www.lopezgil.com\/ca\/dermatologia-oncologica\/tractament-cancer-de-pell-sense-cirurgia\/#breadcrumb\"},\"inLanguage\":\"ca\",\"potentialAction\":[{\"@type\":\"ReadAction\",\"target\":[\"https:\/\/www.lopezgil.com\/ca\/dermatologia-oncologica\/tractament-cancer-de-pell-sense-cirurgia\/\"]}]},{\"@type\":\"BreadcrumbList\",\"@id\":\"https:\/\/www.lopezgil.com\/ca\/dermatologia-oncologica\/tractament-cancer-de-pell-sense-cirurgia\/#breadcrumb\",\"itemListElement\":[{\"@type\":\"ListItem\",\"position\":1,\"name\":\"Portada\",\"item\":\"https:\/\/www.lopezgil.com\/ca\/\"},{\"@type\":\"ListItem\",\"position\":2,\"name\":\"Dermatologia oncol\u00f2gica\",\"item\":\"https:\/\/www.lopezgil.com\/ca\/dermatologia-oncologica\/\"},{\"@type\":\"ListItem\",\"position\":3,\"name\":\"Tractament c\u00e0ncer de pell sense cirurgia\"}]},{\"@type\":\"WebSite\",\"@id\":\"https:\/\/www.lopezgil.com\/#website\",\"url\":\"https:\/\/www.lopezgil.com\/\",\"name\":\"Dr. Lopez Gil\",\"description\":\"Dermat\u00f3logo Barcelona\",\"potentialAction\":[{\"@type\":\"SearchAction\",\"target\":{\"@type\":\"EntryPoint\",\"urlTemplate\":\"https:\/\/www.lopezgil.com\/?s={search_term_string}\"},\"query-input\":\"required name=search_term_string\"}],\"inLanguage\":\"ca\"}]}<\/script>\n<!-- \/ Yoast SEO plugin. -->","yoast_head_json":{"title":"Tractament c\u00e0ncer de pell sense cirurgia|Dr. Lopez Gil|Cl\u00ednica Oncol\u00f3gica","description":"Cl\u00ednica dermatol\u00f2gica especialitzada en el Tractament de el c\u00e0ncer sense cirurgia, amb la tecnologia m\u00e9s avan\u00e7ada. Cl\u00ednica Teknon, Barcelona. Consulta'ns.","robots":{"index":"index","follow":"follow","max-snippet":"max-snippet:-1","max-image-preview":"max-image-preview:large","max-video-preview":"max-video-preview:-1"},"canonical":"https:\/\/www.lopezgil.com\/ca\/dermatologia-oncologica\/tractament-cancer-de-pell-sense-cirurgia\/","og_locale":"ca_ES","og_type":"article","og_title":"Tractament c\u00e0ncer de pell sense cirurgia|Dr. Lopez Gil|Cl\u00ednica Oncol\u00f3gica","og_description":"Cl\u00ednica dermatol\u00f2gica especialitzada en el Tractament de el c\u00e0ncer sense cirurgia, amb la tecnologia m\u00e9s avan\u00e7ada. Cl\u00ednica Teknon, Barcelona. Consulta'ns.","og_url":"https:\/\/www.lopezgil.com\/ca\/dermatologia-oncologica\/tractament-cancer-de-pell-sense-cirurgia\/","og_site_name":"Dr. Lopez Gil","article_modified_time":"2019-12-09T13:25:05+00:00","twitter_card":"summary_large_image","twitter_misc":{"Est. reading time":"1 minute"},"schema":{"@context":"https:\/\/schema.org","@graph":[{"@type":"WebPage","@id":"https:\/\/www.lopezgil.com\/ca\/dermatologia-oncologica\/tractament-cancer-de-pell-sense-cirurgia\/","url":"https:\/\/www.lopezgil.com\/ca\/dermatologia-oncologica\/tractament-cancer-de-pell-sense-cirurgia\/","name":"Tractament c\u00e0ncer de pell sense cirurgia|Dr. Lopez Gil|Cl\u00ednica Oncol\u00f3gica","isPartOf":{"@id":"https:\/\/www.lopezgil.com\/#website"},"datePublished":"2017-03-03T13:21:25+00:00","dateModified":"2019-12-09T13:25:05+00:00","description":"Cl\u00ednica dermatol\u00f2gica especialitzada en el Tractament de el c\u00e0ncer sense cirurgia, amb la tecnologia m\u00e9s avan\u00e7ada. Cl\u00ednica Teknon, Barcelona. Consulta'ns.","breadcrumb":{"@id":"https:\/\/www.lopezgil.com\/ca\/dermatologia-oncologica\/tractament-cancer-de-pell-sense-cirurgia\/#breadcrumb"},"inLanguage":"ca","potentialAction":[{"@type":"ReadAction","target":["https:\/\/www.lopezgil.com\/ca\/dermatologia-oncologica\/tractament-cancer-de-pell-sense-cirurgia\/"]}]},{"@type":"BreadcrumbList","@id":"https:\/\/www.lopezgil.com\/ca\/dermatologia-oncologica\/tractament-cancer-de-pell-sense-cirurgia\/#breadcrumb","itemListElement":[{"@type":"ListItem","position":1,"name":"Portada","item":"https:\/\/www.lopezgil.com\/ca\/"},{"@type":"ListItem","position":2,"name":"Dermatologia oncol\u00f2gica","item":"https:\/\/www.lopezgil.com\/ca\/dermatologia-oncologica\/"},{"@type":"ListItem","position":3,"name":"Tractament c\u00e0ncer de pell sense cirurgia"}]},{"@type":"WebSite","@id":"https:\/\/www.lopezgil.com\/#website","url":"https:\/\/www.lopezgil.com\/","name":"Dr. Lopez Gil","description":"Dermat\u00f3logo Barcelona","potentialAction":[{"@type":"SearchAction","target":{"@type":"EntryPoint","urlTemplate":"https:\/\/www.lopezgil.com\/?s={search_term_string}"},"query-input":"required name=search_term_string"}],"inLanguage":"ca"}]}},"_links":{"self":[{"href":"https:\/\/www.lopezgil.com\/ca\/wp-json\/wp\/v2\/pages\/1505","targetHints":{"allow":["GET"]}}],"collection":[{"href":"https:\/\/www.lopezgil.com\/ca\/wp-json\/wp\/v2\/pages"}],"about":[{"href":"https:\/\/www.lopezgil.com\/ca\/wp-json\/wp\/v2\/types\/page"}],"author":[{"embeddable":true,"href":"https:\/\/www.lopezgil.com\/ca\/wp-json\/wp\/v2\/users\/5"}],"replies":[{"embeddable":true,"href":"https:\/\/www.lopezgil.com\/ca\/wp-json\/wp\/v2\/comments?post=1505"}],"version-history":[{"count":7,"href":"https:\/\/www.lopezgil.com\/ca\/wp-json\/wp\/v2\/pages\/1505\/revisions"}],"predecessor-version":[{"id":4942,"href":"https:\/\/www.lopezgil.com\/ca\/wp-json\/wp\/v2\/pages\/1505\/revisions\/4942"}],"up":[{"embeddable":true,"href":"https:\/\/www.lopezgil.com\/ca\/wp-json\/wp\/v2\/pages\/1466"}],"wp:attachment":[{"href":"https:\/\/www.lopezgil.com\/ca\/wp-json\/wp\/v2\/media?parent=1505"}],"curies":[{"name":"wp","href":"https:\/\/api.w.org\/{rel}","templated":true}]}}