{"id":1466,"date":"2017-03-03T12:58:18","date_gmt":"2017-03-03T12:58:18","guid":{"rendered":"http:\/\/lopezgil.com\/enconstruccion\/?page_id=1466"},"modified":"2017-11-20T12:34:48","modified_gmt":"2017-11-20T12:34:48","slug":"dermatologia-oncologica","status":"publish","type":"page","link":"https:\/\/www.lopezgil.com\/ca\/dermatologia-oncologica\/","title":{"rendered":"Dermatologia oncol\u00f2gica"},"content":{"rendered":"<div id=\"fb-root\"><\/div>\n[vc_row][vc_column][vc_row_inner][vc_column_inner][layerslider_vc id=&#8221;57&#8243;][\/vc_column_inner][\/vc_row_inner][\/vc_column][\/vc_row][vc_row][vc_column width=&#8221;3\/4&#8243; css=&#8221;.vc_custom_1473066092346{margin-top: 0px !important;}&#8221;][vc_column_text css=&#8221;.vc_custom_1509039441458{margin-top: 0px !important;}&#8221;]\n<blockquote>\n<h4 style=\"text-align: justify;\"><span style=\"color: #5790bb;\">&#8220;El nostre objectiu \u00e9s conscienciar a la poblaci\u00f3 de la import\u00e0ncia de realitzar una revisi\u00f3 de les pigues, com a m\u00ednim un cop l\u2019any, per a prevenir i detectar a temps qualsevol incid\u00e8ncia. Aix\u00ed com tenir la \u00faltima tecnologia per a detectar de la forma m\u00e9s efica\u00e7 i segura qualsevol possible lesi\u00f3 pre-maligna o maligna.&#8221;<\/span><\/h4>\n<\/blockquote>\n[\/vc_column_text][\/vc_column][vc_column width=&#8221;1\/4&#8243;][vc_column_text css=&#8221;.vc_custom_1509482253879{margin-top: -7px !important;margin-bottom: -20px !important;}&#8221;]\n<pre><div class='dt-sc-colored-box space' ><h5>T'ajudem<\/h5><a href='http:\/\/lopezgil.com\/contacte\/?lang=ca' target='_blank'  class='dt-sc-button   small ' >CONTACTA'NS<\/a><\/div><\/pre>\n[\/vc_column_text][\/vc_column][\/vc_row][vc_row][vc_column][vc_separator color=&#8221;turquoise&#8221; border_width=&#8221;2&#8243; css=&#8221;.vc_custom_1473072257408{margin-top: 25px !important;}&#8221;][vc_row_inner gap=&#8221;2&#8243;][\/vc_row_inner][vc_column_inner][\/vc_column_inner][vc_column_text css=&#8221;.vc_custom_1492692390264{margin-bottom: -15px !important;}&#8221;]\n<h2><span style=\"color: #75c9d3;\">Tractaments dermatologia oncol\u00f2gica<\/span><\/h2>\n<p>&nbsp;<\/p>\n[\/vc_column_text][\/vc_column][\/vc_row][vc_row gap=&#8221;3&#8243; css=&#8221;.vc_custom_1492692054372{margin-top: 31px !important;}&#8221;][vc_column width=&#8221;1\/2&#8243;][vc_btn title=&#8221;C\u00e0ncer de pell&#8221; style=&#8221;outline&#8221; color=&#8221;info&#8221; align=&#8221;center&#8221; css_animation=&#8221;top-to-bottom&#8221; css=&#8221;.vc_custom_1511181556858{margin-top: 0px !important;border-radius: 5px !important;}&#8221; button_block=&#8221;true&#8221; link=&#8221;url:http%3A%2F%2Flopezgil.com%2Fca%2Fdermatologia-oncologica%2Fsintomas-prevencion-melanoma%2F||&#8221;][vc_btn title=&#8221;Malaltia de Paget&#8221; style=&#8221;outline&#8221; color=&#8221;info&#8221; align=&#8221;center&#8221; css_animation=&#8221;top-to-bottom&#8221; css=&#8221;.vc_custom_1511181581512{margin-top: 0px !important;border-radius: 5px !important;}&#8221; button_block=&#8221;true&#8221; link=&#8221;url:http%3A%2F%2Flopezgil.com%2Fca%2Fdermatologia-oncologica%2Fmalaltia-de-paget%2F||&#8221;][vc_btn title=&#8221;Tractament del c\u00e0ncer sense cirurgia&#8221; style=&#8221;outline&#8221; color=&#8221;info&#8221; align=&#8221;center&#8221; css_animation=&#8221;top-to-bottom&#8221; css=&#8221;.vc_custom_1511181607026{padding-right: 5px !important;padding-left: 5px !important;border-radius: 5px !important;}&#8221; button_block=&#8221;true&#8221; link=&#8221;url:http%3A%2F%2Flopezgil.com%2Fca%2Fdermatologia-oncologica%2Ftractament-cancer-de-pell-sense-cirurgia%2F||&#8221;][\/vc_column][vc_column width=&#8221;1\/2&#8243;][vc_btn title=&#8221;Diagn\u00f2stic preco\u00e7 del c\u00e0ncer de pell&#8221; style=&#8221;outline&#8221; color=&#8221;info&#8221; align=&#8221;center&#8221; css_animation=&#8221;top-to-bottom&#8221; css=&#8221;.vc_custom_1511181568625{border-radius: 5px !important;}&#8221; button_block=&#8221;true&#8221; link=&#8221;url:http%3A%2F%2Flopezgil.com%2Fca%2Fdermatologia-oncologica%2Fdiagnostic-precoc-del-cancer-de-pell%2F||&#8221;][vc_btn title=&#8221;Tractament del c\u00e0ncer de pell&#8221; style=&#8221;outline&#8221; color=&#8221;info&#8221; align=&#8221;center&#8221; css=&#8221;.vc_custom_1511181595358{padding-right: 5px !important;padding-left: 5px !important;border-radius: 5px !important;}&#8221; button_block=&#8221;true&#8221; link=&#8221;url:http%3A%2F%2Flopezgil.com%2Fca%2Fdermatologia-oncologica%2Ftractament-cancer-de-pell%2F||&#8221;][\/vc_column][\/vc_row][vc_column css=&#8221;.vc_custom_1473066787605{margin-top: 50px !important;}&#8221;][\/vc_column][vc_separator color=&#8221;turquoise&#8221; border_width=&#8221;2&#8243; css=&#8221;.vc_custom_1473072355043{margin-top: 25px !important;margin-bottom: -5px !important;}&#8221;][vc_column_text css=&#8221;.vc_custom_1492692066665{margin-top: 50px !important;padding-bottom: 0px !important;}&#8221;][\/vc_column_text]\n","protected":false},"excerpt":{"rendered":"<p>[vc_row][vc_column][vc_row_inner][vc_column_inner][layerslider_vc id=&#8221;57&#8243;][\/vc_column_inner][\/vc_row_inner][\/vc_column][\/vc_row][vc_row][vc_column width=&#8221;3\/4&#8243; css=&#8221;.vc_custom_1473066092346{margin-top: 0px !important;}&#8221;][vc_column_text css=&#8221;.vc_custom_1509039441458{margin-top: 0px !important;}&#8221;] &#8220;El nostre objectiu \u00e9s conscienciar a la poblaci\u00f3 de la import\u00e0ncia de realitzar una revisi\u00f3 de les pigues, com a m\u00ednim un cop l\u2019any, per a prevenir i detectar a temps qualsevol incid\u00e8ncia. Aix\u00ed com tenir la \u00faltima tecnologia per a detectar de la forma m\u00e9s [&hellip;]<\/p>\n","protected":false},"author":5,"featured_media":0,"parent":0,"menu_order":0,"comment_status":"closed","ping_status":"closed","template":"","meta":{"footnotes":""},"class_list":["post-1466","page","type-page","status-publish","hentry"],"yoast_head":"<!-- This site is optimized with the Yoast SEO plugin v19.12 - https:\/\/yoast.com\/wordpress\/plugins\/seo\/ -->\n<title>Dermatologia oncol\u00f2gica | Dr. Lopez Gil<\/title>\n<meta name=\"robots\" content=\"index, follow, max-snippet:-1, max-image-preview:large, max-video-preview:-1\" \/>\n<link rel=\"canonical\" href=\"https:\/\/www.lopezgil.com\/ca\/dermatologia-oncologica\/\" \/>\n<meta property=\"og:locale\" content=\"ca_ES\" \/>\n<meta property=\"og:type\" content=\"article\" \/>\n<meta property=\"og:title\" content=\"Dermatologia oncol\u00f2gica | Dr. Lopez Gil\" \/>\n<meta property=\"og:description\" content=\"[vc_row][vc_column][vc_row_inner][vc_column_inner][layerslider_vc id=&#8221;57&#8243;][\/vc_column_inner][\/vc_row_inner][\/vc_column][\/vc_row][vc_row][vc_column width=&#8221;3\/4&#8243; css=&#8221;.vc_custom_1473066092346{margin-top: 0px !important;}&#8221;][vc_column_text css=&#8221;.vc_custom_1509039441458{margin-top: 0px !important;}&#8221;] &#8220;El nostre objectiu \u00e9s conscienciar a la poblaci\u00f3 de la import\u00e0ncia de realitzar una revisi\u00f3 de les pigues, com a m\u00ednim un cop l\u2019any, per a prevenir i detectar a temps qualsevol incid\u00e8ncia. Aix\u00ed com tenir la \u00faltima tecnologia per a detectar de la forma m\u00e9s [&hellip;]\" \/>\n<meta property=\"og:url\" content=\"https:\/\/www.lopezgil.com\/ca\/dermatologia-oncologica\/\" \/>\n<meta property=\"og:site_name\" content=\"Dr. Lopez Gil\" \/>\n<meta property=\"article:modified_time\" content=\"2017-11-20T12:34:48+00:00\" \/>\n<meta name=\"twitter:card\" content=\"summary_large_image\" \/>\n<meta name=\"twitter:label1\" content=\"Est. reading time\" \/>\n\t<meta name=\"twitter:data1\" content=\"2 minutes\" \/>\n<script type=\"application\/ld+json\" class=\"yoast-schema-graph\">{\"@context\":\"https:\/\/schema.org\",\"@graph\":[{\"@type\":\"WebPage\",\"@id\":\"https:\/\/www.lopezgil.com\/ca\/dermatologia-oncologica\/\",\"url\":\"https:\/\/www.lopezgil.com\/ca\/dermatologia-oncologica\/\",\"name\":\"Dermatologia oncol\u00f2gica | Dr. Lopez Gil\",\"isPartOf\":{\"@id\":\"https:\/\/www.lopezgil.com\/ca\/#website\"},\"datePublished\":\"2017-03-03T12:58:18+00:00\",\"dateModified\":\"2017-11-20T12:34:48+00:00\",\"breadcrumb\":{\"@id\":\"https:\/\/www.lopezgil.com\/ca\/dermatologia-oncologica\/#breadcrumb\"},\"inLanguage\":\"ca\",\"potentialAction\":[{\"@type\":\"ReadAction\",\"target\":[\"https:\/\/www.lopezgil.com\/ca\/dermatologia-oncologica\/\"]}]},{\"@type\":\"BreadcrumbList\",\"@id\":\"https:\/\/www.lopezgil.com\/ca\/dermatologia-oncologica\/#breadcrumb\",\"itemListElement\":[{\"@type\":\"ListItem\",\"position\":1,\"name\":\"Portada\",\"item\":\"https:\/\/www.lopezgil.com\/ca\/\"},{\"@type\":\"ListItem\",\"position\":2,\"name\":\"Dermatologia oncol\u00f2gica\"}]},{\"@type\":\"WebSite\",\"@id\":\"https:\/\/www.lopezgil.com\/ca\/#website\",\"url\":\"https:\/\/www.lopezgil.com\/ca\/\",\"name\":\"Dr. Lopez Gil\",\"description\":\"Dermat\u00f3logo Barcelona\",\"potentialAction\":[{\"@type\":\"SearchAction\",\"target\":{\"@type\":\"EntryPoint\",\"urlTemplate\":\"https:\/\/www.lopezgil.com\/ca\/?s={search_term_string}\"},\"query-input\":\"required name=search_term_string\"}],\"inLanguage\":\"ca\"}]}<\/script>\n<!-- \/ Yoast SEO plugin. -->","yoast_head_json":{"title":"Dermatologia oncol\u00f2gica | Dr. Lopez Gil","robots":{"index":"index","follow":"follow","max-snippet":"max-snippet:-1","max-image-preview":"max-image-preview:large","max-video-preview":"max-video-preview:-1"},"canonical":"https:\/\/www.lopezgil.com\/ca\/dermatologia-oncologica\/","og_locale":"ca_ES","og_type":"article","og_title":"Dermatologia oncol\u00f2gica | Dr. Lopez Gil","og_description":"[vc_row][vc_column][vc_row_inner][vc_column_inner][layerslider_vc id=&#8221;57&#8243;][\/vc_column_inner][\/vc_row_inner][\/vc_column][\/vc_row][vc_row][vc_column width=&#8221;3\/4&#8243; css=&#8221;.vc_custom_1473066092346{margin-top: 0px !important;}&#8221;][vc_column_text css=&#8221;.vc_custom_1509039441458{margin-top: 0px !important;}&#8221;] &#8220;El nostre objectiu \u00e9s conscienciar a la poblaci\u00f3 de la import\u00e0ncia de realitzar una revisi\u00f3 de les pigues, com a m\u00ednim un cop l\u2019any, per a prevenir i detectar a temps qualsevol incid\u00e8ncia. Aix\u00ed com tenir la \u00faltima tecnologia per a detectar de la forma m\u00e9s [&hellip;]","og_url":"https:\/\/www.lopezgil.com\/ca\/dermatologia-oncologica\/","og_site_name":"Dr. Lopez Gil","article_modified_time":"2017-11-20T12:34:48+00:00","twitter_card":"summary_large_image","twitter_misc":{"Est. reading time":"2 minutes"},"schema":{"@context":"https:\/\/schema.org","@graph":[{"@type":"WebPage","@id":"https:\/\/www.lopezgil.com\/ca\/dermatologia-oncologica\/","url":"https:\/\/www.lopezgil.com\/ca\/dermatologia-oncologica\/","name":"Dermatologia oncol\u00f2gica | Dr. Lopez Gil","isPartOf":{"@id":"https:\/\/www.lopezgil.com\/ca\/#website"},"datePublished":"2017-03-03T12:58:18+00:00","dateModified":"2017-11-20T12:34:48+00:00","breadcrumb":{"@id":"https:\/\/www.lopezgil.com\/ca\/dermatologia-oncologica\/#breadcrumb"},"inLanguage":"ca","potentialAction":[{"@type":"ReadAction","target":["https:\/\/www.lopezgil.com\/ca\/dermatologia-oncologica\/"]}]},{"@type":"BreadcrumbList","@id":"https:\/\/www.lopezgil.com\/ca\/dermatologia-oncologica\/#breadcrumb","itemListElement":[{"@type":"ListItem","position":1,"name":"Portada","item":"https:\/\/www.lopezgil.com\/ca\/"},{"@type":"ListItem","position":2,"name":"Dermatologia oncol\u00f2gica"}]},{"@type":"WebSite","@id":"https:\/\/www.lopezgil.com\/ca\/#website","url":"https:\/\/www.lopezgil.com\/ca\/","name":"Dr. Lopez Gil","description":"Dermat\u00f3logo Barcelona","potentialAction":[{"@type":"SearchAction","target":{"@type":"EntryPoint","urlTemplate":"https:\/\/www.lopezgil.com\/ca\/?s={search_term_string}"},"query-input":"required name=search_term_string"}],"inLanguage":"ca"}]}},"_links":{"self":[{"href":"https:\/\/www.lopezgil.com\/ca\/wp-json\/wp\/v2\/pages\/1466","targetHints":{"allow":["GET"]}}],"collection":[{"href":"https:\/\/www.lopezgil.com\/ca\/wp-json\/wp\/v2\/pages"}],"about":[{"href":"https:\/\/www.lopezgil.com\/ca\/wp-json\/wp\/v2\/types\/page"}],"author":[{"embeddable":true,"href":"https:\/\/www.lopezgil.com\/ca\/wp-json\/wp\/v2\/users\/5"}],"replies":[{"embeddable":true,"href":"https:\/\/www.lopezgil.com\/ca\/wp-json\/wp\/v2\/comments?post=1466"}],"version-history":[{"count":12,"href":"https:\/\/www.lopezgil.com\/ca\/wp-json\/wp\/v2\/pages\/1466\/revisions"}],"predecessor-version":[{"id":3105,"href":"https:\/\/www.lopezgil.com\/ca\/wp-json\/wp\/v2\/pages\/1466\/revisions\/3105"}],"wp:attachment":[{"href":"https:\/\/www.lopezgil.com\/ca\/wp-json\/wp\/v2\/media?parent=1466"}],"curies":[{"name":"wp","href":"https:\/\/api.w.org\/{rel}","templated":true}]}}