{"id":1299,"date":"2017-01-10T19:25:05","date_gmt":"2017-01-10T19:25:05","guid":{"rendered":"http:\/\/lopezgil.com\/enconstruccion\/?page_id=1299"},"modified":"2019-08-15T15:00:37","modified_gmt":"2019-08-15T15:00:37","slug":"cuperosi-rosacea","status":"publish","type":"page","link":"https:\/\/www.lopezgil.com\/ca\/dermatologia-clinica\/cuperosi-rosacea\/","title":{"rendered":"Cuperosi o ros\u00e0cea"},"content":{"rendered":"<div id=\"fb-root\"><\/div>\n<p style=\"text-align: justify;\">[vc_row][vc_column][vc_row_inner][vc_column_inner]<script type=\"text\/javascript\">jQuery(function() { _initLayerSlider( '#layerslider_43_3vnizcme6h99', {sliderVersion: '', responsiveUnder: 0, layersContainer: 0, hideUnder: 0, hideOver: 100000, pauseOnHover: 1, skin: 'v5', sliderFadeInDuration: 350, useSrcset: true, skinsPath: 'https:\/\/www.lopezgil.com\/wp-content\/plugins\/LayerSlider\/assets\/static\/layerslider\/skins\/', type: 'responsive', showCircleTimer: false, performanceMode: true}); });<\/script><div id=\"layerslider_43_3vnizcme6h99\" class=\"ls-wp-container fitvidsignore\" style=\"width:600px;height:200px;margin:0 auto;margin-bottom: 0px;\"><div class=\"ls-slide\" data-ls=\"duration:4000;\"><img loading=\"lazy\" decoding=\"async\" width=\"600\" height=\"200\" src=\"https:\/\/www.lopezgil.com\/wp-content\/uploads\/drlopezgil_dermatologia_barcelona_600x200_cuperosi.jpg\" class=\"ls-bg\" alt=\"drlopezgil_dermatologia_barcelona_600x200_cuperosi\" srcset=\"https:\/\/www.lopezgil.com\/wp-content\/uploads\/drlopezgil_dermatologia_barcelona_600x200_cuperosi.jpg 600w, https:\/\/www.lopezgil.com\/wp-content\/uploads\/drlopezgil_dermatologia_barcelona_600x200_cuperosi-300x100.jpg 300w\" sizes=\"auto, (max-width: 600px) 100vw, 600px\" \/><\/div><\/div>[\/vc_column_inner][\/vc_row_inner][\/vc_column][\/vc_row][vc_row][vc_column width=&#8221;3\/4&#8243; css=&#8221;.vc_custom_1473066092346{margin-top: 0px !important;}&#8221;][vc_column_text css=&#8221;.vc_custom_1473066053815{margin-top: 0px !important;}&#8221;]\n<h2 style=\"text-align: justify;\"><span style=\"color: #75c9d3;\"><strong>Qu\u00e8 \u00e9s la cuperosi o ros\u00e0cea?<\/strong><\/span><\/h2>\n<p style=\"text-align: justify;\">La <strong>cuperosi o ros\u00e0cea<\/strong> es caracteritza per l\u2019abund\u00e0ncia de vasos capil\u00b7lars dilatats visibles. Es una afecci\u00f3 vascular de la pell que es caracteritza per presentar vermellor degut a la dilataci\u00f3 dels vasos capil\u00b7lars que irriguen la dermis. Succeeix com a conseq\u00fc\u00e8ncia de l\u2019augment de pressi\u00f3 sangu\u00ednia en les venes superficials de la zona de les galtes, nas, escot i coll. No \u00e9s contagiosa. \u00c9s cr\u00f2nica i recurrent.<\/p>\n<h2 style=\"text-align: justify;\"><span style=\"color: #75c9d3;\"><strong>A qui afecta?<\/strong><\/span><\/h2>\n<p style=\"text-align: justify;\">Sobretot implica a les dones a partir dels 30 anys i tendeix a augmentar amb l\u2019edat. La pell blanca, clara i fina \u00e9s la m\u00e9s susceptible. Pel que fa als homes, \u00e9s menys freq\u00fcent, i acostuma a apar\u00e8ixer en el nas.<\/p>\n<p style=\"text-align: justify;\">Les persones estressades, nervioses i emotives son les que amb m\u00e9s freq\u00fc\u00e8ncia presenten aquests episodis de vasodilataci\u00f3.<\/p>\n<h2 style=\"text-align: justify;\"><span style=\"color: #75c9d3;\"><strong>Causa<\/strong><\/span><\/h2>\n<p style=\"text-align: justify;\">Es desconeix la causa que provoca la cuperosi, per\u00f2 podem afirmar que intervenen:<\/p>\n<ul style=\"text-align: justify;\">\n<li>Factors hereditaris<\/li>\n<li>Certs medicaments (hipotensors o corticoids t\u00f2pics).<\/li>\n<li>Factors alimentaris (ab\u00fas del caf\u00e8, alcohol, tabac o menjars especiats).<\/li>\n<li>Situacions emocionals intenses, estr\u00e8s, cansament i nervis.<\/li>\n<li>Situacions extremes de temperatura (exposici\u00f3 al sol, vent, fred).<\/li>\n<li>Contaminaci\u00f3 ambiental (fum, di\u00f2xids, plom, tabac&#8230;).<\/li>\n<\/ul>\n<h2 style=\"text-align: justify;\"><span style=\"color: #75c9d3;\"><strong>Simptomatologia<\/strong><\/span><\/h2>\n<p style=\"text-align: justify;\">La major caracter\u00edstica es la presencia de telangi\u00e8ctasis, que son petites venes varicoses, en la zona de les galtes i aletes del nas. Aquest fenomen s\u2019anomena FLUSHING i acostuma a causar mol\u00e8stia a les persones que ho pateixen ja que es incomoda i molesta est\u00e8ticament.<\/p>\n<h2 style=\"text-align: justify;\"><span style=\"color: #75c9d3;\"><strong>Tractament per a la <\/strong><\/span><span style=\"color: #75c9d3;\"><strong>cuperosi o ros\u00e0cea<\/strong><\/span><\/h2>\n<p style=\"text-align: justify;\">L\u2019aplicaci\u00f3 de cremes \u00e9s un tractament que ajuda a disminuir el reg sanguini i per tant a disminuir la vermellor, per\u00f2 no elimina el problema, aix\u00ed que tan sols s\u2019aconsella com a prevenci\u00f3.<\/p>\n<p style=\"text-align: justify;\">Per eliminar radicalment l\u2019exc\u00e9s de capil\u00b7lars \u00e9s necessita tractar la zona amb l\u00e0ser vascular. Aquest tanca definitivament les venetes dilatades que provoquen la vermellor. Per aconseguir la eliminaci\u00f3 total acostumen a ser necess\u00e0ries tres o quatre sessions al llarg de l\u2019any per aconseguir la seva eliminaci\u00f3, per\u00f2 dep\u00e8n de cada cas particular. El procediment \u00e9s indolor per\u00f2 durant els dos o tres dies posteriors al tractament pot ocasionar petites mol\u00e8sties.<\/p>\n<h2 style=\"text-align: justify;\"><span style=\"color: #75c9d3;\"><strong>Conseq\u00fc\u00e8ncies<\/strong><\/span><\/h2>\n<p style=\"text-align: justify;\">Si durant l\u2019aparici\u00f3 dels primers s\u00edmptomes no es prenen les mesures preventives necess\u00e0ries, la cuperosis pot derivar i evolucionar cap a ros\u00e0cia.<\/p>\n<p>&nbsp;<\/p>\n","protected":false},"excerpt":{"rendered":"<p>[vc_row][vc_column][vc_row_inner][vc_column_inner][\/vc_column_inner][\/vc_row_inner][\/vc_column][\/vc_row][vc_row][vc_column width=&#8221;3\/4&#8243; css=&#8221;.vc_custom_1473066092346{margin-top: 0px !important;}&#8221;][vc_column_text css=&#8221;.vc_custom_1473066053815{margin-top: 0px !important;}&#8221;] Qu\u00e8 \u00e9s la cuperosi o ros\u00e0cea? La cuperosi o ros\u00e0cea es caracteritza per l\u2019abund\u00e0ncia de vasos capil\u00b7lars dilatats visibles. Es una afecci\u00f3 vascular de la pell que es caracteritza per presentar vermellor degut a la dilataci\u00f3 dels vasos capil\u00b7lars que irriguen la dermis. Succeeix com a conseq\u00fc\u00e8ncia [&hellip;]<\/p>\n","protected":false},"author":5,"featured_media":0,"parent":1136,"menu_order":2,"comment_status":"closed","ping_status":"closed","template":"soulmedic\/tpl-feature.php","meta":{"footnotes":""},"class_list":["post-1299","page","type-page","status-publish","hentry"],"yoast_head":"<!-- This site is optimized with the Yoast SEO plugin v19.12 - https:\/\/yoast.com\/wordpress\/plugins\/seo\/ -->\n<title>Cuperosi o ros\u00e0cea | Dr. Lopez Gil | Cl\u00ednica Teknon Barcelona<\/title>\n<meta name=\"description\" content=\"La cuperosi o ros\u00e0cea s\u00f3n dilatacions venoses al voltant del nas i els p\u00f2muls. El nostre equip demat\u00f3logos experts t&#039;ajudaran amb el millor tractament\" \/>\n<meta name=\"robots\" content=\"index, follow, max-snippet:-1, max-image-preview:large, max-video-preview:-1\" \/>\n<link rel=\"canonical\" href=\"https:\/\/www.lopezgil.com\/ca\/dermatologia-clinica\/cuperosi-rosacea\/\" \/>\n<meta property=\"og:locale\" content=\"ca_ES\" \/>\n<meta property=\"og:type\" content=\"article\" \/>\n<meta property=\"og:title\" content=\"Cuperosi o ros\u00e0cea | Dr. Lopez Gil | Cl\u00ednica Teknon Barcelona\" \/>\n<meta property=\"og:description\" content=\"La cuperosi o ros\u00e0cea s\u00f3n dilatacions venoses al voltant del nas i els p\u00f2muls. El nostre equip demat\u00f3logos experts t&#039;ajudaran amb el millor tractament\" \/>\n<meta property=\"og:url\" content=\"https:\/\/www.lopezgil.com\/ca\/dermatologia-clinica\/cuperosi-rosacea\/\" \/>\n<meta property=\"og:site_name\" content=\"Dr. Lopez Gil\" \/>\n<meta property=\"article:modified_time\" content=\"2019-08-15T15:00:37+00:00\" \/>\n<meta name=\"twitter:card\" content=\"summary_large_image\" \/>\n<meta name=\"twitter:label1\" content=\"Est. reading time\" \/>\n\t<meta name=\"twitter:data1\" content=\"2 minutes\" \/>\n<script type=\"application\/ld+json\" class=\"yoast-schema-graph\">{\"@context\":\"https:\/\/schema.org\",\"@graph\":[{\"@type\":\"WebPage\",\"@id\":\"https:\/\/www.lopezgil.com\/ca\/dermatologia-clinica\/cuperosi-rosacea\/\",\"url\":\"https:\/\/www.lopezgil.com\/ca\/dermatologia-clinica\/cuperosi-rosacea\/\",\"name\":\"Cuperosi o ros\u00e0cea | Dr. Lopez Gil | Cl\u00ednica Teknon Barcelona\",\"isPartOf\":{\"@id\":\"https:\/\/www.lopezgil.com\/ca\/#website\"},\"datePublished\":\"2017-01-10T19:25:05+00:00\",\"dateModified\":\"2019-08-15T15:00:37+00:00\",\"description\":\"La cuperosi o ros\u00e0cea s\u00f3n dilatacions venoses al voltant del nas i els p\u00f2muls. El nostre equip demat\u00f3logos experts t'ajudaran amb el millor tractament\",\"breadcrumb\":{\"@id\":\"https:\/\/www.lopezgil.com\/ca\/dermatologia-clinica\/cuperosi-rosacea\/#breadcrumb\"},\"inLanguage\":\"ca\",\"potentialAction\":[{\"@type\":\"ReadAction\",\"target\":[\"https:\/\/www.lopezgil.com\/ca\/dermatologia-clinica\/cuperosi-rosacea\/\"]}]},{\"@type\":\"BreadcrumbList\",\"@id\":\"https:\/\/www.lopezgil.com\/ca\/dermatologia-clinica\/cuperosi-rosacea\/#breadcrumb\",\"itemListElement\":[{\"@type\":\"ListItem\",\"position\":1,\"name\":\"Portada\",\"item\":\"https:\/\/www.lopezgil.com\/ca\/\"},{\"@type\":\"ListItem\",\"position\":2,\"name\":\"Dermatologia cl\u00ednica\",\"item\":\"https:\/\/www.lopezgil.com\/ca\/dermatologia-clinica\/\"},{\"@type\":\"ListItem\",\"position\":3,\"name\":\"Cuperosi o ros\u00e0cea\"}]},{\"@type\":\"WebSite\",\"@id\":\"https:\/\/www.lopezgil.com\/ca\/#website\",\"url\":\"https:\/\/www.lopezgil.com\/ca\/\",\"name\":\"Dr. Lopez Gil\",\"description\":\"Dermat\u00f3logo Barcelona\",\"potentialAction\":[{\"@type\":\"SearchAction\",\"target\":{\"@type\":\"EntryPoint\",\"urlTemplate\":\"https:\/\/www.lopezgil.com\/ca\/?s={search_term_string}\"},\"query-input\":\"required name=search_term_string\"}],\"inLanguage\":\"ca\"}]}<\/script>\n<!-- \/ Yoast SEO plugin. -->","yoast_head_json":{"title":"Cuperosi o ros\u00e0cea | Dr. Lopez Gil | Cl\u00ednica Teknon Barcelona","description":"La cuperosi o ros\u00e0cea s\u00f3n dilatacions venoses al voltant del nas i els p\u00f2muls. El nostre equip demat\u00f3logos experts t'ajudaran amb el millor tractament","robots":{"index":"index","follow":"follow","max-snippet":"max-snippet:-1","max-image-preview":"max-image-preview:large","max-video-preview":"max-video-preview:-1"},"canonical":"https:\/\/www.lopezgil.com\/ca\/dermatologia-clinica\/cuperosi-rosacea\/","og_locale":"ca_ES","og_type":"article","og_title":"Cuperosi o ros\u00e0cea | Dr. Lopez Gil | Cl\u00ednica Teknon Barcelona","og_description":"La cuperosi o ros\u00e0cea s\u00f3n dilatacions venoses al voltant del nas i els p\u00f2muls. El nostre equip demat\u00f3logos experts t'ajudaran amb el millor tractament","og_url":"https:\/\/www.lopezgil.com\/ca\/dermatologia-clinica\/cuperosi-rosacea\/","og_site_name":"Dr. Lopez Gil","article_modified_time":"2019-08-15T15:00:37+00:00","twitter_card":"summary_large_image","twitter_misc":{"Est. reading time":"2 minutes"},"schema":{"@context":"https:\/\/schema.org","@graph":[{"@type":"WebPage","@id":"https:\/\/www.lopezgil.com\/ca\/dermatologia-clinica\/cuperosi-rosacea\/","url":"https:\/\/www.lopezgil.com\/ca\/dermatologia-clinica\/cuperosi-rosacea\/","name":"Cuperosi o ros\u00e0cea | Dr. Lopez Gil | Cl\u00ednica Teknon Barcelona","isPartOf":{"@id":"https:\/\/www.lopezgil.com\/ca\/#website"},"datePublished":"2017-01-10T19:25:05+00:00","dateModified":"2019-08-15T15:00:37+00:00","description":"La cuperosi o ros\u00e0cea s\u00f3n dilatacions venoses al voltant del nas i els p\u00f2muls. El nostre equip demat\u00f3logos experts t'ajudaran amb el millor tractament","breadcrumb":{"@id":"https:\/\/www.lopezgil.com\/ca\/dermatologia-clinica\/cuperosi-rosacea\/#breadcrumb"},"inLanguage":"ca","potentialAction":[{"@type":"ReadAction","target":["https:\/\/www.lopezgil.com\/ca\/dermatologia-clinica\/cuperosi-rosacea\/"]}]},{"@type":"BreadcrumbList","@id":"https:\/\/www.lopezgil.com\/ca\/dermatologia-clinica\/cuperosi-rosacea\/#breadcrumb","itemListElement":[{"@type":"ListItem","position":1,"name":"Portada","item":"https:\/\/www.lopezgil.com\/ca\/"},{"@type":"ListItem","position":2,"name":"Dermatologia cl\u00ednica","item":"https:\/\/www.lopezgil.com\/ca\/dermatologia-clinica\/"},{"@type":"ListItem","position":3,"name":"Cuperosi o ros\u00e0cea"}]},{"@type":"WebSite","@id":"https:\/\/www.lopezgil.com\/ca\/#website","url":"https:\/\/www.lopezgil.com\/ca\/","name":"Dr. Lopez Gil","description":"Dermat\u00f3logo Barcelona","potentialAction":[{"@type":"SearchAction","target":{"@type":"EntryPoint","urlTemplate":"https:\/\/www.lopezgil.com\/ca\/?s={search_term_string}"},"query-input":"required name=search_term_string"}],"inLanguage":"ca"}]}},"_links":{"self":[{"href":"https:\/\/www.lopezgil.com\/ca\/wp-json\/wp\/v2\/pages\/1299","targetHints":{"allow":["GET"]}}],"collection":[{"href":"https:\/\/www.lopezgil.com\/ca\/wp-json\/wp\/v2\/pages"}],"about":[{"href":"https:\/\/www.lopezgil.com\/ca\/wp-json\/wp\/v2\/types\/page"}],"author":[{"embeddable":true,"href":"https:\/\/www.lopezgil.com\/ca\/wp-json\/wp\/v2\/users\/5"}],"replies":[{"embeddable":true,"href":"https:\/\/www.lopezgil.com\/ca\/wp-json\/wp\/v2\/comments?post=1299"}],"version-history":[{"count":5,"href":"https:\/\/www.lopezgil.com\/ca\/wp-json\/wp\/v2\/pages\/1299\/revisions"}],"predecessor-version":[{"id":4575,"href":"https:\/\/www.lopezgil.com\/ca\/wp-json\/wp\/v2\/pages\/1299\/revisions\/4575"}],"up":[{"embeddable":true,"href":"https:\/\/www.lopezgil.com\/ca\/wp-json\/wp\/v2\/pages\/1136"}],"wp:attachment":[{"href":"https:\/\/www.lopezgil.com\/ca\/wp-json\/wp\/v2\/media?parent=1299"}],"curies":[{"name":"wp","href":"https:\/\/api.w.org\/{rel}","templated":true}]}}