{"id":1293,"date":"2017-01-10T19:17:05","date_gmt":"2017-01-10T19:17:05","guid":{"rendered":"http:\/\/lopezgil.com\/enconstruccion\/?page_id=1293"},"modified":"2019-08-06T19:42:17","modified_gmt":"2019-08-06T19:42:17","slug":"acrocordons","status":"publish","type":"page","link":"https:\/\/www.lopezgil.com\/ca\/dermatologia-clinica\/acrocordons\/","title":{"rendered":"Acrocordons"},"content":{"rendered":"<div id=\"fb-root\"><\/div>\n<p style=\"text-align: justify;\">[vc_row][vc_column][vc_row_inner][vc_column_inner]<script type=\"text\/javascript\">jQuery(function() { _initLayerSlider( '#layerslider_44_mdqfdu3qpjzt', {sliderVersion: '', responsiveUnder: 0, layersContainer: 0, hideUnder: 0, hideOver: 100000, pauseOnHover: 1, skin: 'v5', sliderFadeInDuration: 350, useSrcset: true, skinsPath: 'https:\/\/www.lopezgil.com\/wp-content\/plugins\/LayerSlider\/assets\/static\/layerslider\/skins\/', type: 'responsive', showCircleTimer: false, performanceMode: true}); });<\/script><div id=\"layerslider_44_mdqfdu3qpjzt\" class=\"ls-wp-container fitvidsignore\" style=\"width:600px;height:200px;margin:0 auto;margin-bottom: 0px;\"><div class=\"ls-slide\" data-ls=\"duration:4000;\"><img loading=\"lazy\" decoding=\"async\" width=\"600\" height=\"200\" src=\"https:\/\/www.lopezgil.com\/wp-content\/uploads\/drlopezgil_dermatologia_barcelona_600x200_acrocordons.jpg\" class=\"ls-bg\" alt=\"drlopezgil_dermatologia_barcelona_600x200_acrocordons\" srcset=\"https:\/\/www.lopezgil.com\/wp-content\/uploads\/drlopezgil_dermatologia_barcelona_600x200_acrocordons.jpg 600w, https:\/\/www.lopezgil.com\/wp-content\/uploads\/drlopezgil_dermatologia_barcelona_600x200_acrocordons-300x100.jpg 300w\" sizes=\"auto, (max-width: 600px) 100vw, 600px\" \/><\/div><\/div>[\/vc_column_inner][\/vc_row_inner][\/vc_column][\/vc_row][vc_row][vc_column width=&#8221;3\/4&#8243; css=&#8221;.vc_custom_1473066092346{margin-top: 0px !important;}&#8221;][vc_column_text css=&#8221;.vc_custom_1473066053815{margin-top: 0px !important;}&#8221;]\n<h2 style=\"text-align: justify;\"><span style=\"color: #75c9d3;\"><strong>Qu\u00e8 s\u00f3n els acrocordons?<\/strong><\/span><\/h2>\n<p style=\"text-align: justify;\">Els acrocordons son petites proliferacions cut\u00e0nies (&lt; 5mm de di\u00e0metre), de consist\u00e8ncia tova, del color de la pell o hiperpigmentades que es localitzen preferentment en el coll, aixelles, engonals i zona submam\u00e0ria. No s\u00f3n producte d\u2019una infecci\u00f3 v\u00edrica i per tant no son contagiosos.<\/p>\n<h2 style=\"text-align: justify;\"><span style=\"color: #75c9d3;\"><strong>A qui afecta?<\/strong><\/span><\/h2>\n<p style=\"text-align: justify;\">Son extremadament freq\u00fcents, quasi b\u00e9 el 50% de la poblaci\u00f3 t\u00e9 algun, sobretot a partir dels 50 anys, en persones obeses, en certes dones embarassades i per predisposici\u00f3 familiar.<\/p>\n<h2 style=\"text-align: justify;\"><span style=\"color: #75c9d3;\"><strong>Simptomatologia<\/strong><\/span><\/h2>\n<p style=\"text-align: justify;\">Habitualment no produeixen cap s\u00edmptoma per\u00f2 poden inflamar-se i produir pru\u00efja o dolor degut a la seva localitzaci\u00f3 en situacions de calor o sudoraci\u00f3.<\/p>\n<h2 style=\"text-align: justify;\"><span style=\"color: #75c9d3;\"><strong>Causes<\/strong><\/span><\/h2>\n<p style=\"text-align: justify;\">La gran majoria de vegades, aquestes proliferacions apareixen com a conseq\u00fc\u00e8ncia del fregament i pel pas del temps. En certs casos poden sorgir diversos al mateix temps, especialment en persones amb sobrep\u00e8s.<\/p>\n<p style=\"text-align: justify;\">Cal tenir en compte que poden ser la manifestaci\u00f3 de certes malalties endocrines, com per exemple l\u2019obesitat o la diabetis mellitus.<\/p>\n<h2 style=\"text-align: justify;\"><span style=\"color: #75c9d3;\"><strong>Tractament dels acrocordons a Barcelona<\/strong><\/span><\/h2>\n<p style=\"text-align: justify;\">Els acrocordons no requereixen un tractament ja que no suposen cap problema per a la salut, per\u00f2 el pacient freq\u00fcentment desitja eliminar-los per q\u00fcestions est\u00e8tiques, per comoditat o b\u00e9 perqu\u00e8 s\u2019han produ\u00eft canvis secundaris com a conseq\u00fc\u00e8ncia del frec.<\/p>\n<p style=\"text-align: justify;\">Els dermat\u00f2legs habitualment eliminem els acrocordons aplicant:<\/p>\n<ul style=\"text-align: justify;\">\n<li><em>Crioter\u00e0pia<\/em>: consisteix en congelar amb nitrogen l\u00edquid els acrocordons.<\/li>\n<li><em>L\u00e0ser de CO2<\/em>: elimina les lesions immediatament sense haver d\u2019esperar uns dies per a que es desprenguin.<\/li>\n<\/ul>\n<p style=\"text-align: justify;\">El dos procediments no ocasionen mol\u00e8sties i son r\u00e0pids i ben tolerats.<\/p>\n","protected":false},"excerpt":{"rendered":"<p>[vc_row][vc_column][vc_row_inner][vc_column_inner][\/vc_column_inner][\/vc_row_inner][\/vc_column][\/vc_row][vc_row][vc_column width=&#8221;3\/4&#8243; css=&#8221;.vc_custom_1473066092346{margin-top: 0px !important;}&#8221;][vc_column_text css=&#8221;.vc_custom_1473066053815{margin-top: 0px !important;}&#8221;] Qu\u00e8 s\u00f3n els acrocordons? Els acrocordons son petites proliferacions cut\u00e0nies (&lt; 5mm de di\u00e0metre), de consist\u00e8ncia tova, del color de la pell o hiperpigmentades que es localitzen preferentment en el coll, aixelles, engonals i zona submam\u00e0ria. No s\u00f3n producte d\u2019una infecci\u00f3 v\u00edrica i per tant no son [&hellip;]<\/p>\n","protected":false},"author":5,"featured_media":0,"parent":1136,"menu_order":1,"comment_status":"closed","ping_status":"closed","template":"soulmedic\/tpl-feature.php","meta":{"footnotes":""},"class_list":["post-1293","page","type-page","status-publish","hentry"],"yoast_head":"<!-- This site is optimized with the Yoast SEO plugin v19.12 - https:\/\/yoast.com\/wordpress\/plugins\/seo\/ -->\n<title>Acrocordons | Dr. Lopez Gil<\/title>\n<meta name=\"description\" content=\"Qu\u00e8 s\u00f3n els acrocordones, les causes i tractaments per eliminar-los. Dermat\u00f2leg especialista en el tractament de acrocordones a Barcelona, \u200b\u200bCl\u00ednica Teknon\" \/>\n<meta name=\"robots\" content=\"index, follow, max-snippet:-1, max-image-preview:large, max-video-preview:-1\" \/>\n<link rel=\"canonical\" href=\"https:\/\/www.lopezgil.com\/ca\/dermatologia-clinica\/acrocordons\/\" \/>\n<meta property=\"og:locale\" content=\"ca_ES\" \/>\n<meta property=\"og:type\" content=\"article\" \/>\n<meta property=\"og:title\" content=\"Acrocordons | Dr. Lopez Gil\" \/>\n<meta property=\"og:description\" content=\"Qu\u00e8 s\u00f3n els acrocordones, les causes i tractaments per eliminar-los. Dermat\u00f2leg especialista en el tractament de acrocordones a Barcelona, \u200b\u200bCl\u00ednica Teknon\" \/>\n<meta property=\"og:url\" content=\"https:\/\/www.lopezgil.com\/ca\/dermatologia-clinica\/acrocordons\/\" \/>\n<meta property=\"og:site_name\" content=\"Dr. Lopez Gil\" \/>\n<meta property=\"article:modified_time\" content=\"2019-08-06T19:42:17+00:00\" \/>\n<meta name=\"twitter:card\" content=\"summary_large_image\" \/>\n<meta name=\"twitter:label1\" content=\"Est. reading time\" \/>\n\t<meta name=\"twitter:data1\" content=\"2 minutes\" \/>\n<script type=\"application\/ld+json\" class=\"yoast-schema-graph\">{\"@context\":\"https:\/\/schema.org\",\"@graph\":[{\"@type\":\"WebPage\",\"@id\":\"https:\/\/www.lopezgil.com\/ca\/dermatologia-clinica\/acrocordons\/\",\"url\":\"https:\/\/www.lopezgil.com\/ca\/dermatologia-clinica\/acrocordons\/\",\"name\":\"Acrocordons | Dr. Lopez Gil\",\"isPartOf\":{\"@id\":\"https:\/\/www.lopezgil.com\/#website\"},\"datePublished\":\"2017-01-10T19:17:05+00:00\",\"dateModified\":\"2019-08-06T19:42:17+00:00\",\"description\":\"Qu\u00e8 s\u00f3n els acrocordones, les causes i tractaments per eliminar-los. Dermat\u00f2leg especialista en el tractament de acrocordones a Barcelona, \u200b\u200bCl\u00ednica Teknon\",\"breadcrumb\":{\"@id\":\"https:\/\/www.lopezgil.com\/ca\/dermatologia-clinica\/acrocordons\/#breadcrumb\"},\"inLanguage\":\"ca\",\"potentialAction\":[{\"@type\":\"ReadAction\",\"target\":[\"https:\/\/www.lopezgil.com\/ca\/dermatologia-clinica\/acrocordons\/\"]}]},{\"@type\":\"BreadcrumbList\",\"@id\":\"https:\/\/www.lopezgil.com\/ca\/dermatologia-clinica\/acrocordons\/#breadcrumb\",\"itemListElement\":[{\"@type\":\"ListItem\",\"position\":1,\"name\":\"Portada\",\"item\":\"https:\/\/www.lopezgil.com\/ca\/\"},{\"@type\":\"ListItem\",\"position\":2,\"name\":\"Dermatologia cl\u00ednica\",\"item\":\"https:\/\/www.lopezgil.com\/ca\/dermatologia-clinica\/\"},{\"@type\":\"ListItem\",\"position\":3,\"name\":\"Acrocordons\"}]},{\"@type\":\"WebSite\",\"@id\":\"https:\/\/www.lopezgil.com\/#website\",\"url\":\"https:\/\/www.lopezgil.com\/\",\"name\":\"Dr. Lopez Gil\",\"description\":\"Dermat\u00f3logo Barcelona\",\"potentialAction\":[{\"@type\":\"SearchAction\",\"target\":{\"@type\":\"EntryPoint\",\"urlTemplate\":\"https:\/\/www.lopezgil.com\/?s={search_term_string}\"},\"query-input\":\"required name=search_term_string\"}],\"inLanguage\":\"ca\"}]}<\/script>\n<!-- \/ Yoast SEO plugin. -->","yoast_head_json":{"title":"Acrocordons | Dr. Lopez Gil","description":"Qu\u00e8 s\u00f3n els acrocordones, les causes i tractaments per eliminar-los. Dermat\u00f2leg especialista en el tractament de acrocordones a Barcelona, \u200b\u200bCl\u00ednica Teknon","robots":{"index":"index","follow":"follow","max-snippet":"max-snippet:-1","max-image-preview":"max-image-preview:large","max-video-preview":"max-video-preview:-1"},"canonical":"https:\/\/www.lopezgil.com\/ca\/dermatologia-clinica\/acrocordons\/","og_locale":"ca_ES","og_type":"article","og_title":"Acrocordons | Dr. Lopez Gil","og_description":"Qu\u00e8 s\u00f3n els acrocordones, les causes i tractaments per eliminar-los. Dermat\u00f2leg especialista en el tractament de acrocordones a Barcelona, \u200b\u200bCl\u00ednica Teknon","og_url":"https:\/\/www.lopezgil.com\/ca\/dermatologia-clinica\/acrocordons\/","og_site_name":"Dr. Lopez Gil","article_modified_time":"2019-08-06T19:42:17+00:00","twitter_card":"summary_large_image","twitter_misc":{"Est. reading time":"2 minutes"},"schema":{"@context":"https:\/\/schema.org","@graph":[{"@type":"WebPage","@id":"https:\/\/www.lopezgil.com\/ca\/dermatologia-clinica\/acrocordons\/","url":"https:\/\/www.lopezgil.com\/ca\/dermatologia-clinica\/acrocordons\/","name":"Acrocordons | Dr. Lopez Gil","isPartOf":{"@id":"https:\/\/www.lopezgil.com\/#website"},"datePublished":"2017-01-10T19:17:05+00:00","dateModified":"2019-08-06T19:42:17+00:00","description":"Qu\u00e8 s\u00f3n els acrocordones, les causes i tractaments per eliminar-los. Dermat\u00f2leg especialista en el tractament de acrocordones a Barcelona, \u200b\u200bCl\u00ednica Teknon","breadcrumb":{"@id":"https:\/\/www.lopezgil.com\/ca\/dermatologia-clinica\/acrocordons\/#breadcrumb"},"inLanguage":"ca","potentialAction":[{"@type":"ReadAction","target":["https:\/\/www.lopezgil.com\/ca\/dermatologia-clinica\/acrocordons\/"]}]},{"@type":"BreadcrumbList","@id":"https:\/\/www.lopezgil.com\/ca\/dermatologia-clinica\/acrocordons\/#breadcrumb","itemListElement":[{"@type":"ListItem","position":1,"name":"Portada","item":"https:\/\/www.lopezgil.com\/ca\/"},{"@type":"ListItem","position":2,"name":"Dermatologia cl\u00ednica","item":"https:\/\/www.lopezgil.com\/ca\/dermatologia-clinica\/"},{"@type":"ListItem","position":3,"name":"Acrocordons"}]},{"@type":"WebSite","@id":"https:\/\/www.lopezgil.com\/#website","url":"https:\/\/www.lopezgil.com\/","name":"Dr. Lopez Gil","description":"Dermat\u00f3logo Barcelona","potentialAction":[{"@type":"SearchAction","target":{"@type":"EntryPoint","urlTemplate":"https:\/\/www.lopezgil.com\/?s={search_term_string}"},"query-input":"required name=search_term_string"}],"inLanguage":"ca"}]}},"_links":{"self":[{"href":"https:\/\/www.lopezgil.com\/ca\/wp-json\/wp\/v2\/pages\/1293","targetHints":{"allow":["GET"]}}],"collection":[{"href":"https:\/\/www.lopezgil.com\/ca\/wp-json\/wp\/v2\/pages"}],"about":[{"href":"https:\/\/www.lopezgil.com\/ca\/wp-json\/wp\/v2\/types\/page"}],"author":[{"embeddable":true,"href":"https:\/\/www.lopezgil.com\/ca\/wp-json\/wp\/v2\/users\/5"}],"replies":[{"embeddable":true,"href":"https:\/\/www.lopezgil.com\/ca\/wp-json\/wp\/v2\/comments?post=1293"}],"version-history":[{"count":8,"href":"https:\/\/www.lopezgil.com\/ca\/wp-json\/wp\/v2\/pages\/1293\/revisions"}],"predecessor-version":[{"id":4520,"href":"https:\/\/www.lopezgil.com\/ca\/wp-json\/wp\/v2\/pages\/1293\/revisions\/4520"}],"up":[{"embeddable":true,"href":"https:\/\/www.lopezgil.com\/ca\/wp-json\/wp\/v2\/pages\/1136"}],"wp:attachment":[{"href":"https:\/\/www.lopezgil.com\/ca\/wp-json\/wp\/v2\/media?parent=1293"}],"curies":[{"name":"wp","href":"https:\/\/api.w.org\/{rel}","templated":true}]}}