{"id":1267,"date":"2017-01-10T08:27:52","date_gmt":"2017-01-10T08:27:52","guid":{"rendered":"http:\/\/lopezgil.com\/enconstruccion\/?page_id=1267"},"modified":"2019-12-06T01:18:00","modified_gmt":"2019-12-06T01:18:00","slug":"ungles","status":"publish","type":"page","link":"https:\/\/www.lopezgil.com\/ca\/dermatologia-clinica\/ungles\/","title":{"rendered":"Ungles"},"content":{"rendered":"<div id=\"fb-root\"><\/div>\n<p style=\"text-align: justify;\">[vc_row][vc_column][vc_row_inner][vc_column_inner]<script type=\"text\/javascript\">jQuery(function() { _initLayerSlider( '#layerslider_16_1vdnyr6l586fw', {sliderVersion: '', responsiveUnder: 0, layersContainer: 0, hideUnder: 0, hideOver: 100000, pauseOnHover: 1, skin: 'v5', sliderFadeInDuration: 350, useSrcset: true, skinsPath: 'https:\/\/www.lopezgil.com\/wp-content\/plugins\/LayerSlider\/assets\/static\/layerslider\/skins\/', type: 'responsive', showCircleTimer: false, performanceMode: true}); });<\/script><div id=\"layerslider_16_1vdnyr6l586fw\" class=\"ls-wp-container fitvidsignore\" style=\"width:600px;height:200px;margin:0 auto;margin-bottom: 0px;\"><div class=\"ls-slide\" data-ls=\"duration:4000;\"><img loading=\"lazy\" decoding=\"async\" width=\"600\" height=\"200\" src=\"https:\/\/www.lopezgil.com\/wp-content\/uploads\/drlopezgil_dermatologia_barcelona_600x200_un\u0303as_manos_pies.jpg\" class=\"ls-bg\" alt=\"drlopezgil_dermatologia_barcelona_600x200_un\" srcset=\"https:\/\/www.lopezgil.com\/wp-content\/uploads\/drlopezgil_dermatologia_barcelona_600x200_un\u0303as_manos_pies.jpg 600w, https:\/\/www.lopezgil.com\/wp-content\/uploads\/drlopezgil_dermatologia_barcelona_600x200_un\u0303as_manos_pies-300x100.jpg 300w\" sizes=\"auto, (max-width: 600px) 100vw, 600px\" \/><\/div><\/div>[\/vc_column_inner][\/vc_row_inner][\/vc_column][\/vc_row][vc_row][vc_column width=&#8221;3\/4&#8243; css=&#8221;.vc_custom_1473066092346{margin-top: 0px !important;}&#8221;][vc_column_text css=&#8221;.vc_custom_1473066053815{margin-top: 0px !important;}&#8221;]\n<h2 style=\"text-align: justify;\"><span style=\"color: #75c9d3;\"><strong>Qu\u00e8 \u00e9s?<\/strong><\/span><\/h2>\n<p style=\"text-align: justify;\">Les ungles de les mans i dels peus estan formades per una prote\u00efna anomenada queratina i tenen la funci\u00f3 de protegir els teixits dels dits. Al igual que la resta del cos, tamb\u00e9 poden patir diferents malalties que tot i no ser greus i ser de f\u00e0cil tractament s\u2019han de tenir en compte ja que poden ser un indicador del estat general de salut.<\/p>\n<h2 style=\"text-align: justify;\"><span style=\"color: #75c9d3;\"><strong>A qui afecta?<\/strong><\/span><\/h2>\n<p style=\"text-align: justify;\">Les infeccions en les ungles afecten per igual als homes i a les dones i poden apar\u00e8ixer en qualsevol edat.<\/p>\n<h2 style=\"text-align: justify;\"><span style=\"color: #75c9d3;\"><strong>Causa<\/strong><\/span><\/h2>\n<p style=\"text-align: justify;\">Les causes de les afeccions de les ungles poden ser m\u00faltiples, per\u00f2 majorit\u00e0riament les principals fonts s\u00f3n:<\/p>\n<ul style=\"text-align: justify;\">\n<li>Heredit\u00e0ries<\/li>\n<li>Estr\u00e8s<\/li>\n<li>Mala alimentaci\u00f3<\/li>\n<li>Contaminaci\u00f3<\/li>\n<li>Acumulaci\u00f3 de toxines i qu\u00edmics<\/li>\n<\/ul>\n<h2 style=\"text-align: justify;\"><span style=\"color: #75c9d3;\"><strong>Malalties m\u00e9s comuns<\/strong><\/span><\/h2>\n<p style=\"text-align: justify;\"><em><u>MICOSIS<\/u><\/em><\/p>\n<p style=\"text-align: justify;\">\u00c9s una infecci\u00f3 provocada per una reproducci\u00f3 descontrolada de fongs microsc\u00f2pics. Es caracteritza per presentar l\u2019 elevaci\u00f3 d\u2019una part de l\u2019ungla per l\u2019acumulaci\u00f3 d\u2019una secreci\u00f3 semiviscosa de color gris, l\u2019aparici\u00f3 de petites taques blanques en la superf\u00edcie i l\u2019engrossiment del dit infectat. El tractament dep\u00e8n del tipus de fong que ha originat la infecci\u00f3.<\/p>\n<p style=\"text-align: justify;\"><em><u>UNGLA ENCARNADA O CLAVADA<\/u><\/em><\/p>\n<p style=\"text-align: justify;\">\u00c9s una afecci\u00f3 com\u00fa, sobretot en joves, deguda al creixement anormal dels extrems de l\u2019ungla, freq\u00fcentment la del dit gros del peu. Aquesta creix en l\u2019interior del moll\u00e0 periungueal provocant una ferida, dolor, inflamaci\u00f3 i fins i tot infecci\u00f3 si no s\u2019agafa a temps.<\/p>\n<p style=\"text-align: justify;\">Sol passar per utilitzar un mal cal\u00e7at, per un mal tallat, per una hipersudoraci\u00f3 del peu o per desviacions o malformacions dels dits.<\/p>\n<p style=\"text-align: justify;\">El tractament que es recomana per tal que sigui definitiu i no es vagi repetint la ferida, \u00e9s la realitzaci\u00f3 d\u2019una petita intervenci\u00f3 per eliminar la part de l\u2019ungla que es clava, evitar el cal\u00e7at que acaba amb punta i tallar les ungles preferentment de forma quadrada.<\/p>\n<p style=\"text-align: justify;\"><em><u>UNGLA ESTRIADA<\/u><\/em><\/p>\n<p style=\"text-align: justify;\">\u00c9s una malformaci\u00f3 de la superf\u00edcie de les ungles que proporciona una textura peculiar i no provoca dolor.<\/p>\n<p style=\"text-align: justify;\">Les estries poden ser:<\/p>\n<ul style=\"text-align: justify;\">\n<li><em>Estries longitudinals:<\/em> s\u00f3n les m\u00e9s habituals i solen apar\u00e8ixer amb l\u2019edat, a partir dels 60 anys per q\u00fcestions heredit\u00e0ries. No existeix un tractament espec\u00edfic.<\/li>\n<\/ul>\n<ul style=\"text-align: justify;\">\n<li><em>Estries transversals o \u201cL\u00ednies de Beau<\/em>\u201d: \u00e9s una alteraci\u00f3 en el creixement de les ungles que pot ser deguda a una mala alimentaci\u00f3, a un quadre febril, com a conseq\u00fc\u00e8ncia de certs medicaments o b\u00e9 com a senyal d\u2019alguna patologia greu. En aquest cas s\u2019aconsella visitar r\u00e0pidament el dermat\u00f2leg per a determinar la causa i poder-la tractar el m\u00e9s r\u00e0pid possible.<\/li>\n<\/ul>\n<p style=\"text-align: justify;\"><em><u>UNGLA FR\u00c0GIL<\/u><\/em><\/p>\n<p style=\"text-align: justify;\">En aquest cas les ungles es trenquen amb molta facilitat com a conseq\u00fc\u00e8ncia d\u2019una mala alimentaci\u00f3, defici\u00e8ncia circulat\u00f2ria o per problemes de reumatisme. En persones d\u2019edat avan\u00e7ada tamb\u00e9 pot ser per tenir les mans en contacte amb aigua constantment. Existeixen diferents tractaments per enfortir les ungles.<\/p>\n<p style=\"text-align: justify;\"><em><u>UNGLA GROGA<\/u><\/em><\/p>\n<p style=\"text-align: justify;\">Es molt habitual en persones fumadores com a conseq\u00fc\u00e8ncia de la nicotina o b\u00e9 en dones que solen portar les ungles pintades i utilitzen esmalts de baixa qualitat o b\u00e9 sense base per protegir la ungla.<\/p>\n<p style=\"text-align: justify;\">Tamb\u00e9 poden reflectir malalties de tipus hep\u00e0tic, per infeccions per fongs i o bact\u00e8ries o com a conseq\u00fc\u00e8ncia de la psoriasis per tant \u00e9s molt important consultar amb un especialista.<\/p>\n<p style=\"text-align: justify;\"><em><u>ANONIQUIA<\/u><\/em><\/p>\n<p style=\"text-align: justify;\">Es caracteritza per la inexist\u00e8ncia parcial o total de l\u2019ungla. Aquesta segons l\u2019origen pot ser permanent o temporal.<\/p>\n<h2 style=\"text-align: justify;\"><span style=\"color: #75c9d3;\"><strong>Tractament<\/strong><\/span><\/h2>\n<p style=\"text-align: justify;\">Segons l\u2019afectaci\u00f3 de l\u2019ungla es prescriur\u00e0 un o altre tractament<strong>. <\/strong>Ara b\u00e9, per minimitzar aquestes malalties es recomana:<\/p>\n<ul>\n<li style=\"text-align: justify;\">Mantenir les ungles netes, seques i ben tallades<\/li>\n<li style=\"text-align: justify;\">No tallar la cut\u00edcula per evitar infeccions<\/li>\n<li style=\"text-align: justify;\">Protegir les mans amb guants per a realitzar tasques amb aigua o amb productes qu\u00edmics.<\/li>\n<li style=\"text-align: justify;\">Utilitzar mitjons de coto 100% i evitar la humitat.<\/li>\n<li style=\"text-align: justify;\">Portar cal\u00e7at c\u00f2mode i sense punta<\/li>\n<\/ul>\n","protected":false},"excerpt":{"rendered":"<p>[vc_row][vc_column][vc_row_inner][vc_column_inner][\/vc_column_inner][\/vc_row_inner][\/vc_column][\/vc_row][vc_row][vc_column width=&#8221;3\/4&#8243; css=&#8221;.vc_custom_1473066092346{margin-top: 0px !important;}&#8221;][vc_column_text css=&#8221;.vc_custom_1473066053815{margin-top: 0px !important;}&#8221;] Qu\u00e8 \u00e9s? Les ungles de les mans i dels peus estan formades per una prote\u00efna anomenada queratina i tenen la funci\u00f3 de protegir els teixits dels dits. Al igual que la resta del cos, tamb\u00e9 poden patir diferents malalties que tot i no ser greus i ser [&hellip;]<\/p>\n","protected":false},"author":5,"featured_media":0,"parent":1136,"menu_order":14,"comment_status":"closed","ping_status":"closed","template":"soulmedic\/tpl-feature.php","meta":{"footnotes":""},"class_list":["post-1267","page","type-page","status-publish","hentry"],"yoast_head":"<!-- This site is optimized with the Yoast SEO plugin v19.12 - https:\/\/yoast.com\/wordpress\/plugins\/seo\/ -->\n<title>Ungles | Dr. Lopez Gil | Cl\u00ednica Teknon Barcelona<\/title>\n<meta name=\"description\" content=\"Les ungles de les mans i dels peus estan formades per una prote\u00efna anomenada queratina i tenen la funci\u00f3 de protegir els teixits dels dits\" \/>\n<meta name=\"robots\" content=\"index, follow, max-snippet:-1, max-image-preview:large, max-video-preview:-1\" \/>\n<link rel=\"canonical\" href=\"https:\/\/www.lopezgil.com\/ca\/dermatologia-clinica\/ungles\/\" \/>\n<meta property=\"og:locale\" content=\"ca_ES\" \/>\n<meta property=\"og:type\" content=\"article\" \/>\n<meta property=\"og:title\" content=\"Ungles | Dr. Lopez Gil | Cl\u00ednica Teknon Barcelona\" \/>\n<meta property=\"og:description\" content=\"Les ungles de les mans i dels peus estan formades per una prote\u00efna anomenada queratina i tenen la funci\u00f3 de protegir els teixits dels dits\" \/>\n<meta property=\"og:url\" content=\"https:\/\/www.lopezgil.com\/ca\/dermatologia-clinica\/ungles\/\" \/>\n<meta property=\"og:site_name\" content=\"Dr. Lopez Gil\" \/>\n<meta property=\"article:modified_time\" content=\"2019-12-06T01:18:00+00:00\" \/>\n<meta name=\"twitter:card\" content=\"summary_large_image\" \/>\n<meta name=\"twitter:label1\" content=\"Est. reading time\" \/>\n\t<meta name=\"twitter:data1\" content=\"4 minutes\" \/>\n<script type=\"application\/ld+json\" class=\"yoast-schema-graph\">{\"@context\":\"https:\/\/schema.org\",\"@graph\":[{\"@type\":\"WebPage\",\"@id\":\"https:\/\/www.lopezgil.com\/ca\/dermatologia-clinica\/ungles\/\",\"url\":\"https:\/\/www.lopezgil.com\/ca\/dermatologia-clinica\/ungles\/\",\"name\":\"Ungles | Dr. Lopez Gil | Cl\u00ednica Teknon Barcelona\",\"isPartOf\":{\"@id\":\"https:\/\/www.lopezgil.com\/ca\/#website\"},\"datePublished\":\"2017-01-10T08:27:52+00:00\",\"dateModified\":\"2019-12-06T01:18:00+00:00\",\"description\":\"Les ungles de les mans i dels peus estan formades per una prote\u00efna anomenada queratina i tenen la funci\u00f3 de protegir els teixits dels dits\",\"breadcrumb\":{\"@id\":\"https:\/\/www.lopezgil.com\/ca\/dermatologia-clinica\/ungles\/#breadcrumb\"},\"inLanguage\":\"ca\",\"potentialAction\":[{\"@type\":\"ReadAction\",\"target\":[\"https:\/\/www.lopezgil.com\/ca\/dermatologia-clinica\/ungles\/\"]}]},{\"@type\":\"BreadcrumbList\",\"@id\":\"https:\/\/www.lopezgil.com\/ca\/dermatologia-clinica\/ungles\/#breadcrumb\",\"itemListElement\":[{\"@type\":\"ListItem\",\"position\":1,\"name\":\"Portada\",\"item\":\"https:\/\/www.lopezgil.com\/ca\/\"},{\"@type\":\"ListItem\",\"position\":2,\"name\":\"Dermatologia cl\u00ednica\",\"item\":\"https:\/\/www.lopezgil.com\/ca\/dermatologia-clinica\/\"},{\"@type\":\"ListItem\",\"position\":3,\"name\":\"Ungles\"}]},{\"@type\":\"WebSite\",\"@id\":\"https:\/\/www.lopezgil.com\/ca\/#website\",\"url\":\"https:\/\/www.lopezgil.com\/ca\/\",\"name\":\"Dr. Lopez Gil\",\"description\":\"Dermat\u00f3logo Barcelona\",\"potentialAction\":[{\"@type\":\"SearchAction\",\"target\":{\"@type\":\"EntryPoint\",\"urlTemplate\":\"https:\/\/www.lopezgil.com\/ca\/?s={search_term_string}\"},\"query-input\":\"required name=search_term_string\"}],\"inLanguage\":\"ca\"}]}<\/script>\n<!-- \/ Yoast SEO plugin. -->","yoast_head_json":{"title":"Ungles | Dr. Lopez Gil | Cl\u00ednica Teknon Barcelona","description":"Les ungles de les mans i dels peus estan formades per una prote\u00efna anomenada queratina i tenen la funci\u00f3 de protegir els teixits dels dits","robots":{"index":"index","follow":"follow","max-snippet":"max-snippet:-1","max-image-preview":"max-image-preview:large","max-video-preview":"max-video-preview:-1"},"canonical":"https:\/\/www.lopezgil.com\/ca\/dermatologia-clinica\/ungles\/","og_locale":"ca_ES","og_type":"article","og_title":"Ungles | Dr. Lopez Gil | Cl\u00ednica Teknon Barcelona","og_description":"Les ungles de les mans i dels peus estan formades per una prote\u00efna anomenada queratina i tenen la funci\u00f3 de protegir els teixits dels dits","og_url":"https:\/\/www.lopezgil.com\/ca\/dermatologia-clinica\/ungles\/","og_site_name":"Dr. Lopez Gil","article_modified_time":"2019-12-06T01:18:00+00:00","twitter_card":"summary_large_image","twitter_misc":{"Est. reading time":"4 minutes"},"schema":{"@context":"https:\/\/schema.org","@graph":[{"@type":"WebPage","@id":"https:\/\/www.lopezgil.com\/ca\/dermatologia-clinica\/ungles\/","url":"https:\/\/www.lopezgil.com\/ca\/dermatologia-clinica\/ungles\/","name":"Ungles | Dr. Lopez Gil | Cl\u00ednica Teknon Barcelona","isPartOf":{"@id":"https:\/\/www.lopezgil.com\/ca\/#website"},"datePublished":"2017-01-10T08:27:52+00:00","dateModified":"2019-12-06T01:18:00+00:00","description":"Les ungles de les mans i dels peus estan formades per una prote\u00efna anomenada queratina i tenen la funci\u00f3 de protegir els teixits dels dits","breadcrumb":{"@id":"https:\/\/www.lopezgil.com\/ca\/dermatologia-clinica\/ungles\/#breadcrumb"},"inLanguage":"ca","potentialAction":[{"@type":"ReadAction","target":["https:\/\/www.lopezgil.com\/ca\/dermatologia-clinica\/ungles\/"]}]},{"@type":"BreadcrumbList","@id":"https:\/\/www.lopezgil.com\/ca\/dermatologia-clinica\/ungles\/#breadcrumb","itemListElement":[{"@type":"ListItem","position":1,"name":"Portada","item":"https:\/\/www.lopezgil.com\/ca\/"},{"@type":"ListItem","position":2,"name":"Dermatologia cl\u00ednica","item":"https:\/\/www.lopezgil.com\/ca\/dermatologia-clinica\/"},{"@type":"ListItem","position":3,"name":"Ungles"}]},{"@type":"WebSite","@id":"https:\/\/www.lopezgil.com\/ca\/#website","url":"https:\/\/www.lopezgil.com\/ca\/","name":"Dr. Lopez Gil","description":"Dermat\u00f3logo Barcelona","potentialAction":[{"@type":"SearchAction","target":{"@type":"EntryPoint","urlTemplate":"https:\/\/www.lopezgil.com\/ca\/?s={search_term_string}"},"query-input":"required name=search_term_string"}],"inLanguage":"ca"}]}},"_links":{"self":[{"href":"https:\/\/www.lopezgil.com\/ca\/wp-json\/wp\/v2\/pages\/1267","targetHints":{"allow":["GET"]}}],"collection":[{"href":"https:\/\/www.lopezgil.com\/ca\/wp-json\/wp\/v2\/pages"}],"about":[{"href":"https:\/\/www.lopezgil.com\/ca\/wp-json\/wp\/v2\/types\/page"}],"author":[{"embeddable":true,"href":"https:\/\/www.lopezgil.com\/ca\/wp-json\/wp\/v2\/users\/5"}],"replies":[{"embeddable":true,"href":"https:\/\/www.lopezgil.com\/ca\/wp-json\/wp\/v2\/comments?post=1267"}],"version-history":[{"count":7,"href":"https:\/\/www.lopezgil.com\/ca\/wp-json\/wp\/v2\/pages\/1267\/revisions"}],"predecessor-version":[{"id":4863,"href":"https:\/\/www.lopezgil.com\/ca\/wp-json\/wp\/v2\/pages\/1267\/revisions\/4863"}],"up":[{"embeddable":true,"href":"https:\/\/www.lopezgil.com\/ca\/wp-json\/wp\/v2\/pages\/1136"}],"wp:attachment":[{"href":"https:\/\/www.lopezgil.com\/ca\/wp-json\/wp\/v2\/media?parent=1267"}],"curies":[{"name":"wp","href":"https:\/\/api.w.org\/{rel}","templated":true}]}}