{"id":1255,"date":"2017-01-09T21:36:39","date_gmt":"2017-01-09T21:36:39","guid":{"rendered":"http:\/\/lopezgil.com\/enconstruccion\/?page_id=1255"},"modified":"2019-12-06T00:47:48","modified_gmt":"2019-12-06T00:47:48","slug":"molluscs","status":"publish","type":"page","link":"https:\/\/www.lopezgil.com\/ca\/dermatologia-clinica\/molluscs\/","title":{"rendered":"Mol\u00b7luscs"},"content":{"rendered":"<div id=\"fb-root\"><\/div>\n<p style=\"text-align: justify;\">[vc_row][vc_column][vc_row_inner][vc_column_inner]<script type=\"text\/javascript\">jQuery(function() { _initLayerSlider( '#layerslider_33_hex1x5rztyzu', {sliderVersion: '', responsiveUnder: 0, layersContainer: 0, hideUnder: 0, hideOver: 100000, pauseOnHover: 1, skin: 'v5', sliderFadeInDuration: 350, useSrcset: true, skinsPath: 'https:\/\/www.lopezgil.com\/wp-content\/plugins\/LayerSlider\/assets\/static\/layerslider\/skins\/', type: 'responsive', showCircleTimer: false, performanceMode: true}); });<\/script><div id=\"layerslider_33_hex1x5rztyzu\" class=\"ls-wp-container fitvidsignore\" style=\"width:600px;height:200px;margin:0 auto;margin-bottom: 0px;\"><div class=\"ls-slide\" data-ls=\"duration:4000;\"><img loading=\"lazy\" decoding=\"async\" width=\"600\" height=\"200\" src=\"https:\/\/www.lopezgil.com\/wp-content\/uploads\/drlopezgil_dermatologia_barcelona_600x200_moluscos.jpg\" class=\"ls-bg\" alt=\"drlopezgil_dermatologia_barcelona_600x200_moluscos\" srcset=\"https:\/\/www.lopezgil.com\/wp-content\/uploads\/drlopezgil_dermatologia_barcelona_600x200_moluscos.jpg 600w, https:\/\/www.lopezgil.com\/wp-content\/uploads\/drlopezgil_dermatologia_barcelona_600x200_moluscos-300x100.jpg 300w\" sizes=\"auto, (max-width: 600px) 100vw, 600px\" \/><\/div><\/div>[\/vc_column_inner][\/vc_row_inner][\/vc_column][\/vc_row][vc_row][vc_column width=&#8221;3\/4&#8243; css=&#8221;.vc_custom_1473066092346{margin-top: 0px !important;}&#8221;][vc_column_text css=&#8221;.vc_custom_1473066053815{margin-top: 0px !important;}&#8221;]\n<h2 style=\"text-align: justify;\"><\/h2>\n<h2 style=\"text-align: justify;\"><span style=\"color: #75c9d3;\"><strong>Que \u00e9s?<\/strong><\/span><\/h2>\n<p style=\"text-align: justify;\">El mol\u00b7lusc o \u201c<em>molluscum contagiosum<\/em>\u201d \u00e9s una infecci\u00f3 v\u00edrica cut\u00e0nia molt com\u00fa ocasionada pel virus <em>Poxvirus<\/em>. Majorit\u00e0riament, apareix en la cara, coll, aixelles, bra\u00e7os i mans, tanmateix es pot trobar en qualsevol part del cos a excepci\u00f3 del palmell de les mans i les plantes dels peus.<\/p>\n<p style=\"text-align: justify;\">Es caracteritza per presentar-se com una p\u00e0pula petita i rodona, a\u00efllada o en grup que es pot anar fent gran fins a convertir-se en un n\u00f2dul de color pell i amb aparen\u00e7a de perla. Freq\u00fcentment, sorgeix un clotet en el centre.<\/p>\n<h2 style=\"text-align: justify;\"><\/h2>\n<h2 style=\"text-align: justify;\"><span style=\"color: #75c9d3;\"><strong>A qui afecta?<\/strong><\/span><\/h2>\n<p style=\"text-align: justify;\">Tot i que \u00e9s una infecci\u00f3 molt com\u00fa en nens, sobretot en la franja d\u2019edat 1-10 anys, tamb\u00e9 la poden patir els adults.<\/p>\n<p style=\"text-align: justify;\">Les persones amb major risc de patir aquesta infecci\u00f3 s\u00f3n les que:<\/p>\n<ul style=\"text-align: justify;\">\n<li>Presenten immunodefici\u00e8ncia<\/li>\n<li>Tenen pell at\u00f2pica<\/li>\n<li>Viuen en climes c\u00e0lids i humits<\/li>\n<\/ul>\n<h2 style=\"text-align: justify;\"><\/h2>\n<h2 style=\"text-align: justify;\"><span style=\"color: #75c9d3;\"><strong>Simptomatologia<\/strong><\/span><\/h2>\n<p style=\"text-align: justify;\">Habitualment, els mol\u00b7luscs son asimptom\u00e0tics i es poden confondre amb un granet causat per un p\u00e8l invertit o un herpes o berruga. \u00c9s freq\u00fcent que el pacient vagi la consulta amb un quadre de mesos d\u2019evoluci\u00f3 del virus.<\/p>\n<p style=\"text-align: justify;\">Es pot produir un \u00e8czema al voltant dels mol\u00b7luscs (descamaci\u00f3, picor, vermellor) com a resposta immunit\u00e0ria de l\u2018 organisme contra el virus.<\/p>\n<h2 style=\"text-align: justify;\"><\/h2>\n<h2 style=\"text-align: justify;\"><span style=\"color: #75c9d3;\"><strong>Causa<\/strong><\/span><\/h2>\n<p style=\"text-align: justify;\">Es pot transmetre a trav\u00e9s de contacte directe amb persones o objectes infestats pel virus o per transmissi\u00f3 sexual.<\/p>\n<p style=\"text-align: justify;\">Tamb\u00e9 pot oc\u00f3rrer que una persona infectada, al rascar-se o tocar els mol\u00b7luscs se\u2019ls estengui per la resta del cos.<\/p>\n<p style=\"text-align: justify;\">A difer\u00e8ncia de l\u2019herpes virus, el Poxvirus no traspassa a la sang, sin\u00f3 que es mant\u00e9 en la superf\u00edcie de la pell (epidermis). Aix\u00ed un cop la infecci\u00f3 es cura la persona ja no la pot transmetre ja que no est\u00e0 en estat latent.<\/p>\n<h2 style=\"text-align: justify;\"><\/h2>\n<h2 style=\"text-align: justify;\"><span style=\"color: #75c9d3;\"><strong>Tractament<\/strong><\/span><\/h2>\n<p style=\"text-align: justify;\">Els mol\u00b7luscs no requereixen un tractament espec\u00edfic ja que \u00e9s el propi sistema immunitari que l\u2019elimina per\u00f2, com que ocasionen un problema ja que s\u00f3n un focus de contagi, s\u2019acostumen a tractar.<\/p>\n<p style=\"text-align: justify;\">Hi ha diverses t\u00e8cniques per al tractament d\u2019aquest virus:<\/p>\n<ul style=\"text-align: justify;\">\n<li><em>Curetatge<\/em>: (<em>la t\u00e8cnica de la cullereta<\/em>) aquest m\u00e8tode consisteix en extreure f\u00edsicament els mol\u00b7luscs. Es una t\u00e8cnica estressant per al nen i pels pares, ja que la lesi\u00f3 acostuma a sagnar durant el procediment i es solen originar cicatrius.<\/li>\n<li><em>Crioter\u00e0pia<\/em>: consisteix en aplicar nitrogen l\u00edquid en les lesions. Aquesta t\u00e8cnica resulta optima quan hi ha un baix nombre de mol\u00b7luscs per la seva efic\u00e0cia i comoditat.<\/li>\n<li><em>Solucions astringents<\/em>: l\u2019aplicaci\u00f3 d\u2019aquestes solucions consisteix en locions per facilitar la resposta immunit\u00e0ria de l\u2019hoste i provocar l\u2019eliminaci\u00f3 natural dels mateixos. S\u2019utilitza quan hi ha un gran nombre de mol\u00b7luscs.<\/li>\n<\/ul>\n<h2 style=\"text-align: justify;\"><\/h2>\n<h2 style=\"text-align: justify;\"><span style=\"color: #75c9d3;\"><strong>Prevenci\u00f3<\/strong><\/span><\/h2>\n<p style=\"text-align: justify;\">\u00c9s molt important seguir els seg\u00fcents consells per evitar la propagaci\u00f3 dels mol\u00b7luscs:<\/p>\n<ul>\n<li style=\"text-align: justify;\">Mantenir bons h\u00e0bits d\u2019higiene<\/li>\n<li style=\"text-align: justify;\">Hidratar molt b\u00e9 la pell<\/li>\n<li style=\"text-align: justify;\">Evitar el contacte directe amb les lesions i\/o amb objectes personals (tovalloles, joguines, roba) de persones infectades.<\/li>\n<li style=\"text-align: justify;\">No tocar, ni rascar les p\u00e0pules.<\/li>\n<li style=\"text-align: justify;\">Mantenir cobertes amb roba o amb un embenatge les lesions.<\/li>\n<li style=\"text-align: justify;\">Minimitzar o evitar les activitats aqu\u00e0tiques mentre hi hagi infestaci\u00f3<\/li>\n<li style=\"text-align: justify;\">No mantenir relacions sexuals amb persones infestades<\/li>\n<\/ul>\n<p>&nbsp;<\/p>\n","protected":false},"excerpt":{"rendered":"<p>[vc_row][vc_column][vc_row_inner][vc_column_inner][\/vc_column_inner][\/vc_row_inner][\/vc_column][\/vc_row][vc_row][vc_column width=&#8221;3\/4&#8243; css=&#8221;.vc_custom_1473066092346{margin-top: 0px !important;}&#8221;][vc_column_text css=&#8221;.vc_custom_1473066053815{margin-top: 0px !important;}&#8221;] Que \u00e9s? El mol\u00b7lusc o \u201cmolluscum contagiosum\u201d \u00e9s una infecci\u00f3 v\u00edrica cut\u00e0nia molt com\u00fa ocasionada pel virus Poxvirus. Majorit\u00e0riament, apareix en la cara, coll, aixelles, bra\u00e7os i mans, tanmateix es pot trobar en qualsevol part del cos a excepci\u00f3 del palmell de les mans i les plantes [&hellip;]<\/p>\n","protected":false},"author":5,"featured_media":0,"parent":1136,"menu_order":13,"comment_status":"closed","ping_status":"closed","template":"soulmedic\/tpl-feature.php","meta":{"footnotes":""},"class_list":["post-1255","page","type-page","status-publish","hentry"],"yoast_head":"<!-- This site is optimized with the Yoast SEO plugin v19.12 - https:\/\/yoast.com\/wordpress\/plugins\/seo\/ -->\n<title>Mol\u00b7luscs | Dr. Lopez Gil | Clinica Teknon Barcelona<\/title>\n<meta name=\"description\" content=\"El mol\u00b7lusc o &quot;molluscum contagiosum&quot; \u00e9s una infecci\u00f3 v\u00edrica cut\u00e0nia molt com\u00fa ocasionada pel virus Poxvirus. Causes, tipus i tractament.\" \/>\n<meta name=\"robots\" content=\"index, follow, max-snippet:-1, max-image-preview:large, max-video-preview:-1\" \/>\n<link rel=\"canonical\" href=\"https:\/\/www.lopezgil.com\/ca\/dermatologia-clinica\/molluscs\/\" \/>\n<meta property=\"og:locale\" content=\"ca_ES\" \/>\n<meta property=\"og:type\" content=\"article\" \/>\n<meta property=\"og:title\" content=\"Mol\u00b7luscs | Dr. Lopez Gil | Clinica Teknon Barcelona\" \/>\n<meta property=\"og:description\" content=\"El mol\u00b7lusc o &quot;molluscum contagiosum&quot; \u00e9s una infecci\u00f3 v\u00edrica cut\u00e0nia molt com\u00fa ocasionada pel virus Poxvirus. Causes, tipus i tractament.\" \/>\n<meta property=\"og:url\" content=\"https:\/\/www.lopezgil.com\/ca\/dermatologia-clinica\/molluscs\/\" \/>\n<meta property=\"og:site_name\" content=\"Dr. Lopez Gil\" \/>\n<meta property=\"article:modified_time\" content=\"2019-12-06T00:47:48+00:00\" \/>\n<meta name=\"twitter:card\" content=\"summary_large_image\" \/>\n<meta name=\"twitter:label1\" content=\"Est. reading time\" \/>\n\t<meta name=\"twitter:data1\" content=\"3 minutes\" \/>\n<script type=\"application\/ld+json\" class=\"yoast-schema-graph\">{\"@context\":\"https:\/\/schema.org\",\"@graph\":[{\"@type\":\"WebPage\",\"@id\":\"https:\/\/www.lopezgil.com\/ca\/dermatologia-clinica\/molluscs\/\",\"url\":\"https:\/\/www.lopezgil.com\/ca\/dermatologia-clinica\/molluscs\/\",\"name\":\"Mol\u00b7luscs | Dr. Lopez Gil | Clinica Teknon Barcelona\",\"isPartOf\":{\"@id\":\"https:\/\/www.lopezgil.com\/ca\/#website\"},\"datePublished\":\"2017-01-09T21:36:39+00:00\",\"dateModified\":\"2019-12-06T00:47:48+00:00\",\"description\":\"El mol\u00b7lusc o \\\"molluscum contagiosum\\\" \u00e9s una infecci\u00f3 v\u00edrica cut\u00e0nia molt com\u00fa ocasionada pel virus Poxvirus. Causes, tipus i tractament.\",\"breadcrumb\":{\"@id\":\"https:\/\/www.lopezgil.com\/ca\/dermatologia-clinica\/molluscs\/#breadcrumb\"},\"inLanguage\":\"ca\",\"potentialAction\":[{\"@type\":\"ReadAction\",\"target\":[\"https:\/\/www.lopezgil.com\/ca\/dermatologia-clinica\/molluscs\/\"]}]},{\"@type\":\"BreadcrumbList\",\"@id\":\"https:\/\/www.lopezgil.com\/ca\/dermatologia-clinica\/molluscs\/#breadcrumb\",\"itemListElement\":[{\"@type\":\"ListItem\",\"position\":1,\"name\":\"Portada\",\"item\":\"https:\/\/www.lopezgil.com\/ca\/\"},{\"@type\":\"ListItem\",\"position\":2,\"name\":\"Dermatologia cl\u00ednica\",\"item\":\"https:\/\/www.lopezgil.com\/ca\/dermatologia-clinica\/\"},{\"@type\":\"ListItem\",\"position\":3,\"name\":\"Mol\u00b7luscs\"}]},{\"@type\":\"WebSite\",\"@id\":\"https:\/\/www.lopezgil.com\/ca\/#website\",\"url\":\"https:\/\/www.lopezgil.com\/ca\/\",\"name\":\"Dr. Lopez Gil\",\"description\":\"Dermat\u00f3logo Barcelona\",\"potentialAction\":[{\"@type\":\"SearchAction\",\"target\":{\"@type\":\"EntryPoint\",\"urlTemplate\":\"https:\/\/www.lopezgil.com\/ca\/?s={search_term_string}\"},\"query-input\":\"required name=search_term_string\"}],\"inLanguage\":\"ca\"}]}<\/script>\n<!-- \/ Yoast SEO plugin. -->","yoast_head_json":{"title":"Mol\u00b7luscs | Dr. Lopez Gil | Clinica Teknon Barcelona","description":"El mol\u00b7lusc o \"molluscum contagiosum\" \u00e9s una infecci\u00f3 v\u00edrica cut\u00e0nia molt com\u00fa ocasionada pel virus Poxvirus. Causes, tipus i tractament.","robots":{"index":"index","follow":"follow","max-snippet":"max-snippet:-1","max-image-preview":"max-image-preview:large","max-video-preview":"max-video-preview:-1"},"canonical":"https:\/\/www.lopezgil.com\/ca\/dermatologia-clinica\/molluscs\/","og_locale":"ca_ES","og_type":"article","og_title":"Mol\u00b7luscs | Dr. Lopez Gil | Clinica Teknon Barcelona","og_description":"El mol\u00b7lusc o \"molluscum contagiosum\" \u00e9s una infecci\u00f3 v\u00edrica cut\u00e0nia molt com\u00fa ocasionada pel virus Poxvirus. Causes, tipus i tractament.","og_url":"https:\/\/www.lopezgil.com\/ca\/dermatologia-clinica\/molluscs\/","og_site_name":"Dr. Lopez Gil","article_modified_time":"2019-12-06T00:47:48+00:00","twitter_card":"summary_large_image","twitter_misc":{"Est. reading time":"3 minutes"},"schema":{"@context":"https:\/\/schema.org","@graph":[{"@type":"WebPage","@id":"https:\/\/www.lopezgil.com\/ca\/dermatologia-clinica\/molluscs\/","url":"https:\/\/www.lopezgil.com\/ca\/dermatologia-clinica\/molluscs\/","name":"Mol\u00b7luscs | Dr. Lopez Gil | Clinica Teknon Barcelona","isPartOf":{"@id":"https:\/\/www.lopezgil.com\/ca\/#website"},"datePublished":"2017-01-09T21:36:39+00:00","dateModified":"2019-12-06T00:47:48+00:00","description":"El mol\u00b7lusc o \"molluscum contagiosum\" \u00e9s una infecci\u00f3 v\u00edrica cut\u00e0nia molt com\u00fa ocasionada pel virus Poxvirus. Causes, tipus i tractament.","breadcrumb":{"@id":"https:\/\/www.lopezgil.com\/ca\/dermatologia-clinica\/molluscs\/#breadcrumb"},"inLanguage":"ca","potentialAction":[{"@type":"ReadAction","target":["https:\/\/www.lopezgil.com\/ca\/dermatologia-clinica\/molluscs\/"]}]},{"@type":"BreadcrumbList","@id":"https:\/\/www.lopezgil.com\/ca\/dermatologia-clinica\/molluscs\/#breadcrumb","itemListElement":[{"@type":"ListItem","position":1,"name":"Portada","item":"https:\/\/www.lopezgil.com\/ca\/"},{"@type":"ListItem","position":2,"name":"Dermatologia cl\u00ednica","item":"https:\/\/www.lopezgil.com\/ca\/dermatologia-clinica\/"},{"@type":"ListItem","position":3,"name":"Mol\u00b7luscs"}]},{"@type":"WebSite","@id":"https:\/\/www.lopezgil.com\/ca\/#website","url":"https:\/\/www.lopezgil.com\/ca\/","name":"Dr. Lopez Gil","description":"Dermat\u00f3logo Barcelona","potentialAction":[{"@type":"SearchAction","target":{"@type":"EntryPoint","urlTemplate":"https:\/\/www.lopezgil.com\/ca\/?s={search_term_string}"},"query-input":"required name=search_term_string"}],"inLanguage":"ca"}]}},"_links":{"self":[{"href":"https:\/\/www.lopezgil.com\/ca\/wp-json\/wp\/v2\/pages\/1255","targetHints":{"allow":["GET"]}}],"collection":[{"href":"https:\/\/www.lopezgil.com\/ca\/wp-json\/wp\/v2\/pages"}],"about":[{"href":"https:\/\/www.lopezgil.com\/ca\/wp-json\/wp\/v2\/types\/page"}],"author":[{"embeddable":true,"href":"https:\/\/www.lopezgil.com\/ca\/wp-json\/wp\/v2\/users\/5"}],"replies":[{"embeddable":true,"href":"https:\/\/www.lopezgil.com\/ca\/wp-json\/wp\/v2\/comments?post=1255"}],"version-history":[{"count":5,"href":"https:\/\/www.lopezgil.com\/ca\/wp-json\/wp\/v2\/pages\/1255\/revisions"}],"predecessor-version":[{"id":4848,"href":"https:\/\/www.lopezgil.com\/ca\/wp-json\/wp\/v2\/pages\/1255\/revisions\/4848"}],"up":[{"embeddable":true,"href":"https:\/\/www.lopezgil.com\/ca\/wp-json\/wp\/v2\/pages\/1136"}],"wp:attachment":[{"href":"https:\/\/www.lopezgil.com\/ca\/wp-json\/wp\/v2\/media?parent=1255"}],"curies":[{"name":"wp","href":"https:\/\/api.w.org\/{rel}","templated":true}]}}