{"id":1182,"date":"2016-12-21T16:53:23","date_gmt":"2016-12-21T16:53:23","guid":{"rendered":"http:\/\/lopezgil.com\/enconstruccion\/?page_id=1182"},"modified":"2019-12-06T01:40:50","modified_gmt":"2019-12-06T01:40:50","slug":"xantelasma","status":"publish","type":"page","link":"https:\/\/www.lopezgil.com\/ca\/dermatologia-clinica\/xantelasma\/","title":{"rendered":"Xantelasma"},"content":{"rendered":"<div id=\"fb-root\"><\/div>\n<p style=\"text-align: justify;\">[vc_row][vc_column][vc_row_inner][vc_column_inner]<script type=\"text\/javascript\">jQuery(function() { _initLayerSlider( '#layerslider_24_33tfr4aarzg3', {sliderVersion: '', responsiveUnder: 0, layersContainer: 0, hideUnder: 0, hideOver: 100000, pauseOnHover: 1, skin: 'v5', sliderFadeInDuration: 350, useSrcset: true, skinsPath: 'https:\/\/www.lopezgil.com\/wp-content\/plugins\/LayerSlider\/assets\/static\/layerslider\/skins\/', type: 'responsive', showCircleTimer: false, performanceMode: true}); });<\/script><div id=\"layerslider_24_33tfr4aarzg3\" class=\"ls-wp-container fitvidsignore\" style=\"width:600px;height:200px;margin:0 auto;margin-bottom: 0px;\"><div class=\"ls-slide\" data-ls=\"duration:4000;\"><img loading=\"lazy\" decoding=\"async\" width=\"600\" height=\"200\" src=\"https:\/\/www.lopezgil.com\/wp-content\/uploads\/drlopezgil_dermatologia_barcelona_600x200_xantelasmas.jpg\" class=\"ls-bg\" alt=\"drlopezgil_dermatologia_barcelona_600x200_xantelasmas\" srcset=\"https:\/\/www.lopezgil.com\/wp-content\/uploads\/drlopezgil_dermatologia_barcelona_600x200_xantelasmas.jpg 600w, https:\/\/www.lopezgil.com\/wp-content\/uploads\/drlopezgil_dermatologia_barcelona_600x200_xantelasmas-300x100.jpg 300w\" sizes=\"auto, (max-width: 600px) 100vw, 600px\" \/><\/div><\/div>[\/vc_column_inner][\/vc_row_inner][\/vc_column][\/vc_row][vc_row][vc_column width=&#8221;3\/4&#8243; css=&#8221;.vc_custom_1473066092346{margin-top: 0px !important;}&#8221;][vc_column_text css=&#8221;.vc_custom_1473066053815{margin-top: 0px !important;}&#8221;]\n<h2 style=\"text-align: justify;\"><span style=\"color: #75c9d3;\">Qu\u00e8 \u00e9s el xantelasma?<\/span><\/h2>\n<p style=\"text-align: justify;\">El xantelasma \u00e9s un petit tumor benigne que se situa al voltant de la parpella superior i\/o inferior. Tamb\u00e9 es pot trobar en altres zones del cos, llavors rep el nom de <em>xantoma<\/em>. No suposen cap problema de salut per\u00f2 si un defecte est\u00e8tic.<\/p>\n<h2 style=\"text-align: justify;\"><span style=\"color: #75c9d3;\">A qui afecta?<\/span><\/h2>\n<p style=\"text-align: justify;\">La incid\u00e8ncia \u00e9s d\u20191% en la poblaci\u00f3 en general. S\u00f3n m\u00e9s freq\u00fcents en dones que en homes i encara que poden apar\u00e8ixer des de l\u2019adolesc\u00e8ncia s\u00f3n m\u00e9s freq\u00fcents entre els 40-50 anys.<\/p>\n<h2 style=\"text-align: justify;\"><span style=\"color: #75c9d3;\">Simptomatologia<\/span><\/h2>\n<p style=\"text-align: justify;\">Es manifesten com p\u00e0pules ben definides i de coloraci\u00f3 grogosa al voltant de les parpelles. S\u00f3n acumulacions cut\u00e0nies de colesterol que solen apar\u00e8ixer de forma sim\u00e8trica, tot i que a vegades poden apar\u00e8ixer de forma \u00fanica. S\u00f3n asimptom\u00e0tics.<\/p>\n<h2 style=\"text-align: justify;\"><span style=\"color: #75c9d3;\">Causes del xantelasma<\/span><\/h2>\n<p style=\"text-align: justify;\">Tot i que s\u00f3n una acumulaci\u00f3 de colesterol, es desconeix el motiu exacte pel qual apareixen ja que nom\u00e9s un 50 % dels pacients solen presentar dislip\u00e8mia (exc\u00e9s de greixos en la sang). Un altre factor a tenir en compte \u00e9s l\u2019hereditari.<\/p>\n<h2 style=\"text-align: justify;\"><span style=\"color: #75c9d3;\">Tractament del xantelasma a Barcelona<\/span><\/h2>\n<p style=\"text-align: justify;\">No suposen cap risc per a la salut de la pell, per\u00f2 si s\u2019associen a una hipercolesterol\u00e8mia, indiquen que hi ha un risc cardiovascular superior. Per aquest motiu, \u00e9s imprescindible demanar un perfil lip\u00eddic per estudiar la quantitat de greixos que circulen per la sang.<\/p>\n<p style=\"text-align: justify;\">Es disposa de tres m\u00e8todes b\u00e0sics per a la seva eliminaci\u00f3:<\/p>\n<ul>\n<li style=\"text-align: justify;\"><em>Cirurgia (ex\u00e8resi i tancament amb sutura)<\/em>: aquesta t\u00e8cnica, a menys que el xantelasma no sigui d\u2019una mida considerable, no s\u2019acostuma a practicar, doncs \u00e9s la m\u00e9s traum\u00e0tica i deixa cicatriu.<\/li>\n<li style=\"text-align: justify;\"><em>Peeling<\/em><em> d\u2019\u00e0cid tricloroac\u00e8tic:<\/em> s\u2019aconsegueix destruir les capes superficials fins arribar a la dermis que \u00e9s on es troba el dip\u00f2sit de colesterol. \u00c9s una t\u00e8cnica efectiva i econ\u00f2mica per\u00f2 requereix de moltes sessions (entre 9 i 10) i al ser un l\u00edquid pot afectar la zona del voltant.<\/li>\n<li style=\"text-align: justify;\"><em>L\u00e0ser CO<sub>2:<\/sub><\/em> evapora el dip\u00f2sit de greix de la pell sense la necessitat de tancar la ferida amb punts i per tant no hi ha risc de cicatriu. La gran avantatge \u00e9s que es necessiten molt poques sessions per a una eliminaci\u00f3 completa i \u00e9s el m\u00e8tode que presenta menys risc de recaiguda , i permet l\u2019eliminaci\u00f3 dels xantelasmes en molt poques sessions.<\/li>\n<\/ul>\n","protected":false},"excerpt":{"rendered":"<p>[vc_row][vc_column][vc_row_inner][vc_column_inner][\/vc_column_inner][\/vc_row_inner][\/vc_column][\/vc_row][vc_row][vc_column width=&#8221;3\/4&#8243; css=&#8221;.vc_custom_1473066092346{margin-top: 0px !important;}&#8221;][vc_column_text css=&#8221;.vc_custom_1473066053815{margin-top: 0px !important;}&#8221;] Qu\u00e8 \u00e9s el xantelasma? El xantelasma \u00e9s un petit tumor benigne que se situa al voltant de la parpella superior i\/o inferior. Tamb\u00e9 es pot trobar en altres zones del cos, llavors rep el nom de xantoma. No suposen cap problema de salut per\u00f2 si un defecte [&hellip;]<\/p>\n","protected":false},"author":5,"featured_media":0,"parent":1136,"menu_order":17,"comment_status":"closed","ping_status":"closed","template":"soulmedic\/tpl-feature.php","meta":{"footnotes":""},"class_list":["post-1182","page","type-page","status-publish","hentry"],"yoast_head":"<!-- This site is optimized with the Yoast SEO plugin v19.12 - https:\/\/yoast.com\/wordpress\/plugins\/seo\/ -->\n<title>Xantelasma | Dr. Lopez Gil | Dermat\u00f2leg Cl\u00ednica Teknon Barcelona<\/title>\n<meta name=\"description\" content=\"El xantelasma \u00e9s un petit tumor benigne que se situa al voltant la parpella superior i \/ o inferior. Coneix les causes, tipus i tractament. Consulta&#039;ns!\" \/>\n<meta name=\"robots\" content=\"index, follow, max-snippet:-1, max-image-preview:large, max-video-preview:-1\" \/>\n<link rel=\"canonical\" href=\"https:\/\/www.lopezgil.com\/ca\/dermatologia-clinica\/xantelasma\/\" \/>\n<meta property=\"og:locale\" content=\"ca_ES\" \/>\n<meta property=\"og:type\" content=\"article\" \/>\n<meta property=\"og:title\" content=\"Xantelasma | Dr. Lopez Gil | Dermat\u00f2leg Cl\u00ednica Teknon Barcelona\" \/>\n<meta property=\"og:description\" content=\"El xantelasma \u00e9s un petit tumor benigne que se situa al voltant la parpella superior i \/ o inferior. Coneix les causes, tipus i tractament. Consulta&#039;ns!\" \/>\n<meta property=\"og:url\" content=\"https:\/\/www.lopezgil.com\/ca\/dermatologia-clinica\/xantelasma\/\" \/>\n<meta property=\"og:site_name\" content=\"Dr. Lopez Gil\" \/>\n<meta property=\"article:modified_time\" content=\"2019-12-06T01:40:50+00:00\" \/>\n<meta name=\"twitter:card\" content=\"summary_large_image\" \/>\n<meta name=\"twitter:label1\" content=\"Est. reading time\" \/>\n\t<meta name=\"twitter:data1\" content=\"2 minutes\" \/>\n<script type=\"application\/ld+json\" class=\"yoast-schema-graph\">{\"@context\":\"https:\/\/schema.org\",\"@graph\":[{\"@type\":\"WebPage\",\"@id\":\"https:\/\/www.lopezgil.com\/ca\/dermatologia-clinica\/xantelasma\/\",\"url\":\"https:\/\/www.lopezgil.com\/ca\/dermatologia-clinica\/xantelasma\/\",\"name\":\"Xantelasma | Dr. Lopez Gil | Dermat\u00f2leg Cl\u00ednica Teknon Barcelona\",\"isPartOf\":{\"@id\":\"https:\/\/www.lopezgil.com\/ca\/#website\"},\"datePublished\":\"2016-12-21T16:53:23+00:00\",\"dateModified\":\"2019-12-06T01:40:50+00:00\",\"description\":\"El xantelasma \u00e9s un petit tumor benigne que se situa al voltant la parpella superior i \/ o inferior. Coneix les causes, tipus i tractament. Consulta'ns!\",\"breadcrumb\":{\"@id\":\"https:\/\/www.lopezgil.com\/ca\/dermatologia-clinica\/xantelasma\/#breadcrumb\"},\"inLanguage\":\"ca\",\"potentialAction\":[{\"@type\":\"ReadAction\",\"target\":[\"https:\/\/www.lopezgil.com\/ca\/dermatologia-clinica\/xantelasma\/\"]}]},{\"@type\":\"BreadcrumbList\",\"@id\":\"https:\/\/www.lopezgil.com\/ca\/dermatologia-clinica\/xantelasma\/#breadcrumb\",\"itemListElement\":[{\"@type\":\"ListItem\",\"position\":1,\"name\":\"Portada\",\"item\":\"https:\/\/www.lopezgil.com\/ca\/\"},{\"@type\":\"ListItem\",\"position\":2,\"name\":\"Dermatologia cl\u00ednica\",\"item\":\"https:\/\/www.lopezgil.com\/ca\/dermatologia-clinica\/\"},{\"@type\":\"ListItem\",\"position\":3,\"name\":\"Xantelasma\"}]},{\"@type\":\"WebSite\",\"@id\":\"https:\/\/www.lopezgil.com\/ca\/#website\",\"url\":\"https:\/\/www.lopezgil.com\/ca\/\",\"name\":\"Dr. Lopez Gil\",\"description\":\"Dermat\u00f3logo Barcelona\",\"potentialAction\":[{\"@type\":\"SearchAction\",\"target\":{\"@type\":\"EntryPoint\",\"urlTemplate\":\"https:\/\/www.lopezgil.com\/ca\/?s={search_term_string}\"},\"query-input\":\"required name=search_term_string\"}],\"inLanguage\":\"ca\"}]}<\/script>\n<!-- \/ Yoast SEO plugin. -->","yoast_head_json":{"title":"Xantelasma | Dr. Lopez Gil | Dermat\u00f2leg Cl\u00ednica Teknon Barcelona","description":"El xantelasma \u00e9s un petit tumor benigne que se situa al voltant la parpella superior i \/ o inferior. Coneix les causes, tipus i tractament. Consulta'ns!","robots":{"index":"index","follow":"follow","max-snippet":"max-snippet:-1","max-image-preview":"max-image-preview:large","max-video-preview":"max-video-preview:-1"},"canonical":"https:\/\/www.lopezgil.com\/ca\/dermatologia-clinica\/xantelasma\/","og_locale":"ca_ES","og_type":"article","og_title":"Xantelasma | Dr. Lopez Gil | Dermat\u00f2leg Cl\u00ednica Teknon Barcelona","og_description":"El xantelasma \u00e9s un petit tumor benigne que se situa al voltant la parpella superior i \/ o inferior. Coneix les causes, tipus i tractament. Consulta'ns!","og_url":"https:\/\/www.lopezgil.com\/ca\/dermatologia-clinica\/xantelasma\/","og_site_name":"Dr. Lopez Gil","article_modified_time":"2019-12-06T01:40:50+00:00","twitter_card":"summary_large_image","twitter_misc":{"Est. reading time":"2 minutes"},"schema":{"@context":"https:\/\/schema.org","@graph":[{"@type":"WebPage","@id":"https:\/\/www.lopezgil.com\/ca\/dermatologia-clinica\/xantelasma\/","url":"https:\/\/www.lopezgil.com\/ca\/dermatologia-clinica\/xantelasma\/","name":"Xantelasma | Dr. Lopez Gil | Dermat\u00f2leg Cl\u00ednica Teknon Barcelona","isPartOf":{"@id":"https:\/\/www.lopezgil.com\/ca\/#website"},"datePublished":"2016-12-21T16:53:23+00:00","dateModified":"2019-12-06T01:40:50+00:00","description":"El xantelasma \u00e9s un petit tumor benigne que se situa al voltant la parpella superior i \/ o inferior. Coneix les causes, tipus i tractament. Consulta'ns!","breadcrumb":{"@id":"https:\/\/www.lopezgil.com\/ca\/dermatologia-clinica\/xantelasma\/#breadcrumb"},"inLanguage":"ca","potentialAction":[{"@type":"ReadAction","target":["https:\/\/www.lopezgil.com\/ca\/dermatologia-clinica\/xantelasma\/"]}]},{"@type":"BreadcrumbList","@id":"https:\/\/www.lopezgil.com\/ca\/dermatologia-clinica\/xantelasma\/#breadcrumb","itemListElement":[{"@type":"ListItem","position":1,"name":"Portada","item":"https:\/\/www.lopezgil.com\/ca\/"},{"@type":"ListItem","position":2,"name":"Dermatologia cl\u00ednica","item":"https:\/\/www.lopezgil.com\/ca\/dermatologia-clinica\/"},{"@type":"ListItem","position":3,"name":"Xantelasma"}]},{"@type":"WebSite","@id":"https:\/\/www.lopezgil.com\/ca\/#website","url":"https:\/\/www.lopezgil.com\/ca\/","name":"Dr. Lopez Gil","description":"Dermat\u00f3logo Barcelona","potentialAction":[{"@type":"SearchAction","target":{"@type":"EntryPoint","urlTemplate":"https:\/\/www.lopezgil.com\/ca\/?s={search_term_string}"},"query-input":"required name=search_term_string"}],"inLanguage":"ca"}]}},"_links":{"self":[{"href":"https:\/\/www.lopezgil.com\/ca\/wp-json\/wp\/v2\/pages\/1182","targetHints":{"allow":["GET"]}}],"collection":[{"href":"https:\/\/www.lopezgil.com\/ca\/wp-json\/wp\/v2\/pages"}],"about":[{"href":"https:\/\/www.lopezgil.com\/ca\/wp-json\/wp\/v2\/types\/page"}],"author":[{"embeddable":true,"href":"https:\/\/www.lopezgil.com\/ca\/wp-json\/wp\/v2\/users\/5"}],"replies":[{"embeddable":true,"href":"https:\/\/www.lopezgil.com\/ca\/wp-json\/wp\/v2\/comments?post=1182"}],"version-history":[{"count":7,"href":"https:\/\/www.lopezgil.com\/ca\/wp-json\/wp\/v2\/pages\/1182\/revisions"}],"predecessor-version":[{"id":4878,"href":"https:\/\/www.lopezgil.com\/ca\/wp-json\/wp\/v2\/pages\/1182\/revisions\/4878"}],"up":[{"embeddable":true,"href":"https:\/\/www.lopezgil.com\/ca\/wp-json\/wp\/v2\/pages\/1136"}],"wp:attachment":[{"href":"https:\/\/www.lopezgil.com\/ca\/wp-json\/wp\/v2\/media?parent=1182"}],"curies":[{"name":"wp","href":"https:\/\/api.w.org\/{rel}","templated":true}]}}