{"id":3409,"date":"2016-06-16T10:21:31","date_gmt":"2016-06-16T10:21:31","guid":{"rendered":"http:\/\/www.lopezgil.com\/traitements\/capillary-treatments\/"},"modified":"2019-12-10T15:20:27","modified_gmt":"2019-12-10T15:20:27","slug":"traitements-capillaires-barcelona","status":"publish","type":"page","link":"http:\/\/www.lopezgil.com\/fr\/traitements\/traitements-capillaires-barcelona\/","title":{"rendered":"Traitements capillaires"},"content":{"rendered":"<div id=\"fb-root\"><\/div>\n","protected":false},"excerpt":{"rendered":"","protected":false},"author":5,"featured_media":0,"parent":3392,"menu_order":0,"comment_status":"closed","ping_status":"closed","template":"","meta":{"footnotes":""},"class_list":["post-3409","page","type-page","status-publish","hentry"],"yoast_head":"<!-- This site is optimized with the Yoast SEO plugin v19.12 - https:\/\/yoast.com\/wordpress\/plugins\/seo\/ -->\n<title>Traitements capillaires | Dr. Lopez Gil | Clinicien sp\u00e9cialiste alop\u00e9cie<\/title>\n<meta name=\"description\" content=\"Traitements capillaires. Clinicien sp\u00e9cialiste de l&#039;alop\u00e9cie. La technologie la plus avanc\u00e9e dans le traitement de l&#039;alop\u00e9cie ou de la calvitie \u00e0 Barcelone.\" \/>\n<meta name=\"robots\" content=\"index, follow, max-snippet:-1, max-image-preview:large, max-video-preview:-1\" \/>\n<link rel=\"canonical\" href=\"http:\/\/www.lopezgil.com\/fr\/traitements\/traitements-capillaires-barcelona\/\" \/>\n<meta property=\"og:locale\" content=\"fr_FR\" \/>\n<meta property=\"og:type\" content=\"article\" \/>\n<meta property=\"og:title\" content=\"Traitements capillaires | Dr. Lopez Gil | Clinicien sp\u00e9cialiste alop\u00e9cie\" \/>\n<meta property=\"og:description\" content=\"Traitements capillaires. Clinicien sp\u00e9cialiste de l&#039;alop\u00e9cie. La technologie la plus avanc\u00e9e dans le traitement de l&#039;alop\u00e9cie ou de la calvitie \u00e0 Barcelone.\" \/>\n<meta property=\"og:url\" content=\"http:\/\/www.lopezgil.com\/fr\/traitements\/traitements-capillaires-barcelona\/\" \/>\n<meta property=\"og:site_name\" content=\"Dr. Lopez Gil\" \/>\n<meta property=\"article:modified_time\" content=\"2019-12-10T15:20:27+00:00\" \/>\n<meta name=\"twitter:card\" content=\"summary_large_image\" \/>\n<script type=\"application\/ld+json\" class=\"yoast-schema-graph\">{\"@context\":\"https:\/\/schema.org\",\"@graph\":[{\"@type\":\"WebPage\",\"@id\":\"http:\/\/www.lopezgil.com\/fr\/traitements\/traitements-capillaires-barcelona\/\",\"url\":\"http:\/\/www.lopezgil.com\/fr\/traitements\/traitements-capillaires-barcelona\/\",\"name\":\"Traitements capillaires | Dr. Lopez Gil | Clinicien sp\u00e9cialiste alop\u00e9cie\",\"isPartOf\":{\"@id\":\"https:\/\/www.lopezgil.com\/ca\/#website\"},\"datePublished\":\"2016-06-16T10:21:31+00:00\",\"dateModified\":\"2019-12-10T15:20:27+00:00\",\"description\":\"Traitements capillaires. Clinicien sp\u00e9cialiste de l'alop\u00e9cie. La technologie la plus avanc\u00e9e dans le traitement de l'alop\u00e9cie ou de la calvitie \u00e0 Barcelone.\",\"breadcrumb\":{\"@id\":\"http:\/\/www.lopezgil.com\/fr\/traitements\/traitements-capillaires-barcelona\/#breadcrumb\"},\"inLanguage\":\"fr-FR\",\"potentialAction\":[{\"@type\":\"ReadAction\",\"target\":[\"http:\/\/www.lopezgil.com\/fr\/traitements\/traitements-capillaires-barcelona\/\"]}]},{\"@type\":\"BreadcrumbList\",\"@id\":\"http:\/\/www.lopezgil.com\/fr\/traitements\/traitements-capillaires-barcelona\/#breadcrumb\",\"itemListElement\":[{\"@type\":\"ListItem\",\"position\":1,\"name\":\"Portada\",\"item\":\"https:\/\/www.lopezgil.com\/fr\/\"},{\"@type\":\"ListItem\",\"position\":2,\"name\":\"Traitements\",\"item\":\"http:\/\/www.lopezgil.com\/fr\/traitements\/\"},{\"@type\":\"ListItem\",\"position\":3,\"name\":\"Traitements capillaires\"}]},{\"@type\":\"WebSite\",\"@id\":\"https:\/\/www.lopezgil.com\/ca\/#website\",\"url\":\"https:\/\/www.lopezgil.com\/ca\/\",\"name\":\"Dr. Lopez Gil\",\"description\":\"Dermat\u00f3logo Barcelona\",\"potentialAction\":[{\"@type\":\"SearchAction\",\"target\":{\"@type\":\"EntryPoint\",\"urlTemplate\":\"https:\/\/www.lopezgil.com\/ca\/?s={search_term_string}\"},\"query-input\":\"required name=search_term_string\"}],\"inLanguage\":\"fr-FR\"}]}<\/script>\n<!-- \/ Yoast SEO plugin. -->","yoast_head_json":{"title":"Traitements capillaires | Dr. Lopez Gil | Clinicien sp\u00e9cialiste alop\u00e9cie","description":"Traitements capillaires. Clinicien sp\u00e9cialiste de l'alop\u00e9cie. La technologie la plus avanc\u00e9e dans le traitement de l'alop\u00e9cie ou de la calvitie \u00e0 Barcelone.","robots":{"index":"index","follow":"follow","max-snippet":"max-snippet:-1","max-image-preview":"max-image-preview:large","max-video-preview":"max-video-preview:-1"},"canonical":"http:\/\/www.lopezgil.com\/fr\/traitements\/traitements-capillaires-barcelona\/","og_locale":"fr_FR","og_type":"article","og_title":"Traitements capillaires | Dr. Lopez Gil | Clinicien sp\u00e9cialiste alop\u00e9cie","og_description":"Traitements capillaires. Clinicien sp\u00e9cialiste de l'alop\u00e9cie. La technologie la plus avanc\u00e9e dans le traitement de l'alop\u00e9cie ou de la calvitie \u00e0 Barcelone.","og_url":"http:\/\/www.lopezgil.com\/fr\/traitements\/traitements-capillaires-barcelona\/","og_site_name":"Dr. Lopez Gil","article_modified_time":"2019-12-10T15:20:27+00:00","twitter_card":"summary_large_image","schema":{"@context":"https:\/\/schema.org","@graph":[{"@type":"WebPage","@id":"http:\/\/www.lopezgil.com\/fr\/traitements\/traitements-capillaires-barcelona\/","url":"http:\/\/www.lopezgil.com\/fr\/traitements\/traitements-capillaires-barcelona\/","name":"Traitements capillaires | Dr. Lopez Gil | Clinicien sp\u00e9cialiste alop\u00e9cie","isPartOf":{"@id":"https:\/\/www.lopezgil.com\/ca\/#website"},"datePublished":"2016-06-16T10:21:31+00:00","dateModified":"2019-12-10T15:20:27+00:00","description":"Traitements capillaires. Clinicien sp\u00e9cialiste de l'alop\u00e9cie. La technologie la plus avanc\u00e9e dans le traitement de l'alop\u00e9cie ou de la calvitie \u00e0 Barcelone.","breadcrumb":{"@id":"http:\/\/www.lopezgil.com\/fr\/traitements\/traitements-capillaires-barcelona\/#breadcrumb"},"inLanguage":"fr-FR","potentialAction":[{"@type":"ReadAction","target":["http:\/\/www.lopezgil.com\/fr\/traitements\/traitements-capillaires-barcelona\/"]}]},{"@type":"BreadcrumbList","@id":"http:\/\/www.lopezgil.com\/fr\/traitements\/traitements-capillaires-barcelona\/#breadcrumb","itemListElement":[{"@type":"ListItem","position":1,"name":"Portada","item":"https:\/\/www.lopezgil.com\/fr\/"},{"@type":"ListItem","position":2,"name":"Traitements","item":"http:\/\/www.lopezgil.com\/fr\/traitements\/"},{"@type":"ListItem","position":3,"name":"Traitements capillaires"}]},{"@type":"WebSite","@id":"https:\/\/www.lopezgil.com\/ca\/#website","url":"https:\/\/www.lopezgil.com\/ca\/","name":"Dr. Lopez Gil","description":"Dermat\u00f3logo Barcelona","potentialAction":[{"@type":"SearchAction","target":{"@type":"EntryPoint","urlTemplate":"https:\/\/www.lopezgil.com\/ca\/?s={search_term_string}"},"query-input":"required name=search_term_string"}],"inLanguage":"fr-FR"}]}},"_links":{"self":[{"href":"http:\/\/www.lopezgil.com\/fr\/wp-json\/wp\/v2\/pages\/3409","targetHints":{"allow":["GET"]}}],"collection":[{"href":"http:\/\/www.lopezgil.com\/fr\/wp-json\/wp\/v2\/pages"}],"about":[{"href":"http:\/\/www.lopezgil.com\/fr\/wp-json\/wp\/v2\/types\/page"}],"author":[{"embeddable":true,"href":"http:\/\/www.lopezgil.com\/fr\/wp-json\/wp\/v2\/users\/5"}],"replies":[{"embeddable":true,"href":"http:\/\/www.lopezgil.com\/fr\/wp-json\/wp\/v2\/comments?post=3409"}],"version-history":[{"count":2,"href":"http:\/\/www.lopezgil.com\/fr\/wp-json\/wp\/v2\/pages\/3409\/revisions"}],"predecessor-version":[{"id":3437,"href":"http:\/\/www.lopezgil.com\/fr\/wp-json\/wp\/v2\/pages\/3409\/revisions\/3437"}],"up":[{"embeddable":true,"href":"http:\/\/www.lopezgil.com\/fr\/wp-json\/wp\/v2\/pages\/3392"}],"wp:attachment":[{"href":"http:\/\/www.lopezgil.com\/fr\/wp-json\/wp\/v2\/media?parent=3409"}],"curies":[{"name":"wp","href":"https:\/\/api.w.org\/{rel}","templated":true}]}}