{"id":3198,"date":"2017-11-13T17:38:11","date_gmt":"2017-11-13T17:38:11","guid":{"rendered":"http:\/\/www.lopezgil.com\/home-2\/"},"modified":"2023-03-29T14:46:46","modified_gmt":"2023-03-29T14:46:46","slug":"home-2","status":"publish","type":"page","link":"http:\/\/www.lopezgil.com\/fr\/","title":{"rendered":"Home"},"content":{"rendered":"<div id=\"fb-root\"><\/div>\n[vc_row css=&#8221;.vc_custom_1469092178336{background-position: center !important;background-repeat: no-repeat !important;background-size: cover !important;}&#8221;][vc_column css=&#8221;.vc_custom_1469091261739{background-color: #ffffff !important;}&#8221;][layerslider_vc id=&#8221;46&#8243; el_class=&#8221;border: 5 px solid #000&#8243;][\/vc_column][\/vc_row][vc_row][vc_column width=&#8221;1\/3&#8243; css=&#8221;.vc_custom_1467734588351{margin-top: 0px !important;padding-top: 0px !important;}&#8221;][vc_single_image image=&#8221;596&#8243; alignment=&#8221;center&#8221; onclick=&#8221;custom_link&#8221; img_link_target=&#8221;_blank&#8221; css=&#8221;.vc_custom_1511737126953{margin-top: 0px !important;margin-bottom: 15px !important;}&#8221; link=&#8221;http:\/\/www.lopezgil.com\/fr\/notre-equipe-medicale\/&#8221;][vc_column_text css=&#8221;.vc_custom_1511465598802{margin-bottom: 15px !important;border-bottom-width: 0px !important;}&#8221;]\n<h2 style=\"text-align: center;\"><span style=\"color: #74c9d2;\">Qui somme nous<\/span><\/h2>\n[\/vc_column_text][vc_column_text css=&#8221;.vc_custom_1511469080650{margin-top: 0px !important;margin-right: 0px !important;margin-bottom: 0px !important;margin-left: 0px !important;border-top-width: 0px !important;border-right-width: 0px !important;border-bottom-width: 0px !important;border-left-width: 0px !important;padding-top: 0px !important;padding-right: 0px !important;padding-bottom: 0px !important;padding-left: 0px !important;}&#8221;]\n<p class=\"p1\" style=\"text-align: center;\"><span class=\"s1\">Rencontrez notre \u00e9quipe de professionnels.<\/span><\/p>\n[\/vc_column_text][\/vc_column][vc_column width=&#8221;1\/3&#8243; css=&#8221;.vc_custom_1468251641925{margin-top: 0px !important;padding-top: 0px !important;}&#8221;][vc_single_image image=&#8221;600&#8243; alignment=&#8221;center&#8221; onclick=&#8221;custom_link&#8221; css=&#8221;.vc_custom_1511736690362{margin-top: 0px !important;margin-bottom: 15px !important;}&#8221; link=&#8221;http:\/\/www.lopezgil.com\/fr\/technologie\/&#8221;][vc_column_text css=&#8221;.vc_custom_1511465609465{margin-bottom: 15px !important;}&#8221;]\n<h2 style=\"text-align: center;\"><span style=\"color: #74c9d2;\">Technologie<\/span><\/h2>\n[\/vc_column_text][vc_column_text css=&#8221;.vc_custom_1511469193852{margin-bottom: 0px !important;}&#8221;]\n<p style=\"text-align: center;\">\u00c0 la pointe de la technologie dermatologique<\/p>\n[\/vc_column_text][\/vc_column][vc_column width=&#8221;1\/3&#8243; css=&#8221;.vc_custom_1467734580645{margin-top: 0px !important;padding-top: 0px !important;}&#8221;][vc_single_image image=&#8221;604&#8243; alignment=&#8221;center&#8221; onclick=&#8221;custom_link&#8221; css=&#8221;.vc_custom_1511197337015{margin-top: 0px !important;margin-bottom: 15px !important;}&#8221; link=&#8221;http:\/\/www.lopezgil.com\/en\/contact\/&#8221;][vc_column_text css=&#8221;.vc_custom_1511469177709{margin-bottom: 15px !important;}&#8221;]\n<h2 style=\"text-align: center;\"><span style=\"color: #74c9d2;\">Demandez-nous un rendez-vous<br \/>\n<\/span><\/h2>\n[\/vc_column_text][vc_column_text css=&#8221;.vc_custom_1511469158035{margin-bottom: 0px !important;padding-bottom: 0px !important;}&#8221;]\n<p style=\"text-align: center;\">Dites-nous en ce que nous pouvons vous aider&#8230;<\/p>\n[\/vc_column_text][\/vc_column][\/vc_row][vc_row][vc_column css=&#8221;.vc_custom_1468851779075{margin-top: 25px !important;margin-bottom: 25px !important;}&#8221;][vc_separator color=&#8221;turquoise&#8221; border_width=&#8221;2&#8243; css=&#8221;.vc_custom_1468251619470{margin-top: 30px !important;}&#8221;][vc_row_inner][vc_column_inner width=&#8221;1\/2&#8243; css=&#8221;.vc_custom_1469098994023{padding-top: 0px !important;padding-right: 25px !important;padding-bottom: 0px !important;}&#8221;][vc_column_text css=&#8221;.vc_custom_1511464843398{padding-right: 20px !important;padding-bottom: 0px !important;border-radius: 2px !important;}&#8221;]\n<h2><span style=\"color: #75c9d3;\">Apprenez \u00e0 nous conna\u00eetre un peu plus&#8230;<\/span><\/h2>\n[\/vc_column_text][vc_video link=&#8221;https:\/\/youtu.be\/syVOTe3UJec&#8221;][\/vc_column_inner][vc_column_inner width=&#8221;1\/2&#8243;][vc_column_text]\n<h2><span style=\"color: #75c9d3;\">Vid\u00e9o conseils<\/span><\/h2>\n[\/vc_column_text][vc_message icon_fontawesome=&#8221;fa fa-play-circle-o&#8221;]<a href=\"https:\/\/youtu.be\/0qeM28JCO_4\"><strong>Cancer de la peau:<\/strong><\/a><br \/>\nDes conseils pour prendre soin de votre peau.[\/vc_message][vc_message icon_fontawesome=&#8221;fa fa-play-circle-o&#8221; css=&#8221;.vc_custom_1511464969886{margin-top: 30px !important;}&#8221;]<a href=\"https:\/\/youtu.be\/8546RHKfC-U\"><strong>Anti-aging:<\/strong><\/a><br \/>\n<span class=\"s1\">Traitements \u00e0 l&#8217;acide hyaluronique.<\/span>[\/vc_message][vc_btn title=&#8221;Voir plus de vid\u00e9os&#8221; color=&#8221;default&#8221; align=&#8221;center&#8221; link=&#8221;url:http%3A%2F%2Fwww.lopezgil.com%2Fen%2Fvideo-tips-dermatology%2F|title:Ver%20todos%20los%20videoconsejos|&#8221; css=&#8221;.vc_custom_1511465862181{margin-top: 40px !important;}&#8221;][\/vc_column_inner][\/vc_row_inner][\/vc_column][\/vc_row][vc_row][vc_column][vc_row_inner][vc_column_inner][vc_separator color=&#8221;turquoise&#8221; border_width=&#8221;2&#8243;][vc_column_text css=&#8221;.vc_custom_1511464876308{margin-bottom: 0px !important;padding-bottom: 0px !important;}&#8221;]\n<h2><span style=\"color: #74c9d2;\">Opinions de nos patients<\/span><\/h2>\n[\/vc_column_text][\/vc_column_inner][\/vc_row_inner][vc_row_inner][vc_column_inner][vc_column_text]<div class=\"dt-sc-testimonial-carousel-wrapper\"><ul class='dt-sc-testimonial-carousel'>\n<li><div class='dt-sc-testimonial'><div class='author'><img src='http:\/\/lopezgil.com\/wp-content\/uploads\/172622-128-1.png' alt='' title=' M.C. ' \/><\/div><blockquote>\"<q>Tout a \u00e9t\u00e9 super professionnel. J&#8217;ai des probl\u00e8mes avec l&#8217;acn\u00e9 (acn\u00e9 adulte) et le m\u00e9decin a \u00e9t\u00e9 tr\u00e8s clair avec tout, je vais commencer un traitement et cela m&#8217;a donn\u00e9 beaucoup de confiance. Je le recommande sans h\u00e9siter. Les installations tr\u00e8s propres et le r\u00e9ceptionniste un charme.<\/q>\"<\/blockquote><cite> -  M.C. <\/cite><\/div><\/li>\n<li><div class='dt-sc-testimonial'><div class='author'><img src='http:\/\/lopezgil.com\/wp-content\/uploads\/172626-128-1.png' alt='' title=' L.C. ' \/><\/div><blockquote>\"<q>Le traitement, les conseils, la s\u00e9curit\u00e9 et la confiance que le docteur vous donne.<\/q>\"<\/blockquote><cite> -  L.C. <\/cite><\/div><\/li>\n<li><div class='dt-sc-testimonial'><div class='author'><img src='http:\/\/lopezgil.com\/wp-content\/uploads\/172622-128-1.png' alt='' title=' A.C. ' \/><\/div><blockquote>\"<q>Il est un m\u00e9decin tr\u00e8s proche et r\u00e9solu. J&#8217;ai eu l&#8217;impression qu&#8217;il n&#8217;est int\u00e9ress\u00e9 que de faire son travail et n&#8217;essaie pas de vous convaincre d&#8217;aller plus souvent \u00e0 la consultation pour vous facturer plus. Tr\u00e8s professionnel..<\/q>\"<\/blockquote><cite> -  A.C. <\/cite><\/div><\/li>\n<li><div class='dt-sc-testimonial'><div class='author'><img src='http:\/\/lopezgil.com\/wp-content\/uploads\/172622-128-1.png' alt='' title=' N.G. ' \/><\/div><blockquote>\"<q>J&#8217;ai aim\u00e9 le professionnalisme et le bon traitement. Les installations sont extr\u00eamement propres et nouvelles et bien entretenues. On peut remarquer la diff\u00e9rence lorsque vous \u00eates trait\u00e9 par un personnel m\u00e9dical qualifi\u00e9. J&#8217;ai une peau tr\u00e8s d\u00e9licate et, en tout temps, je me sentais en s\u00e9curit\u00e9 et j&#8217;\u00e9tais en de bonnes mains..<\/q>\"<\/blockquote><cite> -  N.G. <\/cite><\/div><\/li>\n<li><div class='dt-sc-testimonial'><div class='author'><img src='http:\/\/lopezgil.com\/wp-content\/uploads\/172622-128-1.png' alt='' title=' A.C. ' \/><\/div><blockquote>\"<q>Le Dr L\u00f3pez Gil m&#8217;a assist\u00e9 pendant un an pour un traitement s\u00e9v\u00e8re contre l&#8217;acn\u00e9. Un traitement tr\u00e8s pr\u00e9cis en termes de doses et de recommandations des produits pour accompagner le traitement pris (s\u00e9rums, masques, etc.). R\u00e9sultats du premier mois. Un service imbattable. J&#8217;ai arr\u00eat\u00e9 de porter du maquillage.<\/q>\"<\/blockquote><cite> -  A.C. <\/cite><\/div><\/li>\n<\/ul><div class=\"carousel-arrows\">\t<a href=\"\" class=\"testimonial-prev\"> <span class=\"fa fa-caret-left\"> <\/span> <\/a>\t<a href=\"\" class=\"testimonial-next\">  <span class=\"fa fa-caret-right\"> <\/span> <\/a><\/div><\/div>[\/vc_column_text][\/vc_column_inner][\/vc_row_inner][\/vc_column][\/vc_row][vc_row][vc_column][vc_row_inner][vc_column_inner][vc_separator color=&#8221;turquoise&#8221; border_width=&#8221;2&#8243;][\/vc_column_inner][\/vc_row_inner][vc_row_inner][vc_column_inner][vc_column_text css=&#8221;.vc_custom_1679476879385{margin-bottom: 25px !important;padding-bottom: 0px !important;}&#8221;]\n<h2><span style=\"color: #74c9d2;\"> Mutuelle d&#8217;assurance<\/span><\/h2>\n[\/vc_column_text][\/vc_column_inner][\/vc_row_inner][\/vc_column][\/vc_row][vc_row][vc_column width=&#8221;1\/3&#8243;][vc_single_image image=&#8221;935&#8243; img_size=&#8221;full&#8221; alignment=&#8221;center&#8221; onclick=&#8221;custom_link&#8221; link=&#8221;http:\/\/www.agrupacio.es\/&#8221;][\/vc_column][vc_column width=&#8221;1\/3&#8243;][vc_single_image image=&#8221;975&#8243; img_size=&#8221;full&#8221; alignment=&#8221;center&#8221; onclick=&#8221;custom_link&#8221; link=&#8221;https:\/\/www.segurcaixaadeslas.es\/&#8221;][\/vc_column][vc_column width=&#8221;1\/3&#8243;][vc_single_image image=&#8221;971&#8243; img_size=&#8221;full&#8221; alignment=&#8221;center&#8221; onclick=&#8221;custom_link&#8221; link=&#8221;http:\/\/www.sanitas.es\/&#8221;][\/vc_column][\/vc_row][vc_row][vc_column width=&#8221;1\/3&#8243;][vc_single_image image=&#8221;967&#8243; img_size=&#8221;full&#8221; alignment=&#8221;center&#8221; onclick=&#8221;custom_link&#8221; link=&#8221;https:\/\/www.mapfre.es\/&#8221;][\/vc_column][vc_column width=&#8221;1\/3&#8243;][vc_single_image image=&#8221;943&#8243; img_size=&#8221;full&#8221; alignment=&#8221;center&#8221; onclick=&#8221;custom_link&#8221; link=&#8221;http:\/\/www.asc.es\/&#8221;][\/vc_column][vc_column width=&#8221;1\/3&#8243;][vc_single_image image=&#8221;959&#8243; img_size=&#8221;full&#8221; alignment=&#8221;center&#8221; onclick=&#8221;custom_link&#8221; link=&#8221;http:\/\/www.mgc.es&#8221;][\/vc_column][\/vc_row][vc_row][vc_column width=&#8221;1\/3&#8243;][vc_single_image image=&#8221;5462&#8243; img_size=&#8221;full&#8221; alignment=&#8221;center&#8221; onclick=&#8221;custom_link&#8221; link=&#8221;https:\/\/www.mapfre.es\/&#8221;][\/vc_column][vc_column width=&#8221;1\/3&#8243;][vc_single_image image=&#8221;5458&#8243; img_size=&#8221;full&#8221; alignment=&#8221;center&#8221; onclick=&#8221;custom_link&#8221; link=&#8221;http:\/\/www.asc.es\/&#8221;][\/vc_column][vc_column width=&#8221;1\/3&#8243;][vc_single_image image=&#8221;5466&#8243; img_size=&#8221;full&#8221; alignment=&#8221;center&#8221; onclick=&#8221;custom_link&#8221; link=&#8221;http:\/\/www.mgc.es&#8221;][\/vc_column][\/vc_row][vc_row][vc_column width=&#8221;1\/3&#8243;][vc_single_image image=&#8221;5470&#8243; img_size=&#8221;full&#8221; alignment=&#8221;center&#8221; onclick=&#8221;custom_link&#8221; link=&#8221;https:\/\/www.mapfre.es\/&#8221;][\/vc_column][vc_column width=&#8221;1\/3&#8243;][\/vc_column][vc_column width=&#8221;1\/3&#8243;][\/vc_column][\/vc_row]\n","protected":false},"excerpt":{"rendered":"<p>[vc_row css=&#8221;.vc_custom_1469092178336{background-position: center !important;background-repeat: no-repeat !important;background-size: cover !important;}&#8221;][vc_column css=&#8221;.vc_custom_1469091261739{background-color: #ffffff !important;}&#8221;][layerslider_vc id=&#8221;46&#8243; el_class=&#8221;border: 5 px solid #000&#8243;][\/vc_column][\/vc_row][vc_row][vc_column width=&#8221;1\/3&#8243; css=&#8221;.vc_custom_1467734588351{margin-top: 0px !important;padding-top: 0px !important;}&#8221;][vc_single_image image=&#8221;596&#8243; alignment=&#8221;center&#8221; onclick=&#8221;custom_link&#8221; img_link_target=&#8221;_blank&#8221; css=&#8221;.vc_custom_1511737126953{margin-top: 0px !important;margin-bottom: 15px !important;}&#8221; link=&#8221;http:\/\/www.lopezgil.com\/fr\/notre-equipe-medicale\/&#8221;][vc_column_text css=&#8221;.vc_custom_1511465598802{margin-bottom: 15px !important;border-bottom-width: 0px !important;}&#8221;] Qui somme nous [\/vc_column_text][vc_column_text css=&#8221;.vc_custom_1511469080650{margin-top: 0px !important;margin-right: 0px !important;margin-bottom: 0px !important;margin-left: 0px !important;border-top-width: 0px !important;border-right-width: 0px !important;border-bottom-width: [&hellip;]<\/p>\n","protected":false},"author":5,"featured_media":0,"parent":0,"menu_order":0,"comment_status":"closed","ping_status":"closed","template":"","meta":{"footnotes":""},"class_list":["post-3198","page","type-page","status-publish","hentry"],"yoast_head":"<!-- This site is optimized with the Yoast SEO plugin v19.12 - https:\/\/yoast.com\/wordpress\/plugins\/seo\/ -->\n<title>Dr L\u00f3pez Gil, Dermatologue, Clinique Dermatologique<\/title>\n<meta name=\"description\" content=\"Clinique dermatologique. \u00c9quipe m\u00e9dicale \u00e0 Barcelone experte en traitement capillaire, dermatologie esth\u00e9tique et cancer de la peau.\" \/>\n<meta name=\"robots\" content=\"index, follow, max-snippet:-1, max-image-preview:large, max-video-preview:-1\" \/>\n<link rel=\"canonical\" href=\"https:\/\/www.lopezgil.com\/fr\/\" \/>\n<meta property=\"og:locale\" content=\"fr_FR\" \/>\n<meta property=\"og:type\" content=\"article\" \/>\n<meta property=\"og:title\" content=\"Dr L\u00f3pez Gil, Dermatologue, Clinique Dermatologique\" \/>\n<meta property=\"og:description\" content=\"Clinique dermatologique. \u00c9quipe m\u00e9dicale \u00e0 Barcelone experte en traitement capillaire, dermatologie esth\u00e9tique et cancer de la peau.\" \/>\n<meta property=\"og:url\" content=\"https:\/\/www.lopezgil.com\/fr\/\" \/>\n<meta property=\"og:site_name\" content=\"Dr. Lopez Gil\" \/>\n<meta property=\"article:modified_time\" content=\"2023-03-29T14:46:46+00:00\" \/>\n<meta name=\"twitter:card\" content=\"summary_large_image\" \/>\n<meta name=\"twitter:label1\" content=\"Est. reading time\" \/>\n\t<meta name=\"twitter:data1\" content=\"3 minutes\" \/>\n<script type=\"application\/ld+json\" class=\"yoast-schema-graph\">{\"@context\":\"https:\/\/schema.org\",\"@graph\":[{\"@type\":\"WebPage\",\"@id\":\"https:\/\/www.lopezgil.com\/fr\/\",\"url\":\"https:\/\/www.lopezgil.com\/fr\/\",\"name\":\"Dr L\u00f3pez Gil, Dermatologue, Clinique Dermatologique\",\"isPartOf\":{\"@id\":\"https:\/\/www.lopezgil.com\/ca\/#website\"},\"datePublished\":\"2017-11-13T17:38:11+00:00\",\"dateModified\":\"2023-03-29T14:46:46+00:00\",\"description\":\"Clinique dermatologique. \u00c9quipe m\u00e9dicale \u00e0 Barcelone experte en traitement capillaire, dermatologie esth\u00e9tique et cancer de la peau.\",\"breadcrumb\":{\"@id\":\"https:\/\/www.lopezgil.com\/fr\/#breadcrumb\"},\"inLanguage\":\"fr-FR\",\"potentialAction\":[{\"@type\":\"ReadAction\",\"target\":[\"https:\/\/www.lopezgil.com\/fr\/\"]}]},{\"@type\":\"BreadcrumbList\",\"@id\":\"https:\/\/www.lopezgil.com\/fr\/#breadcrumb\",\"itemListElement\":[{\"@type\":\"ListItem\",\"position\":1,\"name\":\"Portada\",\"item\":\"https:\/\/www.lopezgil.com\/fr\/\"},{\"@type\":\"ListItem\",\"position\":2,\"name\":\"Home\"}]},{\"@type\":\"WebSite\",\"@id\":\"https:\/\/www.lopezgil.com\/ca\/#website\",\"url\":\"https:\/\/www.lopezgil.com\/ca\/\",\"name\":\"Dr. Lopez Gil\",\"description\":\"Dermat\u00f3logo Barcelona\",\"potentialAction\":[{\"@type\":\"SearchAction\",\"target\":{\"@type\":\"EntryPoint\",\"urlTemplate\":\"https:\/\/www.lopezgil.com\/ca\/?s={search_term_string}\"},\"query-input\":\"required name=search_term_string\"}],\"inLanguage\":\"fr-FR\"}]}<\/script>\n<!-- \/ Yoast SEO plugin. -->","yoast_head_json":{"title":"Dr L\u00f3pez Gil, Dermatologue, Clinique Dermatologique","description":"Clinique dermatologique. \u00c9quipe m\u00e9dicale \u00e0 Barcelone experte en traitement capillaire, dermatologie esth\u00e9tique et cancer de la peau.","robots":{"index":"index","follow":"follow","max-snippet":"max-snippet:-1","max-image-preview":"max-image-preview:large","max-video-preview":"max-video-preview:-1"},"canonical":"https:\/\/www.lopezgil.com\/fr\/","og_locale":"fr_FR","og_type":"article","og_title":"Dr L\u00f3pez Gil, Dermatologue, Clinique Dermatologique","og_description":"Clinique dermatologique. \u00c9quipe m\u00e9dicale \u00e0 Barcelone experte en traitement capillaire, dermatologie esth\u00e9tique et cancer de la peau.","og_url":"https:\/\/www.lopezgil.com\/fr\/","og_site_name":"Dr. Lopez Gil","article_modified_time":"2023-03-29T14:46:46+00:00","twitter_card":"summary_large_image","twitter_misc":{"Est. reading time":"3 minutes"},"schema":{"@context":"https:\/\/schema.org","@graph":[{"@type":"WebPage","@id":"https:\/\/www.lopezgil.com\/fr\/","url":"https:\/\/www.lopezgil.com\/fr\/","name":"Dr L\u00f3pez Gil, Dermatologue, Clinique Dermatologique","isPartOf":{"@id":"https:\/\/www.lopezgil.com\/ca\/#website"},"datePublished":"2017-11-13T17:38:11+00:00","dateModified":"2023-03-29T14:46:46+00:00","description":"Clinique dermatologique. \u00c9quipe m\u00e9dicale \u00e0 Barcelone experte en traitement capillaire, dermatologie esth\u00e9tique et cancer de la peau.","breadcrumb":{"@id":"https:\/\/www.lopezgil.com\/fr\/#breadcrumb"},"inLanguage":"fr-FR","potentialAction":[{"@type":"ReadAction","target":["https:\/\/www.lopezgil.com\/fr\/"]}]},{"@type":"BreadcrumbList","@id":"https:\/\/www.lopezgil.com\/fr\/#breadcrumb","itemListElement":[{"@type":"ListItem","position":1,"name":"Portada","item":"https:\/\/www.lopezgil.com\/fr\/"},{"@type":"ListItem","position":2,"name":"Home"}]},{"@type":"WebSite","@id":"https:\/\/www.lopezgil.com\/ca\/#website","url":"https:\/\/www.lopezgil.com\/ca\/","name":"Dr. Lopez Gil","description":"Dermat\u00f3logo Barcelona","potentialAction":[{"@type":"SearchAction","target":{"@type":"EntryPoint","urlTemplate":"https:\/\/www.lopezgil.com\/ca\/?s={search_term_string}"},"query-input":"required name=search_term_string"}],"inLanguage":"fr-FR"}]}},"_links":{"self":[{"href":"http:\/\/www.lopezgil.com\/fr\/wp-json\/wp\/v2\/pages\/3198","targetHints":{"allow":["GET"]}}],"collection":[{"href":"http:\/\/www.lopezgil.com\/fr\/wp-json\/wp\/v2\/pages"}],"about":[{"href":"http:\/\/www.lopezgil.com\/fr\/wp-json\/wp\/v2\/types\/page"}],"author":[{"embeddable":true,"href":"http:\/\/www.lopezgil.com\/fr\/wp-json\/wp\/v2\/users\/5"}],"replies":[{"embeddable":true,"href":"http:\/\/www.lopezgil.com\/fr\/wp-json\/wp\/v2\/comments?post=3198"}],"version-history":[{"count":15,"href":"http:\/\/www.lopezgil.com\/fr\/wp-json\/wp\/v2\/pages\/3198\/revisions"}],"predecessor-version":[{"id":5474,"href":"http:\/\/www.lopezgil.com\/fr\/wp-json\/wp\/v2\/pages\/3198\/revisions\/5474"}],"wp:attachment":[{"href":"http:\/\/www.lopezgil.com\/fr\/wp-json\/wp\/v2\/media?parent=3198"}],"curies":[{"name":"wp","href":"https:\/\/api.w.org\/{rel}","templated":true}]}}